{"id":61525,"date":"2026-03-16T20:18:15","date_gmt":"2026-03-16T18:18:15","guid":{"rendered":"https:\/\/noble-society.net\/?post_type=product&#038;p=61525"},"modified":"2026-04-08T14:44:54","modified_gmt":"2026-04-08T11:44:54","slug":"senador-orden-de-minerva","status":"publish","type":"product","link":"https:\/\/noble-society.net\/es\/buy-nobility-titles\/senator-order-of-minerva\/","title":{"rendered":"Senador Orden de Minerva"},"content":{"rendered":"<section class=\"l-section wpb_row height_small\"><div class=\"l-section-h i-cf\"><div class=\"g-cols vc_row via_grid cols_1 laptops-cols_inherit tablets-cols_inherit mobiles-cols_1 valign_top type_default stacking_default\"><div class=\"wpb_column vc_column_container\"><div class=\"vc_column-inner\"><div class=\"wpb_text_column\"><div class=\"wpb_wrapper\"><p class=\"p1\"><b>\u00bfQu\u00e9 privilegios disfrutas como Senador o Dama dentro de la Orden de Minerva?<\/b><b><\/b><\/p>\n<p class=\"p3\">En primer lugar, al recibir el t\u00edtulo de Senador, usted se convierte en miembro de la Orden de Minerva y tiene derecho a usar oficialmente el nombre de su orden. Ya sea en papel con membrete, tarjetas de presentaci\u00f3n o incluso en una placa en su hogar, el t\u00edtulo de Senador puede usarse como parte de su nombre oficial. Tambi\u00e9n es posible, en algunos casos, registrar el nombre de la orden en documentos de identificaci\u00f3n u otros papeles oficiales. Sin embargo, el nombre de la orden debe usarse siempre en conexi\u00f3n con la Orden. Por ejemplo, \u201cSenador Peter Meyer\u201d por s\u00ed solo no est\u00e1 permitido e incluso podr\u00eda ser problem\u00e1tico legalmente. Por favor, use siempre su t\u00edtulo en la forma correcta:<\/p>\n<p class=\"p1\"><b>Peter Meyer \u2013 Senador de la Orden de Minerva<\/b><b><\/b><\/p>\n<p class=\"p1\"><b>\u00bfC\u00f3mo se otorga el t\u00edtulo de Senador en la Orden de Minerva?<\/b><b><\/b><\/p>\n<p class=\"p3\">Primero, elige el nombre de orden deseado. Puedes simplemente usar tu nombre actual, con el t\u00edtulo de \u201cSenador\u201d a\u00f1adido, o puedes crear un nombre de orden \u00fanico y personalizado. Una vez seleccionado, recibir\u00e1s un certificado de nombramiento bellamente dise\u00f1ado en un estilo hist\u00f3rico, junto con informaci\u00f3n detallada sobre la Orden de Minerva y el t\u00edtulo de Senador como nombre de orden. Tambi\u00e9n puede ser posible que tu nombre de orden se incluya en documentos de identificaci\u00f3n oficiales, aunque esto no se puede garantizar, ya que no existe un derecho legal a dicho registro.<\/p>\n<p class=\"p3\">Debe ingresar su nombre real, o el nombre de la persona a la que desea regalar el t\u00edtulo, en el campo designado, junto con el nombre de su pedido. Ambos nombres aparecer\u00e1n en el certificado oficial.<\/p>\n<p class=\"p1\"><b>\u00bfQu\u00e9 significa el t\u00edtulo de \u201cSenador\u201d?<\/b><b><\/b><\/p>\n<p class=\"p3\">Hist\u00f3ricamente, el Senado en el Sacro Imperio Romano Germ\u00e1nico sirvi\u00f3 como un alto consejo asesor, cuyos miembros eran conocidos como Senadores. Su funci\u00f3n oficial era asesorar al gobernante, aunque es ampliamente reconocido que el Senado a menudo funcion\u00f3 como una estructura de poder central dentro del imperio. Los Senadores eran t\u00edpicamente de origen noble, aunque algunos ciudadanos comunes tambi\u00e9n pod\u00edan ocupar cargos, generalmente en roles de menor rango dentro del Senado.<\/p>\n<\/div><\/div><\/div><\/div><\/div><\/div><\/section>","protected":false},"excerpt":{"rendered":"<p class=\"p1\">Convi\u00e9rtete en Senador o Senadora dentro de la Orden de Minerva y ocupa tu lugar en una comunidad distinguida y honorable dedicada al conocimiento, los valores y la excelencia personal. Como miembro de la Orden de Minerva, ostentar\u00e1s un t\u00edtulo prestigioso que refleja educaci\u00f3n, car\u00e1cter e individualidad, permiti\u00e9ndote presentarte de una manera verdaderamente \u00fanica y distinguida.<\/p>\n<p class=\"p1\">Tu membres\u00eda incluye un magn\u00edfico certificado de nombramiento como Senador, dise\u00f1ado en un estilo elegante e hist\u00f3rico, as\u00ed como una exclusiva tarjeta de identificaci\u00f3n dorada con tu nombre, t\u00edtulo y escudo de armas. Juntos, estos elementos forman un conjunto de alta calidad e impresionante que representa a la perfecci\u00f3n tu nuevo estatus y hace que tu membres\u00eda en la Orden de Minerva sea visible y memorable.<\/p>","protected":false},"featured_media":55708,"template":"","meta":{"_acf_changed":false,"yasr_overall_rating":0,"yasr_post_is_review":"","yasr_auto_insert_disabled":"","yasr_review_type":"","slim_seo":{"title":"Senador Orden de Minerva - Comprar T\u00edtulos Nobles desde 1999","description":"Convi\u00e9rtete en Senador o Senadora dentro de la Orden de Minerva y ocupa tu lugar en una comunidad distinguida y honorable dedicada al conocimiento, los valores y el perso"}},"product_brand":[],"product_cat":[31],"product_tag":[92,95,96,97],"class_list":{"0":"post-61525","1":"product","2":"type-product","3":"status-publish","4":"has-post-thumbnail","6":"product_cat-order-of-minerva","7":"product_tag-minerva","8":"product_tag-orden","9":"product_tag-senator","10":"product_tag-senatorin","12":"first","13":"instock","14":"taxable","15":"shipping-taxable","16":"purchasable","17":"product-type-variable","18":"has-default-attributes"},"acf":[],"yasr_visitor_votes":{"stars_attributes":{"read_only":false,"span_bottom":false},"number_of_votes":0,"sum_votes":0},"_links":{"self":[{"href":"https:\/\/noble-society.net\/es\/wp-json\/wp\/v2\/product\/61525","targetHints":{"allow":["GET"]}}],"collection":[{"href":"https:\/\/noble-society.net\/es\/wp-json\/wp\/v2\/product"}],"about":[{"href":"https:\/\/noble-society.net\/es\/wp-json\/wp\/v2\/types\/product"}],"wp:featuredmedia":[{"embeddable":true,"href":"https:\/\/noble-society.net\/es\/wp-json\/wp\/v2\/media\/55708"}],"wp:attachment":[{"href":"https:\/\/noble-society.net\/es\/wp-json\/wp\/v2\/media?parent=61525"}],"wp:term":[{"taxonomy":"product_brand","embeddable":true,"href":"https:\/\/noble-society.net\/es\/wp-json\/wp\/v2\/product_brand?post=61525"},{"taxonomy":"product_cat","embeddable":true,"href":"https:\/\/noble-society.net\/es\/wp-json\/wp\/v2\/product_cat?post=61525"},{"taxonomy":"product_tag","embeddable":true,"href":"https:\/\/noble-society.net\/es\/wp-json\/wp\/v2\/product_tag?post=61525"}],"curies":[{"name":"wp","href":"https:\/\/api.w.org\/{rel}","templated":true}]}}