{"id":61526,"date":"2026-03-16T20:18:15","date_gmt":"2026-03-16T18:18:15","guid":{"rendered":"https:\/\/noble-society.net\/?post_type=product&#038;p=61526"},"modified":"2026-04-08T14:44:33","modified_gmt":"2026-04-08T11:44:33","slug":"senora-senor-de-anse-boileau","status":"publish","type":"product","link":"https:\/\/noble-society.net\/es\/buy-nobility-titles\/lord-lady-of-anse-boileau\/","title":{"rendered":"Lord \/ Lady of Anse Boileau"},"content":{"rendered":"<section class=\"l-section wpb_row height_small\"><div class=\"l-section-h i-cf\"><div class=\"g-cols vc_row via_grid cols_1 laptops-cols_inherit tablets-cols_inherit mobiles-cols_1 valign_top type_default stacking_default\"><div class=\"wpb_column vc_column_container\"><div class=\"vc_column-inner\"><div class=\"wpb_text_column\"><div class=\"wpb_wrapper\"><p class=\"p1\">Aqu\u00ed tienes la oportunidad \u00fanica de adquirir un peque\u00f1o pedazo de para\u00edso. Convi\u00e9rtete en copropietario de nuestro <span class=\"s1\"><b>\u201cGranja de Tesoros\u201d<\/b><\/span> en las monta\u00f1as de Mah\u00e9, la isla principal de Seychelles en el Oc\u00e9ano \u00cdndico, donde frutas, verduras, especias y flores prosperan abundantemente. A trav\u00e9s de su propiedad de tierras, usted se eleva simult\u00e1neamente en estatus y puede llevar oficialmente el t\u00edtulo <span class=\"s1\"><b>\u201cSe\u00f1or o Lady of Anse Boileau.\u201d<\/b><\/span> Con la compra de tu certificado, tambi\u00e9n apoyas directamente a todo el pueblo que rodea la granja, ayudando a los residentes locales a seguir benefici\u00e1ndose de este ed\u00e9n de forma gratuita.<\/p>\n<p class=\"p1\">Bienvenido a esta impresionante granja paradis\u00edaca en las monta\u00f1as de Mah\u00e9, donde la rica diversidad de plantas, especias y hierbas regionales se refleja en perfecta armon\u00eda.<\/p>\n<p class=\"p1\">Desde pl\u00e1tanos, canela, limas y limones hasta pimientos, papayas, tres tipos diferentes de palmeras cocoteras y hierbas como tomillo y or\u00e9gano, esta tierra \u00fanica ofrece una incre\u00edble variedad. Adem\u00e1s, disfrutar\u00e1s de una impresionante vista sobre la bah\u00eda de Anse Boileau, donde magn\u00edficas puestas de sol iluminan el cielo cada atardecer.<\/p>\n<p>&nbsp;<\/p>\n<p><img loading=\"lazy\" decoding=\"async\" class=\"aligncenter size-large wp-image-3443\" src=\"https:\/\/adelstitel-kaufen.com\/wp-content\/uploads\/2021\/05\/1-1-1024x576.jpg\" alt=\"\" width=\"1024\" height=\"576\" \/><\/p>\n<div class=\"wp-block-image\">\n<p class=\"p1\">En <span class=\"s1\"><b>Granja del Tesoro<\/b><\/span> se encuentra en las monta\u00f1as de Mah\u00e9, cerca de la bah\u00eda de Anse Boileau, donde los atardeceres m\u00e1gicos iluminan el cielo por la noche. Forme parte de este hermoso para\u00edso y apoye directamente a la comunidad local.<\/p>\n<p class=\"p1\">Durante todo el a\u00f1o, una gran variedad de frutas y verduras nativas de la regi\u00f3n del Oc\u00e9ano \u00cdndico prosperan en la Granja del Tesoro. Jonathan y sus amigos del vecindario cuidan con esmero las plantas y cosechan productos sanos y nutritivos de excepcional calidad natural. Completamente libre de qu\u00edmicos, la granja se basa en el conocimiento, el cuidado y la dedicaci\u00f3n, permitiendo que toda la comunidad se beneficie de esta plantaci\u00f3n \u00fanica.<\/p>\n<p><img loading=\"lazy\" decoding=\"async\" class=\"aligncenter size-full wp-image-3444\" src=\"https:\/\/adelstitel-kaufen.com\/wp-content\/uploads\/2021\/05\/01Feld.jpg\" alt=\"\" width=\"1024\" height=\"576\" \/><\/p>\n<div class=\"wp-block-image\">\n<div class=\"wp-block-image\">\n<p class=\"p1\">Durante los dif\u00edciles momentos que trajo la COVID-19, la Granja del Tesoro desempe\u00f1\u00f3 un papel importante como fuente vital de alimentos para la comunidad local. Jonathan comparti\u00f3 generosamente todo lo que cosech\u00f3 sin esperar nada a cambio. Esto refleja el esp\u00edritu c\u00e1lido, generoso y socialmente consciente que caracteriza al pueblo de Seychelles.<\/p>\n<p class=\"p1\">Por supuesto, est\u00e1 cordialmente invitado a pasar un d\u00eda con Jonathan en \u201csu\u201d granja en cualquier momento.<\/p>\n<p class=\"p1\">Disfruten juntos de un pargo rojo reci\u00e9n asado, beban un jugo helado de naranjas reci\u00e9n recolectadas y contemplen la impresionante puesta de sol por la noche. El mejor amigo de Jonathan, Jockey, estar\u00e1 encantado de llevarlos de su hotel a la granja y de regreso. Jockey tambi\u00e9n ofrece fant\u00e1sticos tours por la isla, d\u00e1ndoles la oportunidad de descubrir todas las playas de ensue\u00f1o de Mah\u00e9.<\/p>\n<h2><img loading=\"lazy\" decoding=\"async\" class=\"aligncenter size-full wp-image-3445\" src=\"https:\/\/adelstitel-kaufen.com\/wp-content\/uploads\/2021\/05\/02-Haus.jpg\" alt=\"\" width=\"1024\" height=\"576\" \/><\/h2>\n<p class=\"p1\"><b>Las Seychelles se encuentran en el oc\u00e9ano \u00cdndico, al noreste de Madagascar.<\/b><b><\/b><\/p>\n<p class=\"p2\">Las Seychelles forman parte geogr\u00e1ficamente de \u00c1frica. Se encuentran en la secci\u00f3n norte y oeste de la Meseta Mascare\u00f1a, una cordillera submarina en el oeste del Oc\u00e9ano \u00cdndico. Al sur de las Seychelles, frente a la costa este de \u00c1frica, se encuentran las naciones insulares de Madagascar, Mauricio y Comoras.<\/p>\n<p class=\"p1\"><b>\u00bfQu\u00e9 tan grande es la Granja del Tesoro?<\/b><b><\/b><\/p>\n<p class=\"p2\">La finca cubre un \u00e1rea total de aproximadamente 200 acres, lo que equivale a unos 0,8 kil\u00f3metros cuadrados. Est\u00e1 situada en las monta\u00f1as, con un terreno de ligera pendiente. Jonathan ha creado cuidadosamente bancales y parterres a lo largo de muchos a\u00f1os de trabajo dedicado, aumentando eficazmente la superficie utilizable. Tu copropiedad se extiende por toda la propiedad.<\/p>\n<p class=\"p1\"><b>\u00bfTengo permitido visitar \u201cmi\u201d granja?<\/b><b><\/b><\/p>\n<p class=\"p2\">Est\u00e1 cordialmente invitado a pasar un d\u00eda en su granja en cualquier momento. Estaremos encantados de organizar el contacto directo para usted y organizar el transporte con nuestro amigo Jockey, quien lo llevar\u00e1 a la granja y lo traer\u00e1 de regreso por la noche.<\/p>\n<p class=\"p1\"><b>\u00bfHay alg\u00fan costo adicional?<\/b><b><\/b><\/p>\n<p class=\"p2\">No, en absoluto. Este es un acuerdo privado y con la compra de tu parte, todo est\u00e1 completamente pagado. No hay costos adicionales ahora ni en el futuro.<\/p>\n<p class=\"p1\"><b>\u00bfQu\u00e9 puedo hacer con la granja?<\/b><b><\/b><\/p>\n<p class=\"p2\">Por favor, entienda su propiedad como copropiedad simb\u00f3lica. Todos los derechos operativos permanecen con Jonathan, quien se ocupa de la granja y sus plantas. Es bienvenido a pasar tiempo all\u00ed o incluso a acampar en el jard\u00edn, pero por favor no planee ninguna construcci\u00f3n, como la de una casa.<\/p>\n<p>&nbsp;<\/p>\n<p><img loading=\"lazy\" decoding=\"async\" class=\"aligncenter size-full wp-image-3448\" src=\"https:\/\/adelstitel-kaufen.com\/wp-content\/uploads\/2021\/05\/06banana.jpg\" alt=\"\" width=\"1024\" height=\"576\" \/><\/p>\n<p>&nbsp;<\/p>\n<p style=\"text-align: center;\"><img loading=\"lazy\" decoding=\"async\" class=\"aligncenter size-large wp-image-3603\" src=\"https:\/\/adelstitel-kaufen.com\/wp-content\/uploads\/2021\/05\/urkunde_v4-1024x706.png\" alt=\"\" width=\"1024\" height=\"706\" \/><\/p>\n<\/div>\n<\/div>\n<\/div>\n<\/div><\/div><\/div><\/div><\/div><\/div><\/section>","protected":false},"excerpt":{"rendered":"<p class=\"p1\">Te conviertes en copropietario de esta parcela de para\u00edso de 2 hect\u00e1reas en Seychelles y se te otorga el t\u00edtulo de <span class=\"s1\"><b>\u201cSe\u00f1or o Lady of Anse Boileau.\u201d<\/b><\/span> Recibir\u00e1s un hermoso certificado de dise\u00f1o elegante que confirma tu copropiedad y t\u00edtulo nobiliario, junto con un folleto colorido que contiene toda la informaci\u00f3n relevante. Todo est\u00e1 presentado en una atractiva carpeta de regalo.<\/p>","protected":false},"featured_media":55627,"template":"","meta":{"_acf_changed":false,"yasr_overall_rating":0,"yasr_post_is_review":"","yasr_auto_insert_disabled":"","yasr_review_type":"","slim_seo":{"title":"Lord \/ Lady of Anse Boileau - Compre t\u00edtulos nobiliarios desde 1999","description":"Usted se convierte en copropietario de esta parcela de para\u00edso de 2 hect\u00e1reas en Seychelles y se le otorga el t\u00edtulo de \u201cLord o Lady of Anse Boileau\u201d. Recibir\u00e1 un"}},"product_brand":[],"product_cat":[568],"product_tag":[571,570,65,64,569],"class_list":{"0":"post-61526","1":"product","2":"type-product","3":"status-publish","4":"has-post-thumbnail","6":"product_cat-seychelles-title-fruit-plantation","7":"product_tag-afrika","8":"product_tag-anse-bioleau","9":"product_tag-lady","10":"product_tag-lord","11":"product_tag-seychellen","13":"first","14":"instock","15":"taxable","16":"shipping-taxable","17":"purchasable","18":"product-type-variable","19":"has-default-attributes"},"acf":[],"yasr_visitor_votes":{"stars_attributes":{"read_only":false,"span_bottom":false},"number_of_votes":0,"sum_votes":0},"_links":{"self":[{"href":"https:\/\/noble-society.net\/es\/wp-json\/wp\/v2\/product\/61526","targetHints":{"allow":["GET"]}}],"collection":[{"href":"https:\/\/noble-society.net\/es\/wp-json\/wp\/v2\/product"}],"about":[{"href":"https:\/\/noble-society.net\/es\/wp-json\/wp\/v2\/types\/product"}],"wp:featuredmedia":[{"embeddable":true,"href":"https:\/\/noble-society.net\/es\/wp-json\/wp\/v2\/media\/55627"}],"wp:attachment":[{"href":"https:\/\/noble-society.net\/es\/wp-json\/wp\/v2\/media?parent=61526"}],"wp:term":[{"taxonomy":"product_brand","embeddable":true,"href":"https:\/\/noble-society.net\/es\/wp-json\/wp\/v2\/product_brand?post=61526"},{"taxonomy":"product_cat","embeddable":true,"href":"https:\/\/noble-society.net\/es\/wp-json\/wp\/v2\/product_cat?post=61526"},{"taxonomy":"product_tag","embeddable":true,"href":"https:\/\/noble-society.net\/es\/wp-json\/wp\/v2\/product_tag?post=61526"}],"curies":[{"name":"wp","href":"https:\/\/api.w.org\/{rel}","templated":true}]}}