{"id":61547,"date":"2026-03-16T20:18:37","date_gmt":"2026-03-16T18:18:37","guid":{"rendered":"https:\/\/noble-society.net\/?post_type=product&#038;p=61547"},"modified":"2026-04-08T14:41:10","modified_gmt":"2026-04-08T11:41:10","slug":"cuento-de-spinola","status":"publish","type":"product","link":"https:\/\/noble-society.net\/es\/buy-nobility-titles\/conte-de-spinola\/","title":{"rendered":"Conte de Spinola"},"content":{"rendered":"<section class=\"l-section wpb_row height_small\"><div class=\"l-section-h i-cf\"><div class=\"g-cols vc_row via_grid cols_1 laptops-cols_inherit tablets-cols_inherit mobiles-cols_1 valign_top type_default stacking_default\"><div class=\"wpb_column vc_column_container\"><div class=\"vc_column-inner\"><div class=\"wpb_text_column\"><div class=\"wpb_wrapper\"><p class=\"p1\">Spinola es el nombre de una de las familias nobles m\u00e1s distinguidas e influyentes de G\u00e9nova, desempe\u00f1ando un papel central en la historia pol\u00edtica, econ\u00f3mica y militar de la Rep\u00fablica. Como una de las principales dinast\u00edas de la aristocracia genovesa, la familia Spinola perteneci\u00f3 al poderoso grupo de casas nobles que moldearon el gobierno de la rep\u00fablica mar\u00edtima durante siglos. A mediados del siglo XVIII, ostentaban varios t\u00edtulos ducales, entre ellos San Pierro, San Angelo, Sesto, San Severino y Los Balbazes, lo que reflejaba tanto su riqueza como su gran influencia en diferentes regiones.<\/p>\n<p class=\"p1\">El miembro m\u00e1s antiguo conocido de la familia fue Guido Spinola, un caballero que particip\u00f3 en las Cruzadas y sirvi\u00f3 varias veces como C\u00f3nsul de G\u00e9nova entre 1102 y 1121. Su destacado papel ilustra el temprano ascenso de la familia dentro de la \u00e9lite pol\u00edtica de la ciudad. Sus hijos, Ansaldo y Oberto, se convirtieron en los fundadores de las dos ramas principales de la familia, conocidas como Luccoli y St. Luca. Estas ramas dar\u00edan forma a la din\u00e1mica interna de la pol\u00edtica genovesa, compitiendo a menudo por el poder al mismo tiempo que fortalec\u00edan la influencia general del nombre Spinola.<\/p>\n<p class=\"p1\">Durante la Edad Media, la familia Spinola estuvo profundamente involucrada en el comercio, las finanzas y la expansi\u00f3n territorial. Un ejemplo notable es la adquisici\u00f3n de la ciudad de Lucca en 1340 por un miembro de la familia Spinola por la considerable suma de 30.000 florines, lo que demuestra tanto sus inmensos recursos financieros como su ambici\u00f3n de expandir su esfera de influencia m\u00e1s all\u00e1 de G\u00e9nova. La familia tambi\u00e9n desempe\u00f1\u00f3 un papel importante en la administraci\u00f3n de territorios de ultramar: en 1453, Antonio Spinola fue nombrado el primer gobernador genov\u00e9s de C\u00f3rcega, marcando un paso significativo en el control de G\u00e9nova sobre la isla.<\/p>\n<p class=\"p1\">Adem\u00e1s de sus logros pol\u00edticos y econ\u00f3micos, la familia Spinola tambi\u00e9n fue reconocida por su liderazgo militar y su influencia diplom\u00e1tica. Quiz\u00e1s el miembro m\u00e1s famoso de la familia sea Ambrogio Spinola (1569-1630), un c\u00e9lebre general al servicio de Espa\u00f1a, que comand\u00f3 tropas durante la Guerra de los Ochenta A\u00f1os y logr\u00f3 notables victorias, incluido el famoso Asedio de Breda. Sus \u00e9xitos militares le valieron un amplio reconocimiento en toda Europa y elevaron el prestigio de la familia Spinola mucho m\u00e1s all\u00e1 de Italia.<\/p>\n<p class=\"p1\">Filippo Spinola, marqu\u00e9s de Sesto y Venafro (1559-1585), fortaleci\u00f3 a\u00fan m\u00e1s las conexiones nobles de la familia a trav\u00e9s de su matrimonio con la princesa Policena de Salerno. De esta uni\u00f3n nacieron tres hijos, que continuaron el linaje y la influencia de la familia. Mediante matrimonios estrat\u00e9gicos, cargos pol\u00edticos y logros militares, la familia Spinola asegur\u00f3 un legado duradero como una de las casas nobles m\u00e1s importantes no solo de G\u00e9nova sino de Europa moderna temprana en su conjunto.<\/p>\n<\/div><\/div><\/div><\/div><\/div><\/div><\/section>","protected":false},"excerpt":{"rendered":"<p class=\"p1\">Spinola es el nombre de una de las familias nobles m\u00e1s distinguidas de G\u00e9nova, que hist\u00f3ricamente perteneci\u00f3 a la aristocracia gobernante de la ciudad y desempe\u00f1\u00f3 un papel importante en su vida pol\u00edtica y econ\u00f3mica. Como una de las dinast\u00edas l\u00edderes de la Rep\u00fablica de G\u00e9nova, la familia Spinola form\u00f3 parte del grupo de \u00e9lite de casas nobles que moldearon la gobernanza y la influencia internacional de esta importante potencia mar\u00edtima. Su prominencia se extendi\u00f3 a lo largo de los siglos, marcada por la autoridad pol\u00edtica, la riqueza derivada del comercio y fuertes conexiones dentro de la nobleza europea.<\/p>\n<p class=\"p1\"><i>Conte<\/i> significa \u201cContar\u201d.\u201d<\/p>","protected":false},"featured_media":55779,"template":"","meta":{"_acf_changed":false,"yasr_overall_rating":0,"yasr_post_is_review":"","yasr_auto_insert_disabled":"","yasr_review_type":"","slim_seo":{"title":"Conte de Spinola - Compre T\u00edtulos Nobles Desde 1999","description":"Esp\u00ednola es el nombre de una de las familias nobles m\u00e1s distinguidas de G\u00e9nova, perteneciente hist\u00f3ricamente a la aristocracia gobernante de la ciudad y jugando un papel importante"}},"product_brand":[],"product_cat":[573],"product_tag":[],"class_list":{"0":"post-61547","1":"product","2":"type-product","3":"status-publish","4":"has-post-thumbnail","6":"product_cat-italian-noble-titles","8":"first","9":"instock","10":"taxable","11":"shipping-taxable","12":"purchasable","13":"product-type-variable","14":"has-default-attributes"},"acf":[],"yasr_visitor_votes":{"stars_attributes":{"read_only":false,"span_bottom":false},"number_of_votes":0,"sum_votes":0},"_links":{"self":[{"href":"https:\/\/noble-society.net\/es\/wp-json\/wp\/v2\/product\/61547","targetHints":{"allow":["GET"]}}],"collection":[{"href":"https:\/\/noble-society.net\/es\/wp-json\/wp\/v2\/product"}],"about":[{"href":"https:\/\/noble-society.net\/es\/wp-json\/wp\/v2\/types\/product"}],"wp:featuredmedia":[{"embeddable":true,"href":"https:\/\/noble-society.net\/es\/wp-json\/wp\/v2\/media\/55779"}],"wp:attachment":[{"href":"https:\/\/noble-society.net\/es\/wp-json\/wp\/v2\/media?parent=61547"}],"wp:term":[{"taxonomy":"product_brand","embeddable":true,"href":"https:\/\/noble-society.net\/es\/wp-json\/wp\/v2\/product_brand?post=61547"},{"taxonomy":"product_cat","embeddable":true,"href":"https:\/\/noble-society.net\/es\/wp-json\/wp\/v2\/product_cat?post=61547"},{"taxonomy":"product_tag","embeddable":true,"href":"https:\/\/noble-society.net\/es\/wp-json\/wp\/v2\/product_tag?post=61547"}],"curies":[{"name":"wp","href":"https:\/\/api.w.org\/{rel}","templated":true}]}}