{"id":61548,"date":"2026-03-16T20:18:37","date_gmt":"2026-03-16T18:18:37","guid":{"rendered":"https:\/\/noble-society.net\/?post_type=product&#038;p=61548"},"modified":"2026-04-08T14:40:52","modified_gmt":"2026-04-08T11:40:52","slug":"duca-de-colonna","status":"publish","type":"product","link":"https:\/\/noble-society.net\/es\/buy-nobility-titles\/duca-de-colonna\/","title":{"rendered":"Duca de Colonna"},"content":{"rendered":"<section class=\"l-section wpb_row height_small\"><div class=\"l-section-h i-cf\"><div class=\"g-cols vc_row via_grid cols_1 laptops-cols_inherit tablets-cols_inherit mobiles-cols_1 valign_top type_default stacking_default\"><div class=\"wpb_column vc_column_container\"><div class=\"vc_column-inner\"><div class=\"wpb_text_column\"><div class=\"wpb_wrapper\"><p class=\"p1\">La familia Colonna desciende de los condes de T\u00fasculo, quienes ostentaron el poder en la ciudad de Roma durante los siglos X y XI y produjeron ocho papas. Su progenitor fue el margrave Alberico I de Espoleto (*antes de 889; \u2020 entre 917 y 925). Se menciona a un tal Pedro de Columna (c. 1078\u20131108) en 1101 como hijo de Gregorio de T\u00fasculo (Gregorio II, \u2020 antes de 1064), y tambi\u00e9n como hermano de un Gregorio y un Tolomeo; sin embargo, las relaciones familiares exactas no est\u00e1n completamente aclaradas.<\/p>\n<p class=\"p1\">El nombre <i>Columna<\/i> deriva de la ciudad de Colonna, ubicada en las colinas Albanas cerca de Tusculum. Colonna y Palestrina fueron confiscadas por el Papa Pascual II, pero luego fueron devueltas al mencionado Petrus de Columna por el Papa Honorio II.<\/p>\n<p class=\"p1\">Durante la Alta y Baja Edad Media, del siglo XI al XVI, la familia Colonna ejerci\u00f3 una considerable influencia sobre los asuntos de los Estados Pontificios y las elecciones papales. Esta influencia se bas\u00f3 en sus numerosos castillos y extensas fincas, en particular la ciudad de Palestrina, as\u00ed como en su amplia red de clientes y partidarios.<\/p>\n<\/div><\/div><\/div><\/div><\/div><\/div><\/section>","protected":false},"excerpt":{"rendered":"<p class=\"p1\">El nombre <i>Columna<\/i> deriva de la ciudad de Colonna, ubicada en los Montes Albanos, cerca de Tusculum. Este lugar, situado no lejos del antiguo centro de Tusculum, dio su nombre a la influyente familia noble y refleja sus ra\u00edces geogr\u00e1ficas e hist\u00f3ricas en esta regi\u00f3n de Italia. La conexi\u00f3n con esta ubicaci\u00f3n resalta la larga presencia e importancia de la familia en el \u00e1rea circundante de Roma.<\/p>\n<p class=\"p1\"><i>Duca<\/i> significa Duke.<\/p>","protected":false},"featured_media":55737,"template":"","meta":{"_acf_changed":false,"yasr_overall_rating":0,"yasr_post_is_review":"","yasr_auto_insert_disabled":"","yasr_review_type":"","slim_seo":{"title":"Duca de Colonna - Compre T\u00edtulos Nobles desde 1999","description":"El nombre de Colonna deriva de la ciudad de Colonna, situada en las colinas Albanas, cerca de Tusculum. Este lugar, situado no lejos del antiguo centro de Tusculum, g"}},"product_brand":[],"product_cat":[573],"product_tag":[],"class_list":{"0":"post-61548","1":"product","2":"type-product","3":"status-publish","4":"has-post-thumbnail","6":"product_cat-italian-noble-titles","8":"first","9":"instock","10":"taxable","11":"shipping-taxable","12":"purchasable","13":"product-type-variable","14":"has-default-attributes"},"acf":[],"yasr_visitor_votes":{"stars_attributes":{"read_only":false,"span_bottom":false},"number_of_votes":0,"sum_votes":0},"_links":{"self":[{"href":"https:\/\/noble-society.net\/es\/wp-json\/wp\/v2\/product\/61548","targetHints":{"allow":["GET"]}}],"collection":[{"href":"https:\/\/noble-society.net\/es\/wp-json\/wp\/v2\/product"}],"about":[{"href":"https:\/\/noble-society.net\/es\/wp-json\/wp\/v2\/types\/product"}],"wp:featuredmedia":[{"embeddable":true,"href":"https:\/\/noble-society.net\/es\/wp-json\/wp\/v2\/media\/55737"}],"wp:attachment":[{"href":"https:\/\/noble-society.net\/es\/wp-json\/wp\/v2\/media?parent=61548"}],"wp:term":[{"taxonomy":"product_brand","embeddable":true,"href":"https:\/\/noble-society.net\/es\/wp-json\/wp\/v2\/product_brand?post=61548"},{"taxonomy":"product_cat","embeddable":true,"href":"https:\/\/noble-society.net\/es\/wp-json\/wp\/v2\/product_cat?post=61548"},{"taxonomy":"product_tag","embeddable":true,"href":"https:\/\/noble-society.net\/es\/wp-json\/wp\/v2\/product_tag?post=61548"}],"curies":[{"name":"wp","href":"https:\/\/api.w.org\/{rel}","templated":true}]}}