{"id":61549,"date":"2026-03-16T20:18:37","date_gmt":"2026-03-16T18:18:37","guid":{"rendered":"https:\/\/noble-society.net\/?post_type=product&#038;p=61549"},"modified":"2026-04-08T14:42:25","modified_gmt":"2026-04-08T11:42:25","slug":"principe-de-visconti","status":"publish","type":"product","link":"https:\/\/noble-society.net\/es\/buy-nobility-titles\/principe-de-visconti\/","title":{"rendered":"Pr\u00edncipe de Visconti"},"content":{"rendered":"<section class=\"l-section wpb_row height_small\"><div class=\"l-section-h i-cf\"><div class=\"g-cols vc_row via_grid cols_1 laptops-cols_inherit tablets-cols_inherit mobiles-cols_1 valign_top type_default stacking_default\"><div class=\"wpb_column vc_column_container\"><div class=\"vc_column-inner\"><div class=\"wpb_text_column\"><div class=\"wpb_wrapper\"><p class=\"p1\">Los Visconti es el nombre de una de las familias nobles m\u00e1s importantes e influyentes de Italia, que dio forma al destino de Mil\u00e1n y de grandes partes de Lombard\u00eda a lo largo de varios siglos. La familia reclamaba un linaje prestigioso del Desiderio, el \u00faltimo rey de los lombardos, reforzando as\u00ed su reclamo de poder y dando a su gobierno una profunda base hist\u00f3rica.<\/p>\n<p class=\"p1\">Ya en el siglo XI, los Visconti pose\u00edan extensas tierras, particularmente en regiones estrat\u00e9gicamente importantes alrededor del lago de Como y el lago Mayor. Estas posesiones sentaron las bases de su fortaleza econ\u00f3mica y su ascenso pol\u00edtico. Mediante matrimonios estrat\u00e9gicos, habilidad diplom\u00e1tica y poder militar, la familia expandi\u00f3 constantemente su influencia.<\/p>\n<p class=\"p1\">Un punto de inflexi\u00f3n decisivo lleg\u00f3 a finales del siglo XIII: en 1277 y de nuevo en 1281, los Visconti, alineados con los Gibelinos, derrotaron a la familia G\u00fcelfa della Torre, que hab\u00eda controlado Mil\u00e1n anteriormente. Tras estas victorias, los Visconti se establecieron como <i>Podest\u00e0<\/i> y m\u00e1s tarde como <i>Se\u00f1ores<\/i> de Mil\u00e1n. Aunque los della Torre recuperaron brevemente el poder entre 1302 y 1311, los Visconti finalmente aseguraron y consolidaron su dominio.<\/p>\n<p class=\"p1\">Bajo el liderazgo de los Visconti, Mil\u00e1n se convirti\u00f3 en una de las ciudades m\u00e1s poderosas y pr\u00f3speras de Europa. Una figura clave fue Gian Galeazzo Visconti, quien en 1395 fue elevado oficialmente a Duque de Mil\u00e1n por el Rey Wenceslao. Con este t\u00edtulo, la familia alcanz\u00f3 la c\u00faspide de su poder, gobernando como duques sobre un vasto territorio que abarcaba grandes partes del norte de Italia.<\/p>\n<p class=\"p1\">El gobierno de los Visconti no solo se caracteriz\u00f3 por la expansi\u00f3n militar, sino tambi\u00e9n por el avance cultural y econ\u00f3mico. Se iniciaron importantes proyectos arquitect\u00f3nicos durante su reinado, sobre todo la construcci\u00f3n de la Catedral de Mil\u00e1n, que comenz\u00f3 bajo Gian Galeazzo. La familia tambi\u00e9n promovi\u00f3 el arte, la arquitectura y la administraci\u00f3n, contribuyendo en gran medida al desarrollo de Mil\u00e1n como centro cultural.<\/p>\n<p class=\"p1\">Con la muerte de Filippo Maria Visconti en 1447, la l\u00ednea masculina de la rama gobernante lleg\u00f3 a su fin. Como no dej\u00f3 heredero var\u00f3n leg\u00edtimo, el Ducado de Mil\u00e1n pas\u00f3 a su yerno Francesco Sforza, quien se hab\u00eda casado con la familia Visconti. Esto marc\u00f3 el comienzo de la dinast\u00eda Sforza, que gobern\u00f3 Mil\u00e1n hasta 1535 y continu\u00f3 muchas de las estructuras y logros establecidos por los Visconti.<\/p>\n<p class=\"p1\">A pesar del fin de su dominio directo, el nombre Visconti sigui\u00f3 siendo un s\u00edmbolo de poder, influencia pol\u00edtica y relevancia cultural en Italia durante siglos. Su historia est\u00e1 indisolublemente ligada al ascenso de Mil\u00e1n como una de las ciudades m\u00e1s importantes de Europa.<\/p>\n<\/div><\/div><\/div><\/div><\/div><\/div><\/section>","protected":false},"excerpt":{"rendered":"<p class=\"p1\">Los Visconti es el nombre de una de las familias nobles m\u00e1s prominentes e influyentes de Italia, que dio forma al destino de Mil\u00e1n y de grandes partes de Lombard\u00eda durante varios siglos. La familia afirmaba tener un linaje prestigioso del Desiderio, el \u00faltimo rey de los lombardos.<\/p>","protected":false},"featured_media":55780,"template":"","meta":{"_acf_changed":false,"yasr_overall_rating":0,"yasr_post_is_review":"","yasr_auto_insert_disabled":"","yasr_review_type":"","slim_seo":{"title":"Principado de Visconti - Compre T\u00edtulos Nobiliarios desde 1999","description":"Los Visconti es el nombre de una de las familias nobles m\u00e1s prominentes e influyentes de Italia, que marc\u00f3 el destino de Mil\u00e1n y grandes partes de Lombard\u00eda durante varios siglos."}},"product_brand":[],"product_cat":[573],"product_tag":[],"class_list":{"0":"post-61549","1":"product","2":"type-product","3":"status-publish","4":"has-post-thumbnail","6":"product_cat-italian-noble-titles","8":"first","9":"instock","10":"taxable","11":"shipping-taxable","12":"purchasable","13":"product-type-variable","14":"has-default-attributes"},"acf":[],"yasr_visitor_votes":{"stars_attributes":{"read_only":false,"span_bottom":false},"number_of_votes":0,"sum_votes":0},"_links":{"self":[{"href":"https:\/\/noble-society.net\/es\/wp-json\/wp\/v2\/product\/61549","targetHints":{"allow":["GET"]}}],"collection":[{"href":"https:\/\/noble-society.net\/es\/wp-json\/wp\/v2\/product"}],"about":[{"href":"https:\/\/noble-society.net\/es\/wp-json\/wp\/v2\/types\/product"}],"wp:featuredmedia":[{"embeddable":true,"href":"https:\/\/noble-society.net\/es\/wp-json\/wp\/v2\/media\/55780"}],"wp:attachment":[{"href":"https:\/\/noble-society.net\/es\/wp-json\/wp\/v2\/media?parent=61549"}],"wp:term":[{"taxonomy":"product_brand","embeddable":true,"href":"https:\/\/noble-society.net\/es\/wp-json\/wp\/v2\/product_brand?post=61549"},{"taxonomy":"product_cat","embeddable":true,"href":"https:\/\/noble-society.net\/es\/wp-json\/wp\/v2\/product_cat?post=61549"},{"taxonomy":"product_tag","embeddable":true,"href":"https:\/\/noble-society.net\/es\/wp-json\/wp\/v2\/product_tag?post=61549"}],"curies":[{"name":"wp","href":"https:\/\/api.w.org\/{rel}","templated":true}]}}