{"id":61551,"date":"2026-03-16T20:18:37","date_gmt":"2026-03-16T18:18:37","guid":{"rendered":"https:\/\/noble-society.net\/?post_type=product&#038;p=61551"},"modified":"2026-04-08T14:41:47","modified_gmt":"2026-04-08T11:41:47","slug":"baja-de-safaga","status":"publish","type":"product","link":"https:\/\/noble-society.net\/es\/buy-nobility-titles\/pasha-of-safaga\/","title":{"rendered":"Pasha de Safaga"},"content":{"rendered":"<section class=\"l-section wpb_row height_small\"><div class=\"l-section-h i-cf\"><div class=\"g-cols vc_row via_grid cols_1 laptops-cols_inherit tablets-cols_inherit mobiles-cols_1 valign_top type_default stacking_default\"><div class=\"wpb_column vc_column_container\"><div class=\"vc_column-inner\"><div class=\"wpb_text_column\"><div class=\"wpb_wrapper\"><p class=\"p1\"><b>Convi\u00e9rtete en Pach\u00e1 de Safaga<\/b><b><\/b><\/p>\n<p class=\"p3\">Safaga es una ciudad portuaria en Egipto, en el Mar Rojo. El puerto del antiguo reino fara\u00f3nico tiene m\u00e1s de 4.000 a\u00f1os de antig\u00fcedad. En 2006, investigadores de las Universidades de Boston y N\u00e1poles descubrieron restos de cuerdas y tablones de madera utilizados para cargar barcos en cinco cuevas al sur de Safaga, en el Mar Rojo. Tambi\u00e9n hallaron fragmentos de una caja inscrita con \u201cMaravillas de la tierra de Punt\u201d, junto con el nombre parcialmente conservado de Amenemhet III. La autoridad de antig\u00fcedades de Egipto en El Cairo considera esto una prueba m\u00e1s de que los antiguos egipcios comerciaron por mar con Punt durante la \u00e9poca de los faraones.<\/p>\n<p class=\"p3\">En Safaga, poseemos una peque\u00f1a parcela de tierra en la que le otorgamos la copropiedad. Esto le convierte en el \u201cse\u00f1or\u201d de la propiedad y le da derecho a ostentar el t\u00edtulo <span class=\"s1\"><b>Pasha<\/b><\/span>.<\/p>\n<p class=\"p1\"><b>Recibir\u00e1s:<\/b><b><\/b><\/p>\n<ul>\n<li>\n<p class=\"p1\"><span class=\"s1\">T\u00edtulo <\/span><b>Pasha de Safaga<\/b><b><\/b><\/p>\n<\/li>\n<li>\n<p class=\"p1\">Certificados de nombramiento bellamente dise\u00f1ados<\/p>\n<\/li>\n<li>\n<p class=\"p1\">Derecho completo a usar su escudo de armas personal (ver imagen)<\/p>\n<\/li>\n<li>\n<p class=\"p1\">Informaci\u00f3n completa sobre su propiedad, el pa\u00eds y su gente<\/p>\n<\/li>\n<li>\n<p class=\"p1\">Todo presentado en una elegante carpeta de regalo<\/p>\n<\/li>\n<\/ul>\n<p class=\"p3\">Agradecemos su comprensi\u00f3n de que no existe una forma femenina oficial para el t\u00edtulo de \u201cPasha\u201d. Se dice que el nombre \u201cPasha\u201d significa \u201cnacido en Pascua\u201d. La forma femenina del nombre es \u201cPasclina\u201d, que tiene el mismo significado. Estaremos encantados de emitir un certificado con la forma femenina. <span class=\"s1\"><b>\u201cPasclina de Safaga,\u201d<\/b><\/span> aunque no se considera un t\u00edtulo formal.<\/p>\n<\/div><\/div><\/div><\/div><\/div><\/div><\/section>","protected":false},"excerpt":{"rendered":"<p class=\"p1\">El Baj\u00e1 era el t\u00edtulo de los m\u00e1s altos funcionarios civiles y l\u00edderes militares en Egipto. Hasta 1867, el gobernador recib\u00eda el t\u00edtulo de Baj\u00e1. Varias Beys serv\u00edan bajo su mando como gobernadores de las subprovincias. Como distintivo de rango, se portaban dos o tres estandartes de cola de caballo delante de los Baj\u00e1s.<\/p>","protected":false},"featured_media":55759,"template":"","meta":{"_acf_changed":false,"yasr_overall_rating":0,"yasr_post_is_review":"","yasr_auto_insert_disabled":"","yasr_review_type":"","slim_seo":{"title":"Pasha de Safaga - Compre T\u00edtulos Nobles desde 1999","description":"El Baj\u00e1 era el t\u00edtulo de los m\u00e1s altos funcionarios civiles y l\u00edderes militares en Egipto. Hasta 1867, el gobernador recib\u00eda el t\u00edtulo de Baj\u00e1. Varios Beys"}},"product_brand":[],"product_cat":[575],"product_tag":[],"class_list":{"0":"post-61551","1":"product","2":"type-product","3":"status-publish","4":"has-post-thumbnail","6":"product_cat-egyptian-pasha-title","8":"first","9":"instock","10":"taxable","11":"shipping-taxable","12":"purchasable","13":"product-type-variable","14":"has-default-attributes"},"acf":[],"yasr_visitor_votes":{"stars_attributes":{"read_only":false,"span_bottom":false},"number_of_votes":0,"sum_votes":0},"_links":{"self":[{"href":"https:\/\/noble-society.net\/es\/wp-json\/wp\/v2\/product\/61551","targetHints":{"allow":["GET"]}}],"collection":[{"href":"https:\/\/noble-society.net\/es\/wp-json\/wp\/v2\/product"}],"about":[{"href":"https:\/\/noble-society.net\/es\/wp-json\/wp\/v2\/types\/product"}],"wp:featuredmedia":[{"embeddable":true,"href":"https:\/\/noble-society.net\/es\/wp-json\/wp\/v2\/media\/55759"}],"wp:attachment":[{"href":"https:\/\/noble-society.net\/es\/wp-json\/wp\/v2\/media?parent=61551"}],"wp:term":[{"taxonomy":"product_brand","embeddable":true,"href":"https:\/\/noble-society.net\/es\/wp-json\/wp\/v2\/product_brand?post=61551"},{"taxonomy":"product_cat","embeddable":true,"href":"https:\/\/noble-society.net\/es\/wp-json\/wp\/v2\/product_cat?post=61551"},{"taxonomy":"product_tag","embeddable":true,"href":"https:\/\/noble-society.net\/es\/wp-json\/wp\/v2\/product_tag?post=61551"}],"curies":[{"name":"wp","href":"https:\/\/api.w.org\/{rel}","templated":true}]}}