{"id":61552,"date":"2026-03-16T20:18:37","date_gmt":"2026-03-16T18:18:37","guid":{"rendered":"https:\/\/noble-society.net\/?post_type=product&#038;p=61552"},"modified":"2026-04-08T14:41:30","modified_gmt":"2026-04-08T11:41:30","slug":"conde-y-condesa-de-la-mansion-de-neuschwanstein","status":"publish","type":"product","link":"https:\/\/noble-society.net\/es\/buy-nobility-titles\/count-and-countess-of-neuschwanstein-manor\/","title":{"rendered":"Conde y Condesa de la Mansi\u00f3n de Neuschwanstein"},"content":{"rendered":"<section class=\"l-section wpb_row height_small\"><div class=\"l-section-h i-cf\"><div class=\"g-cols vc_row via_grid cols_1 laptops-cols_inherit tablets-cols_inherit mobiles-cols_1 valign_top type_default stacking_default\"><div class=\"wpb_column vc_column_container\"><div class=\"vc_column-inner\"><div class=\"wpb_text_column\"><div class=\"wpb_wrapper\"><p class=\"p1\">Somos propietarios de una finca en las inmediaciones del Castillo de Neuschwanstein, conocida como \u201cGut Neuschwanstein\u201d. Al adquirir una parte de esta propiedad, usted se convierte en copropietario y, por lo tanto, en Conde o Condesa. A diferencia de los t\u00edtulos nobiliarios tradicionales, que son otorgados por un monarca y se transmiten de generaci\u00f3n en generaci\u00f3n, este t\u00edtulo est\u00e1 directamente vinculado a la propiedad de la tierra. Se transfiere autom\u00e1ticamente a cualquier (co)propietario nuevo en caso de venta o herencia. Esto abre posibilidades completamente nuevas para personas como usted y como nosotros, que no nacimos en c\u00edrculos aristocr\u00e1ticos. Simplemente adquiera un pedazo de tierra y se convertir\u00e1 en \u201cConde\u201d o \u201cCondesa\u201d de Neuschwanstein. La mejor parte: el tama\u00f1o de la parcela es irrelevante. Poseemos una hect\u00e1rea de tierra cerca del Castillo de Neuschwanstein y, al comprar una parte de esta finca, usted se convierte en copropietario y, por lo tanto, en terrateniente.<\/p>\n<p class=\"p1\">A solo unas 20 millas del Castillo de Neuschwanstein, el castillo de cuento de hadas de fama mundial que inspir\u00f3 a Disney, se encuentra la finca \u201cGut Neuschwanstein\u201d. Rodeado de \u00e1rboles y un peque\u00f1o arroyo de agua cristalina, su propio pedazo de tierra se convierte en un lugar m\u00e1gico que lo convierte en un Conde o Condesa.<\/p>\n<p class=\"p1\">Pero lo m\u00e1s destacado es para tus hijos: se convierten en <span class=\"s1\"><b>Pr\u00edncipe o Princesa de Neuschwanstein<\/b><\/span>-como en un cuento de verdad. Imagina su emoci\u00f3n cuando descubran que forman parte de una historia sacada directamente de un castillo de Disney. De repente, ya no s\u00f3lo juegan a ser princesas o pr\u00edncipes, sino que se convierten en verdaderos h\u00e9roes. <i>son<\/i> uno.<\/p>\n<p class=\"p1\">Esto lo convierte en un regalo verdaderamente inolvidable para las familias. Ya sea para un cumplea\u00f1os, una ocasi\u00f3n especial o simplemente para crear recuerdos m\u00e1gicos, a tus hijos les encantar\u00e1 contarles a sus amigos que son Pr\u00edncipes o Princesas de un castillo real, uno de los castillos m\u00e1s famosos del mundo.<\/p>\n<p class=\"p1\">Un pedacito de tierra, un t\u00edtulo real y un gran sue\u00f1o hecho realidad para cada ni\u00f1o que alguna vez ha imaginado vivir en un cuento de hadas.<\/p>\n<p class=\"p1\">Recibir\u00e1 un bonito certificado que confirma su nuevo t\u00edtulo, as\u00ed como un certificado de cortes\u00eda para su pareja. Puede visitar la propiedad en Baviera y, por ejemplo, utilizarla para acampar. A poca distancia se encuentra el mundialmente famoso Castillo de Neuschwanstein, \u00a1no deje de visitarlo durante su estancia!<\/p>\n<p><center><br \/>\n<iframe loading=\"lazy\" style=\"border: 0;\" src=\"https:\/\/www.google.com\/maps\/embed?pb=!1m18!1m12!1m3!1d2686.370419589306!2d10.415755716228443!3d47.67722579108867!2m3!1f0!2f0!3f0!3m2!1i1024!2i768!4f13.1!3m3!1m2!1s0x479c7dcc6a93df37%3A0x42e2baa007fd32f6!2sNeuschwanstein%20Manor!5e0!3m2!1sde!2sde!4v1639129659704!5m2!1sde!2sde\" width=\"600\" height=\"450\" allowfullscreen=\"allowfullscreen\"><\/iframe><\/center><\/p>\n<p class=\"p1\"><b>\u00bfQu\u00e9 puedo hacer con el t\u00edtulo de Conde?<\/b><b><\/b><\/p>\n<p class=\"p3\">Adem\u00e1s de la gran sensaci\u00f3n de poseer un peque\u00f1o trozo de tierra cerca del castillo de Neuschwanstein, tu t\u00edtulo te brindar\u00e1 un gran disfrute. Imagina lo impresionante que se ver\u00e1 el certificado enmarcado en la pared de tu casa, y cu\u00e1ntas miradas de admiraci\u00f3n atraer\u00e1. La gente te preguntar\u00e1 por \u00e9l, y podr\u00e1s explicar orgullosamente que eres propietario de tierras cerca del castillo de Neuschwanstein y que ostentas el t\u00edtulo de Conde o Condesa. Pero el t\u00edtulo no es solo para exhibir en casa: tambi\u00e9n puedes usarlo al hacer una reserva en un restaurante o al registrarte en un hotel. Muchos de nuestros clientes nos cuentan que de repente aparece una mesa disponible para su \u201cExcelencia\u201d, o que reciben una mejora gratuita en un hotel. Dondequiera que aparezcas con tu t\u00edtulo, ser\u00e1s percibido de manera diferente. Te divertir\u00e1s mucho con \u00e9l, y ese es exactamente el objetivo.<\/p>\n<p class=\"p3\">Adem\u00e1s de tu parte de tierra cerca de Neuschwanstein, recibir\u00e1s un paquete completo que documenta tu nuevo t\u00edtulo nobiliario.<\/p>\n<p class=\"p3\">Recibir\u00e1 un certificado oficial de nombramiento que confirma su estatus de Conde o Condesa. Este documento verifica su copropiedad de la tierra, as\u00ed como su derecho a usar el t\u00edtulo en el futuro. Dado que su nuevo t\u00edtulo tambi\u00e9n puede incluir a su familia, proporcionamos un segundo certificado de cortes\u00eda con el nombre de su pareja. Sus hijos tampoco se quedan fuera: por una peque\u00f1a tarifa adicional, puede obtener certificados para todos sus hijos. Si desea adquirir tierras y t\u00edtulos junto con amigos, tambi\u00e9n estaremos encantados de emitir certificados con diferentes nombres. En ese caso, usted comparte la tierra con sus amigos, mientras que cada persona recibe su propio certificado.<\/p>\n<p class=\"p3\">Los certificados de nombramiento se entregan en una elegante carpeta de presentaci\u00f3n con el escudo de armas del Condado de Neuschwanstein. Adem\u00e1s, recibir\u00e1 nuestro folleto cuidadosamente dise\u00f1ado \u201cCondado de Neuschwanstein\u201d, que contiene informaci\u00f3n detallada sobre su t\u00edtulo y la propiedad. Poco despu\u00e9s de su pedido, tambi\u00e9n recibir\u00e1 el escudo de armas de Neuschwanstein en formato PDF por correo electr\u00f3nico, que podr\u00e1 imprimir inmediatamente y enmarcar si lo desea.<\/p>\n<\/div><\/div><\/div><\/div><\/div><\/div><\/section>","protected":false},"excerpt":{"rendered":"<p class=\"p1\">A solo unas 20 millas del Castillo de Neuschwanstein, el castillo de cuento de hadas de fama mundial que inspir\u00f3 <strong>Disney<\/strong>lies the estate \u201cGut Neuschwanstein.\u201d Surrounded by trees and a small stream with crystal-clear water, your very own piece of land becomes a magical place that turns you into a Count or Countess.<\/p>\n<p class=\"p1\">Pero lo m\u00e1s destacado es para tus hijos: se convierten en <span class=\"s1\"><b>Pr\u00edncipe o Princesa de Neuschwanstein<\/b><\/span>-como en un cuento de verdad. Imagina su emoci\u00f3n cuando descubran que forman parte de una historia sacada directamente de un castillo de Disney. De repente, ya no s\u00f3lo juegan a ser princesas o pr\u00edncipes, sino que se convierten en verdaderos h\u00e9roes. <i>son<\/i> uno.<\/p>\n<p class=\"p1\">Un pedacito de tierra, un t\u00edtulo real y un gran sue\u00f1o hecho realidad para cada ni\u00f1o que alguna vez ha imaginado vivir en un cuento de hadas.<\/p>","protected":false},"featured_media":56114,"template":"","meta":{"_acf_changed":false,"yasr_overall_rating":0,"yasr_post_is_review":"","yasr_auto_insert_disabled":"","yasr_review_type":"","slim_seo":{"title":"Conde y Condesa de la Mansi\u00f3n Neuschwanstein - Compre T\u00edtulos Nobles desde 1999","description":"A solo unas 20 millas del Castillo de Neuschwanstein, el castillo de cuento de hadas de fama mundial que inspir\u00f3 a Disney, se encuentra la finca \u201cGut Neuschwanstein\u201d. Rodeado de \u00e1rboles"}},"product_brand":[],"product_cat":[576],"product_tag":[],"class_list":{"0":"post-61552","1":"product","2":"type-product","3":"status-publish","4":"has-post-thumbnail","6":"product_cat-neuschwanstein-manor","8":"first","9":"instock","10":"taxable","11":"shipping-taxable","12":"purchasable","13":"product-type-variable","14":"has-default-attributes"},"acf":[],"yasr_visitor_votes":{"stars_attributes":{"read_only":false,"span_bottom":false},"number_of_votes":0,"sum_votes":0},"_links":{"self":[{"href":"https:\/\/noble-society.net\/es\/wp-json\/wp\/v2\/product\/61552","targetHints":{"allow":["GET"]}}],"collection":[{"href":"https:\/\/noble-society.net\/es\/wp-json\/wp\/v2\/product"}],"about":[{"href":"https:\/\/noble-society.net\/es\/wp-json\/wp\/v2\/types\/product"}],"wp:featuredmedia":[{"embeddable":true,"href":"https:\/\/noble-society.net\/es\/wp-json\/wp\/v2\/media\/56114"}],"wp:attachment":[{"href":"https:\/\/noble-society.net\/es\/wp-json\/wp\/v2\/media?parent=61552"}],"wp:term":[{"taxonomy":"product_brand","embeddable":true,"href":"https:\/\/noble-society.net\/es\/wp-json\/wp\/v2\/product_brand?post=61552"},{"taxonomy":"product_cat","embeddable":true,"href":"https:\/\/noble-society.net\/es\/wp-json\/wp\/v2\/product_cat?post=61552"},{"taxonomy":"product_tag","embeddable":true,"href":"https:\/\/noble-society.net\/es\/wp-json\/wp\/v2\/product_tag?post=61552"}],"curies":[{"name":"wp","href":"https:\/\/api.w.org\/{rel}","templated":true}]}}