{"id":61553,"date":"2026-03-16T20:18:38","date_gmt":"2026-03-16T18:18:38","guid":{"rendered":"https:\/\/noble-society.net\/?post_type=product&#038;p=61553"},"modified":"2026-04-08T14:40:35","modified_gmt":"2026-04-08T11:40:35","slug":"shogun-gran-taishi","status":"publish","type":"product","link":"https:\/\/noble-society.net\/es\/buy-nobility-titles\/shogun-kara-taishi\/","title":{"rendered":"Shogun kara Taishi"},"content":{"rendered":"<section class=\"l-section wpb_row height_small\"><div class=\"l-section-h i-cf\"><div class=\"g-cols vc_row via_grid cols_1 laptops-cols_inherit tablets-cols_inherit mobiles-cols_1 valign_top type_default stacking_default\"><div class=\"wpb_column vc_column_container\"><div class=\"vc_column-inner\"><div class=\"wpb_text_column\"><div class=\"wpb_wrapper\"><p class=\"p1\"><b>Shogun<\/b><b><\/b><\/p>\n<p class=\"p3\"><i>Shogun<\/i>\u2014traducido aproximadamente como \u201cGran General que somete a los b\u00e1rbaros\u201d o \u201cGeneral\u00edsimo\u201d\u2014 fue un t\u00edtulo militar japon\u00e9s utilizado desde el siglo XII hasta 1867 para los l\u00edderes de la nobleza guerrera, los samur\u00e1is. Originalmente, un sh\u014dgun era comparable a un duque europeo y solo se nombraba temporalmente en tiempos de crisis, particularmente durante campa\u00f1as contra los Emishi, con poderes especiales. Despu\u00e9s del final del per\u00edodo Heian, Minamoto no Yoritomo logr\u00f3 que el t\u00edtulo le fuera otorgado hereditariamente por el emperador en 1192.<\/p>\n<p class=\"p3\">El t\u00e9rmino <i>shogunato<\/i> inicialmente se refer\u00eda solo a la casa del sh\u014dgun, pero luego tambi\u00e9n a su aparato administrativo. En japon\u00e9s, se refer\u00eda a s\u00ed mismo como <i>conferencia<\/i> (literalmente \u201casuntos oficiales\u201d, que significa \u201cgobierno central\u201d); desde el siglo XIX en adelante, se le llam\u00f3 cada vez m\u00e1s <i>bakufu<\/i> (literalmente \u201cgobierno de tienda\u201d, que significa \u201cgobierno militar\u201d) para distinguirlo de la corte imperial, que gradualmente se consider\u00f3 soberana. El <i>bakufu<\/i> permaneci\u00f3 como la autoridad pol\u00edtica dominante en Jap\u00f3n hasta que fue abolida tras la derrota del shogunato Tokugawa en la Guerra Boshin y la posterior Restauraci\u00f3n Meiji en 1868, junto con el sistema de clases existente.<\/p>\n<p class=\"p1\"><b>Nobleza japonesa<\/b><b><\/b><\/p>\n<p class=\"p3\">Hasta el siglo V d.C., la nobleza en Jap\u00f3n consist\u00eda en una asociaci\u00f3n laxa de clanes terratenientes. En el siglo VI, la autoridad central imperial del Tenn\u014d otorg\u00f3 t\u00edtulos de estatus hereditario a ciertos l\u00edderes de clanes, delegando y legitimando as\u00ed oficialmente su poder.<\/p>\n<p class=\"p3\">En el siglo VII, con la introducci\u00f3n del sistema Ritsury\u014d, fuertemente influenciado por China, el estatus noble basado en el nacimiento fue reemplazado cada vez m\u00e1s por el m\u00e9rito administrativo. Una ley promulgada en 701 reemplaz\u00f3 la aristocracia hereditaria por una nobleza basada en el m\u00e9rito de funcionarios civiles.<i>Kuge<\/i>). Bajo su liderazgo, centrado en la capital Heian-ky\u014d (la actual Kioto), grupos de guerreros provinciales y administradores de fincas desplazaron gradualmente a la nobleza civil del poder alrededor de 1200. A partir de entonces, la llamada \u201cnobleza de la espada\u201d (<i>Buke<\/i>\u2014incluyendo samur\u00e1is, *daimy\u014d* y *sh\u014dgun*\u2014 dominaron Jap\u00f3n hasta 1868, mientras que el Tenn\u014d conserv\u00f3 roles principalmente religiosos, culturales y de legitimaci\u00f3n.<\/p>\n<p class=\"p3\">En 1884, durante la Restauraci\u00f3n Meiji, la nobleza civil y la nobleza guerrera se fusionaron en una aristocracia unificada conocida como la <i>familia<\/i>, y la clase samur\u00e1i fue formalmente abolida. Por ley, el 7 de julio de 1884, la nobleza se organiz\u00f3 en cinco rangos modelados seg\u00fan el sistema de peerage brit\u00e1nico, aunque se utilizaron t\u00edtulos de estilo chino. A diferencia de China, estos t\u00edtulos se heredaban indefinidamente seg\u00fan la primogenitura, lo que significaba que los hijos menores de nobles titulados permanec\u00edan sin t\u00edtulos durante su vida, e incluso el heredero no ostentaba ning\u00fan t\u00edtulo mientras el padre estuviera vivo.<\/p>\n<p class=\"p3\">Tras la Segunda Guerra Mundial, la nobleza como instituci\u00f3n fue abolida por la Constituci\u00f3n de 1946. Solo permaneci\u00f3 la propia familia imperial.<\/p>\n<\/div><\/div><\/div><\/div><\/div><\/div><\/section>","protected":false},"excerpt":{"rendered":"<p class=\"p1\"><i>Shogun<\/i>, cuyo significado aproximado es \u201cgran general\u201d, fue un t\u00edtulo militar japon\u00e9s utilizado desde el siglo XII hasta 1867 para los l\u00edderes de la nobleza guerrera, los samur\u00e1is. El t\u00edtulo denotaba la m\u00e1xima autoridad militar del pa\u00eds y estaba estrechamente asociado con el poder pol\u00edtico real, ya que el sh\u014dgun gobernaba efectivamente Jap\u00f3n mientras el emperador permanec\u00eda en gran medida como una figura simb\u00f3lica. Con el tiempo, el papel del sh\u014dgun evolucion\u00f3 de un mando militar temporal a una posici\u00f3n hereditaria, dando forma a la estructura pol\u00edtica de Jap\u00f3n durante siglos y definiendo la era del gobierno samur\u00e1i.<\/p>","protected":false},"featured_media":56188,"template":"","meta":{"_acf_changed":false,"yasr_overall_rating":0,"yasr_post_is_review":"","yasr_auto_insert_disabled":"","yasr_review_type":"","slim_seo":{"title":"Shogun kara Taishi - Compra de T\u00edtulos Nobiliarios Desde 1999","description":"Sh\u014dgun, que significa aproximadamente \u201cgran general\u201d, fue un t\u00edtulo militar japon\u00e9s utilizado desde el siglo XII hasta 1867 para los l\u00edderes de la nobleza guerrera, los samur\u00e1is."}},"product_brand":[],"product_cat":[577],"product_tag":[],"class_list":{"0":"post-61553","1":"product","2":"type-product","3":"status-publish","4":"has-post-thumbnail","6":"product_cat-japanese-noble-titles","8":"first","9":"instock","10":"taxable","11":"shipping-taxable","12":"purchasable","13":"product-type-variable","14":"has-default-attributes"},"acf":[],"yasr_visitor_votes":{"stars_attributes":{"read_only":false,"span_bottom":false},"number_of_votes":0,"sum_votes":0},"_links":{"self":[{"href":"https:\/\/noble-society.net\/es\/wp-json\/wp\/v2\/product\/61553","targetHints":{"allow":["GET"]}}],"collection":[{"href":"https:\/\/noble-society.net\/es\/wp-json\/wp\/v2\/product"}],"about":[{"href":"https:\/\/noble-society.net\/es\/wp-json\/wp\/v2\/types\/product"}],"wp:featuredmedia":[{"embeddable":true,"href":"https:\/\/noble-society.net\/es\/wp-json\/wp\/v2\/media\/56188"}],"wp:attachment":[{"href":"https:\/\/noble-society.net\/es\/wp-json\/wp\/v2\/media?parent=61553"}],"wp:term":[{"taxonomy":"product_brand","embeddable":true,"href":"https:\/\/noble-society.net\/es\/wp-json\/wp\/v2\/product_brand?post=61553"},{"taxonomy":"product_cat","embeddable":true,"href":"https:\/\/noble-society.net\/es\/wp-json\/wp\/v2\/product_cat?post=61553"},{"taxonomy":"product_tag","embeddable":true,"href":"https:\/\/noble-society.net\/es\/wp-json\/wp\/v2\/product_tag?post=61553"}],"curies":[{"name":"wp","href":"https:\/\/api.w.org\/{rel}","templated":true}]}}