{"id":61554,"date":"2026-03-16T20:18:38","date_gmt":"2026-03-16T18:18:38","guid":{"rendered":"https:\/\/noble-society.net\/?post_type=product&#038;p=61554"},"modified":"2026-04-08T14:40:15","modified_gmt":"2026-04-08T11:40:15","slug":"tianzi-de-jinyang","status":"publish","type":"product","link":"https:\/\/noble-society.net\/es\/buy-nobility-titles\/tianzi-cong-jinyang\/","title":{"rendered":"Tianzi c\u00f3ng J\u00ecny\u00e1ng"},"content":{"rendered":"<section class=\"l-section wpb_row height_small\"><div class=\"l-section-h i-cf\"><div class=\"g-cols vc_row via_grid cols_1 laptops-cols_inherit tablets-cols_inherit mobiles-cols_1 valign_top type_default stacking_default\"><div class=\"wpb_column vc_column_container\"><div class=\"vc_column-inner\"><div class=\"wpb_text_column\"><div class=\"wpb_wrapper\"><p class=\"p1\"><b>Tianzi<\/b><b><\/b><\/p>\n<p class=\"p3\">El t\u00edtulo <i>Tianzi<\/i> literalmente significa \u201cHijo del Cielo\u201d y fue utilizado por muchos gobernantes soberanos de China, independientemente de su rango. El concepto, que surgi\u00f3 por primera vez durante la dinast\u00eda Zhou, se basa en el Mandato del Cielo, que no debe confundirse con la idea europea del derecho divino, ya que solo legitima el gobierno mientras sea justo y exitoso. Como t\u00edtulo de un gobernante, <i>Tianzi<\/i> tambi\u00e9n simbolizaba el reclamo de gobernar <i>Tianxia<\/i> (literalmente \u201ctodo bajo el cielo\u201d), que significa el mundo entero.<\/p>\n<p class=\"p3\">J\u00ecny\u00e1ng fue fundada en el 497 a.C. y tiene una historia de m\u00e1s de 2.500 a\u00f1os. Bajo su nombre moderno, Taiyuan, es actualmente la capital de la provincia de Shanxi en la Rep\u00fablica Popular China, situada a una altitud de 780 metros a orillas del r\u00edo Fen. El complejo del Templo Jinci en Taiyuan ha sido incluido como monumento cultural protegido de China desde 1961.<\/p>\n<p class=\"p1\"><b>Nobleza china<\/b><b><\/b><\/p>\n<p class=\"p3\">La nobleza de la China imperial se transform\u00f3 a lo largo de varios miles de a\u00f1os. Antes que en Europa, se desarrollaron un sistema feudal, una estructura administrativa estable y, finalmente, un estado centralizado, que moldearon la cultura y la estructura social del imperio. A pesar de los cambios internos y externos, se mantuvieron caracter\u00edsticas clave, como el patriarcado, la primogenitura en muchos t\u00edtulos y la autoridad central del gobernante supremo y su corte. Solo con la abolici\u00f3n del sistema imperial se rompi\u00f3 el poder social de la nobleza china.<\/p>\n<p class=\"p3\">El sistema nobiliario chino se desarroll\u00f3 durante el primer milenio a.C. en la Dinast\u00eda Zhou. Confucio codific\u00f3 el sistema tradicional en su obra sobre los Ritos de Zhou poco despu\u00e9s del comienzo de la Era Com\u00fan, sentando las bases para los rangos nobles posteriores en China, a pesar de que el sistema continu\u00f3 evolucionando con el tiempo.<\/p>\n<p class=\"p1\"><b>Emperador de China<\/b><b><\/b><\/p>\n<p class=\"p3\">Antes de Qin Shi Huang, los t\u00e9rminos <i>Huang<\/i> (gobernante divino o exaltado) y <i>Di<\/i> (rey o emperador ancestral) se utilizaron. Ambos pueden traducirse de diferentes maneras, pero reflejan la reverencia por un ser semidivino o sobrehumano. Qin Shi Huang se bas\u00f3 en estos conceptos mitol\u00f3gicos existentes \u2014derivados de los legendarios Tres Huang y Cinco Di\u2014 cuando introdujo el t\u00edtulo <i>Huangdi<\/i> en el a\u00f1o 221 a.C. tras derrotar a todos los reyes rivales (<i>Wang<\/i>). Esto expres\u00f3 su pretensi\u00f3n de ser un gobernante m\u00e1s grande que cualquiera antes que \u00e9l. La adici\u00f3n de <i>S\u00ed<\/i> (\\\u201cPrimero\\\u201d) indic\u00f3 su posici\u00f3n como el primer emperador. El elemento <i>Di<\/i> tambi\u00e9n simbolizaba su conexi\u00f3n con el concepto divino de <i>Shangdi<\/i>. El t\u00edtulo <i>Huangdi<\/i> no debe confundirse con el Emperador Amarillo.<\/p>\n<p class=\"p3\">Despu\u00e9s de la dinast\u00eda Qin, todos los gobernantes que reclamaron autoridad sobre toda China llevaron el t\u00edtulo <i>Huangdi<\/i> hasta la abdicaci\u00f3n de Puyi en 1912. Dinast\u00edas establecidas por gobernantes extranjeros, como la Dinast\u00eda Yuan mongol, tambi\u00e9n utilizaron el t\u00edtulo junto con sus propias tradiciones. Al igual que en Europa \u2014donde pod\u00edan existir papas rivales simult\u00e1neamente\u2014 no era inusual que m\u00faltiples <i>Huangdi<\/i> reclamar el t\u00edtulo al mismo tiempo.<\/p>\n<p class=\"p3\">En la traducci\u00f3n occidental, <i>Huangdi<\/i> \u201cEmperador de China\u201d, mientras que su significado literal puede describirse como \u201cgobernante divino exaltado\u201d.\u201d<\/p>\n<\/div><\/div><\/div><\/div><\/div><\/div><\/section>","protected":false},"excerpt":{"rendered":"<p class=\"p1\">El t\u00edtulo <i>Tianzi<\/i> literalmente significa \u201cHijo del Cielo\u201d y fue utilizado por muchos gobernantes soberanos de China, independientemente de su rango. El t\u00e9rmino refleja un concepto cosmol\u00f3gico profundamente arraigado en el pensamiento chino, que enfatiza la conexi\u00f3n divina entre el gobernante y los cielos. Como el \u201cHijo del Cielo\u201d, se consideraba que el gobernante era el mediador entre el cielo y la tierra, responsable de mantener la armon\u00eda y el orden dentro del reino. Este t\u00edtulo no se limitaba a un rango espec\u00edfico, sino que significaba la autoridad suprema y la legitimidad otorgadas a trav\u00e9s del Mandato del Cielo.<\/p>","protected":false},"featured_media":56187,"template":"","meta":{"_acf_changed":false,"yasr_overall_rating":0,"yasr_post_is_review":"","yasr_auto_insert_disabled":"","yasr_review_type":"","slim_seo":{"title":"Tianzi c\u00f3ng J\u00ecny\u00e1ng - Compra t\u00edtulos nobiliarios desde 1999","description":"El t\u00edtulo Tianzi significa literalmente \u201cHijo del Cielo\u201d y fue utilizado por muchos gobernantes soberanos de China, independientemente de su rango. El t\u00e9rmino refleja una cosmolog\u00eda profundamente arraigada"}},"product_brand":[],"product_cat":[578],"product_tag":[],"class_list":{"0":"post-61554","1":"product","2":"type-product","3":"status-publish","4":"has-post-thumbnail","6":"product_cat-chinese-noble-titles","8":"first","9":"instock","10":"taxable","11":"shipping-taxable","12":"purchasable","13":"product-type-variable","14":"has-default-attributes"},"acf":[],"yasr_visitor_votes":{"stars_attributes":{"read_only":false,"span_bottom":false},"number_of_votes":0,"sum_votes":0},"_links":{"self":[{"href":"https:\/\/noble-society.net\/es\/wp-json\/wp\/v2\/product\/61554","targetHints":{"allow":["GET"]}}],"collection":[{"href":"https:\/\/noble-society.net\/es\/wp-json\/wp\/v2\/product"}],"about":[{"href":"https:\/\/noble-society.net\/es\/wp-json\/wp\/v2\/types\/product"}],"wp:featuredmedia":[{"embeddable":true,"href":"https:\/\/noble-society.net\/es\/wp-json\/wp\/v2\/media\/56187"}],"wp:attachment":[{"href":"https:\/\/noble-society.net\/es\/wp-json\/wp\/v2\/media?parent=61554"}],"wp:term":[{"taxonomy":"product_brand","embeddable":true,"href":"https:\/\/noble-society.net\/es\/wp-json\/wp\/v2\/product_brand?post=61554"},{"taxonomy":"product_cat","embeddable":true,"href":"https:\/\/noble-society.net\/es\/wp-json\/wp\/v2\/product_cat?post=61554"},{"taxonomy":"product_tag","embeddable":true,"href":"https:\/\/noble-society.net\/es\/wp-json\/wp\/v2\/product_tag?post=61554"}],"curies":[{"name":"wp","href":"https:\/\/api.w.org\/{rel}","templated":true}]}}