{"id":61555,"date":"2026-03-16T20:18:38","date_gmt":"2026-03-16T18:18:38","guid":{"rendered":"https:\/\/noble-society.net\/?post_type=product&#038;p=61555"},"modified":"2026-04-08T14:39:53","modified_gmt":"2026-04-08T11:39:53","slug":"plantacion-de-cafe-y-senor-de-embu","status":"publish","type":"product","link":"https:\/\/noble-society.net\/es\/buy-nobility-titles\/coffee-plantation-and-lord-of-embu\/","title":{"rendered":"Plantaci\u00f3n de caf\u00e9 y Lord of Embu"},"content":{"rendered":"<section class=\"l-section wpb_row height_small\"><div class=\"l-section-h i-cf\"><div class=\"g-cols vc_row via_grid cols_1 laptops-cols_inherit tablets-cols_inherit mobiles-cols_1 valign_top type_default stacking_default\"><div class=\"wpb_column vc_column_container\"><div class=\"vc_column-inner\"><div class=\"wpb_text_column\"><div class=\"wpb_wrapper\"><h2 class=\"p1\">Convi\u00e9rtete en un Se\u00f1or o Se\u00f1ora de una plantaci\u00f3n de caf\u00e9 en Kenia.<\/h2>\n<p class=\"p1\">A unos 30 kil\u00f3metros al norte de Nairobi, la capital de Kenia, hemos adquirido una parcela de tierra en el condado de Nakuru. Los residentes locales cultivan caf\u00e9 en esta tierra y se les permite conservar y vender la cosecha ellos mismos. Brindamos a los agricultores todas las herramientas, el agua y el transporte necesarios. Esta plantaci\u00f3n de caf\u00e9 se financia a trav\u00e9s de su compra de una cuota de copropiedad. Al convertirse en copropietario, usted ostentar\u00e1 el t\u00edtulo <span class=\"s1\"><b>\u201cSe\u00f1or o Se\u00f1ora de Nakuru.\u201d<\/b><\/span> Kenia forma parte de la Commonwealth Brit\u00e1nica, por lo que en este contexto tambi\u00e9n se utilizan t\u00edtulos nobiliarios anglicizados.<\/p>\n<p class=\"p1\">Adem\u00e1s de la plantaci\u00f3n de caf\u00e9, tambi\u00e9n hemos adquirido un terreno en Embu (aproximadamente 120 kil\u00f3metros al noreste de Nairobi, hacia el monte Kenia). All\u00ed, hemos construido un pozo y los residentes de la aldea cercana pueden cultivar libremente lo que necesiten en esta tierra. Esto incluye principalmente verduras y diversas hierbas. El huerto comunitario se financia parcialmente con los ingresos de la plantaci\u00f3n de caf\u00e9.<\/p>\n<p class=\"p1\">Con su pedido, recibir\u00e1:<\/p>\n<ul>\n<li>\n<p class=\"p1\">T\u00edtulo nobiliario <span class=\"s1\"><b>Se\u00f1or \/ Se\u00f1ora de Embu<\/b><\/span> (a libre elecci\u00f3n)<\/p>\n<\/li>\n<li>\n<p class=\"p1\">Certificados de nombramiento y posesi\u00f3n bellamente dise\u00f1ados<\/p>\n<\/li>\n<li>\n<p class=\"p1\">Derecho completo a usar su escudo de armas personal (ver imagen)<\/p>\n<\/li>\n<li>\n<p class=\"p1\">Informaci\u00f3n completa sobre el proyecto, el terreno y las personas<\/p>\n<\/li>\n<li>\n<p class=\"p1\">Sin costos recurrentes: con tu pago te conviertes en copropietario de la plantaci\u00f3n de caf\u00e9.<\/p>\n<\/li>\n<\/ul>\n<p>&nbsp;<\/p>\n<figure id=\"attachment_55751\" aria-describedby=\"caption-attachment-55751\" style=\"width: 1152px\" class=\"wp-caption alignnone\"><a href=\"https:\/\/www.google.com\/maps?q=-0.9536052,36.5306993&amp;z=17&amp;hl=de\"><img loading=\"lazy\" decoding=\"async\" class=\"size-full wp-image-55751\" src=\"https:\/\/noble-society.net\/wp-content\/uploads\/2021\/10\/kenya-plantage_lage.jpg\" alt=\"\" width=\"1152\" height=\"933\" srcset=\"https:\/\/noble-society.net\/wp-content\/uploads\/2021\/10\/kenya-plantage_lage.jpg 1152w, https:\/\/noble-society.net\/wp-content\/uploads\/2021\/10\/kenya-plantage_lage-600x486.jpg 600w, https:\/\/noble-society.net\/wp-content\/uploads\/2021\/10\/kenya-plantage_lage-300x243.jpg 300w, https:\/\/noble-society.net\/wp-content\/uploads\/2021\/10\/kenya-plantage_lage-1024x829.jpg 1024w, https:\/\/noble-society.net\/wp-content\/uploads\/2021\/10\/kenya-plantage_lage-768x622.jpg 768w, https:\/\/noble-society.net\/wp-content\/uploads\/2021\/10\/kenya-plantage_lage-15x12.jpg 15w, https:\/\/noble-society.net\/wp-content\/uploads\/2021\/10\/kenya-plantage_lage-465x377.jpg 465w, https:\/\/noble-society.net\/wp-content\/uploads\/2021\/10\/kenya-plantage_lage-617x500.jpg 617w, https:\/\/noble-society.net\/wp-content\/uploads\/2021\/10\/kenya-plantage_lage-100x81.jpg 100w, https:\/\/noble-society.net\/wp-content\/uploads\/2021\/10\/kenya-plantage_lage-30x24.jpg 30w, https:\/\/noble-society.net\/wp-content\/uploads\/2021\/10\/kenya-plantage_lage-494x400.jpg 494w, https:\/\/noble-society.net\/wp-content\/uploads\/2021\/10\/kenya-plantage_lage-60x49.jpg 60w\" sizes=\"auto, (max-width: 1152px) 100vw, 1152px\" \/><\/a><figcaption id=\"caption-attachment-55751\" class=\"wp-caption-text\"><strong>Por favor, haz clic en el mapa para ver la plantaci\u00f3n de caf\u00e9 en Google Maps.<\/strong><\/figcaption><\/figure>\n<\/div><\/div><\/div><\/div><\/div><\/div><\/section>","protected":false},"excerpt":{"rendered":"<div id=\"content\" class=\"site-content\">\n<div id=\"primary\" class=\"content-area\">\n<p class=\"p1\">Te conviertes en copropietario de nuestra plantaci\u00f3n de caf\u00e9 y, por lo tanto, en un Lord o Lady de Embu, incluyendo caf\u00e9 anual de tu propia plantaci\u00f3n.<\/p>\n<\/div>\n<\/div>\n<footer id=\"colophon\" class=\"site-footer\" role=\"contentinfo\">\n<div class=\"wrap\">\n<aside class=\"widget-area\" role=\"complementary\" aria-label=\"Pie de p\u00e1gina\">\n<div class=\"widget-column footer-widget-1\"><\/div>\n<\/aside>\n<\/div>\n<\/footer>","protected":false},"featured_media":55742,"template":"","meta":{"_acf_changed":false,"yasr_overall_rating":0,"yasr_post_is_review":"","yasr_auto_insert_disabled":"","yasr_review_type":"","slim_seo":{"title":"Cafetal y Lord of Embu - Compre T\u00edtulos Nobiliarios Desde 1999","description":"Te conviertes en copropietario de nuestra plantaci\u00f3n de caf\u00e9 y, por lo tanto, en un Lord o Lady de Embu, incluyendo caf\u00e9 anual de tu propia plantaci\u00f3n."}},"product_brand":[],"product_cat":[574],"product_tag":[],"class_list":{"0":"post-61555","1":"product","2":"type-product","3":"status-publish","4":"has-post-thumbnail","6":"product_cat-kenyan-title-coffee-plantation","8":"first","9":"instock","10":"taxable","11":"shipping-taxable","12":"purchasable","13":"product-type-variable","14":"has-default-attributes"},"acf":[],"yasr_visitor_votes":{"stars_attributes":{"read_only":false,"span_bottom":false},"number_of_votes":0,"sum_votes":0},"_links":{"self":[{"href":"https:\/\/noble-society.net\/es\/wp-json\/wp\/v2\/product\/61555","targetHints":{"allow":["GET"]}}],"collection":[{"href":"https:\/\/noble-society.net\/es\/wp-json\/wp\/v2\/product"}],"about":[{"href":"https:\/\/noble-society.net\/es\/wp-json\/wp\/v2\/types\/product"}],"wp:featuredmedia":[{"embeddable":true,"href":"https:\/\/noble-society.net\/es\/wp-json\/wp\/v2\/media\/55742"}],"wp:attachment":[{"href":"https:\/\/noble-society.net\/es\/wp-json\/wp\/v2\/media?parent=61555"}],"wp:term":[{"taxonomy":"product_brand","embeddable":true,"href":"https:\/\/noble-society.net\/es\/wp-json\/wp\/v2\/product_brand?post=61555"},{"taxonomy":"product_cat","embeddable":true,"href":"https:\/\/noble-society.net\/es\/wp-json\/wp\/v2\/product_cat?post=61555"},{"taxonomy":"product_tag","embeddable":true,"href":"https:\/\/noble-society.net\/es\/wp-json\/wp\/v2\/product_tag?post=61555"}],"curies":[{"name":"wp","href":"https:\/\/api.w.org\/{rel}","templated":true}]}}