{"id":294,"date":"2020-05-17T17:30:39","date_gmt":"2020-05-17T15:30:39","guid":{"rendered":"https:\/\/noble-society.net\/?page_id=294"},"modified":"2026-04-01T12:03:10","modified_gmt":"2026-04-01T09:03:10","slug":"paiement-livraison","status":"publish","type":"page","link":"https:\/\/noble-society.net\/fr\/zahlung-versand\/","title":{"rendered":"Paiement et Exp\u00e9dition"},"content":{"rendered":"<section class=\"l-section wpb_row height_small\"><div class=\"l-section-h i-cf\"><div class=\"g-cols vc_row via_grid cols_2 laptops-cols_inherit tablets-cols_inherit mobiles-cols_1 valign_top type_default stacking_default\"><div class=\"wpb_column vc_column_container\"><div class=\"vc_column-inner\"><div class=\"w-image align_center\"><div class=\"w-image-h\"><img decoding=\"async\" width=\"1024\" height=\"1024\" src=\"https:\/\/noble-society.net\/wp-content\/uploads\/2023\/01\/no_shipping-1024x1024-1-1024x1024.jpg\" class=\"attachment-large size-large\" alt=\"Achetez des titres nobles | Une empreinte de main verte faite d&#039;herbe avec le texte Pensez vert \u00e9colo ! au-dessus et un texte de substitution en dessous, promouvant la sensibilisation \u00e0 l&#039;environnement, la durabilit\u00e9 et les options de paiement et d&#039;exp\u00e9dition \u00e9cologiques. | noble-society.net\" loading=\"lazy\" srcset=\"https:\/\/noble-society.net\/wp-content\/uploads\/2023\/01\/no_shipping-1024x1024-1.jpg 1024w, https:\/\/noble-society.net\/wp-content\/uploads\/2023\/01\/no_shipping-1024x1024-1-300x300.jpg 300w, https:\/\/noble-society.net\/wp-content\/uploads\/2023\/01\/no_shipping-1024x1024-1-150x150.jpg 150w, https:\/\/noble-society.net\/wp-content\/uploads\/2023\/01\/no_shipping-1024x1024-1-600x600.jpg 600w, https:\/\/noble-society.net\/wp-content\/uploads\/2023\/01\/no_shipping-1024x1024-1-12x12.jpg 12w, https:\/\/noble-society.net\/wp-content\/uploads\/2023\/01\/no_shipping-1024x1024-1-100x100.jpg 100w, https:\/\/noble-society.net\/wp-content\/uploads\/2023\/01\/no_shipping-1024x1024-1-30x30.jpg 30w, https:\/\/noble-society.net\/wp-content\/uploads\/2023\/01\/no_shipping-1024x1024-1-400x400.jpg 400w, https:\/\/noble-society.net\/wp-content\/uploads\/2023\/01\/no_shipping-1024x1024-1-60x60.jpg 60w\" sizes=\"auto, (max-width: 1024px) 100vw, 1024px\" \/><\/div><\/div><\/div><\/div><div class=\"wpb_column vc_column_container\"><div class=\"vc_column-inner\"><div class=\"wpb_text_column\"><div class=\"wpb_wrapper\"><h3 class=\"p1\"><b>Pas de livraison : pas de frais<\/b><b><\/b><\/h3>\n<p class=\"p3\"><strong>Nous livrons votre certificat et livret sous forme de fichiers PDF par e-mail.<\/strong><\/p>\n<p class=\"p3\">D'un point de vue environnemental, nous estimons qu'il est irresponsable d'exp\u00e9dier un produit sur des centaines, voire des milliers de kilom\u00e8tres, alors qu'il peut facilement \u00eatre imprim\u00e9 \u00e0 la maison. C'est pourquoi nous envoyons vos certificats et livrets num\u00e9riquement par e-mail.<\/p>\n<p class=\"p3\">Vous recevez votre commande instantan\u00e9ment et pouvez l'imprimer imm\u00e9diatement. Un autre avantage est la flexibilit\u00e9 : vous pouvez imprimer votre certificat dans la taille de votre choix \u2014 format A4 standard, grand format affiche, sur papier photo ou sur papier certifi\u00e9 de qualit\u00e9 sup\u00e9rieure.<\/p>\n<p class=\"p3\">N'est-ce pas bien mieux que de payer des frais d'exp\u00e9dition \u00e9lev\u00e9s et d'attendre la livraison ?<\/p>\n<\/div><\/div><\/div><\/div><\/div><\/div><\/section><section class=\"l-section wpb_row us_custom_64e27225 height_small\"><div class=\"l-section-h i-cf\"><div class=\"g-cols vc_row via_grid cols_1 laptops-cols_inherit tablets-cols_inherit mobiles-cols_1 valign_top type_default stacking_default\"><div class=\"wpb_column vc_column_container\"><div class=\"vc_column-inner\"><div class=\"wpb_text_column us_custom_733cf2a7\"><div class=\"wpb_wrapper\"><h3 class=\"p1\">Nous proposons \u00e9galement des options de livraison suppl\u00e9mentaires.<\/h3>\n<p class=\"p1\">Vous pouvez choisir de recevoir votre commande enti\u00e8re imprim\u00e9e et livr\u00e9e en colis. Dans ce cas, tous les certificats seront imprim\u00e9s professionnellement, accompagn\u00e9s du livret, et pr\u00e9sent\u00e9s dans un coffret cadeau de luxe. Vous pouvez \u00e9galement ajouter en option des accessoires tels que notre carte d'identit\u00e9 plaqu\u00e9e or ou notre tampon auto-encr\u00e9.<\/p>\n<p class=\"p1\">Nous exp\u00e9dions dans le monde entier avec UPS, enti\u00e8rement assur\u00e9. Les d\u00e9lais de livraison sont jusqu'\u00e0 5 jours ouvrables pour les \u00c9tats-Unis, l'Am\u00e9rique du Sud, l'Asie et l'Australie. Pour l'Europe, nous exp\u00e9dions avec DPD, avec un d\u00e9lai de livraison estim\u00e9 de 2 \u00e0 3 jours ouvrables.<\/p>\n<p class=\"p1\">Cependant, nous recommandons g\u00e9n\u00e9ralement de choisir la livraison par e-mail en PDF. Vous recevez vos certificats instantan\u00e9ment sans attendre l'exp\u00e9dition. Il est \u00e9galement beaucoup plus rentable de les imprimer vous-m\u00eame ou de les faire imprimer professionnellement dans un magasin de copie.<\/p>\n<\/div><\/div><\/div><\/div><\/div><\/div><\/section><section class=\"l-section wpb_row height_small\"><div class=\"l-section-h i-cf\"><div class=\"g-cols vc_row via_grid cols_2 laptops-cols_inherit tablets-cols_inherit mobiles-cols_1 valign_top type_default stacking_default\"><div class=\"wpb_column vc_column_container\"><div class=\"vc_column-inner\"><div class=\"wpb_text_column\"><div class=\"wpb_wrapper\"><h3 data-path-to-node=\"9\"><b data-path-to-node=\"9\" data-index-in-node=\"0\">Paiement pratique et s\u00e9curis\u00e9<\/b><\/h3>\n<p data-path-to-node=\"10\">Votre s\u00e9curit\u00e9 est notre priorit\u00e9 absolue. Afin de garantir une exp\u00e9rience d'achat agr\u00e9able et s\u00e9curis\u00e9e, nous utilisons deux des principaux fournisseurs de paiement au monde :<\/p>\n<ul data-path-to-node=\"11\">\n<li>\n<p data-path-to-node=\"11,0,0\"><b data-path-to-node=\"11,0,0\" data-index-in-node=\"0\">PayPal :<\/b> Payez rapidement et facilement avec votre compte PayPal tout en b\u00e9n\u00e9ficiant d'une protection compl\u00e8te des acheteurs.<\/p>\n<\/li>\n<li>\n<p data-path-to-node=\"11,1,0\"><b data-path-to-node=\"11,1,0\" data-index-in-node=\"0\">Passerelle de paiement STRIPE :<\/b> Nous utilisons la passerelle Stripe pour offrir un environnement enti\u00e8rement crypt\u00e9 et s\u00e9curis\u00e9 pour vos transactions. Vous pouvez choisir parmi plusieurs m\u00e9thodes, y compris <b data-path-to-node=\"11,1,0\" data-index-in-node=\"172\">cartes de cr\u00e9dit<\/b>, <b data-path-to-node=\"11,1,0\" data-index-in-node=\"186\">pr\u00e9l\u00e8vement automatique<\/b>, ou d'autres options de paiement locales.<\/p>\n<\/li>\n<\/ul>\n<\/div><\/div><\/div><\/div><div class=\"wpb_column vc_column_container\"><div class=\"vc_column-inner\"><div class=\"w-image align_center\"><div class=\"w-image-h\"><img decoding=\"async\" width=\"1536\" height=\"1024\" src=\"https:\/\/noble-society.net\/wp-content\/uploads\/2026\/04\/21b7e6276744a382659ff047a41f117a22ac33ab162cc701a42ed244a8d5da17.png\" class=\"attachment-full size-full\" alt=\"Acheter des titres de noblesse | Une personne tenant une carte de cr\u00e9dit est sur le point de cliquer sur Payer maintenant sur un \u00e9cran d&#039;ordinateur portable affichant un site Web pour acheter un titre de noblesse, avec des certificats et une petite couronne pr\u00eats \u00e0 \u00eatre exp\u00e9di\u00e9s \u00e0 proximit\u00e9 sur le bureau. | noble-society.net\" loading=\"lazy\" srcset=\"https:\/\/noble-society.net\/wp-content\/uploads\/2026\/04\/21b7e6276744a382659ff047a41f117a22ac33ab162cc701a42ed244a8d5da17.png 1536w, https:\/\/noble-society.net\/wp-content\/uploads\/2026\/04\/21b7e6276744a382659ff047a41f117a22ac33ab162cc701a42ed244a8d5da17-300x200.png 300w, https:\/\/noble-society.net\/wp-content\/uploads\/2026\/04\/21b7e6276744a382659ff047a41f117a22ac33ab162cc701a42ed244a8d5da17-1024x683.png 1024w, https:\/\/noble-society.net\/wp-content\/uploads\/2026\/04\/21b7e6276744a382659ff047a41f117a22ac33ab162cc701a42ed244a8d5da17-18x12.png 18w, https:\/\/noble-society.net\/wp-content\/uploads\/2026\/04\/21b7e6276744a382659ff047a41f117a22ac33ab162cc701a42ed244a8d5da17-100x67.png 100w, https:\/\/noble-society.net\/wp-content\/uploads\/2026\/04\/21b7e6276744a382659ff047a41f117a22ac33ab162cc701a42ed244a8d5da17-600x400.png 600w, https:\/\/noble-society.net\/wp-content\/uploads\/2026\/04\/21b7e6276744a382659ff047a41f117a22ac33ab162cc701a42ed244a8d5da17-30x20.png 30w, https:\/\/noble-society.net\/wp-content\/uploads\/2026\/04\/21b7e6276744a382659ff047a41f117a22ac33ab162cc701a42ed244a8d5da17-60x40.png 60w\" sizes=\"auto, (max-width: 1536px) 100vw, 1536px\" \/><\/div><\/div><\/div><\/div><\/div><\/div><\/section><section class=\"l-section wpb_row height_small\"><div class=\"l-section-h i-cf\"><div class=\"g-cols vc_row via_grid cols_1 laptops-cols_inherit tablets-cols_inherit mobiles-cols_1 valign_top type_default stacking_default\"><div class=\"wpb_column vc_column_container\"><div class=\"vc_column-inner\"><div class=\"w-image align_center\"><div class=\"w-image-h\"><img decoding=\"async\" width=\"1305\" height=\"126\" src=\"https:\/\/noble-society.net\/wp-content\/uploads\/2026\/04\/Visa.png\" class=\"attachment-full size-full\" alt=\"Options de paiement pour Noble Titles\" loading=\"lazy\" srcset=\"https:\/\/noble-society.net\/wp-content\/uploads\/2026\/04\/Visa.png 1305w, https:\/\/noble-society.net\/wp-content\/uploads\/2026\/04\/Visa-300x29.png 300w, https:\/\/noble-society.net\/wp-content\/uploads\/2026\/04\/Visa-1024x99.png 1024w, https:\/\/noble-society.net\/wp-content\/uploads\/2026\/04\/Visa-18x2.png 18w, https:\/\/noble-society.net\/wp-content\/uploads\/2026\/04\/Visa-100x10.png 100w, https:\/\/noble-society.net\/wp-content\/uploads\/2026\/04\/Visa-600x58.png 600w, https:\/\/noble-society.net\/wp-content\/uploads\/2026\/04\/Visa-30x3.png 30w, https:\/\/noble-society.net\/wp-content\/uploads\/2026\/04\/Visa-60x6.png 60w\" sizes=\"auto, (max-width: 1305px) 100vw, 1305px\" \/><\/div><\/div><\/div><\/div><\/div><\/div><\/section>","protected":false},"excerpt":{"rendered":"No Shipping: No Costs We deliver your certificate and booklet as PDF files via email. From an environmental perspective, we believe it is irresponsible to ship something across hundreds or even thousands of kilometers when it can easily be printed at home. That\u2019s why we send your certificates and booklet digitally by email. You receive...","protected":false},"author":1,"featured_media":0,"parent":0,"menu_order":0,"comment_status":"closed","ping_status":"closed","template":"","meta":{"_acf_changed":false,"yasr_overall_rating":4.70000000000000017763568394002504646778106689453125,"yasr_post_is_review":"","yasr_auto_insert_disabled":"","yasr_review_type":"","slim_seo":{"title":"Payment & Shipping - Buy Noble Titles Since 1999","description":""},"footnotes":""},"class_list":["post-294","page","type-page","status-publish","hentry"],"acf":[],"yasr_visitor_votes":{"stars_attributes":{"read_only":false,"span_bottom":false},"number_of_votes":0,"sum_votes":0},"_links":{"self":[{"href":"https:\/\/noble-society.net\/fr\/wp-json\/wp\/v2\/pages\/294","targetHints":{"allow":["GET"]}}],"collection":[{"href":"https:\/\/noble-society.net\/fr\/wp-json\/wp\/v2\/pages"}],"about":[{"href":"https:\/\/noble-society.net\/fr\/wp-json\/wp\/v2\/types\/page"}],"author":[{"embeddable":true,"href":"https:\/\/noble-society.net\/fr\/wp-json\/wp\/v2\/users\/1"}],"replies":[{"embeddable":true,"href":"https:\/\/noble-society.net\/fr\/wp-json\/wp\/v2\/comments?post=294"}],"version-history":[{"count":7,"href":"https:\/\/noble-society.net\/fr\/wp-json\/wp\/v2\/pages\/294\/revisions"}],"predecessor-version":[{"id":62185,"href":"https:\/\/noble-society.net\/fr\/wp-json\/wp\/v2\/pages\/294\/revisions\/62185"}],"wp:attachment":[{"href":"https:\/\/noble-society.net\/fr\/wp-json\/wp\/v2\/media?parent=294"}],"curies":[{"name":"wp","href":"https:\/\/api.w.org\/{rel}","templated":true}]}}