{"id":55499,"date":"2026-03-17T09:30:24","date_gmt":"2026-03-17T08:30:24","guid":{"rendered":"https:\/\/noble-society.net\/?page_id=55499"},"modified":"2026-04-01T08:25:06","modified_gmt":"2026-04-01T05:25:06","slug":"termes-legaux","status":"publish","type":"page","link":"https:\/\/noble-society.net\/fr\/terms-legal\/","title":{"rendered":"Termes et juridique"},"content":{"rendered":"<section class=\"l-section wpb_row height_small\"><div class=\"l-section-h i-cf\"><div class=\"g-cols vc_row via_grid cols_1 laptops-cols_inherit tablets-cols_inherit mobiles-cols_1 valign_top type_default stacking_default\"><div class=\"wpb_column vc_column_container\"><div class=\"vc_column-inner\"><div class=\"w-html\"><br><br><\/div><\/div><\/div><\/div><\/div><\/section><section class=\"l-section wpb_row height_small\"><div class=\"l-section-h i-cf\"><div class=\"g-cols vc_row via_grid cols_1 laptops-cols_inherit tablets-cols_inherit mobiles-cols_1 valign_top type_default stacking_default\"><div class=\"wpb_column vc_column_container\"><div class=\"vc_column-inner\"><div class=\"wpb_text_column\"><div class=\"wpb_wrapper\"><h3>Conditions, politique de retrait et avis juridique<\/h3>\n<h3>1. Informations sur l'entreprise<\/h3>\n<pre><strong>Ordo Regalis S.R.L.<\/strong>\r\nChemin PADUREA PUSTNICU, N\u00b0 127C\nCorps A, Immeuble TO38\/2, \u00c9tage 3, Appt. 12\n014042 Bucarest, Secteur 1\nRoumanie\n\nNum\u00e9ro de TVA : RO54277877\nRegistre du commerce : J2026017808008\nCode fiscal : 54277877\n\nEmail : teams @ noble-society.net<\/pre>\n<hr \/>\n<h3>2. Champ d'application<\/h3>\n<p>Les pr\u00e9sentes conditions g\u00e9n\u00e9rales s'appliquent \u00e0 toutes les commandes pass\u00e9es par l'interm\u00e9diaire de notre site web et sont valables dans le monde entier.<\/p>\n<p>En passant une commande, vous acceptez ces conditions.<\/p>\n<hr \/>\n<h3>3. Produits<\/h3>\n<p>Nous proposons des titres de noblesse personnalis\u00e9s et des articles associ\u00e9s.<\/p>\n<h4>Tous les produits sont :<\/h4>\n<ul>\n<li>cr\u00e9\u00e9 individuellement<\/li>\n<li>personnalis\u00e9 selon les sp\u00e9cifications du client<\/li>\n<li>produit sur commande<\/li>\n<\/ul>\n<hr \/>\n<h3>4. Conclusion du contrat<\/h3>\n<p>Un contrat est conclu lorsque :<\/p>\n<ul>\n<li>vous passez une commande, et<\/li>\n<li>Nous acceptons la commande par confirmation ou par ex\u00e9cution.<\/li>\n<\/ul>\n<p>Nous nous r\u00e9servons le droit de refuser les commandes dans des cas justifi\u00e9s.<\/p>\n<hr \/>\n<h3>5. Prix et paiement<\/h3>\n<p>Tous les prix sont indiqu\u00e9s sur notre site web.<\/p>\n<h4>Moyens de paiement disponibles :<\/h4>\n<ul>\n<li>Stripe (carte de cr\u00e9dit\/d\u00e9bit)<\/li>\n<li>PayPal<\/li>\n<\/ul>\n<p>Le paiement est d\u00fb imm\u00e9diatement apr\u00e8s l'achat.<\/p>\n<hr \/>\n<h3>6. Livraison<\/h3>\n<p>La livraison est effectu\u00e9e par DHL.<\/p>\n<ul>\n<li>Les d\u00e9lais d'exp\u00e9dition peuvent varier en fonction de la destination<\/li>\n<li>Des informations de suivi peuvent \u00eatre fournies<\/li>\n<\/ul>\n<p>Nous ne sommes pas responsables des retards caus\u00e9s par les transporteurs ou les douanes.<\/p>\n<hr \/>\n<h3>7. Absence de droit de r\u00e9tractation (important)<\/h3>\n<p>Comme nos produits sont <strong>exclusivement personnalis\u00e9s et fabriqu\u00e9s individuellement<\/strong>, le droit de r\u00e9tractation est exclu.<\/p>\n<p>Ceci s'applique dans le monde entier et est bas\u00e9 sur :<\/p>\n<ul>\n<li>Droit de l'UE (art. 16(c) de la directive 2011\/83\/UE)<\/li>\n<li>Principes comparables dans le commerce international<\/li>\n<\/ul>\n<p>Une fois que la production a commenc\u00e9 ou que la commande a \u00e9t\u00e9 compl\u00e9t\u00e9e, l'annulation ou le retour n'est pas possible.<\/p>\n<hr \/>\n<h3>8. Retours et remboursements<\/h3>\n<p>Les retours ne sont accept\u00e9s que si :<\/p>\n<ul>\n<li>le produit est d\u00e9fectueux, ou<\/li>\n<li>il y a une erreur de production<\/li>\n<\/ul>\n<p>Dans ce cas, veuillez nous contacter \u00e0 l'adresse suivante<br \/>\nadmin@noble-society.net<\/p>\n<hr \/>\n<h3>9. Responsabilit\u00e9<\/h3>\n<p>Nous ne sommes responsables que pour :<\/p>\n<ul>\n<li>intention et n\u00e9gligence grave<\/li>\n<li>les dommages r\u00e9sultant d'une atteinte \u00e0 la vie, \u00e0 l'int\u00e9grit\u00e9 physique ou \u00e0 la sant\u00e9<\/li>\n<\/ul>\n<p>Dans la mesure permise par la loi, toute responsabilit\u00e9 suppl\u00e9mentaire est exclue.<\/p>\n<hr \/>\n<h3>10. Propri\u00e9t\u00e9 intellectuelle<\/h3>\n<p>Tous les contenus, dessins et concepts de produits restent la propri\u00e9t\u00e9 intellectuelle d'Ordo Regalis S.R.L.<\/p>\n<p>Toute reproduction ou utilisation non autoris\u00e9e est interdite.<\/p>\n<hr \/>\n<h3>11. Droit applicable<\/h3>\n<p>Ces Conditions sont r\u00e9gies par les lois de la Roumanie.<\/p>\n<p>Pour les consommateurs, les lois contraignantes de protection des consommateurs de leur pays de r\u00e9sidence peuvent \u00e9galement s'appliquer.<\/p>\n<hr \/>\n<h3>12. R\u00e9solution des litiges<\/h3>\n<pre>R\u00e9solution des diff\u00e9rends en ligne (RDL) <a href=\"https:\/\/ec.europa.eu\/consumers\/odr\/\">https:\/\/ec.europa.eu\/consumers\/odr\/<\/a>\r\nANPC - Protection des consommateurs : <a href=\"https:\/\/anpc.ro\">https:\/\/anpc.ro<\/a><\/pre>\n<hr \/>\n<h3>13. Dispositions finales<\/h3>\n<p>Si l'une des dispositions des pr\u00e9sentes conditions est invalide, les autres dispositions ne sont pas affect\u00e9es.<\/p>\n<p>Nous nous r\u00e9servons le droit de mettre \u00e0 jour ces Conditions \u00e0 tout moment.<\/p>\n<\/div><\/div><\/div><\/div><\/div><\/div><\/section>","protected":false},"excerpt":{"rendered":"Conditions g\u00e9n\u00e9rales, Politique de retrait et Avis juridique 1. Informations sur l'entreprise Ordo Regalis S.R.L. Drumul PADUREA PUSTNICU, Nr. 127C Corp A, Bl. TO38\/2, Etaj 3, Ap. 12 014042 Bucure\u0219ti, Sector 1 Roumanie N\u00b0 TVA : RO54277877 Registre du commerce : J2026017808008 Code fiscal : 54277877 E-mail : teams @ noble-society.net 2. Champ d'application Ces conditions g\u00e9n\u00e9rales s'appliquent \u00e0 toutes les commandes pass\u00e9es par le biais de...","protected":false},"author":1,"featured_media":0,"parent":0,"menu_order":0,"comment_status":"closed","ping_status":"closed","template":"","meta":{"_acf_changed":false,"yasr_overall_rating":0,"yasr_post_is_review":"","yasr_auto_insert_disabled":"","yasr_review_type":"","slim_seo":{"title":"Termes et conditions - Acheter des titres de noblesse depuis 1999","description":""},"footnotes":""},"class_list":["post-55499","page","type-page","status-publish","hentry"],"acf":[],"yasr_visitor_votes":{"stars_attributes":{"read_only":false,"span_bottom":false},"number_of_votes":0,"sum_votes":0},"_links":{"self":[{"href":"https:\/\/noble-society.net\/fr\/wp-json\/wp\/v2\/pages\/55499","targetHints":{"allow":["GET"]}}],"collection":[{"href":"https:\/\/noble-society.net\/fr\/wp-json\/wp\/v2\/pages"}],"about":[{"href":"https:\/\/noble-society.net\/fr\/wp-json\/wp\/v2\/types\/page"}],"author":[{"embeddable":true,"href":"https:\/\/noble-society.net\/fr\/wp-json\/wp\/v2\/users\/1"}],"replies":[{"embeddable":true,"href":"https:\/\/noble-society.net\/fr\/wp-json\/wp\/v2\/comments?post=55499"}],"version-history":[{"count":4,"href":"https:\/\/noble-society.net\/fr\/wp-json\/wp\/v2\/pages\/55499\/revisions"}],"predecessor-version":[{"id":62063,"href":"https:\/\/noble-society.net\/fr\/wp-json\/wp\/v2\/pages\/55499\/revisions\/62063"}],"wp:attachment":[{"href":"https:\/\/noble-society.net\/fr\/wp-json\/wp\/v2\/media?parent=55499"}],"curies":[{"name":"wp","href":"https:\/\/api.w.org\/{rel}","templated":true}]}}