{"id":61582,"date":"2026-03-17T09:32:29","date_gmt":"2026-03-17T08:32:29","guid":{"rendered":"https:\/\/noble-society.net\/?page_id=61582"},"modified":"2026-04-01T08:22:37","modified_gmt":"2026-04-01T05:22:37","slug":"declaration-de-confidentialite","status":"publish","type":"page","link":"https:\/\/noble-society.net\/fr\/datenschutzerklaerung\/","title":{"rendered":"Politique de confidentialit\u00e9"},"content":{"rendered":"<section class=\"l-section wpb_row height_small\"><div class=\"l-section-h i-cf\"><div class=\"g-cols vc_row via_grid cols_1 laptops-cols_inherit tablets-cols_inherit mobiles-cols_1 valign_top type_default stacking_default\"><div class=\"wpb_column vc_column_container\"><div class=\"vc_column-inner\"><div class=\"w-html\"><br><br><\/div><\/div><\/div><\/div><\/div><\/section><section class=\"l-section wpb_row height_small\"><div class=\"l-section-h i-cf\"><div class=\"g-cols vc_row via_grid cols_1 laptops-cols_inherit tablets-cols_inherit mobiles-cols_1 valign_top type_default stacking_default\"><div class=\"wpb_column vc_column_container\"><div class=\"vc_column-inner\"><div class=\"wpb_text_column\"><div class=\"wpb_wrapper\"><p class=\"p1\"><b>Ordo Regalis S.R.L.<\/b><b><\/b><\/p>\n<h3><b>1. Informations g\u00e9n\u00e9rales<\/b><\/h3>\n<p class=\"p4\">Cette Politique de confidentialit\u00e9 explique comment Ordo Regalis S.R.L. collecte, utilise et prot\u00e8ge vos donn\u00e9es personnelles lorsque vous visitez notre site Web ou utilisez nos services.<\/p>\n<p class=\"p4\">Nous nous engageons \u00e0 respecter les lois applicables en mati\u00e8re de protection des donn\u00e9es, y compris la loi sur la protection des donn\u00e9es. <span class=\"s2\"><b>R\u00e8glement G\u00e9n\u00e9ral sur la Protection des Donn\u00e9es (RGPD)<\/b><\/span> et, le cas \u00e9ch\u00e9ant, <span class=\"s2\"><b>Lois am\u00e9ricaines sur la protection de la vie priv\u00e9e (par exemple, CCPA\/CPRA)<\/b><\/span>.<\/p>\n<hr \/>\n<h3><b>2. Informations sur le contr\u00f4leur<\/b><\/h3>\n<pre class=\"p1\"><b>Ordo Regalis S.R.L.<\/b><b><\/b>\r\n\r\nDrumul PADUREA PUSTNICU, Nr. 127C\r\nCorp A, Bl. TO38\/2, Etaj 3, Ap. 12\r\n014042 Bucure\u0219ti, Secteur 1\r\nRoumanie\r\n\r\nID TVA : RO54277877\r\nRegistre du commerce : J2026017808008\r\nCode fiscal : 54277877\r\n\r\nCourriel : teams at noble-society.net<\/pre>\n<hr \/>\n<h3><b>3. D\u00e9l\u00e9gu\u00e9 \u00e0 la protection des donn\u00e9es<\/b><\/h3>\n<p class=\"p1\"><b>Leah Martin<\/b><b><\/b><\/p>\n<p class=\"p4\">Courriel : admin at noble-society.net<\/p>\n<hr \/>\n<h3><b>4. Donn\u00e9es collect\u00e9es<\/b><\/h3>\n<p class=\"p4\">Nous pouvons collecter et traiter les donn\u00e9es personnelles suivantes :<\/p>\n<ul>\n<li>\n<p class=\"p1\">Nom, adresse, adresse \u00e9lectronique, num\u00e9ro de t\u00e9l\u00e9phone<\/p>\n<\/li>\n<li>\n<p class=\"p1\">Informations relatives au paiement (trait\u00e9es par des fournisseurs tiers)<\/p>\n<\/li>\n<li>\n<p class=\"p1\">D\u00e9tails de la commande et de la transaction<\/p>\n<\/li>\n<li>\n<p class=\"p1\">Adresse IP et informations sur l'appareil<\/p>\n<\/li>\n<li>\n<p class=\"p1\">Donn\u00e9es de communication (par exemple, demandes de formulaires de contact)<\/p>\n<\/li>\n<\/ul>\n<hr \/>\n<h3><b>5. Finalit\u00e9 du traitement des donn\u00e9es<\/b><\/h3>\n<p class=\"p4\">Vos donn\u00e9es sont trait\u00e9es aux fins suivantes :<\/p>\n<ul>\n<li>\n<p class=\"p1\">Traitement des commandes et des livraisons<\/p>\n<\/li>\n<li>\n<p class=\"p1\">Fournir une assistance \u00e0 la client\u00e8le<\/p>\n<\/li>\n<li>\n<p class=\"p1\">Gestion des paiements et des factures<\/p>\n<\/li>\n<li>\n<p class=\"p1\">Am\u00e9liorer notre site web et nos services<\/p>\n<\/li>\n<li>\n<p class=\"p1\">Marketing et publicit\u00e9 (lorsque applicable)<\/p>\n<\/li>\n<li>\n<p class=\"p1\">Conformit\u00e9 juridique et r\u00e9glementaire<\/p>\n<\/li>\n<\/ul>\n<hr \/>\n<h3><b>6. Base juridique (RGPD)<\/b><\/h3>\n<p class=\"p4\">Nous traitons les donn\u00e9es \u00e0 caract\u00e8re personnel sur la base<\/p>\n<ul>\n<li>\n<p class=\"p1\"><span class=\"s1\"><b>Art. 6(1)(b) GDPR<\/b><\/span> - l'ex\u00e9cution d'un contrat<\/p>\n<\/li>\n<li>\n<p class=\"p1\"><span class=\"s1\"><b>Art. 6(1)(c) GDPR<\/b><\/span> - obligations l\u00e9gales<\/p>\n<\/li>\n<li>\n<p class=\"p1\"><span class=\"s1\"><b>Art. 6(1)(f) GDPR<\/b><\/span> - int\u00e9r\u00eats l\u00e9gitimes<\/p>\n<\/li>\n<li>\n<p class=\"p1\"><span class=\"s1\"><b>Art. 6(1)(a) GDPR<\/b><\/span> \u2013 consentement (le cas \u00e9ch\u00e9ant)<\/p>\n<\/li>\n<\/ul>\n<hr \/>\n<h3><b>7. H\u00e9bergement<\/b><\/h3>\n<p class=\"p4\">Notre site web est h\u00e9berg\u00e9 par :<\/p>\n<p class=\"p1\"><b>ALL-INKL.COM \u2013 Neue Medien M\u00fcnnich<\/b><b><\/b><\/p>\n<p class=\"p4\">Allemagne<\/p>\n<p class=\"p4\">Les donn\u00e9es personnelles peuvent \u00eatre trait\u00e9es sur des serveurs situ\u00e9s au sein de l'Union europ\u00e9enne.<\/p>\n<hr \/>\n<h3><b>8. Commerce \u00e9lectronique (WooCommerce)<\/b><\/h3>\n<p class=\"p4\">Nous utilisons WooCommerce pour g\u00e9rer notre boutique en ligne.<\/p>\n<p class=\"p4\">Au cours du processus de commande, les donn\u00e9es personnelles n\u00e9cessaires \u00e0 l'ex\u00e9cution du contrat sont collect\u00e9es et trait\u00e9es.<\/p>\n<hr \/>\n<h3><b>9. Fournisseurs de services de paiement<\/b><\/h3>\n<h3><b>Rayure<\/b><\/h3>\n<p class=\"p4\">Les paiements sont trait\u00e9s via Stripe.<\/p>\n<p class=\"p4\">Politique de confidentialit\u00e9 : https:\/\/stripe.com\/privacy<\/p>\n<h3><b>PayPal<\/b><\/h3>\n<p class=\"p4\">Les paiements peuvent \u00e9galement \u00eatre effectu\u00e9s via PayPal.<\/p>\n<p class=\"p4\">Politique de confidentialit\u00e9 : https:\/\/www.paypal.com\/privacy<\/p>\n<hr \/>\n<h3><b>10. Fournisseur de services d'exp\u00e9dition<\/b><\/h3>\n<h3><b>DHL<\/b><\/h3>\n<p class=\"p4\">\u00c0 des fins de livraison, nous partageons les donn\u00e9es personnelles n\u00e9cessaires (nom, adresse, coordonn\u00e9es) avec DHL.<\/p>\n<p class=\"p4\">Les informations de suivi peuvent \u00eatre envoy\u00e9es par e-mail.<\/p>\n<hr \/>\n<h3><b>11. Analyse et Publicit\u00e9<\/b><\/h3>\n<h3><b>Google Analytics<\/b><\/h3>\n<p class=\"p4\">Nous utilisons Google Analytics pour analyser l'utilisation du site web.<\/p>\n<p class=\"p4\">Google peut traiter des donn\u00e9es personnelles aux \u00c9tats-Unis.<\/p>\n<h3><b>Google Ads<\/b><\/h3>\n<p class=\"p4\">Nous utilisons Google Ads pour la publicit\u00e9 et le suivi des conversions.<\/p>\n<h3><b>M\u00e9thorique<\/b><\/h3>\n<p class=\"p4\">Nous utilisons Metrik pour l'analyse.<\/p>\n<hr \/>\n<h3><b>12. Transfert de donn\u00e9es vers des pays tiers<\/b><\/h3>\n<p class=\"p4\">Certains services (par exemple, Google, Stripe) peuvent transf\u00e9rer des donn\u00e9es vers des pays situ\u00e9s en dehors de l'UE, y compris aux \u00c9tats-Unis.<\/p>\n<p class=\"p4\">Nous garantissons des garanties appropri\u00e9es telles que :<\/p>\n<ul>\n<li>\n<p class=\"p1\">Clauses contractuelles types (CCN)<\/p>\n<\/li>\n<li>\n<p class=\"p1\">D\u00e9cisions d'ad\u00e9quation, le cas \u00e9ch\u00e9ant<\/p>\n<\/li>\n<\/ul>\n<hr \/>\n<h3><b>13. Formulaire de contact<\/b><\/h3>\n<p class=\"p4\">Si vous nous contactez via notre site web, vos donn\u00e9es soumises seront stock\u00e9es dans le but de traiter votre demande.<\/p>\n<hr \/>\n<h3><b>14. Conservation des donn\u00e9es<\/b><\/h3>\n<p class=\"p4\">Nous ne conservons les donn\u00e9es \u00e0 caract\u00e8re personnel que le temps n\u00e9cessaire pour :<\/p>\n<ul>\n<li>\n<p class=\"p1\">Ex\u00e9cution du contrat<\/p>\n<\/li>\n<li>\n<p class=\"p1\">Obligations l\u00e9gales (par exemple, lois fiscales)<\/p>\n<\/li>\n<li>\n<p class=\"p1\">Int\u00e9r\u00eats commerciaux l\u00e9gitimes<\/p>\n<\/li>\n<\/ul>\n<hr \/>\n<h3><b>15. Vos Droits (RGPD)<\/b><\/h3>\n<p class=\"p4\">Vous avez le droit de :<\/p>\n<ul>\n<li>\n<p class=\"p1\">Acc\u00e9dez \u00e0 vos donn\u00e9es<\/p>\n<\/li>\n<li>\n<p class=\"p1\">Rectifier les donn\u00e9es incorrectes<\/p>\n<\/li>\n<li>\n<p class=\"p1\">Effacer vos donn\u00e9es<\/p>\n<\/li>\n<li>\n<p class=\"p1\">Restreindre le traitement<\/p>\n<\/li>\n<li>\n<p class=\"p1\">Portabilit\u00e9 des donn\u00e9es<\/p>\n<\/li>\n<li>\n<p class=\"p1\">Faire opposition au traitement<\/p>\n<\/li>\n<li>\n<p class=\"p1\">Retirer le consentement \u00e0 tout moment<\/p>\n<\/li>\n<\/ul>\n<p class=\"p4\">Pour exercer vos droits, contactez : admin@noble-society.net<\/p>\n<hr \/>\n<h3><b>16. Droits de confidentialit\u00e9 aux \u00c9tats-Unis (CCPA\/CPRA)<\/b><\/h3>\n<p class=\"p4\">Si vous \u00eates r\u00e9sident en Californie, vous pourriez avoir le droit de :<\/p>\n<ul>\n<li>\n<p class=\"p1\">Demander la divulgation des donn\u00e9es collect\u00e9es<\/p>\n<\/li>\n<li>\n<p class=\"p1\">Demande de suppression de donn\u00e9es personnelles<\/p>\n<\/li>\n<li>\n<p class=\"p1\">Refuser la vente\/le partage des donn\u00e9es<\/p>\n<\/li>\n<\/ul>\n<hr \/>\n<h3><b>17. S\u00e9curit\u00e9 des donn\u00e9es<\/b><\/h3>\n<p class=\"p4\">Nous mettons en \u0153uvre des mesures techniques et organisationnelles appropri\u00e9es pour prot\u00e9ger vos donn\u00e9es contre tout acc\u00e8s non autoris\u00e9, perte ou mauvaise utilisation.<\/p>\n<hr \/>\n<h3><b>18. Liens externes<\/b><\/h3>\n<p class=\"p4\">Notre site web peut contenir des liens vers des sites externes.<\/p>\n<p class=\"p4\">Nous ne sommes pas responsables de leurs pratiques en mati\u00e8re de protection de la vie priv\u00e9e.<\/p>\n<hr \/>\n<h3><b>19. Mises \u00e0 jour<\/b><\/h3>\n<p class=\"p4\">Nous nous r\u00e9servons le droit de mettre \u00e0 jour cette politique de confidentialit\u00e9 \u00e0 tout moment.<\/p>\n<hr \/>\n<h3><b>20. R\u00e9solution des litiges en ligne et protection des consommateurs<\/b><\/h3>\n<pre class=\"p4\">R\u00e9solution des diff\u00e9rends en ligne (RDL) <a href=\"https:\/\/ec.europa.eu\/consumers\/odr\/\">https:\/\/ec.europa.eu\/consumers\/odr\/<\/a> \r\nANPC - Protection des consommateurs : <a href=\"https:\/\/anpc.ro\">https:\/\/anpc.ro<\/a><\/pre>\n<\/div><\/div><\/div><\/div><\/div><\/div><\/section>","protected":false},"excerpt":{"rendered":"Ordo Regalis S.R.L. 1. Informations G\u00e9n\u00e9rales Cette politique de confidentialit\u00e9 explique comment Ordo Regalis S.R.L. collecte, utilise et prot\u00e8ge vos donn\u00e9es personnelles lorsque vous visitez notre site web ou utilisez nos services. Nous nous engageons \u00e0 respecter les lois applicables en mati\u00e8re de protection des donn\u00e9es, y compris le R\u00e8glement G\u00e9n\u00e9ral sur la Protection des Donn\u00e9es (RGPD) et, le cas \u00e9ch\u00e9ant, les lois am\u00e9ricaines sur la protection de la vie priv\u00e9e (par exemple, CCPA\/CPRA)....\".","protected":false},"author":1,"featured_media":0,"parent":0,"menu_order":0,"comment_status":"closed","ping_status":"closed","template":"","meta":{"_acf_changed":false,"yasr_overall_rating":0,"yasr_post_is_review":"","yasr_auto_insert_disabled":"","yasr_review_type":"","slim_seo":{"title":"Politique de confidentialit\u00e9 - Achat de titres nobles depuis 1999","description":""},"footnotes":""},"class_list":["post-61582","page","type-page","status-publish","hentry"],"acf":[],"yasr_visitor_votes":{"stars_attributes":{"read_only":false,"span_bottom":false},"number_of_votes":0,"sum_votes":0},"_links":{"self":[{"href":"https:\/\/noble-society.net\/fr\/wp-json\/wp\/v2\/pages\/61582","targetHints":{"allow":["GET"]}}],"collection":[{"href":"https:\/\/noble-society.net\/fr\/wp-json\/wp\/v2\/pages"}],"about":[{"href":"https:\/\/noble-society.net\/fr\/wp-json\/wp\/v2\/types\/page"}],"author":[{"embeddable":true,"href":"https:\/\/noble-society.net\/fr\/wp-json\/wp\/v2\/users\/1"}],"replies":[{"embeddable":true,"href":"https:\/\/noble-society.net\/fr\/wp-json\/wp\/v2\/comments?post=61582"}],"version-history":[{"count":4,"href":"https:\/\/noble-society.net\/fr\/wp-json\/wp\/v2\/pages\/61582\/revisions"}],"predecessor-version":[{"id":62062,"href":"https:\/\/noble-society.net\/fr\/wp-json\/wp\/v2\/pages\/61582\/revisions\/62062"}],"wp:attachment":[{"href":"https:\/\/noble-society.net\/fr\/wp-json\/wp\/v2\/media?parent=61582"}],"curies":[{"name":"wp","href":"https:\/\/api.w.org\/{rel}","templated":true}]}}