{"id":61488,"date":"2026-03-16T20:17:56","date_gmt":"2026-03-16T18:17:56","guid":{"rendered":"https:\/\/noble-society.net\/?post_type=product&#038;p=61488"},"modified":"2026-03-31T19:45:01","modified_gmt":"2026-03-31T16:45:01","slug":"baron-de-loudon","status":"publish","type":"product","link":"https:\/\/noble-society.net\/fr\/buy-nobility-titles\/baron-de-loudon\/","title":{"rendered":"Baron de Loudon"},"content":{"rendered":"<section class=\"l-section wpb_row height_small\"><div class=\"l-section-h i-cf\"><div class=\"g-cols vc_row via_grid cols_1 laptops-cols_inherit tablets-cols_inherit mobiles-cols_1 valign_top type_default stacking_default\"><div class=\"wpb_column vc_column_container\"><div class=\"vc_column-inner\"><div class=\"wpb_text_column\"><div class=\"wpb_wrapper\"><div id=\"model-response-message-contentr_e185b7e9567dda35\" class=\"markdown markdown-main-panel stronger enable-updated-hr-color\" dir=\"ltr\" aria-live=\"polite\" aria-busy=\"false\">\n<p data-path-to-node=\"0\">La famille noble de Loudon est une lign\u00e9e ancienne et distingu\u00e9e aux origines profond\u00e9ment enracin\u00e9es en \u00c9cosse, sp\u00e9cifiquement li\u00e9e aux terres de <b data-path-to-node=\"0\" data-index-in-node=\"136\">Loudoun dans l'Ayrshire<\/b>. Le nom, apparaissant sous diverses formes telles que <b data-path-to-node=\"0\" data-index-in-node=\"199\">Loudoun<\/b> ou <b data-path-to-node=\"0\" data-index-in-node=\"210\">Ludon<\/b>, est indissociablement li\u00e9 \u00e0 l'histoire \u00e9cossaise et \u00e0 l'essor de <b data-path-to-node=\"0\" data-index-in-node=\"280\">Clan Campbell de Loudoun<\/b>. Depuis des si\u00e8cles, cette maison a produit des figures illustres qui ont fa\u00e7onn\u00e9 les paysages militaires, politiques et culturels de l'Europe et des Am\u00e9riques.<\/p>\n<p data-path-to-node=\"1\">Une figure imposante dans l'histoire de la famille est <b data-path-to-node=\"1\" data-index-in-node=\"45\">John Campbell, 4e comte de Loudoun (1705-1782)<\/b>. Au cours du XVIIIe si\u00e8cle, il fut un g\u00e9n\u00e9ral britannique de haut rang et le commandant en chef des forces britanniques en Am\u00e9rique du Nord pendant la <b data-path-to-node=\"1\" data-index-in-node=\"235\">Guerre de Sept Ans<\/b>. Malgr\u00e9 les complexit\u00e9s politiques durant son mandat de gouverneur de Virginie, ses r\u00e9formes structurelles au sein de l'arm\u00e9e et son leadership du <b data-path-to-node=\"1\" data-index-in-node=\"401\">Les Highlanders de Loudoun<\/b> le r\u00e9giment a consid\u00e9rablement rehauss\u00e9 le prestige de la maison. Aux \u00c9tats-Unis, son h\u00e9ritage perdure g\u00e9ographiquement, car <b data-path-to-node=\"1\" data-index-in-node=\"542\">Comt\u00e9 de Loudoun, Virginie<\/b>, fut nomm\u00e9e en son honneur en 1757.<\/p>\n<p data-path-to-node=\"2\">L'influence de la famille a travers\u00e9 les fronti\u00e8res jusqu'en Europe continentale, notamment par la branche \u201c livonienne \u201d. Le membre le plus c\u00e9l\u00e8bre de cette diaspora \u00e9tait <b data-path-to-node=\"2\" data-index-in-node=\"165\">Ernst Gideon von Laudon (1717\u20131790)<\/b>, n\u00e9 dans l'actuelle Lettonie, qui est devenu un l\u00e9gendaire <b data-path-to-node=\"2\" data-index-in-node=\"253\">G\u00e9n\u00e9ralissime de l'Empire autrichien<\/b>. Reconnu comme l'un des tacticiens militaires les plus brillants de l'imp\u00e9ratrice Marie-Th\u00e9r\u00e8se, il fut un rival redoutable pour Fr\u00e9d\u00e9ric le Grand et fut \u00e9lev\u00e9 au rang de <b data-path-to-node=\"2\" data-index-in-node=\"451\">Baron (Freiherr)<\/b>. Son succ\u00e8s a fait que le nom Loudon est devenu synonyme de g\u00e9nie militaire dans le Saint-Empire romain germanique, ses descendants servant la monarchie des Habsbourg pendant des g\u00e9n\u00e9rations.<\/p>\n<p data-path-to-node=\"3\">Les armoiries de la famille comportent traditionnellement un <b data-path-to-node=\"3\" data-index-in-node=\"47\">girond\u00e9 de huit<\/b> (un mod\u00e8le classique de Campbell) ou des symboles distinctifs comme un <b data-path-to-node=\"3\" data-index-in-node=\"123\">aigle rouge<\/b> ou un <b data-path-to-node=\"3\" data-index-in-node=\"138\">lion<\/b>, repr\u00e9sentant la force, la souverainet\u00e9 et la valeur. Ces insignes refl\u00e8tent un h\u00e9ritage b\u00e2ti sur la loyaut\u00e9 et un engagement in\u00e9branlable au service public. Aujourd'hui, l'h\u00e9ritage Loudon demeure une vibrante tapisserie de traditions \u00e9cossaises et de noblesse europ\u00e9enne. De l'historique <b data-path-to-node=\"3\" data-index-in-node=\"399\">Ch\u00e2teau de Loudoun<\/b>\u2014autrefois connu comme le \u201c Windsor de l\u2019\u00c9cosse \u201d\u2014dans les salles des palais viennois, les descendants continuent d\u2019honorer une histoire d\u00e9finie par le leadership, le courage et un sens du devoir intemporel.<\/p>\n<\/div>\n<\/div><\/div><\/div><\/div><\/div><\/div><\/section>","protected":false},"excerpt":{"rendered":"<p>La lign\u00e9e Loudon est une distingu\u00e9e maison \u00e9cossaise dont l'influence s'\u00e9tendait des clans d'Ayrshire aux cours imp\u00e9riales d'Europe. Alors que John Campbell, 4e comte de Loudoun, fa\u00e7onnait l'histoire coloniale en tant que g\u00e9n\u00e9ral britannique en Am\u00e9rique, Ernst Gideon von Laudon devint un l\u00e9gendaire g\u00e9n\u00e9ralissime autrichien. Cette riche histoire de leadership militaire et de noble service unit la tradition \u00e9cossaise au prestige continental, symbolis\u00e9e par un h\u00e9ritage de bravoure et le ch\u00e2teau historique de Loudoun.<\/p>","protected":false},"featured_media":55579,"template":"","meta":{"_acf_changed":false,"yasr_overall_rating":0,"yasr_post_is_review":"","yasr_auto_insert_disabled":"","yasr_review_type":"","slim_seo":{"title":"Baron de Loudon - Acheter des titres de noblesse depuis 1999","description":"La lign\u00e9e Loudon est une maison \u00e9cossaise distingu\u00e9e dont l'influence s'est \u00e9tendue des clans de l'Ayrshire aux cours imp\u00e9riales d'Europe. Tandis que John Campbell, 4"}},"product_brand":[],"product_cat":[572],"product_tag":[36,49,34],"class_list":{"0":"post-61488","1":"product","2":"type-product","3":"status-publish","4":"has-post-thumbnail","6":"product_cat-buy-dutch-noble-title","7":"product_tag-adelstitel","8":"product_tag-andechs","9":"product_tag-graf","11":"first","12":"instock","13":"taxable","14":"shipping-taxable","15":"purchasable","16":"product-type-variable","17":"has-default-attributes"},"acf":[],"yasr_visitor_votes":{"stars_attributes":{"read_only":false,"span_bottom":false},"number_of_votes":0,"sum_votes":0},"_links":{"self":[{"href":"https:\/\/noble-society.net\/fr\/wp-json\/wp\/v2\/product\/61488","targetHints":{"allow":["GET"]}}],"collection":[{"href":"https:\/\/noble-society.net\/fr\/wp-json\/wp\/v2\/product"}],"about":[{"href":"https:\/\/noble-society.net\/fr\/wp-json\/wp\/v2\/types\/product"}],"wp:featuredmedia":[{"embeddable":true,"href":"https:\/\/noble-society.net\/fr\/wp-json\/wp\/v2\/media\/55579"}],"wp:attachment":[{"href":"https:\/\/noble-society.net\/fr\/wp-json\/wp\/v2\/media?parent=61488"}],"wp:term":[{"taxonomy":"product_brand","embeddable":true,"href":"https:\/\/noble-society.net\/fr\/wp-json\/wp\/v2\/product_brand?post=61488"},{"taxonomy":"product_cat","embeddable":true,"href":"https:\/\/noble-society.net\/fr\/wp-json\/wp\/v2\/product_cat?post=61488"},{"taxonomy":"product_tag","embeddable":true,"href":"https:\/\/noble-society.net\/fr\/wp-json\/wp\/v2\/product_tag?post=61488"}],"curies":[{"name":"wp","href":"https:\/\/api.w.org\/{rel}","templated":true}]}}