{"id":61489,"date":"2026-03-16T20:17:56","date_gmt":"2026-03-16T18:17:56","guid":{"rendered":"https:\/\/noble-society.net\/?post_type=product&#038;p=61489"},"modified":"2026-04-08T14:49:01","modified_gmt":"2026-04-08T11:49:01","slug":"duc-de-valkenbourg","status":"publish","type":"product","link":"https:\/\/noble-society.net\/fr\/buy-nobility-titles\/hertog-van-valkenburg\/","title":{"rendered":"Duc de Valkenburg"},"content":{"rendered":"<section class=\"l-section wpb_row height_small\"><div class=\"l-section-h i-cf\"><div class=\"g-cols vc_row via_grid cols_1 laptops-cols_inherit tablets-cols_inherit mobiles-cols_1 valign_top type_default stacking_default\"><div class=\"wpb_column vc_column_container\"><div class=\"vc_column-inner\"><div class=\"wpb_text_column\"><div class=\"wpb_wrapper\"><p class=\"p1\">Les seigneurs de Valkenburg \u00e9taient une noble famille importante originaire des r\u00e9gions de Voeren et de Heinsberg, dans la grande r\u00e9gion d'Aix-la-Chapelle. Ils \u00e9taient \u00e9troitement li\u00e9s \u00e0 plusieurs dynasties importantes de l'\u00e9poque, notamment les ducs de Limbourg, les comtes de Monschau, les seigneurs de Heinsberg et les comtes de Leiningen-Dagsburg. Ce r\u00e9seau d'alliances les pla\u00e7ait au centre des structures de pouvoir r\u00e9gionales au Moyen \u00c2ge central, o\u00f9 les mariages strat\u00e9giques et le contr\u00f4le territorial d\u00e9finissaient l'influence politique.<\/p>\n<p class=\"p1\">Le premier seigneur connu de Valkenburg \u00e9tait Thibald de Voeren (<i>de Fourons<\/i>), document\u00e9 \u00e0 partir d'environ 1075 et d\u00e9c\u00e9d\u00e9 en 1106. Il r\u00e9sidait initialement dans ce qui est aujourd'hui Oud-Valkenburg, un lieu mentionn\u00e9 pour la premi\u00e8re fois le 15 f\u00e9vrier 1041, sous le nom de <i>Falchenberch<\/i> dans une charte de donation d\u00e9livr\u00e9e par l'empereur Henri III. Reconnaissant l'importance strat\u00e9gique de la r\u00e9gion, Thibald a construit le ch\u00e2teau de Valkenburg sur la colline, qui est rapidement devenu le point central de la seigneurie et un bastion d\u00e9fensif cl\u00e9 dans la r\u00e9gion.<\/p>\n<p class=\"p1\">Par mariage, les puissants seigneurs de Heinsberg h\u00e9rit\u00e8rent du territoire de Valkenburg, l'int\u00e9grant davantage dans le paysage de la noblesse r\u00e9gionale. Cependant, l'histoire du ch\u00e2teau et de ses souverains fut marqu\u00e9e par des conflits r\u00e9p\u00e9t\u00e9s avec l'autorit\u00e9 imp\u00e9riale. Le ch\u00e2teau fut d'abord d\u00e9truit en 1122 apr\u00e8s que Goswin Ier de Heinsberg et Valkenburg se fut rebell\u00e9 contre l'empereur Henri V. Sous son fils, Goswin II, le ch\u00e2teau fut reconstruit mais de nouveau d\u00e9truit sur ordre imp\u00e9rial. En revanche, Goswin III entretenait une relation favorable avec l'empereur Fr\u00e9d\u00e9ric Barberousse et \u00e9tait une pr\u00e9sence fr\u00e9quente \u00e0 la cour imp\u00e9riale, soulignant les fortunes fluctuantes de la famille.<\/p>\n<p class=\"p1\">La lign\u00e9e des seigneurs de Valkenburg prit fin en 1352 avec la mort de Jan Ier, qui ne laissa que des h\u00e9riti\u00e8res. Cela donna lieu \u00e0 la Guerre de Succession de Valkenburg (1352-1364), un conflit autour de l'h\u00e9ritage du territoire. Reinhard de Sch\u00f6nforst, un cr\u00e9ancier, joua un r\u00f4le d\u00e9cisif en vendant Valkenburg et Euskirchen au duch\u00e9 de Juliers en 1355. En 1357, le duc Guillaume de Juliers \u00e9leva Valkenburg au rang de comt\u00e9. Peu de temps apr\u00e8s, en 1364, il vendit le territoire \u00e0 Venceslas Ier de Luxembourg, duc de Brabant, l'int\u00e9grant \u00e0 la r\u00e9gion connue sous le nom de Terres d'Outre-Meuse.<\/p>\n<p class=\"p1\">Parmi les pr\u00e9tendantes figuraait Elisa de Valkenburg, une religieuse de l'abbaye de Reichenstein, o\u00f9 son fr\u00e8re Jan Ier \u00e9tait enterr\u00e9. Profond\u00e9ment affect\u00e9e par la perte de l'h\u00e9ritage de sa famille, on dit qu'elle aurait quitt\u00e9 le couvent pour retourner \u00e0 Valkenburg, convaincue de son droit l\u00e9gitime. Son histoire perdure dans la l\u00e9gende locale sous le nom de la \u201c Demoiselle sans t\u00eate \u201d, qui errerait dans le ch\u00e2teau la nuit, v\u00eatue de l'habit d'une religieuse pr\u00e9montr\u00e9e, pleurant la perte de l'h\u00e9ritage de sa maison.<\/p>\n<p class=\"p1\">Les descendants de Reinhard de Sch\u00f6nforst parvinrent \u00e0 conserver une influence sur la seigneurie de Montjoie jusqu'\u00e0 leur extinction en 1433. Parall\u00e8lement, Simon III de Sponheim-Vianden \u00e9tendit son pouvoir en acqu\u00e9rant des territoires tels que Saint-Vith et B\u00fctgenbach. L'histoire de Fauquemont refl\u00e8te ainsi une interaction complexe entre lignage noble, conflits politiques et l\u00e9gendes durables, ce qui en fait l'un des r\u00e9cits nobiliaires les plus fascinants de la r\u00e9gion.<\/p>\n<\/div><\/div><\/div><\/div><\/div><\/div><\/section>","protected":false},"excerpt":{"rendered":"<p class=\"p1\">Les seigneurs de Valkenburg \u00e9taient une famille noble \u00e9minente originaire des r\u00e9gions de Voeren et de Heinsberg dans la grande r\u00e9gion d'Aix-la-Chapelle. Ils \u00e9taient \u00e9troitement li\u00e9s \u00e0 plusieurs maisons aristocratiques importantes de l'\u00e9poque, notamment les ducs de Limbourg, les comtes de Monschau, les seigneurs de Heinsberg et les comtes de Leiningen-Dagsburg. Gr\u00e2ce \u00e0 ces liens familiaux et alliances solides, la lign\u00e9e de Valkenburg \u00e9tait solidement ancr\u00e9e dans le r\u00e9seau des familles nobles influentes en Rh\u00e9nanie et dans les r\u00e9gions environnantes, contribuant \u00e0 leur importance politique et \u00e0 leur pouvoir r\u00e9gional pendant le Haut Moyen \u00c2ge.<\/p>","protected":false},"featured_media":55588,"template":"","meta":{"_acf_changed":false,"yasr_overall_rating":0,"yasr_post_is_review":"","yasr_auto_insert_disabled":"","yasr_review_type":"","slim_seo":{"title":"Duc de Valkenburg - Achetez des titres nobles depuis 1999","description":"Les Seigneurs de Valkenburg \u00e9taient une famille noble pro\u00e9minente originaire des r\u00e9gions de Voeren et de Heinsberg dans la grande r\u00e9gion d'Aix-la-Chapelle. Ils \u00e9taient \u00e9troitement li\u00e9s"}},"product_brand":[],"product_cat":[572],"product_tag":[50,52,51],"class_list":{"0":"post-61489","1":"product","2":"type-product","3":"status-publish","4":"has-post-thumbnail","6":"product_cat-buy-dutch-noble-title","7":"product_tag-herzog","8":"product_tag-herzogin","9":"product_tag-meranien","11":"first","12":"instock","13":"taxable","14":"shipping-taxable","15":"purchasable","16":"product-type-variable","17":"has-default-attributes"},"acf":[],"yasr_visitor_votes":{"stars_attributes":{"read_only":false,"span_bottom":false},"number_of_votes":0,"sum_votes":0},"_links":{"self":[{"href":"https:\/\/noble-society.net\/fr\/wp-json\/wp\/v2\/product\/61489","targetHints":{"allow":["GET"]}}],"collection":[{"href":"https:\/\/noble-society.net\/fr\/wp-json\/wp\/v2\/product"}],"about":[{"href":"https:\/\/noble-society.net\/fr\/wp-json\/wp\/v2\/types\/product"}],"wp:featuredmedia":[{"embeddable":true,"href":"https:\/\/noble-society.net\/fr\/wp-json\/wp\/v2\/media\/55588"}],"wp:attachment":[{"href":"https:\/\/noble-society.net\/fr\/wp-json\/wp\/v2\/media?parent=61489"}],"wp:term":[{"taxonomy":"product_brand","embeddable":true,"href":"https:\/\/noble-society.net\/fr\/wp-json\/wp\/v2\/product_brand?post=61489"},{"taxonomy":"product_cat","embeddable":true,"href":"https:\/\/noble-society.net\/fr\/wp-json\/wp\/v2\/product_cat?post=61489"},{"taxonomy":"product_tag","embeddable":true,"href":"https:\/\/noble-society.net\/fr\/wp-json\/wp\/v2\/product_tag?post=61489"}],"curies":[{"name":"wp","href":"https:\/\/api.w.org\/{rel}","templated":true}]}}