{"id":61490,"date":"2026-03-16T20:17:56","date_gmt":"2026-03-16T18:17:56","guid":{"rendered":"https:\/\/noble-society.net\/?post_type=product&#038;p=61490"},"modified":"2026-04-08T14:49:23","modified_gmt":"2026-04-08T11:49:23","slug":"duc-de-katharienburg","status":"publish","type":"product","link":"https:\/\/noble-society.net\/fr\/buy-nobility-titles\/duke-of-katharienburg\/","title":{"rendered":"Duc de Katharienburg"},"content":{"rendered":"<section class=\"l-section wpb_row height_small\"><div class=\"l-section-h i-cf\"><div class=\"g-cols vc_row via_grid cols_1 laptops-cols_inherit tablets-cols_inherit mobiles-cols_1 valign_top type_default stacking_default\"><div class=\"wpb_column vc_column_container\"><div class=\"vc_column-inner\"><div class=\"wpb_text_column\"><div class=\"wpb_wrapper\"><p class=\"p1\"><b>Duc de Katharienburg<\/b><b><\/b><\/p>\n<p class=\"p3\">Le titre <span class=\"s1\"><b>Duc de Katharienburg<\/b><\/span> repr\u00e9sente le prestige, l'\u00e9l\u00e9gance et la riche tradition de la noblesse europ\u00e9enne. Historiquement, le rang de duc \u00e9tait parmi les titres les plus \u00e9lev\u00e9s de la hi\u00e9rarchie aristocratique et \u00e9tait g\u00e9n\u00e9ralement accord\u00e9 par les rois ou les empereurs \u00e0 des dirigeants puissants et \u00e0 des alli\u00e9s de confiance. Les ducs gouvernaient souvent de vastes territoires, exer\u00e7aient une autorit\u00e9 politique et militaire importante et jouaient un r\u00f4le central dans la structuration des soci\u00e9t\u00e9s m\u00e9di\u00e9vales et modernes.<\/p>\n<p class=\"p3\">Le nom <i>Katharienburg<\/i> suit la tradition europ\u00e9enne classique selon laquelle les titres de noblesse sont li\u00e9s \u00e0 un lieu, un domaine ou un ch\u00e2teau sp\u00e9cifique. Ces d\u00e9signations refl\u00e8tent le lien historique entre la noblesse et la propri\u00e9t\u00e9 fonci\u00e8re. Le mot \u201c Burg \u201d (ch\u00e2teau) symbolise la force, la protection et la permanence, tandis que le nom \u201c Katharienburg \u201d ajoute un caract\u00e8re raffin\u00e9, distingu\u00e9 et m\u00e9morable au titre. Il \u00e9voque des images de r\u00e9sidences nobles, de domaines fortifi\u00e9s et d'un h\u00e9ritage ancr\u00e9 dans l'histoire et le patrimoine.<\/p>\n<p class=\"p3\">En tant que <span class=\"s1\"><b>Duc de Katharienburg<\/b><\/span>, vous portez un titre longtemps associ\u00e9 \u00e0 la direction, \u00e0 l'honneur et \u00e0 un statut social \u00e9lev\u00e9. Bien que les titres de noblesse soient aujourd'hui principalement symboliques, leur impact reste puissant. Ils v\u00e9hiculent l'individualit\u00e9, la sophistication et un sentiment de distinction qui vous d\u00e9marque tant dans les contextes personnels que professionnels.<\/p>\n<p class=\"p3\">Votre titre est accompagn\u00e9 d'un magnifique certificat de nomination, con\u00e7u dans un style \u00e9l\u00e9gant et historique. De plus, vous recevrez un blason personnalis\u00e9, que vous pourrez adapter selon vos pr\u00e9f\u00e9rences, y compris les couleurs, les symboles et les \u00e9l\u00e9ments de design. Tous les documents sont livr\u00e9s dans un plumier de pr\u00e9sentation haut de gamme, ce qui les rend id\u00e9aux pour l'affichage ou comme cadeau exceptionnel.<\/p>\n<p class=\"p3\">De plus, vous recevrez des informations d\u00e9taill\u00e9es expliquant l'historique, la signification et l'usage appropri\u00e9 de votre titre, vous assurant que vous pourrez le porter avec confiance et authenticit\u00e9. Le titre <span class=\"s1\"><b>Duc de Katharienburg<\/b><\/span> n'est pas seulement un gage de distinction, mais aussi une exp\u00e9rience unique, parfaite pour ceux qui appr\u00e9cient la tradition, l'exclusivit\u00e9 et l'attrait intemporel d'un h\u00e9ritage aristocratique.<\/p>\n<\/div><\/div><\/div><\/div><\/div><\/div><\/section>","protected":false},"excerpt":{"rendered":"<p class=\"p1\">Devenir un <span class=\"s1\"><b>Duc de Katharienburg<\/b><\/span> et portent l'un des titres de noblesse les plus \u00e9lev\u00e9s et les plus prestigieux. \u00c9l\u00e9gant, intemporel et distingu\u00e9, parfait pour ceux qui valorisent l'exclusivit\u00e9, la tradition et une pr\u00e9sence vraiment extraordinaire.<\/p>\n<p class=\"p1\">Un titre unique qui allie h\u00e9ritage, style et individualit\u00e9, en faisant un cadeau exceptionnel ou un point fort personnel pour quiconque souhaite se d\u00e9marquer avec classe et distinction.<\/p>","protected":false},"featured_media":55585,"template":"","meta":{"_acf_changed":false,"yasr_overall_rating":0,"yasr_post_is_review":"","yasr_auto_insert_disabled":"","yasr_review_type":"","slim_seo":{"title":"Duc de Katharienburg - Achetez des titres de noblesse depuis 1999","description":"Devenez Duc de Katharienburg et portez l'un des titres nobles les plus \u00e9lev\u00e9s et les plus prestigieux. \u00c9l\u00e9gant, intemporel et distingu\u00e9, parfait pour ceux qui valorisent"}},"product_brand":[],"product_cat":[26],"product_tag":[50,53],"class_list":{"0":"post-61490","1":"product","2":"type-product","3":"status-publish","4":"has-post-thumbnail","6":"product_cat-german-noble-titles","7":"product_tag-herzog","8":"product_tag-katharienburg","10":"first","11":"instock","12":"taxable","13":"shipping-taxable","14":"purchasable","15":"product-type-variable","16":"has-default-attributes"},"acf":[],"yasr_visitor_votes":{"stars_attributes":{"read_only":false,"span_bottom":false},"number_of_votes":0,"sum_votes":0},"_links":{"self":[{"href":"https:\/\/noble-society.net\/fr\/wp-json\/wp\/v2\/product\/61490","targetHints":{"allow":["GET"]}}],"collection":[{"href":"https:\/\/noble-society.net\/fr\/wp-json\/wp\/v2\/product"}],"about":[{"href":"https:\/\/noble-society.net\/fr\/wp-json\/wp\/v2\/types\/product"}],"wp:featuredmedia":[{"embeddable":true,"href":"https:\/\/noble-society.net\/fr\/wp-json\/wp\/v2\/media\/55585"}],"wp:attachment":[{"href":"https:\/\/noble-society.net\/fr\/wp-json\/wp\/v2\/media?parent=61490"}],"wp:term":[{"taxonomy":"product_brand","embeddable":true,"href":"https:\/\/noble-society.net\/fr\/wp-json\/wp\/v2\/product_brand?post=61490"},{"taxonomy":"product_cat","embeddable":true,"href":"https:\/\/noble-society.net\/fr\/wp-json\/wp\/v2\/product_cat?post=61490"},{"taxonomy":"product_tag","embeddable":true,"href":"https:\/\/noble-society.net\/fr\/wp-json\/wp\/v2\/product_tag?post=61490"}],"curies":[{"name":"wp","href":"https:\/\/api.w.org\/{rel}","templated":true}]}}