{"id":61491,"date":"2026-03-16T20:17:56","date_gmt":"2026-03-16T18:17:56","guid":{"rendered":"https:\/\/noble-society.net\/?post_type=product&#038;p=61491"},"modified":"2026-04-08T14:49:48","modified_gmt":"2026-04-08T11:49:48","slug":"prince-de-schedingen","status":"publish","type":"product","link":"https:\/\/noble-society.net\/fr\/buy-nobility-titles\/prince-of-schedingen\/","title":{"rendered":"Prince de Schedingue"},"content":{"rendered":"<section class=\"l-section wpb_row height_small\"><div class=\"l-section-h i-cf\"><div class=\"g-cols vc_row via_grid cols_1 laptops-cols_inherit tablets-cols_inherit mobiles-cols_1 valign_top type_default stacking_default\"><div class=\"wpb_column vc_column_container\"><div class=\"vc_column-inner\"><div class=\"wpb_text_column\"><div class=\"wpb_wrapper\"><p class=\"p1\">La <span class=\"s1\"><b>Antoine de Schedingen<\/b><\/span>, qui est mentionn\u00e9 comme faisant partie de la suite du comte d'Arnsberg. Cela ancre solidement les origines de la famille dans la noblesse m\u00e9di\u00e9vale de la r\u00e9gion de Westphalie, o\u00f9 elle \u00e9tait li\u00e9e \u00e0 d'importants seigneurs territoriaux et aux structures politiques du Saint-Empire romain germanique. Dans la r\u00e9gion de Cologne, des membres de la famille apparaissent de plus en plus comme t\u00e9moins dans des documents officiels, un r\u00f4le qui souligne leur statut social et la confiance accord\u00e9e au sein des cercles nobles et eccl\u00e9siastiques.<\/p>\n<p class=\"p1\">La ligne de la <span class=\"s1\"><b>de la s\u00e9paration<\/b><\/span> la famille bas\u00e9e \u00e0 Scheidingen a prosp\u00e9r\u00e9 pendant plusieurs si\u00e8cles mais semble s'\u00eatre \u00e9teinte vers le milieu du XVe si\u00e8cle, apr\u00e8s quoi le domaine de Scheidingen a \u00e9t\u00e9 vendu. Le dernier repr\u00e9sentant document\u00e9 est <span class=\"s1\"><b>Johann von Scheidingen<\/b><\/span>, Droste (un haut fonctionnaire) de Werl, mentionn\u00e9 en 1538. Avec lui, la lign\u00e9e originale de la famille aurait disparu, marquant la fin de leur pr\u00e9sence directe dans leur patrie ancestrale.<\/p>\n<p class=\"p1\">Cependant, des branches de la famille \u2014 souvent appel\u00e9es <span class=\"s1\"><b>von Scheding<\/b><\/span> ou <span class=\"s1\"><b>de Scheden<\/b><\/span>\u2014ont continu\u00e9 \u00e0 appara\u00eetre dans d'autres r\u00e9gions d'Europe, en particulier dans la r\u00e9gion baltique. Au XVe si\u00e8cle, des membres de la famille sont document\u00e9s en <span class=\"s1\"><b>Riga<\/b><\/span>, o\u00f9 ils ont servi comme conseillers dans l'une des villes les plus importantes de la Ligue hans.<\/p>\n<p class=\"p1\">La famille d\u00e9tenait un site fun\u00e9raire h\u00e9r\u00e9ditaire dans le <span class=\"s1\"><b>L'\u00e9glise Saint-Pierre de Riga<\/b><\/span>, l'une des plus \u00e9minentes \u00e9glises gothiques de la r\u00e9gion baltique. Situ\u00e9e dans la nef nord, cette chapelle fun\u00e9raire fut plus tard c\u00e9d\u00e9e \u00e0 la famille Ulenbrock et devint connue sous le nom de <span class=\"s1\"><b>Chapelle Ulenbrock<\/b><\/span>. Ce transfert illustre \u00e0 la fois la continuit\u00e9 et la transition \u00e9ventuelle de l'influence noble dans la r\u00e9gion. La lign\u00e9e baltique de la famille s'est finalement \u00e9teinte dans la seconde moiti\u00e9 du XVIe si\u00e8cle, mettant fin \u00e0 l'histoire document\u00e9e de la lign\u00e9e Scheding.<\/p>\n<p class=\"p1\">Avec votre titre, vous recevrez une documentation compl\u00e8te pour toute la famille. Les armoiries qui l'accompagnent sont fournies sous la forme d'un fichier PDF de haute qualit\u00e9 et sont \u00e9galement disponibles sous la forme d'un graphique vectoriel sur demande. Nous serons heureux de personnaliser les armoiries selon vos pr\u00e9f\u00e9rences, y compris les couleurs, les symboles et les \u00e9l\u00e9ments stylistiques, ce qui vous permettra de cr\u00e9er une identit\u00e9 h\u00e9raldique unique. Tous les certificats sont livr\u00e9s ensemble dans une \u00e9l\u00e9gante chemise de pr\u00e9sentation, accompagn\u00e9s d'informations d\u00e9taill\u00e9es sur l'utilisation et la pr\u00e9sentation correctes de votre titre.<\/p>\n<p class=\"p1\">Les formes traditionnelles d'adresse associ\u00e9es \u00e0 ce rang comprennent <span class=\"s1\"><b>Altesse<\/b><\/span>, <span class=\"s1\"><b>Altesse sereine<\/b><\/span>, ou <span class=\"s1\"><b>La gr\u00e2ce princi\u00e8re<\/b><\/span>, refl\u00e9tant la dignit\u00e9 \u00e9lev\u00e9e du titre. Le titre masculin est <span class=\"s1\"><b>Prince<\/b><\/span>, le titre f\u00e9minin <span class=\"s1\"><b>Princesse<\/b><\/span>, tandis que les fils peuvent porter le titre de <span class=\"s1\"><b>Prince ou Comte h\u00e9r\u00e9ditaire<\/b><\/span>, et filles <span class=\"s1\"><b>Princesse ou Comtesse de sang<\/b><\/span>, pr\u00e9servant ainsi la noble d\u00e9signation \u00e0 travers les g\u00e9n\u00e9rations.<\/p>\n<\/div><\/div><\/div><\/div><\/div><\/div><\/section>","protected":false},"excerpt":{"rendered":"<p class=\"p1 translation-block\">Devenez un Prince ou une Princesse de Scheidingen et portez un titre noble ancr\u00e9 dans l'histoire m\u00e9di\u00e9vale allemande et balte. Un titre distingu\u00e9 et historique qui refl\u00e8te des si\u00e8cles d'h\u00e9ritage, de tradition et d'influence aristocratique, parfait pour ceux qui appr\u00e9cient l'authenticit\u00e9 et la profondeur historique.<\/p>\n<p class=\"p1\">Un choix exceptionnel pour quiconque recherche quelque chose de vraiment sp\u00e9cial, que ce soit comme cadeau significatif ou comme pi\u00e8ce ma\u00eetresse personnelle, alliant \u00e9l\u00e9gance, individualit\u00e9 et le prestige intemporel de la noblesse europ\u00e9enne.<\/p>","protected":false},"featured_media":55591,"template":"","meta":{"_acf_changed":false,"yasr_overall_rating":0,"yasr_post_is_review":"","yasr_auto_insert_disabled":"","yasr_review_type":"","slim_seo":{"title":"Prince de Schedingen - Achetez des titres de noblesse depuis 1999","description":"Devenez Prince ou Princesse de Scheidingen et portez un titre noble ancr\u00e9 dans l'histoire m\u00e9di\u00e9vale allemande et balte. Un titre distingu\u00e9 et historique qui refl\u00e8te"}},"product_brand":[],"product_cat":[26],"product_tag":[54,55,56],"class_list":{"0":"post-61491","1":"product","2":"type-product","3":"status-publish","4":"has-post-thumbnail","6":"product_cat-german-noble-titles","7":"product_tag-fuerst","8":"product_tag-fuerstin","9":"product_tag-schedingen","11":"first","12":"instock","13":"taxable","14":"shipping-taxable","15":"purchasable","16":"product-type-variable","17":"has-default-attributes"},"acf":[],"yasr_visitor_votes":{"stars_attributes":{"read_only":false,"span_bottom":false},"number_of_votes":0,"sum_votes":0},"_links":{"self":[{"href":"https:\/\/noble-society.net\/fr\/wp-json\/wp\/v2\/product\/61491","targetHints":{"allow":["GET"]}}],"collection":[{"href":"https:\/\/noble-society.net\/fr\/wp-json\/wp\/v2\/product"}],"about":[{"href":"https:\/\/noble-society.net\/fr\/wp-json\/wp\/v2\/types\/product"}],"wp:featuredmedia":[{"embeddable":true,"href":"https:\/\/noble-society.net\/fr\/wp-json\/wp\/v2\/media\/55591"}],"wp:attachment":[{"href":"https:\/\/noble-society.net\/fr\/wp-json\/wp\/v2\/media?parent=61491"}],"wp:term":[{"taxonomy":"product_brand","embeddable":true,"href":"https:\/\/noble-society.net\/fr\/wp-json\/wp\/v2\/product_brand?post=61491"},{"taxonomy":"product_cat","embeddable":true,"href":"https:\/\/noble-society.net\/fr\/wp-json\/wp\/v2\/product_cat?post=61491"},{"taxonomy":"product_tag","embeddable":true,"href":"https:\/\/noble-society.net\/fr\/wp-json\/wp\/v2\/product_tag?post=61491"}],"curies":[{"name":"wp","href":"https:\/\/api.w.org\/{rel}","templated":true}]}}