{"id":61492,"date":"2026-03-16T20:17:56","date_gmt":"2026-03-16T18:17:56","guid":{"rendered":"https:\/\/noble-society.net\/?post_type=product&#038;p=61492"},"modified":"2026-04-08T14:48:17","modified_gmt":"2026-04-08T11:48:17","slug":"comte-van-montfoort","status":"publish","type":"product","link":"https:\/\/noble-society.net\/fr\/buy-nobility-titles\/count-van-montfoort\/","title":{"rendered":"Comte van Montfoort"},"content":{"rendered":"<section class=\"l-section wpb_row height_small\"><div class=\"l-section-h i-cf\"><div class=\"g-cols vc_row via_grid cols_1 laptops-cols_inherit tablets-cols_inherit mobiles-cols_1 valign_top type_default stacking_default\"><div class=\"wpb_column vc_column_container\"><div class=\"vc_column-inner\"><div class=\"wpb_text_column\"><div class=\"wpb_wrapper\"><p class=\"p1\">Entre 1156 et 1178, la ville de Montfoort, dans l'\u00e9v\u00each\u00e9 d'Utrecht, fut fond\u00e9e comme un bastion strat\u00e9gique pour se d\u00e9fendre contre l'expansion des puissants comtes de Hollande. \u00c0 cette \u00e9poque, l'\u00e9v\u00eaque Godefroid de Rh\u00e9nen nomma l'un de ses minist\u00e9riaux de confiance comme ch\u00e2telain de Montfoort, lui confiant la charge de la forteresse et du territoire environnant. Ce poste rev\u00eatait une grande importance, car Montfoort se trouvait dans une r\u00e9gion frontali\u00e8re contest\u00e9e o\u00f9 les tensions politiques et militaires \u00e9taient fr\u00e9quentes. Au fil de quatre g\u00e9n\u00e9rations, cette famille gouverna le ch\u00e2teau et ses terres, \u00e9tablissant une domination locale stable. Finalement, par le mariage de la fille du dernier ch\u00e2telain, le contr\u00f4le de Montfoort passa \u00e0 la noble famille flamande De Rover. Les nouveaux souverains adopt\u00e8rent le nom <span class=\"s1\"><b>Van Montfoort<\/b><\/span> et portaient le titre de burgraves, exer\u00e7ant une autorit\u00e9 et une influence r\u00e9gionales consid\u00e9rables.<\/p>\n<p class=\"p1\">En 1329, l'agglom\u00e9ration entourant le ch\u00e2teau obtint le statut officiel de ville, marquant l'ascension de Montfoort en tant que centre urbain reconnu d'importance \u00e9conomique et administrative. Malgr\u00e9 ces progr\u00e8s, les conflits avec le seigneur territorial, l'\u00e9v\u00eaque d'Utrecht, demeur\u00e8rent un d\u00e9fi constant. Ces tensions se sont dramatiquement intensifi\u00e9es en 1387, lorsque Montfoort fut assi\u00e9g\u00e9e et captur\u00e9e par les forces de l'\u00e9v\u00eaque, soulignant la lutte continue pour le contr\u00f4le de la r\u00e9gion. Au cours du XVe si\u00e8cle, la famille Van Montfoort s'impliqua activement dans la <span class=\"s1\"><b>Crochet et Guerre de la Morue<\/b><\/span>, une s\u00e9rie de guerres civiles dans le Comt\u00e9 de Hollande. Ils prirent parti pour la faction des Hame\u00e7ons et soutinrent l'influente Comtesse Jacqueline de Hollande, d\u00e9montrant ainsi davantage leur engagement et leurs ambitions politiques. Cependant, en 1481, la famille subit des pertes importantes, notamment la confiscation de seigneuries importantes telles que Purmerend-Purmerland et Polsbroek au profit des Seigneurs de Bergen de la Maison de Glymes.<\/p>\n<p class=\"p1\">Apr\u00e8s une longue lign\u00e9e de dix burgraves r\u00e9gnants, Montfoort passa finalement par h\u00e9ritage en 1545 \u00e0 la noble <span class=\"s1\"><b>Maison de Merode<\/b><\/span>, l'une des plus anciennes et des plus respect\u00e9es familles nobles des Pays-Bas. Sous leur r\u00e8gne, l'h\u00e9ritage de Montfoort a perdur\u00e9, bien que son importance politique ait progressivement diminu\u00e9. La lign\u00e9e des De Merode-Van Montfoort s'est \u00e9teinte en 1675 avec la mort de Maximilien de Merode, tu\u00e9 lors de l'assaut des troupes fran\u00e7aises sur le ch\u00e2teau de Montfoort pendant les conflits tumultueux de l'\u00e9poque. Suite \u00e0 cet \u00e9v\u00e9nement, Montfoort passa sous le contr\u00f4le direct d'Utrecht, marquant la fin de son \u00e8re en tant que seigneurie noble semi-ind\u00e9pendante.<\/p>\n<p class=\"p1\">Avec votre titre, vous recevrez une documentation compl\u00e8te pour toute la famille, refl\u00e9tant \u00e0 la fois la tradition et l'exclusivit\u00e9. Les armoiries qui l'accompagnent sont fournies en format PDF de haute qualit\u00e9 et sont \u00e9galement disponibles sous forme de graphique vectoriel sur demande, permettant une utilisation flexible \u00e0 l'impression ou sous forme num\u00e9rique. Nous serons heureux de personnaliser les armoiries selon vos pr\u00e9f\u00e9rences personnelles, y compris les couleurs, les symboles et les \u00e9l\u00e9ments stylistiques, cr\u00e9ant ainsi une identit\u00e9 h\u00e9raldique unique et sur mesure pour vous. Tous les certificats sont livr\u00e9s ensemble dans un \u00e9l\u00e9gant porte-documents, compl\u00e9t\u00e9s par des informations d\u00e9taill\u00e9es sur l'utilisation et la pr\u00e9sentation correctes de votre titre.<\/p>\n<p class=\"p1\">Les formes de politesse traditionnelles incluent <span class=\"s1\"><b>Illustre<\/b><\/span> ou <span class=\"s1\"><b>Tr\u00e8s honorable<\/b><\/span>, refl\u00e9tant la dignit\u00e9 associ\u00e9e au rang. Le titre masculin est <span class=\"s1\"><b>Compter<\/b><\/span>, le titre f\u00e9minin <span class=\"s1\"><b>Comtesse<\/b><\/span> ou <span class=\"s1\"><b>Comtesse<\/b><\/span>, tandis que les fils portent le titre <span class=\"s1\"><b>Comte h\u00e9r\u00e9ditaire<\/b><\/span> et filles <span class=\"s1\"><b>Comtesse h\u00e9r\u00e9ditaire<\/b><\/span> ou <span class=\"s1\"><b>Comtesse<\/b><\/span>, pr\u00e9servant la noble d\u00e9signation \u00e0 travers les g\u00e9n\u00e9rations et soulignant la continuit\u00e9 de la tradition aristocratique.<\/p>\n<\/div><\/div><\/div><\/div><\/div><\/div><\/section>","protected":false},"excerpt":{"rendered":"<p class=\"p1\">Devenir un <span class=\"s1\"><b>Comte ou Comtesse de Montfoort<\/b><\/span> et connectez-vous \u00e0 un noble h\u00e9ritage enracin\u00e9 dans l'histoire m\u00e9di\u00e9vale n\u00e9erlandaise. Un titre distingu\u00e9 aux origines historiques profondes, refl\u00e9tant la puissance, la tradition et l'h\u00e9ritage aristocratique.<\/p>\n<p class=\"p1\">Un titre unique et \u00e9l\u00e9gant qui allie histoire et prestige, parfait comme cadeau exceptionnel ou comme mise en avant personnelle pour quiconque appr\u00e9cie la noble tradition, l'individualit\u00e9 et une pr\u00e9sence vraiment remarquable.<\/p>","protected":false},"featured_media":55590,"template":"","meta":{"_acf_changed":false,"yasr_overall_rating":0,"yasr_post_is_review":"","yasr_auto_insert_disabled":"","yasr_review_type":"","slim_seo":{"title":"Comte van Montfoort - Achetez des titres de noblesse depuis 1999","description":"Devenez Comte ou Comtesse de Montfoort et connectez-vous \u00e0 un h\u00e9ritage noble ancr\u00e9 dans l'histoire m\u00e9di\u00e9vale n\u00e9erlandaise. Un titre distingu\u00e9 avec de profondes origines historiques"}},"product_brand":[],"product_cat":[572],"product_tag":[34,57,58],"class_list":{"0":"post-61492","1":"product","2":"type-product","3":"status-publish","4":"has-post-thumbnail","6":"product_cat-buy-dutch-noble-title","7":"product_tag-graf","8":"product_tag-graefin","9":"product_tag-salier","11":"first","12":"instock","13":"taxable","14":"shipping-taxable","15":"purchasable","16":"product-type-variable","17":"has-default-attributes"},"acf":[],"yasr_visitor_votes":{"stars_attributes":{"read_only":false,"span_bottom":false},"number_of_votes":0,"sum_votes":0},"_links":{"self":[{"href":"https:\/\/noble-society.net\/fr\/wp-json\/wp\/v2\/product\/61492","targetHints":{"allow":["GET"]}}],"collection":[{"href":"https:\/\/noble-society.net\/fr\/wp-json\/wp\/v2\/product"}],"about":[{"href":"https:\/\/noble-society.net\/fr\/wp-json\/wp\/v2\/types\/product"}],"wp:featuredmedia":[{"embeddable":true,"href":"https:\/\/noble-society.net\/fr\/wp-json\/wp\/v2\/media\/55590"}],"wp:attachment":[{"href":"https:\/\/noble-society.net\/fr\/wp-json\/wp\/v2\/media?parent=61492"}],"wp:term":[{"taxonomy":"product_brand","embeddable":true,"href":"https:\/\/noble-society.net\/fr\/wp-json\/wp\/v2\/product_brand?post=61492"},{"taxonomy":"product_cat","embeddable":true,"href":"https:\/\/noble-society.net\/fr\/wp-json\/wp\/v2\/product_cat?post=61492"},{"taxonomy":"product_tag","embeddable":true,"href":"https:\/\/noble-society.net\/fr\/wp-json\/wp\/v2\/product_tag?post=61492"}],"curies":[{"name":"wp","href":"https:\/\/api.w.org\/{rel}","templated":true}]}}