{"id":61493,"date":"2026-03-16T20:17:56","date_gmt":"2026-03-16T18:17:56","guid":{"rendered":"https:\/\/noble-society.net\/?post_type=product&#038;p=61493"},"modified":"2026-04-08T14:50:21","modified_gmt":"2026-04-08T11:50:21","slug":"duc-de-berwangen","status":"publish","type":"product","link":"https:\/\/noble-society.net\/fr\/buy-nobility-titles\/duke-of-berwangen\/","title":{"rendered":"Duc de Berwangen"},"content":{"rendered":"<section class=\"l-section wpb_row height_small\"><div class=\"l-section-h i-cf\"><div class=\"g-cols vc_row via_grid cols_1 laptops-cols_inherit tablets-cols_inherit mobiles-cols_1 valign_top type_default stacking_default\"><div class=\"wpb_column vc_column_container\"><div class=\"vc_column-inner\"><div class=\"wpb_text_column\"><div class=\"wpb_wrapper\"><p class=\"p1\">Les <span class=\"s1\"><b>Seigneurs de Berwangen<\/b><\/span> \u00e9taient une famille noble de la fin du Moyen \u00c2ge dont les origines remontent au village de Berwangen, aujourd'hui partie de Kirchardt dans le district de Heilbronn, au nord du Bade-Wurtemberg. Comme de nombreuses familles nobles du Saint-Empire romain germanique, leur nom d\u00e9rivait directement de leur lieu d'origine, qui servait \u00e0 la fois de d\u00e9signation territoriale et de marqueur de statut. De cette colonie relativement petite mais strat\u00e9giquement situ\u00e9e, la famille s'est \u00e9lev\u00e9e dans les rangs de la noblesse r\u00e9gionale et s'est \u00e9tablie au sein des structures administratives et politiques du sud-ouest de l'Allemagne.<\/p>\n<p class=\"p1\">Au Moyen \u00c2ge tardif, les seigneurs de Berwangen ont occup\u00e9 d'importantes fonctions au service de la Margraviat de Bade et du Palatinat \u00e9lectoral<i>Palatinat du Rhin<\/i>), deux des territoires les plus influents de la r\u00e9gion du Rhin sup\u00e9rieur. Ces r\u00f4les comprenaient souvent des responsabilit\u00e9s administratives, judiciaires et militaires. En tant que ministeriales \u2013 des chevaliers \u00e0 l'origine non libres qui ont acc\u00e9d\u00e9 \u00e0 la notori\u00e9t\u00e9 par un service loyal \u2013 ils ont \u00e9t\u00e9 charg\u00e9s de g\u00e9rer les domaines, de superviser les affaires juridiques et de repr\u00e9senter leurs seigneurs dans les affaires r\u00e9gionales. Au fil du temps, ces familles sont fr\u00e9quemment pass\u00e9es dans la petite noblesse, acqu\u00e9rant un statut et une reconnaissance h\u00e9r\u00e9ditaires.<\/p>\n<p class=\"p1\">Le paysage politique du Bade et du Palatinat durant cette p\u00e9riode \u00e9tait fa\u00e7onn\u00e9 par un r\u00e9seau complexe de familles nobles, d'autorit\u00e9s eccl\u00e9siastiques et de souverains territoriaux. Dans cet environnement, des familles comme les von Berwangen ont jou\u00e9 un r\u00f4le d'interm\u00e9diaire crucial. Elles ont agi en tant qu'administrateurs locaux et garants de l'autorit\u00e9, contribuant \u00e0 stabiliser la gouvernance tout en b\u00e9n\u00e9ficiant de leur proximit\u00e9 avec le pouvoir. Leur implication dans l'administration r\u00e9gionale t\u00e9moigne \u00e0 la fois de leur comp\u00e9tence et de la confiance plac\u00e9e en elles par les souverains de rang sup\u00e9rieur.<\/p>\n<p class=\"p1\">Bien que la famille ne soit jamais parvenue au rang des grandes dynasties princi\u00e8res, leur position au sein de la noblesse de service leur conf\u00e9rait une influence significative \u00e0 l'\u00e9chelle r\u00e9gionale. Leur h\u00e9ritage est repr\u00e9sentatif de nombreuses familles nobles dont l'importance ne r\u00e9sidait pas dans de vastes territoires, mais dans leur r\u00f4le indispensable au bon fonctionnement de l'\u00c9tat m\u00e9di\u00e9val. Au fil du temps, \u00e0 mesure que les structures politiques \u00e9voluaient et que les territoires se consolidaient, beaucoup de ces maisons nobles plus modestes ont progressivement disparu des annales historiques, soit par extinction, soit par int\u00e9gration dans d'autres lignages.<\/p>\n<p class=\"p1\">Aujourd'hui, le nom <span class=\"s1\"><b>Berwangen<\/b><\/span> pr\u00e9serve encore le souvenir de cette noble lign\u00e9e et de ses racines historiques dans le sud-ouest de l'Allemagne. Il rappelle le tissu social et politique complexe du Saint-Empire romain germanique, o\u00f9 m\u00eame les familles nobles moins connues ont contribu\u00e9 \u00e0 la gouvernance, \u00e0 la d\u00e9fense et au d\u00e9veloppement culturel de leurs r\u00e9gions.<\/p>\n<p class=\"p1\">Avec votre titre, vous recevrez une documentation compl\u00e8te pour toute la famille. Les armoiries accompagnant sont fournies en PDF de haute qualit\u00e9 gratuitement et peuvent \u00e9galement \u00eatre fournies en format vectoriel sur demande. Nous serons heureux de personnaliser les armoiries selon vos pr\u00e9f\u00e9rences, y compris les couleurs, les symboles et les \u00e9l\u00e9ments stylistiques, vous permettant ainsi de cr\u00e9er une identit\u00e9 h\u00e9raldique unique.<\/p>\n<p class=\"p1\">Tous les certificats sont livr\u00e9s ensemble dans une \u00e9l\u00e9gante mallette de pr\u00e9sentation, ce qui en fait un objet id\u00e9al \u00e0 exposer ou un cadeau distingu\u00e9. De plus, vous recevrez des informations d\u00e9taill\u00e9es sur l'utilisation et la pr\u00e9sentation appropri\u00e9es de votre titre, vous assurant ainsi de pouvoir le porter avec confiance et authenticit\u00e9.<\/p>\n<ul>\n<li>Majest\u00e9, Altesse<\/li>\n<li>Mann: Duc<\/li>\n<li>Duchesse<\/li>\n<li>Fils: Prince<\/li>\n<li>Fille : Princesse<\/li>\n<\/ul>\n<p>La particularit\u00e9 du duc est que les enfants re\u00e7oivent un certificat qui les \u00e9l\u00e8ve au rang de prince ou de princesse.<\/p>\n<\/div><\/div><\/div><\/div><\/div><\/div><\/section>","protected":false},"excerpt":{"rendered":"<p class=\"p1\">Faites partie de l'h\u00e9ritage de la <span class=\"s1\"><b>Seigneurs de Berwangen<\/b><\/span>, une famille noble historique du Bade-Wurtemberg m\u00e9di\u00e9val. Un titre ancr\u00e9 dans la r\u00e9alit\u00e9 historique r\u00e9gionale, repr\u00e9sentant la tradition, le service et le patrimoine noble.<\/p>\n<p class=\"p1\">Un titre \u00e9l\u00e9gant et plein de sens qui allie authenticit\u00e9 et distinction \u2014 parfait comme cadeau unique ou comme d\u00e9claration personnelle pour ceux qui appr\u00e9cient l'histoire, l'individualit\u00e9 et le prestige intemporel<\/p>","protected":false},"featured_media":55580,"template":"","meta":{"_acf_changed":false,"yasr_overall_rating":0,"yasr_post_is_review":"","yasr_auto_insert_disabled":"","yasr_review_type":"","slim_seo":{"title":"Duc de Berwangen - Achetez des titres de noblesse depuis 1999","description":"Devenez partie prenante de l'h\u00e9ritage des Seigneurs de Berwangen, une noble famille historique du Bade-Wurtemberg m\u00e9di\u00e9val. Un titre ancr\u00e9 dans l'histoire r\u00e9gionale r\u00e9elle, repr\u00e9sentant"}},"product_brand":[],"product_cat":[26],"product_tag":[59,50,52],"class_list":{"0":"post-61493","1":"product","2":"type-product","3":"status-publish","4":"has-post-thumbnail","6":"product_cat-german-noble-titles","7":"product_tag-berwangen","8":"product_tag-herzog","9":"product_tag-herzogin","11":"first","12":"instock","13":"taxable","14":"shipping-taxable","15":"purchasable","16":"product-type-variable","17":"has-default-attributes"},"acf":[],"yasr_visitor_votes":{"stars_attributes":{"read_only":false,"span_bottom":false},"number_of_votes":0,"sum_votes":0},"_links":{"self":[{"href":"https:\/\/noble-society.net\/fr\/wp-json\/wp\/v2\/product\/61493","targetHints":{"allow":["GET"]}}],"collection":[{"href":"https:\/\/noble-society.net\/fr\/wp-json\/wp\/v2\/product"}],"about":[{"href":"https:\/\/noble-society.net\/fr\/wp-json\/wp\/v2\/types\/product"}],"wp:featuredmedia":[{"embeddable":true,"href":"https:\/\/noble-society.net\/fr\/wp-json\/wp\/v2\/media\/55580"}],"wp:attachment":[{"href":"https:\/\/noble-society.net\/fr\/wp-json\/wp\/v2\/media?parent=61493"}],"wp:term":[{"taxonomy":"product_brand","embeddable":true,"href":"https:\/\/noble-society.net\/fr\/wp-json\/wp\/v2\/product_brand?post=61493"},{"taxonomy":"product_cat","embeddable":true,"href":"https:\/\/noble-society.net\/fr\/wp-json\/wp\/v2\/product_cat?post=61493"},{"taxonomy":"product_tag","embeddable":true,"href":"https:\/\/noble-society.net\/fr\/wp-json\/wp\/v2\/product_tag?post=61493"}],"curies":[{"name":"wp","href":"https:\/\/api.w.org\/{rel}","templated":true}]}}