{"id":61494,"date":"2026-03-16T20:17:56","date_gmt":"2026-03-16T18:17:56","guid":{"rendered":"https:\/\/noble-society.net\/?post_type=product&#038;p=61494"},"modified":"2026-04-08T14:50:40","modified_gmt":"2026-04-08T11:50:40","slug":"baron-de-rothensteyn","status":"publish","type":"product","link":"https:\/\/noble-society.net\/fr\/buy-nobility-titles\/baron-of-rothensteyn\/","title":{"rendered":"Baron de Rothensteyn"},"content":{"rendered":"<section class=\"l-section wpb_row height_small\"><div class=\"l-section-h i-cf\"><div class=\"g-cols vc_row via_grid cols_1 laptops-cols_inherit tablets-cols_inherit mobiles-cols_1 valign_top type_default stacking_default\"><div class=\"wpb_column vc_column_container\"><div class=\"vc_column-inner\"><div class=\"wpb_text_column\"><div class=\"wpb_wrapper\"><p class=\"p1\"><b>Histoire de famille \u2013 Baron von Rothensteyn<\/b><b><\/b><\/p>\n<p class=\"p3\">La noble famille <span class=\"s1\"><b>von Rothensteyn<\/b><\/span> est document\u00e9 pour la premi\u00e8re fois au Moyen \u00c2ge central dans les r\u00e9gions du sud de l'Allemagne et appartient \u00e0 ces lign\u00e9es dont le nom d\u00e9rive d'un ch\u00e2teau ou d'un si\u00e8ge territorial. Le nom \u201cRothensteyn\u201d peut \u00eatre interpr\u00e9t\u00e9 comme \u201cch\u00e2teau de pierre rouge\u201d, une d\u00e9signation typique en Europe m\u00e9di\u00e9vale, faisant r\u00e9f\u00e9rence \u00e0 des r\u00e9sidences fortifi\u00e9es construites en gr\u00e8s rouge distinctif ou situ\u00e9es sur des \u00e9l\u00e9vations rocheuses pro\u00e9minentes. Ces ch\u00e2teaux n'\u00e9taient pas seulement des r\u00e9sidences nobles, mais aussi des forteresses strat\u00e9giquement importantes utilis\u00e9es pour contr\u00f4ler les routes commerciales, prot\u00e9ger les territoires et affirmer le pouvoir r\u00e9gional.<\/p>\n<p class=\"p3\">Les premiers membres connus de la famille sont apparus comme <i>minist\u00e9rielles<\/i>\u2014chevaliers initialement non libres\u2014au service de princes r\u00e9gionaux, d'\u00e9v\u00eaques ou des autorit\u00e9s imp\u00e9riales. Par le service militaire, les comp\u00e9tences administratives et la loyaut\u00e9, ces familles furent souvent \u00e9lev\u00e9es dans les rangs inf\u00e9rieurs de la noblesse. Au cours des XIIe et XIIIe si\u00e8cles, la famille von Rothensteyn s'implanta fermement dans cette classe, acqu\u00e9rant des terres, des responsabilit\u00e9s et une reconnaissance. Ils servirent comme castellans, intendants de domaines et officiers militaires, jouant un r\u00f4le actif dans la structure f\u00e9odale du Saint-Empire romain germanique et contribuant \u00e0 la gouvernance et \u00e0 la d\u00e9fense locales.<\/p>\n<p class=\"p3\">Au bas Moyen \u00c2ge, la famille a \u00e9tendu son influence par des mariages strat\u00e9giques et des alliances f\u00e9odales avec les maisons nobles voisines. Ces liens ont renforc\u00e9 leur position sociale et leur ont permis d'\u00e9tendre leurs possessions territoriales. Les membres de la famille apparaissent fr\u00e9quemment dans les chartes historiques comme t\u00e9moins, fonctionnaires ou interm\u00e9diaires, refl\u00e9tant leur position respect\u00e9e au sein de la soci\u00e9t\u00e9 r\u00e9gionale. Leur r\u00f4le \u00e9tait souvent celui de repr\u00e9sentants fiables des seigneurs de rang sup\u00e9rieur, assurant la stabilit\u00e9 et la continuit\u00e9 au sein du r\u00e9seau complexe du pouvoir m\u00e9di\u00e9val.<\/p>\n<p class=\"p3\">Alors que l'Europe entrait dans la p\u00e9riode moderne, la structure de la noblesse commen\u00e7a \u00e0 changer. Les grandes maisons princi\u00e8res consolid\u00e8rent leur pouvoir, tandis que les familles nobles plus petites, comme les von Rothensteyn, connurent un d\u00e9clin relatif de leur influence politique. N\u00e9anmoins, elles conserv\u00e8rent leur statut de noblesse fonci\u00e8re et continu\u00e8rent \u00e0 jouer un r\u00f4le au sein des \u00e9lites r\u00e9gionales. Certains membres entr\u00e8rent au service militaire dans les arm\u00e9es des \u00c9tats territoriaux \u00e9mergents, tandis que d'autres occup\u00e8rent des fonctions administratives ou judiciaires, s'adaptant au paysage politique en \u00e9volution.<\/p>\n<p class=\"p3\">Le titre <span class=\"s1\"><b>Baron von Rothensteyn<\/b><\/span> se dresse dans cette tradition comme un symbole d'h\u00e9ritage, de dignit\u00e9 et de continuit\u00e9 historique. Il refl\u00e8te une lign\u00e9e ancr\u00e9e dans la chevalerie m\u00e9di\u00e9vale, la propri\u00e9t\u00e9 fonci\u00e8re et le service, tout en incarnant l'importance culturelle durable de la noblesse europ\u00e9enne. Aujourd'hui, bien que ces titres soient principalement symboliques, ils continuent de repr\u00e9senter un lien avec des si\u00e8cles d'histoire, d'identit\u00e9 et de tradition aristocratique, offrant un sentiment intemporel de distinction et de caract\u00e8re.<\/p>\n<\/div><\/div><\/div><\/div><\/div><\/div><\/section>","protected":false},"excerpt":{"rendered":"<div id=\"model-response-message-contentr_9c845cb529bd5de7\" class=\"markdown markdown-main-panel stronger enable-updated-hr-color\" dir=\"ltr\" aria-live=\"polite\" aria-busy=\"false\">\n<p data-path-to-node=\"0\">La noble lign\u00e9e von Rothensteyn a \u00e9merg\u00e9 au Moyen \u00c2ge central en tant que ministeriales strat\u00e9giques, s'\u00e9levant gr\u00e2ce \u00e0 un service loyal et \u00e0 la gestion territoriale. Au fil des si\u00e8cles, ils ont consolid\u00e9 leur pouvoir par le mariage et l'administration, adaptant leur influence des forteresses m\u00e9di\u00e9vales au service de l'\u00c9tat moderne. Aujourd'hui, le titre symbolise un riche h\u00e9ritage de chevalerie et de continuit\u00e9 historique au sein de la tradition aristocratique europ\u00e9enne en \u00e9volution.<\/p>\n<\/div>","protected":false},"featured_media":55589,"template":"","meta":{"_acf_changed":false,"yasr_overall_rating":0,"yasr_post_is_review":"","yasr_auto_insert_disabled":"","yasr_review_type":"","slim_seo":{"title":"Baron de Rothensteyn - Acheter des Titres de Noblesse depuis 1999","description":"La noble lign\u00e9e des von Rothensteyn \u00e9merge au haut Moyen \u00c2ge en tant que ministeriales strat\u00e9giques, s'\u00e9levant par un service loyal et une gestion territoriale. Au cours de c"}},"product_brand":[],"product_cat":[26],"product_tag":[60,61,62],"class_list":{"0":"post-61494","1":"product","2":"type-product","3":"status-publish","4":"has-post-thumbnail","6":"product_cat-german-noble-titles","7":"product_tag-baron","8":"product_tag-baronin","9":"product_tag-rothensteyn","11":"first","12":"instock","13":"taxable","14":"shipping-taxable","15":"purchasable","16":"product-type-variable","17":"has-default-attributes"},"acf":[],"yasr_visitor_votes":{"stars_attributes":{"read_only":false,"span_bottom":false},"number_of_votes":0,"sum_votes":0},"_links":{"self":[{"href":"https:\/\/noble-society.net\/fr\/wp-json\/wp\/v2\/product\/61494","targetHints":{"allow":["GET"]}}],"collection":[{"href":"https:\/\/noble-society.net\/fr\/wp-json\/wp\/v2\/product"}],"about":[{"href":"https:\/\/noble-society.net\/fr\/wp-json\/wp\/v2\/types\/product"}],"wp:featuredmedia":[{"embeddable":true,"href":"https:\/\/noble-society.net\/fr\/wp-json\/wp\/v2\/media\/55589"}],"wp:attachment":[{"href":"https:\/\/noble-society.net\/fr\/wp-json\/wp\/v2\/media?parent=61494"}],"wp:term":[{"taxonomy":"product_brand","embeddable":true,"href":"https:\/\/noble-society.net\/fr\/wp-json\/wp\/v2\/product_brand?post=61494"},{"taxonomy":"product_cat","embeddable":true,"href":"https:\/\/noble-society.net\/fr\/wp-json\/wp\/v2\/product_cat?post=61494"},{"taxonomy":"product_tag","embeddable":true,"href":"https:\/\/noble-society.net\/fr\/wp-json\/wp\/v2\/product_tag?post=61494"}],"curies":[{"name":"wp","href":"https:\/\/api.w.org\/{rel}","templated":true}]}}