{"id":61495,"date":"2026-03-16T20:17:56","date_gmt":"2026-03-16T18:17:56","guid":{"rendered":"https:\/\/noble-society.net\/?post_type=product&#038;p=61495"},"modified":"2026-04-08T14:51:02","modified_gmt":"2026-04-08T11:51:02","slug":"seigneur-de-kerry","status":"publish","type":"product","link":"https:\/\/noble-society.net\/fr\/buy-nobility-titles\/lord-of-kerry\/","title":{"rendered":"Lord of Kerry"},"content":{"rendered":"<section class=\"l-section wpb_row height_small\"><div class=\"l-section-h i-cf\"><div class=\"g-cols vc_row via_grid cols_1 laptops-cols_inherit tablets-cols_inherit mobiles-cols_1 valign_top type_default stacking_default\"><div class=\"wpb_column vc_column_container\"><div class=\"vc_column-inner\"><div class=\"wpb_text_column\"><div class=\"wpb_wrapper\"><p class=\"p1\"><strong>Voici une vue fantastique de votre propri\u00e9t\u00e9. Utilisez votre souris pour explorer le paysage.<\/strong><\/p>\n<p>&nbsp;<\/p>\n<p><center><br \/>\n<iframe loading=\"lazy\" style=\"border: 0;\" tabindex=\"0\" src=\"https:\/\/www.google.com\/maps\/embed?pb=!4v1589889637391!6m8!1m7!1sPKFZ22BGRgRIc1Cr1ua_nw!2m2!1d51.8182766543608!2d-9.739906825252547!3f200.52!4f-13.659999999999997!5f0.5970117501821992\" width=\"600\" height=\"450\" frameborder=\"0\" allowfullscreen=\"allowfullscreen\" aria-hidden=\"false\"><\/iframe>\u00a0<\/center>&nbsp;<\/p>\n<p class=\"p1\">Vous pouvez acqu\u00e9rir le titre irlandais <span class=\"s1\"><b>Lord of Kerry<\/b><\/span> Nous proposons une telle propri\u00e9t\u00e9 dans le comt\u00e9 de Kerry, situ\u00e9 dans le sud-ouest de l'Irlande. Devenir un Lord of Kerry est int\u00e9ressant non seulement pour le titre \u2014 vous permettant de vous d\u00e9marquer parmi vos amis ou lors d'occasions formelles \u2014 mais aussi pour le lien avec le paysage unique o\u00f9 se trouve votre petit terrain.<\/p>\n<p class=\"p1\">Le comt\u00e9 de Kerry est l'une des destinations touristiques les plus populaires pour les visiteurs en Irlande. Bien qu'il ne soit pas aussi accident\u00e9 que le nord-ouest sauvage avec ses falaises abruptes et battues par les vents, il offre n\u00e9anmoins un littoral \u00e0 couper le souffle, constitu\u00e9 de rochers spectaculaires, de petites baies et des eaux d'un bleu profond de l'oc\u00e9an Atlantique. La c\u00e9l\u00e8bre route circulaire du comt\u00e9 de Kerry (Ring of Kerry), un itin\u00e9raire panoramique de 170 km longeant la c\u00f4te, m\u00e8ne \u00e0 de nombreuses attractions majeures. L'Irlande est une terre d'une beaut\u00e9 naturelle \u00e9poustouflante et d'une culture ancienne, dont on peut trouver des traces sur toute l'\u00eele. Parmi les sites remarquables, citons la r\u00e9gion pittoresque autour de Killarney avec le parc national de Killarney, ainsi que de nombreux monuments pr\u00e9historiques tels que des fortifications circulaires (ringforts), des alignements de pierres, des cercles de pierres et des menhirs, aux c\u00f4t\u00e9s de monast\u00e8res et d'\u00e9glises de la p\u00e9riode pal\u00e9ochr\u00e9tienne.<\/p>\n<p class=\"p1\">Le long d'une grande partie du Ring of Kerry, vous profiterez de vues imprenables sur la mer et sur un littoral en constante \u00e9volution. Des d\u00e9tours \u00e0 l'int\u00e9rieur des terres r\u00e9v\u00e8lent des montagnes, de vastes p\u00e2turages intacts avec des moutons en p\u00e2turage, et des landes sauvages et romantiques. Depuis Portmagee, et si le temps le permet, de petits bateaux peuvent vous emmener sur l'\u00eele rocheuse de Skellig Michael, abritant l'un des plus anciens monast\u00e8res chr\u00e9tiens primitifs. Une structure monastique similaire se trouve \u00e9galement sur la p\u00e9ninsule de Dingle.<\/p>\n<p class=\"p1\">Le Kerry est \u00e9galement r\u00e9put\u00e9 pour la pr\u00e9servation de la langue et de la culture ga\u00e9liques traditionnelles, permettant aux visiteurs de d\u00e9couvrir une vie irlandaise authentique. Pour ceux qui pr\u00e9f\u00e8rent la randonn\u00e9e \u00e0 la conduite, la r\u00e9gion offre d'innombrables possibilit\u00e9s d'exploration \u00e0 pied. En achetant un titre de noblesse irlandais, vous n'acqu\u00e9rez pas seulement quelque chose de sp\u00e9cial, mais vous vous connectez \u00e9galement \u00e0 la terre, \u00e0 son peuple et \u00e0 une histoire riche et ancienne.<\/p>\n<p class=\"p1\">Of course, like all noble titles available for purchase, the title of Lord of Kerry is above all a charming and lighthearted concept for those who enjoy being something a little extraordinary. It does not grant any legal privileges. The plot of land is too small for construction, and usage rights remain with the original landowners.<\/p>\n<p class=\"p1\">Cependant, une chose est s\u00fbre : en tant que Lord of Kerry, vous l'appr\u00e9cierez sans aucun doute.<\/p>\n<\/div><\/div><\/div><\/div><\/div><\/div><\/section>","protected":false},"excerpt":{"rendered":"<p class=\"p1\">En tant que Lord of Kerry, vous devenez l'heureux copropri\u00e9taire d'un terrain situ\u00e9 dans le sud-ouest romantique de l'Irlande et vous recevez un titre de noblesse.<\/p>","protected":false},"featured_media":55586,"template":"","meta":{"_acf_changed":false,"yasr_overall_rating":0,"yasr_post_is_review":"","yasr_auto_insert_disabled":"","yasr_review_type":"","slim_seo":{"title":"Lord of Kerry - Achetez des titres de noblesse depuis 1999","description":"En tant que Lord of Kerry, vous devenez l'heureux copropri\u00e9taire d'un terrain situ\u00e9 dans le sud-ouest romantique de l'Irlande et vous recevez un titre de noblesse."}},"product_brand":[],"product_cat":[27],"product_tag":[67,63,66,65,64],"class_list":{"0":"post-61495","1":"product","2":"type-product","3":"status-publish","4":"has-post-thumbnail","6":"product_cat-irish-noble-titles","7":"product_tag-irische-titel","8":"product_tag-irish","9":"product_tag-kerry","10":"product_tag-lady","11":"product_tag-lord","13":"first","14":"instock","15":"taxable","16":"shipping-taxable","17":"purchasable","18":"product-type-variable","19":"has-default-attributes"},"acf":[],"yasr_visitor_votes":{"stars_attributes":{"read_only":false,"span_bottom":false},"number_of_votes":0,"sum_votes":0},"_links":{"self":[{"href":"https:\/\/noble-society.net\/fr\/wp-json\/wp\/v2\/product\/61495","targetHints":{"allow":["GET"]}}],"collection":[{"href":"https:\/\/noble-society.net\/fr\/wp-json\/wp\/v2\/product"}],"about":[{"href":"https:\/\/noble-society.net\/fr\/wp-json\/wp\/v2\/types\/product"}],"wp:featuredmedia":[{"embeddable":true,"href":"https:\/\/noble-society.net\/fr\/wp-json\/wp\/v2\/media\/55586"}],"wp:attachment":[{"href":"https:\/\/noble-society.net\/fr\/wp-json\/wp\/v2\/media?parent=61495"}],"wp:term":[{"taxonomy":"product_brand","embeddable":true,"href":"https:\/\/noble-society.net\/fr\/wp-json\/wp\/v2\/product_brand?post=61495"},{"taxonomy":"product_cat","embeddable":true,"href":"https:\/\/noble-society.net\/fr\/wp-json\/wp\/v2\/product_cat?post=61495"},{"taxonomy":"product_tag","embeddable":true,"href":"https:\/\/noble-society.net\/fr\/wp-json\/wp\/v2\/product_tag?post=61495"}],"curies":[{"name":"wp","href":"https:\/\/api.w.org\/{rel}","templated":true}]}}