{"id":61496,"date":"2026-03-16T20:17:56","date_gmt":"2026-03-16T18:17:56","guid":{"rendered":"https:\/\/noble-society.net\/?post_type=product&#038;p=61496"},"modified":"2026-04-08T14:51:30","modified_gmt":"2026-04-08T11:51:30","slug":"seigneur-de-roscommon","status":"publish","type":"product","link":"https:\/\/noble-society.net\/fr\/buy-nobility-titles\/lord-of-roscommon\/","title":{"rendered":"Lord of Roscommon"},"content":{"rendered":"<section class=\"l-section wpb_row height_small\"><div class=\"l-section-h i-cf\"><div class=\"g-cols vc_row via_grid cols_1 laptops-cols_inherit tablets-cols_inherit mobiles-cols_1 valign_top type_default stacking_default\"><div class=\"wpb_column vc_column_container\"><div class=\"vc_column-inner\"><div class=\"wpb_text_column\"><div class=\"wpb_wrapper\"><p><strong>Directement derri\u00e8re ce bar se trouve le domaine de \u201cRoscommon\u201d.<\/strong><\/p>\n<p><center><br \/>\n<iframe loading=\"lazy\" style=\"border: 0;\" tabindex=\"0\" src=\"https:\/\/www.google.com\/maps\/embed?pb=!4v1589889873648!6m8!1m7!1s0rOJRaHAOR1wB4cS94ETMw!2m2!1d53.76957858167435!2d-8.495177425618055!3f20.98!4f-9.400000000000006!5f0.5970117501821992\" width=\"600\" height=\"450\" frameborder=\"0\" allowfullscreen=\"allowfullscreen\" aria-hidden=\"false\"><\/iframe><\/center><\/p>\n<div id=\"model-response-message-contentr_d595497ce37d0388\" class=\"markdown markdown-main-panel stronger enable-updated-hr-color\" dir=\"ltr\" aria-live=\"polite\" aria-busy=\"false\">\n<p data-path-to-node=\"0\">Vous \u00eates propri\u00e9taire terrien, car vous acqu\u00e9rez la co-propri\u00e9t\u00e9 d'une parcelle de terre dans les Midlands irlandais, verts et fertiles, o\u00f9 de nombreux ch\u00e2teaux prouvent que les nobles ont toujours appr\u00e9ci\u00e9 la r\u00e9gion. En tant que propri\u00e9taire terrien ou seigneur du manoir, vous \u00eates un \u201c Tirana \u201d dans l\u2019ancienne langue irlandaise, le ga\u00e9lique, ce qui se traduirait probablement en anglais par \u201c Landlord \u201d. Et comme votre terrain est situ\u00e9 pr\u00e8s de Roscommon, vous \u00eates bien un Lord of Roscommon. En plus de l'acte de propri\u00e9t\u00e9 et de nomination, nous vous fournissons des armoiries que vous recevrez sous forme num\u00e9rique pour l'utiliser dans vos dossiers personnels.<\/p>\n<p data-path-to-node=\"1\">Cette terre historique vous int\u00e8gre dans une tradition s\u00e9culaire profond\u00e9ment ancr\u00e9e dans la culture irlandaise, honorant un lien profond avec le sol. Avec ce titre, vous perp\u00e9tuez un h\u00e9ritage autrefois r\u00e9serv\u00e9 aux chefs de clans courageux et aux nobles souverains, t\u00e9moignant ainsi de votre appr\u00e9ciation personnelle des valeurs historiques. Ce n'est pas simplement une parcelle de terre qui vous appartient, mais un symbole tangible d'exclusivit\u00e9 et du charme unique de l'\u00eele d'\u00c9meraude. Utilisez vos nouvelles armoiries comme expression de cette identit\u00e9 sp\u00e9ciale pour peaufiner vos lettres, documents ou collections priv\u00e9es avec une touche d'\u00e9l\u00e9gance aristocratique.<\/p>\n<\/div>\n<\/div><\/div><\/div><\/div><\/div><\/div><\/section>","protected":false},"excerpt":{"rendered":"<div id=\"model-response-message-contentr_a03db1ff51e4b223\" class=\"markdown markdown-main-panel stronger enable-updated-hr-color\" dir=\"ltr\" aria-live=\"polite\" aria-busy=\"false\">\n<p data-path-to-node=\"0\">Votre <b data-path-to-node=\"0\" data-index-in-node=\"5\">Lord of Roscommon<\/b> Le pack titre contient tout ce dont vous avez besoin pour d\u00e9montrer avec style votre nouvelle dignit\u00e9 de Lord of Roscommon o\u00f9 que vous alliez. Pour accompagner cela, nous allons concevoir pour vous un magnifique certificat, qui sera spectaculaire accroch\u00e9 au mur de votre salon.<\/p>\n<\/div>","protected":false},"featured_media":55626,"template":"","meta":{"_acf_changed":false,"yasr_overall_rating":0,"yasr_post_is_review":"","yasr_auto_insert_disabled":"","yasr_review_type":"","slim_seo":{"title":"Lord of Roscommon - Achetez des Titres de Noblesse depuis 1999","description":"Votre pack de titre Lord of Roscommon contient tout ce dont vous avez besoin pour d\u00e9montrer avec style votre nouvelle dignit\u00e9 de Lord of Roscommon o\u00f9 que vous alliez. Pour accompagner"}},"product_brand":[],"product_cat":[27],"product_tag":[69,65,64,70,68],"class_list":{"0":"post-61496","1":"product","2":"type-product","3":"status-publish","4":"has-post-thumbnail","6":"product_cat-irish-noble-titles","7":"product_tag-irisch","8":"product_tag-lady","9":"product_tag-lord","10":"product_tag-roscommon","11":"product_tag-titel","13":"first","14":"instock","15":"taxable","16":"shipping-taxable","17":"purchasable","18":"product-type-variable","19":"has-default-attributes"},"acf":[],"yasr_visitor_votes":{"stars_attributes":{"read_only":false,"span_bottom":false},"number_of_votes":0,"sum_votes":0},"_links":{"self":[{"href":"https:\/\/noble-society.net\/fr\/wp-json\/wp\/v2\/product\/61496","targetHints":{"allow":["GET"]}}],"collection":[{"href":"https:\/\/noble-society.net\/fr\/wp-json\/wp\/v2\/product"}],"about":[{"href":"https:\/\/noble-society.net\/fr\/wp-json\/wp\/v2\/types\/product"}],"wp:featuredmedia":[{"embeddable":true,"href":"https:\/\/noble-society.net\/fr\/wp-json\/wp\/v2\/media\/55626"}],"wp:attachment":[{"href":"https:\/\/noble-society.net\/fr\/wp-json\/wp\/v2\/media?parent=61496"}],"wp:term":[{"taxonomy":"product_brand","embeddable":true,"href":"https:\/\/noble-society.net\/fr\/wp-json\/wp\/v2\/product_brand?post=61496"},{"taxonomy":"product_cat","embeddable":true,"href":"https:\/\/noble-society.net\/fr\/wp-json\/wp\/v2\/product_cat?post=61496"},{"taxonomy":"product_tag","embeddable":true,"href":"https:\/\/noble-society.net\/fr\/wp-json\/wp\/v2\/product_tag?post=61496"}],"curies":[{"name":"wp","href":"https:\/\/api.w.org\/{rel}","templated":true}]}}