{"id":61518,"date":"2026-03-16T20:18:15","date_gmt":"2026-03-16T18:18:15","guid":{"rendered":"https:\/\/noble-society.net\/?post_type=product&#038;p=61518"},"modified":"2026-04-08T14:47:54","modified_gmt":"2026-04-08T11:47:54","slug":"seigneur-de-glencairn","status":"publish","type":"product","link":"https:\/\/noble-society.net\/fr\/buy-nobility-titles\/laird-of-glencairn\/","title":{"rendered":"Laird of Glencairn"},"content":{"rendered":"<section class=\"l-section wpb_row height_small\"><div class=\"l-section-h i-cf\"><div class=\"g-cols vc_row via_grid cols_1 laptops-cols_inherit tablets-cols_inherit mobiles-cols_1 valign_top type_default stacking_default\"><div class=\"wpb_column vc_column_container\"><div class=\"vc_column-inner\"><div class=\"wpb_text_column\"><div class=\"wpb_wrapper\"><p class=\"p1\">A <span class=\"s1\"><b>Laird of Glencairn<\/b><\/span> appartient aux Highlands \u00e9cossais, une r\u00e9gion o\u00f9 les gens ont longtemps \u00e9t\u00e9 fa\u00e7onn\u00e9s par les forces rudes de la nature et des si\u00e8cles de conflits avec des puissances envahissantes. La vie dans les Highlands n'a jamais \u00e9t\u00e9 facile\u00a0: des paysages accident\u00e9s, un temps impr\u00e9visible et des menaces ext\u00e9rieures constantes ont forg\u00e9 une culture d\u00e9finie par la r\u00e9silience, l'ind\u00e9pendance et une forte identit\u00e9 de clan.<\/p>\n<p class=\"p3\"><b>Paysage et histoire de Glencairn<\/b><b><\/b><\/p>\n<p class=\"p1\">Les premiers habitants de cette r\u00e9gion, notamment les Pictes et plus tard les Scots, ont r\u00e9sist\u00e9 avec succ\u00e8s \u00e0 l'expansion romaine et, plus tard, aux incursions vikings. Malgr\u00e9 les vagues d'influences ext\u00e9rieures, ils ont pr\u00e9serv\u00e9 leurs traditions celtiques, leur langue et leurs structures claniques. M\u00eame apr\u00e8s l'influence croissante de l'Angleterre \u00e0 partir du XIe si\u00e8cle, l'identit\u00e9 \u00e9cossaise est rest\u00e9e remarquablement forte. Bien que l'\u00c9cosse soit pass\u00e9e sous la couronne anglaise \u00e0 la fin du Moyen \u00c2ge, de nombreuses traditions, et m\u00eame des \u00e9l\u00e9ments de son syst\u00e8me juridique, perdurent encore aujourd'hui.<\/p>\n<p class=\"p1\">Cette ind\u00e9pendance historique se refl\u00e8te \u00e9galement dans le concept des titres fonciers \u00e9cossais. En \u00c9cosse, certains titres honorifiques ont traditionnellement \u00e9t\u00e9 directement li\u00e9s \u00e0 la propri\u00e9t\u00e9 fonci\u00e8re. Un <i>Seigneur<\/i>\u2014signifiant essentiellement \u201c propri\u00e9taire foncier \u201d\u2014 tire son nom de la possession d\u2019un domaine sp\u00e9cifique. Lorsque la terre change de propri\u00e9taire, le titre associ\u00e9 change \u00e9galement. C'est le cas du titre <span class=\"s1\"><b>Laird of Glencairn<\/b><\/span>, qui est directement li\u00e9 \u00e0 un morceau de terre dans cette r\u00e9gion historique.<\/p>\n<p class=\"p1\">Le nom <i>Glencairn<\/i> lui-m\u00eame est typiquement \u00e9cossais et signifie \u201c Vall\u00e9e des Cairns \u201d. Les Cairns sont d'anciens tertres fun\u00e9raires en pierre que l'on trouve couramment dans toute l'\u00c9cosse, tandis que \u201c glen \u201d fait r\u00e9f\u00e9rence aux vall\u00e9es caract\u00e9ristiques du paysage des Highlands. Le nom seul sugg\u00e8re l'antiquit\u00e9 profonde de la r\u00e9gion, habit\u00e9e depuis des milliers d'ann\u00e9es.<\/p>\n<p class=\"p1\">Le terrain associ\u00e9 au titre se trouve pr\u00e8s du <span class=\"s1\"><b>Cairns gris de Camster<\/b><\/span>, deux cairns n\u00e9olithiques \u00e0 chambre remarquablement bien conserv\u00e9s datant d'environ 4 500 ans. Ces monuments pr\u00e9historiques comptent parmi les sites arch\u00e9ologiques les plus importants du nord de l'\u00c9cosse et offrent un lien direct avec les premiers habitants de la r\u00e9gion.<\/p>\n<p class=\"p1\">\u00c0 proximit\u00e9 se trouve \u00e9galement le <span class=\"s1\"><b>Cairn de Camster<\/b><\/span>, un autre site fun\u00e9raire ancien utilis\u00e9 pendant de nombreux si\u00e8cles et qui aurait \u00e9t\u00e9 associ\u00e9 aux premi\u00e8res communaut\u00e9s des Highlands et \u00e0 leurs dirigeants. Les noms de lieux environnants \u2014 tels que Lybster, Camster et Scrabster \u2014 refl\u00e8tent une forte influence nordique, indiquant la pr\u00e9sence de colons vikings qui ont \u00e9tabli des communaut\u00e9s c\u00f4ti\u00e8res et lanc\u00e9 des exp\u00e9ditions \u00e0 l'int\u00e9rieur des terres.<\/p>\n<p class=\"p1\">La r\u00e9gion est \u00e9galement li\u00e9e \u00e0 des personnages historiques notables. L'un d'eux est John Oswald, dont on dit qu'il est n\u00e9 dans la r\u00e9gion et qu'il est associ\u00e9 dans la tradition \u00e0 l'\u00e9poque de la guerre d'ind\u00e9pendance am\u00e9ricaine, soulignant les liens historiques \u00e9tendus de ce paysage recul\u00e9 des Highlands.<\/p>\n<p class=\"p1\">En devenant un <span class=\"s1\"><b>Laird of Glencairn<\/b><\/span>, vous n'acqu\u00e9rez pas seulement un titre, mais vous vous connectez \u00e9galement \u00e0 une terre riche en histoire, en l\u00e9gendes et en identit\u00e9 culturelle durable\u2014o\u00f9 les monuments anciens, le patrimoine des clans et l'esprit des Highlands se rejoignent d'une mani\u00e8re vraiment unique.<\/p>\n<\/div><\/div><\/div><\/div><\/div><\/div><\/section>","protected":false},"excerpt":{"rendered":"<p class=\"p1\">Si vous choisissez d'acqu\u00e9rir un titre de noblesse \u00e9cossais, vous exprimez non seulement un sens de distinction, mais aussi une profonde appr\u00e9ciation pour les paysages sauvages et pr\u00e9serv\u00e9s, l'histoire riche et mouvement\u00e9e, et les histoires l\u00e9gendaires d'hommes rudes et courageux et de femmes tout aussi fortes qui ont fa\u00e7onn\u00e9 la vie dans cette terre aride mais d'un**e** beaut\u00e9 \u00e0 couper le souffle, \u00e0 la fronti\u00e8re nord de l'Europe.<\/p>","protected":false},"featured_media":1417,"template":"","meta":{"_acf_changed":false,"yasr_overall_rating":0,"yasr_post_is_review":"","yasr_auto_insert_disabled":"","yasr_review_type":"","slim_seo":{"title":"Laird of Glencairn - Achetez des titres de noblesse depuis 1999","description":"Si vous choisissez d'acqu\u00e9rir un titre de noblesse \u00e9cossais, vous exprimez non seulement un sens de distinction, mais aussi une profonde appr\u00e9ciation pour les terres sauvages et intactes"}},"product_brand":[],"product_cat":[28],"product_tag":[75,65,72,74,73,68],"class_list":{"0":"post-61518","1":"product","2":"type-product","3":"status-publish","4":"has-post-thumbnail","6":"product_cat-scottish-noble-titles","7":"product_tag-glencairn","8":"product_tag-lady","9":"product_tag-laird","10":"product_tag-schottische","11":"product_tag-schottland","12":"product_tag-titel","14":"first","15":"instock","16":"taxable","17":"shipping-taxable","18":"purchasable","19":"product-type-variable","20":"has-default-attributes"},"acf":[],"yasr_visitor_votes":{"stars_attributes":{"read_only":false,"span_bottom":false},"number_of_votes":0,"sum_votes":0},"_links":{"self":[{"href":"https:\/\/noble-society.net\/fr\/wp-json\/wp\/v2\/product\/61518","targetHints":{"allow":["GET"]}}],"collection":[{"href":"https:\/\/noble-society.net\/fr\/wp-json\/wp\/v2\/product"}],"about":[{"href":"https:\/\/noble-society.net\/fr\/wp-json\/wp\/v2\/types\/product"}],"wp:featuredmedia":[{"embeddable":true,"href":"https:\/\/noble-society.net\/fr\/wp-json\/wp\/v2\/media\/1417"}],"wp:attachment":[{"href":"https:\/\/noble-society.net\/fr\/wp-json\/wp\/v2\/media?parent=61518"}],"wp:term":[{"taxonomy":"product_brand","embeddable":true,"href":"https:\/\/noble-society.net\/fr\/wp-json\/wp\/v2\/product_brand?post=61518"},{"taxonomy":"product_cat","embeddable":true,"href":"https:\/\/noble-society.net\/fr\/wp-json\/wp\/v2\/product_cat?post=61518"},{"taxonomy":"product_tag","embeddable":true,"href":"https:\/\/noble-society.net\/fr\/wp-json\/wp\/v2\/product_tag?post=61518"}],"curies":[{"name":"wp","href":"https:\/\/api.w.org\/{rel}","templated":true}]}}