{"id":61519,"date":"2026-03-16T20:18:15","date_gmt":"2026-03-16T18:18:15","guid":{"rendered":"https:\/\/noble-society.net\/?post_type=product&#038;p=61519"},"modified":"2026-04-08T14:47:37","modified_gmt":"2026-04-08T11:47:37","slug":"seigneur-de-john-ogroats","status":"publish","type":"product","link":"https:\/\/noble-society.net\/fr\/buy-nobility-titles\/laird-of-john-ogroates\/","title":{"rendered":"Laird of John O\u00b4Groates"},"content":{"rendered":"<section class=\"l-section wpb_row height_small\"><div class=\"l-section-h i-cf\"><div class=\"g-cols vc_row via_grid cols_1 laptops-cols_inherit tablets-cols_inherit mobiles-cols_1 valign_top type_default stacking_default\"><div class=\"wpb_column vc_column_container\"><div class=\"vc_column-inner\"><div class=\"wpb_text_column\"><div class=\"wpb_wrapper\"><p class=\"p1\">Si vous \u00eates attir\u00e9 par quelque chose de vraiment sauvage et charg\u00e9 de l\u00e9gendes, alors le titre de noblesse <span class=\"s1\"><b>Seigneur de John O'Groats<\/b><\/span> est le choix parfait.<\/p>\n<p class=\"p1\">Ce titre incarne parfaitement cet esprit. Le lieu qui porte le m\u00eame nom se trouve dans l'extr\u00eame nord-est de l'\u00c9cosse et marque le point le plus septentrional du continent britannique. De l\u00e0, des ferries partent pour les Orcades, qui abritent le c\u00e9l\u00e8bre site pr\u00e9historique de Skara Brae. Un Laird de John O'Groats est donc un v\u00e9ritable Highlander \u2013 sa Dame une fi\u00e8re Highlander \u00e9galement \u2013 se d\u00e9pla\u00e7ant avec dignit\u00e9 et force \u00e0 travers les paysages accident\u00e9s et balay\u00e9s par les vents. En acqu\u00e9rant ce titre, vous repr\u00e9sentez non seulement un clan r\u00e9silient, mais aussi un clan astucieux, comme l'illustre l'histoire suivante.<\/p>\n<p class=\"p1\">Il est int\u00e9ressant de noter que le nom John O\u2019Groats ne provient pas de racines \u00e9cossaises ou celtiques anciennes, mais plut\u00f4t d\u2019origines n\u00e9erlandaises. Un N\u00e9erlandais nomm\u00e9 Jan de Groot s\u2019y est install\u00e9 avec un groupe de compatriotes \u00e0 la demande du roi Jacques IV d\u2019\u00c9cosse. Quelques ann\u00e9es auparavant seulement, les \u00eeles Orcades \u00e9taient pass\u00e9es de la domination norv\u00e9gienne \u00e0 la domination \u00e9cossaise sous le r\u00e8gne du roi Jacques II. Pour \u00e9tablir une liaison de ferry fiable vers ces \u00eeles, le roi Jacques a confi\u00e9 cette t\u00e2che aux colons n\u00e9erlandais, qui se sont r\u00e9v\u00e9l\u00e9s bien adapt\u00e9s \u00e0 ce r\u00f4le. Ils se sont rapidement adapt\u00e9s \u00e0 la vie dans les Highlands, ont assur\u00e9 le service de ferry et ont form\u00e9 leur propre clan, c\u00e9l\u00e9brant leur arriv\u00e9e chaque ann\u00e9e avec un grand festival.<\/p>\n<p class=\"p1\">Au fil du temps, la famille de Groot s'est profond\u00e9ment int\u00e9gr\u00e9e \u00e0 la culture \u00e9cossaise et, selon la l\u00e9gende, a \u00e9galement adopt\u00e9 le c\u00e9l\u00e8bre esprit des Highlands. Lors d'une de ces c\u00e9l\u00e9brations, un diff\u00e9rend a \u00e9clat\u00e9 entre les sept descendants de Jan de Groot quant \u00e0 savoir qui deviendrait le prochain chef de clan. Pour \u00e9viter un conflit potentiellement violent, le chef de clan a con\u00e7u une solution astucieuse. Il a d\u00e9clar\u00e9 que le successeur serait celui assis \u00e0 la t\u00eate de la table. Il a ensuite construit une maison \u00e0 huit c\u00f4t\u00e9s et huit portes, y pla\u00e7ant une table octogonale en son centre. Chaque membre de la famille est entr\u00e9 par une porte diff\u00e9rente et a pris place, de sorte que personne ne soit assis \u00e0 la t\u00eate de la table et que personne ne puisse revendiquer la domination.<\/p>\n<p class=\"p1\">Cet acte sage et diplomatique est consid\u00e9r\u00e9 comme digne d'un v\u00e9ritable Laird de John O'Groats, m\u00eame si l'histoire a pu \u00eatre embellie avec le temps. En l'honneur de cette l\u00e9gende, le John O'Groats Hotel pr\u00e9sente une tour octogonale. En acqu\u00e9rant des terres et un titre noble ici, vous faites partie de cette histoire unique et fascinante, m\u00ealant histoire, mythe et l'esprit ind\u00e9fectible des Highlands \u00e9cossais.<\/p>\n<\/div><\/div><\/div><\/div><\/div><\/div><\/section>","protected":false},"excerpt":{"rendered":"<p class=\"p1\">Devenir un <span class=\"s1\"><b>Seigneur de John O'Groats<\/b><\/span> et poss\u00e9der un terrain \u00e0 l'extr\u00eame nord de la Grande-Bretagne continentale. Ce titre unique vous connecte \u00e0 la beaut\u00e9 sauvage des Highlands \u00e9cossais et \u00e0 une histoire de clan l\u00e9gendaire, parfait pour ceux qui aiment l'histoire, l'aventure et quelque chose de vraiment extraordinaire.<\/p>","protected":false},"featured_media":55625,"template":"","meta":{"_acf_changed":false,"yasr_overall_rating":0,"yasr_post_is_review":"","yasr_auto_insert_disabled":"","yasr_review_type":"","slim_seo":{"title":"Laird of John O\u00b4Groates - Achetez des titres nobles depuis 1999","description":"Devenez un Laird de John O\u2019Groats et poss\u00e9dez un morceau de terre \u00e0 l'extr\u00e9mit\u00e9 nord du continent britannique. Ce titre unique vous relie \u00e0 la beaut\u00e9 sauvage du"}},"product_brand":[],"product_cat":[28],"product_tag":[36,76,65,72,73],"class_list":{"0":"post-61519","1":"product","2":"type-product","3":"status-publish","4":"has-post-thumbnail","6":"product_cat-scottish-noble-titles","7":"product_tag-adelstitel","8":"product_tag-john-ogroats","9":"product_tag-lady","10":"product_tag-laird","11":"product_tag-schottland","13":"first","14":"instock","15":"taxable","16":"shipping-taxable","17":"purchasable","18":"product-type-variable","19":"has-default-attributes"},"acf":[],"yasr_visitor_votes":{"stars_attributes":{"read_only":false,"span_bottom":false},"number_of_votes":0,"sum_votes":0},"_links":{"self":[{"href":"https:\/\/noble-society.net\/fr\/wp-json\/wp\/v2\/product\/61519","targetHints":{"allow":["GET"]}}],"collection":[{"href":"https:\/\/noble-society.net\/fr\/wp-json\/wp\/v2\/product"}],"about":[{"href":"https:\/\/noble-society.net\/fr\/wp-json\/wp\/v2\/types\/product"}],"wp:featuredmedia":[{"embeddable":true,"href":"https:\/\/noble-society.net\/fr\/wp-json\/wp\/v2\/media\/55625"}],"wp:attachment":[{"href":"https:\/\/noble-society.net\/fr\/wp-json\/wp\/v2\/media?parent=61519"}],"wp:term":[{"taxonomy":"product_brand","embeddable":true,"href":"https:\/\/noble-society.net\/fr\/wp-json\/wp\/v2\/product_brand?post=61519"},{"taxonomy":"product_cat","embeddable":true,"href":"https:\/\/noble-society.net\/fr\/wp-json\/wp\/v2\/product_cat?post=61519"},{"taxonomy":"product_tag","embeddable":true,"href":"https:\/\/noble-society.net\/fr\/wp-json\/wp\/v2\/product_tag?post=61519"}],"curies":[{"name":"wp","href":"https:\/\/api.w.org\/{rel}","templated":true}]}}