{"id":61520,"date":"2026-03-16T20:18:15","date_gmt":"2026-03-16T18:18:15","guid":{"rendered":"https:\/\/noble-society.net\/?post_type=product&#038;p=61520"},"modified":"2026-04-08T14:47:14","modified_gmt":"2026-04-08T11:47:14","slug":"baron-de-bourgogne","status":"publish","type":"product","link":"https:\/\/noble-society.net\/fr\/buy-nobility-titles\/baron-de-burgund\/","title":{"rendered":"Baron de Burgund"},"content":{"rendered":"<section class=\"l-section wpb_row height_small\"><div class=\"l-section-h i-cf\"><div class=\"g-cols vc_row via_grid cols_1 laptops-cols_inherit tablets-cols_inherit mobiles-cols_1 valign_top type_default stacking_default\"><div class=\"wpb_column vc_column_container\"><div class=\"vc_column-inner\"><div class=\"wpb_text_column\"><div class=\"wpb_wrapper\"><p class=\"p1\">Le titre <span class=\"s1\"><b>Comt\u00e9 de Bourgogne<\/b><\/span> a \u00e9t\u00e9 explicitement utilis\u00e9 pour la premi\u00e8re fois par Otton-Guillaume de Bourgogne-Ivr\u00e9e, marquant l'\u00e9mergence d'une autorit\u00e9 politique distincte dans la r\u00e9gion. Otton-Guillaume (v. 962\u20131026), membre de la dynastie des Anscarides, \u00e9tablit sa domination sur le Comt\u00e9 de Bourgogne \u2014 \u00e9galement connu sous le nom de Comt\u00e9 libre (<i>Franche-Comt\u00e9<\/i>\u2014qui se trouvait \u00e0 l\u2019\u00e9poque dans la sph\u00e8re du Saint-Empire romain germanique. Sa prise de ce titre refl\u00e9tait \u00e0 la fois son contr\u00f4le territorial et l\u2019importance croissante de la Bourgogne en tant que r\u00e9gion strat\u00e9gique entre les royaumes allemand et fran\u00e7ais.<\/p>\n<p class=\"p1\">Sa descendante B\u00e9atrice de Bourgogne (1143-1184), \u00e9galement connue sous le nom de B\u00e9atrice Ire, comtesse palatine de Bourgogne, \u00e9pousa l'empereur Fr\u00e9d\u00e9ric I Barberousse en 1156. Par ce mariage, Barberousse acquit une influence directe sur la Bourgogne, l'int\u00e9grant plus \u00e9troitement dans la structure imp\u00e9riale. Il r\u00e9organisa des parties du territoire et les \u00e9leva au rang de Palatinat.<i>Palatinat<\/i>), renfor\u00e7ant ainsi l'administration imp\u00e9riale. Leur fils, Otton Ier, h\u00e9rita de la Bourgogne de sa m\u00e8re et continua \u00e0 r\u00e9gner en tant que comte palatin, maintenant l'importance de la r\u00e9gion au sein du Saint-Empire romain germanique.<\/p>\n<p class=\"p1\">En 1208, la fille d'Otton, B\u00e9atrice II de Bourgogne, \u00e9pousa Otton Ier, duc de M\u00e9ranie, de la maison d'Andechs. Ce mariage transf\u00e9ra le contr\u00f4le de la Bourgogne \u00e0 la dynastie Andechs-M\u00e9ranie, \u00e9largissant consid\u00e9rablement leur influence en Europe centrale et dans des r\u00e9gions de l'actuelle France et des Balkans. Sous leur r\u00e8gne, la Bourgogne devint un lien politique cl\u00e9 entre diff\u00e9rents r\u00e9seaux de nobles. Cependant, la lign\u00e9e s'\u00e9teignit avec la mort d'Otton II d'Andechs-M\u00e9ranie en 1248, marquant l'extinction de la branche masculine de cette puissante maison.<\/p>\n<p class=\"p1\">Suite \u00e0 cela, le comt\u00e9 de Bourgogne passa \u00e0 sa s\u0153ur Ad\u00e9la\u00efde (Adelheid), qui avait \u00e9pous\u00e9 Hugues de Chalon de la Maison de Salins. Par cette union, le territoire tomba sous le contr\u00f4le de la famille de Salins. Leur fils, Othon IV de Bourgogne (1248-1303), r\u00e9gna sur le comt\u00e9 \u00e0 une \u00e9poque de changements d'all\u00e9geances et d'instabilit\u00e9 politique, la Bourgogne alternant entre l'influence du Saint-Empire romain germanique et du royaume de France.<\/p>\n<p class=\"p1\">Apr\u00e8s des si\u00e8cles de contr\u00f4le contest\u00e9, la Bourgogne fut finalement incorpor\u00e9e \u00e0 la France sous le r\u00e8gne de Louis XIV, le \u201c Roi-Soleil \u201d, \u00e0 la fin du XVIIe si\u00e8cle. Par des campagnes militaires et une consolidation politique, Louis XIV assura la Bourgogne \u00e0 la couronne de France, mettant fin \u00e0 son statut semi-ind\u00e9pendant de longue date et l'int\u00e9grant pleinement \u00e0 l'\u00c9tat fran\u00e7ais.<\/p>\n<\/div><\/div><\/div><\/div><\/div><\/div><\/section>","protected":false},"excerpt":{"rendered":"<p class=\"p1\">L'ancienne Comt\u00e9 de Bourgogne, connue en fran\u00e7ais sous le nom de <span class=\"s1\"><b>Franche-Comt\u00e9<\/b><\/span>, se trouve dans l'est de la France, le long de la fronti\u00e8re avec la Suisse. Il ne faut pas le confondre avec la r\u00e9gion de <span class=\"s1\"><b>Bourgogne<\/b><\/span>, qui se trouve plus \u00e0 l'ouest et poss\u00e8de une histoire diff\u00e9rente.<\/p>\n<p class=\"p1\">D\u00e8s le VIe si\u00e8cle, cette r\u00e9gion fait partie de l'Empire franc, puis du royaume de Bourgogne. Apr\u00e8s la mort du roi Rodolphe III en 1032\/1033, qui ne laisse pas d'h\u00e9ritier, le territoire passe \u00e0 l'Empire romain germanique. D\u00e8s lors, le comt\u00e9 de Bourgogne reste \u00e9troitement li\u00e9 \u00e0 l'Empire pendant plusieurs si\u00e8cles et joue un r\u00f4le important en tant que r\u00e9gion frontali\u00e8re entre les sph\u00e8res d'influence allemande et fran\u00e7aise.<\/p>","protected":false},"featured_media":55583,"template":"","meta":{"_acf_changed":false,"yasr_overall_rating":0,"yasr_post_is_review":"","yasr_auto_insert_disabled":"","yasr_review_type":"","slim_seo":{"title":"Baron de Burgund - Achetez des titres de noblesse depuis 1999","description":"L'ancienne Comt\u00e9 de Bourgogne, connue en fran\u00e7ais sous le nom de Franche-Comt\u00e9, est situ\u00e9e dans l'est de la France, le long de la fronti\u00e8re avec la Suisse. Il ne faut pas la confondre avec"}},"product_brand":[],"product_cat":[29],"product_tag":[36,60,78,77],"class_list":{"0":"post-61520","1":"product","2":"type-product","3":"status-publish","4":"has-post-thumbnail","6":"product_cat-french-noble-titles","7":"product_tag-adelstitel","8":"product_tag-baron","9":"product_tag-burgund","10":"product_tag-frankreich","12":"first","13":"instock","14":"taxable","15":"shipping-taxable","16":"purchasable","17":"product-type-variable","18":"has-default-attributes"},"acf":[],"yasr_visitor_votes":{"stars_attributes":{"read_only":false,"span_bottom":false},"number_of_votes":0,"sum_votes":0},"_links":{"self":[{"href":"https:\/\/noble-society.net\/fr\/wp-json\/wp\/v2\/product\/61520","targetHints":{"allow":["GET"]}}],"collection":[{"href":"https:\/\/noble-society.net\/fr\/wp-json\/wp\/v2\/product"}],"about":[{"href":"https:\/\/noble-society.net\/fr\/wp-json\/wp\/v2\/types\/product"}],"wp:featuredmedia":[{"embeddable":true,"href":"https:\/\/noble-society.net\/fr\/wp-json\/wp\/v2\/media\/55583"}],"wp:attachment":[{"href":"https:\/\/noble-society.net\/fr\/wp-json\/wp\/v2\/media?parent=61520"}],"wp:term":[{"taxonomy":"product_brand","embeddable":true,"href":"https:\/\/noble-society.net\/fr\/wp-json\/wp\/v2\/product_brand?post=61520"},{"taxonomy":"product_cat","embeddable":true,"href":"https:\/\/noble-society.net\/fr\/wp-json\/wp\/v2\/product_cat?post=61520"},{"taxonomy":"product_tag","embeddable":true,"href":"https:\/\/noble-society.net\/fr\/wp-json\/wp\/v2\/product_tag?post=61520"}],"curies":[{"name":"wp","href":"https:\/\/api.w.org\/{rel}","templated":true}]}}