{"id":61521,"date":"2026-03-16T20:18:15","date_gmt":"2026-03-16T18:18:15","guid":{"rendered":"https:\/\/noble-society.net\/?post_type=product&#038;p=61521"},"modified":"2026-04-08T14:46:57","modified_gmt":"2026-04-08T11:46:57","slug":"chevalier-de-boulogne","status":"publish","type":"product","link":"https:\/\/noble-society.net\/fr\/buy-nobility-titles\/chevalier-de-boulogne\/","title":{"rendered":"Chevalier de Boulogne"},"content":{"rendered":"<section class=\"l-section wpb_row height_small\"><div class=\"l-section-h i-cf\"><div class=\"g-cols vc_row via_grid cols_1 laptops-cols_inherit tablets-cols_inherit mobiles-cols_1 valign_top type_default stacking_default\"><div class=\"wpb_column vc_column_container\"><div class=\"vc_column-inner\"><div class=\"wpb_text_column\"><div class=\"wpb_wrapper\"><p class=\"p1\"><b>Chevalier de Boulogne<\/b><b><\/b><\/p>\n<p class=\"p3\">Le titre <span class=\"s1\"><b>Chevalier de Boulogne<\/b><\/span> combine tradition historique et \u00e9l\u00e9gance aristocratique fran\u00e7aise. Le terme <i>Chevalier<\/i>\u2014chevalier\u2014est originaire de la tradition chevaleresque m\u00e9di\u00e9vale et \u00e9tait largement utilis\u00e9 en France pour d\u00e9signer les membres de la petite noblesse ou les individus qui s'\u00e9taient distingu\u00e9s par leurs services, particuli\u00e8rement dans les contextes militaires ou \u00e0 la cour. Contrairement aux titres h\u00e9r\u00e9ditaires plus \u00e9lev\u00e9s, <i>Chevalier<\/i> souvent refl\u00e9t\u00e9 l'honneur, le m\u00e9rite et la distinction personnelle plut\u00f4t que le pouvoir souverain.<\/p>\n<p class=\"p3\">La d\u00e9signation <i>de Boulogne<\/i> fait r\u00e9f\u00e9rence \u00e0 la r\u00e9gion historique et \u00e0 la ville de Boulogne (notamment Boulogne-sur-Mer dans le nord de la France), un important bastion c\u00f4tier \u00e0 l'histoire riche remontant \u00e0 l'\u00e9poque romaine. Boulogne a servi de port strat\u00e9gique cl\u00e9, de porte d'entr\u00e9e entre la France et l'Angleterre, et a jou\u00e9 un r\u00f4le significatif dans le commerce m\u00e9di\u00e9val, les campagnes militaires et l'administration noble. L'ajout de <i>de Boulogne<\/i> donne une identit\u00e9 g\u00e9ographique et historique au titre, le reliant \u00e0 l'une des r\u00e9gions notables de France.<\/p>\n<p class=\"p3\">Historiquement, le nom \u201c de Boulogne \u201d a \u00e9galement \u00e9t\u00e9 associ\u00e9 \u00e0 des lignages nobles et \u00e0 des personnalit\u00e9s \u00e9minentes. L'une des personnalit\u00e9s historiques les plus remarquables li\u00e9es \u00e0 ce nom est <span class=\"s1\"><b>Joseph Bologne, Chevalier de Saint-Georges (1745\u20131799)<\/b><\/span>\u2014un compositeur c\u00e9l\u00e8bre, un virtuose du violon et un escrimeur, souvent appel\u00e9 le \u201c Mozart noir \u201d. Bien que son nom ne soit pas directement li\u00e9 \u00e0 Boulogne-sur-Mer par un titre de la m\u00eame mani\u00e8re, son nom refl\u00e8te la tradition plus large de la noblesse fran\u00e7aise qui utilisait des identifiants g\u00e9ographiques. Sa vie illustre comment le titre <i>Chevalier<\/i> pourrait \u00eatre associ\u00e9 \u00e0 la distinction, \u00e0 la culture et \u00e0 l'excellence plut\u00f4t qu'\u00e0 la simple h\u00e9r\u00e9dit\u00e9.<\/p>\n<p class=\"p3\">En tant que d\u00e9tenteur du titre <span class=\"s1\"><b>Chevalier de Boulogne<\/b><\/span>, vous perp\u00e9tuez cette tradition de raffinement, de culture et d'individualit\u00e9. Le titre \u00e9voque des images de chevalerie, d'honneur et un lien profond avec l'h\u00e9ritage fran\u00e7ais, le rendant \u00e0 la fois significatif historiquement et d'une \u00e9l\u00e9gance unique.<\/p>\n<p class=\"p3\">Avec votre titre, vous recevrez la documentation compl\u00e8te pour toute la famille. Celle-ci comprend de magnifiques certificats confirmant votre titre, ainsi qu'un blason gratuit fourni en PDF de haute qualit\u00e9. Le blason peut \u00eatre personnalis\u00e9 selon vos pr\u00e9f\u00e9rences personnelles \u2014 par exemple en termes de couleurs, de symboles ou d'\u00e9l\u00e9ments stylistiques \u2014 vous permettant de cr\u00e9er une identit\u00e9 h\u00e9raldique v\u00e9ritablement individuelle.<\/p>\n<p class=\"p3\">Tous les documents sont livr\u00e9s ensemble dans un \u00e9l\u00e9gant porte-documents, ce qui les rend id\u00e9aux pour l'affichage ou comme cadeau distingu\u00e9. De plus, vous recevrez des informations d\u00e9taill\u00e9es expliquant l'utilisation et la pr\u00e9sentation correctes de votre titre, vous assurant ainsi de pouvoir le porter avec confiance et authenticit\u00e9, tant dans un cadre priv\u00e9 que public.<\/p>\n<\/div><\/div><\/div><\/div><\/div><\/div><\/section>","protected":false},"excerpt":{"rendered":"<p class=\"p1\"><i>Chevalier<\/i> (Chevalier) est le terme utilis\u00e9 pour les guerriers lourdement arm\u00e9s et mont\u00e9s du Moyen \u00c2ge. Une classe socialement distingu\u00e9e de combattants mont\u00e9s existait d\u00e9j\u00e0 dans la Rome antique sous la forme des <i>Chevaliers<\/i>. \u00c0 partir de la fin du Moyen \u00c2ge, le terme d\u00e9signait de plus en plus un titre d'honneur sp\u00e9cifique, qui pouvait \u00eatre accord\u00e9 non seulement aux membres de la noblesse mais aussi, dans certains cas, \u00e0 des non-nobles qui s'\u00e9taient distingu\u00e9s.<\/p>","protected":false},"featured_media":55581,"template":"","meta":{"_acf_changed":false,"yasr_overall_rating":0,"yasr_post_is_review":"","yasr_auto_insert_disabled":"","yasr_review_type":"","slim_seo":{"title":"Chevalier de Boulogne - Acheter des titres de noblesse depuis 1999","description":"Chevalier (Knight) est le terme utilis\u00e9 pour d\u00e9signer les guerriers mont\u00e9s lourdement arm\u00e9s du Moyen \u00c2ge. Une classe socialement distingu\u00e9e de combattants mont\u00e9s existait d\u00e9j\u00e0"}},"product_brand":[],"product_cat":[29],"product_tag":[36,80,79,77],"class_list":{"0":"post-61521","1":"product","2":"type-product","3":"status-publish","4":"has-post-thumbnail","6":"product_cat-french-noble-titles","7":"product_tag-adelstitel","8":"product_tag-boulogne","9":"product_tag-duc","10":"product_tag-frankreich","12":"first","13":"instock","14":"taxable","15":"shipping-taxable","16":"purchasable","17":"product-type-variable","18":"has-default-attributes"},"acf":[],"yasr_visitor_votes":{"stars_attributes":{"read_only":false,"span_bottom":false},"number_of_votes":0,"sum_votes":0},"_links":{"self":[{"href":"https:\/\/noble-society.net\/fr\/wp-json\/wp\/v2\/product\/61521","targetHints":{"allow":["GET"]}}],"collection":[{"href":"https:\/\/noble-society.net\/fr\/wp-json\/wp\/v2\/product"}],"about":[{"href":"https:\/\/noble-society.net\/fr\/wp-json\/wp\/v2\/types\/product"}],"wp:featuredmedia":[{"embeddable":true,"href":"https:\/\/noble-society.net\/fr\/wp-json\/wp\/v2\/media\/55581"}],"wp:attachment":[{"href":"https:\/\/noble-society.net\/fr\/wp-json\/wp\/v2\/media?parent=61521"}],"wp:term":[{"taxonomy":"product_brand","embeddable":true,"href":"https:\/\/noble-society.net\/fr\/wp-json\/wp\/v2\/product_brand?post=61521"},{"taxonomy":"product_cat","embeddable":true,"href":"https:\/\/noble-society.net\/fr\/wp-json\/wp\/v2\/product_cat?post=61521"},{"taxonomy":"product_tag","embeddable":true,"href":"https:\/\/noble-society.net\/fr\/wp-json\/wp\/v2\/product_tag?post=61521"}],"curies":[{"name":"wp","href":"https:\/\/api.w.org\/{rel}","templated":true}]}}