{"id":61522,"date":"2026-03-16T20:18:15","date_gmt":"2026-03-16T18:18:15","guid":{"rendered":"https:\/\/noble-society.net\/?post_type=product&#038;p=61522"},"modified":"2026-04-08T14:46:39","modified_gmt":"2026-04-08T11:46:39","slug":"marquis-de-bourbon","status":"publish","type":"product","link":"https:\/\/noble-society.net\/fr\/buy-nobility-titles\/marquis-de-bourbon\/","title":{"rendered":"Marquis de Bourbon"},"content":{"rendered":"<section class=\"l-section wpb_row height_small\"><div class=\"l-section-h i-cf\"><div class=\"g-cols vc_row via_grid cols_1 laptops-cols_inherit tablets-cols_inherit mobiles-cols_1 valign_top type_default stacking_default\"><div class=\"wpb_column vc_column_container\"><div class=\"vc_column-inner\"><div class=\"wpb_text_column\"><div class=\"wpb_wrapper\"><p class=\"p1\"><b>Marquis<\/b><b><\/b><\/p>\n<p class=\"p3\">Pour remplir leurs fonctions, les margraves recevaient des territoires frontaliers directement du roi ou de l'empereur en fief. Par rapport aux comtes ordinaires, les margraves d\u00e9tenaient des pouvoirs \u00e9tendus : ils commandaient la lev\u00e9e militaire (<i>Bannissement<\/i>et exer\u00e7aient la haute juridiction. Ils \u00e9taient autoris\u00e9s \u00e0 construire des fortifications et \u00e9taient soutenus par un plus grand nombre de vassaux francs. Ces privil\u00e8ges leur conf\u00e9raient une ind\u00e9pendance et une autorit\u00e9 consid\u00e9rables en tant que dirigeants de r\u00e9gions frontali\u00e8res importantes, souvent comparables \u00e0 celles des grands ducs tribaux. Dans tout le royaume franc, des agriculteurs capables \u00e9taient encourag\u00e9s \u00e0 s'installer dans ces zones frontali\u00e8res, permettant aux margraves de certaines r\u00e9gions de lever leurs propres forces consid\u00e9rables. Ils exer\u00e7aient une haute autorit\u00e9 judiciaire sans n\u00e9cessiter d'autorisation distincte du roi, ce qui en faisait des figures cl\u00e9s dans le maintien de l'ordre et de la d\u00e9fense le long des fronti\u00e8res.<\/p>\n<p class=\"p1\"><b>La Maison de Bourbon<\/b><b><\/b><\/p>\n<p class=\"p3\">La Maison de Bourbon est une branche cadette de la dynastie royale fran\u00e7aise des Cap\u00e9tiens, descendant du plus jeune fils du roi Louis IX de France (Saint Louis). En fin de compte, Hugues Capet, fondateur de la lign\u00e9e cap\u00e9tienne, est \u00e9galement l'anc\u00eatre des Bourbons. Cette filiation s'est refl\u00e9t\u00e9e lors de la R\u00e9volution fran\u00e7aise, lorsque le roi Louis XVI a \u00e9t\u00e9 d\u00e9sign\u00e9 devant la Convention nationale en 1792 sous le nom civil de \u201c Louis Capet \u201d.\u201d<\/p>\n<p class=\"p3\">Aujourd'hui, les Bourbons sont les derniers descendants survivants en lign\u00e9e masculine de la dynastie cap\u00e9tienne. Il s'agit de la lign\u00e9e espagnole des Bourbons-Anjou, avec ses branches des Bourbons-Siciles et des Bourbons-Parme, ainsi que de la lign\u00e9e des Bourbons-Orl\u00e9ans avec sa branche br\u00e9silienne, la Maison d'Orl\u00e9ans-Bragance. Les Bourbons sont consid\u00e9r\u00e9s comme la plus ancienne dynastie royale encore existante en Europe, puisque toutes les autres branches cap\u00e9tiennes \u2013 telles que la Maison de Valois, la Maison d'Artois ou la Maison d'\u00c9vreux \u2013 se sont \u00e9teintes en lign\u00e9e masculine. L'ancienne maison royale portugaise de Bragance descend \u00e9galement des Cap\u00e9tiens, bien que par une branche ill\u00e9gitime de l'ancienne Maison de Bourgogne.<\/p>\n<p class=\"p1\"><b>Bourbon-l'Archambault<\/b><b><\/b><\/p>\n<p class=\"p3\">Le nom de la dynastie provient du ch\u00e2teau de Bourbon (Bourbon-l\u2019Archambault), qui remonte \u00e0 l\u2019\u00e9poque carolingienne. Durant le haut Moyen \u00c2ge, ce ch\u00e2teau fut le si\u00e8ge d\u2019une famille noble qui \u00e9tablit sa domination sur la r\u00e9gion environnante. Le territoire qui en a r\u00e9sult\u00e9, connu sous le nom de Bourbonnais, revint \u00e0 B\u00e9atrice de Bourgogne par h\u00e9ritage. B\u00e9atrice, elle-m\u00eame membre de la Maison cap\u00e9tienne de Bourgogne, \u00e9pousa le prince Robert en 1272, pla\u00e7ant ainsi le Bourbonnais en sa possession.<\/p>\n<p class=\"p3\">Le nom de famille lui-m\u00eame est le r\u00e9sultat d'une transaction effectu\u00e9e par leur fils, Louis de Clermont. En 1327, il \u00e9changea son h\u00e9ritage paternel, le Comt\u00e9 de Clermont, avec le roi Charles IV \u201cle Bel\u201d contre le Comt\u00e9 de la Marche. \u00c0 cette occasion, le roi \u00e9leva la Seigneurie de Bourbon au rang de duch\u00e9 et lui accorda la dignit\u00e9 h\u00e9r\u00e9ditaire de pairie<i>p\u00e9ri\u00e2t<\/i>. \u00c0 l'\u00e9poque, c'\u00e9tait un d\u00e9veloppement unique, car auparavant seules les duch\u00e9s traditionnels bas\u00e9s sur les r\u00e9gions ethniques existaient en France. Le Bourbonnais devint ainsi la possession principale du duc Louis Ier et de ses descendants, qui d\u00e8s lors adopt\u00e8rent le nom \u201c de Bourbon \u201d.\u201d<\/p>\n<\/div><\/div><\/div><\/div><\/div><\/div><\/section>","protected":false},"excerpt":{"rendered":"<p class=\"p1\">Les formes de civilit\u00e9 correctes pour ce titre incluent <i>(Sa) Majest\u00e9<\/i>, <i>Altesse sereine<\/i>, et <i>Illustrissime Altesse<\/i>, refl\u00e9tant le prestige et l'\u00e9l\u00e9gance associ\u00e9s au rang noble. Le titre masculin est <span class=\"s1\"><b>Marquis<\/b><\/span>, tandis que l'\u00e9quivalent f\u00e9minin est <span class=\"s1\"><b>Marquise<\/b><\/span>. Au sein de la famille, le fils porte de m\u00eame le titre <span class=\"s1\"><b>Marquis<\/b><\/span>, et la fille est appel\u00e9e <span class=\"s1\"><b>Marquise<\/b><\/span>, conservant ainsi la noble d\u00e9signation \u00e0 travers les g\u00e9n\u00e9rations. La prononciation suit le style fran\u00e7ais traditionnel, conf\u00e9rant aux titres leur sonorit\u00e9 distinctive et raffin\u00e9e.<\/p>","protected":false},"featured_media":55582,"template":"","meta":{"_acf_changed":false,"yasr_overall_rating":0,"yasr_post_is_review":"","yasr_auto_insert_disabled":"","yasr_review_type":"","slim_seo":{"title":"Marquis de Bourbon - Achetez des titres de noblesse depuis 1999","description":"Les formes de civilit\u00e9 correctes pour ce titre incluent Votre Altesse (Royale), Votre S\u00e9r\u00e9nit\u00e9, et Votre Altesse Illustrissime, refl\u00e9tant le prestige et l'\u00e9l\u00e9gance associ\u00e9s"}},"product_brand":[],"product_cat":[29],"product_tag":[83,82,81],"class_list":{"0":"post-61522","1":"product","2":"type-product","3":"status-publish","4":"has-post-thumbnail","6":"product_cat-french-noble-titles","7":"product_tag-bourbon","8":"product_tag-marchioness","9":"product_tag-marquis","11":"first","12":"instock","13":"taxable","14":"shipping-taxable","15":"purchasable","16":"product-type-variable","17":"has-default-attributes"},"acf":[],"yasr_visitor_votes":{"stars_attributes":{"read_only":false,"span_bottom":false},"number_of_votes":0,"sum_votes":0},"_links":{"self":[{"href":"https:\/\/noble-society.net\/fr\/wp-json\/wp\/v2\/product\/61522","targetHints":{"allow":["GET"]}}],"collection":[{"href":"https:\/\/noble-society.net\/fr\/wp-json\/wp\/v2\/product"}],"about":[{"href":"https:\/\/noble-society.net\/fr\/wp-json\/wp\/v2\/types\/product"}],"wp:featuredmedia":[{"embeddable":true,"href":"https:\/\/noble-society.net\/fr\/wp-json\/wp\/v2\/media\/55582"}],"wp:attachment":[{"href":"https:\/\/noble-society.net\/fr\/wp-json\/wp\/v2\/media?parent=61522"}],"wp:term":[{"taxonomy":"product_brand","embeddable":true,"href":"https:\/\/noble-society.net\/fr\/wp-json\/wp\/v2\/product_brand?post=61522"},{"taxonomy":"product_cat","embeddable":true,"href":"https:\/\/noble-society.net\/fr\/wp-json\/wp\/v2\/product_cat?post=61522"},{"taxonomy":"product_tag","embeddable":true,"href":"https:\/\/noble-society.net\/fr\/wp-json\/wp\/v2\/product_tag?post=61522"}],"curies":[{"name":"wp","href":"https:\/\/api.w.org\/{rel}","templated":true}]}}