{"id":61523,"date":"2026-03-16T20:18:15","date_gmt":"2026-03-16T18:18:15","guid":{"rendered":"https:\/\/noble-society.net\/?post_type=product&#038;p=61523"},"modified":"2026-03-31T19:15:36","modified_gmt":"2026-03-31T16:15:36","slug":"chevalier-de-lordre-de-minerve","status":"publish","type":"product","link":"https:\/\/noble-society.net\/fr\/buy-nobility-titles\/knight-of-the-order-of-minerva\/","title":{"rendered":"Chevalier de l'Ordre de Minerve,"},"content":{"rendered":"<section class=\"l-section wpb_row height_small\"><div class=\"l-section-h i-cf\"><div class=\"g-cols vc_row via_grid cols_1 laptops-cols_inherit tablets-cols_inherit mobiles-cols_1 valign_top type_default stacking_default\"><div class=\"wpb_column vc_column_container\"><div class=\"vc_column-inner\"><div class=\"wpb_text_column\"><div class=\"wpb_wrapper\"><p class=\"p1\">En tant que <strong>Chevalier de l'Ordre de Minerve,<\/strong> vous recevez un nom d'ordre officiel que vous pouvez porter publiquement \u00e0 partir de ce moment. Ce nom d'ordre peut \u00eatre utilis\u00e9 dans toutes les occasions souhait\u00e9es - sur vos cartes de visite personnelles, vos en-t\u00eates de lettres, vos plaques nominatives ou m\u00eame lors de la signature de contrats. Sous certaines conditions, il est \u00e9galement possible de faire inscrire votre nom de chevalier sur des documents d'identit\u00e9 officiels. Le nom de l'ordre peut \u00eatre choisi librement : il peut s'agir simplement de votre propre nom pr\u00e9c\u00e9d\u00e9 du titre \u201cChevalier\u201d, par exemple \u201cChevalier Peter Meyer\u201d, ou vous pouvez choisir un nom plus cr\u00e9atif tel que \u201cChevalier Peter de Holstein\u201d. Il n'y a pas de limites \u00e0 votre imagination lorsque vous choisissez votre nom, ce qui vous permet de cr\u00e9er une identit\u00e9 vraiment unique.<\/p>\n<p class=\"p1\">En choisissant de rejoindre l'Ordre de Minerve en tant que Chevalier, vous n'acceptez aucune obligation permanente. Il n'y a pas de frais d'adh\u00e9sion ni de co\u00fbts r\u00e9currents, ce qui vous permet de jouir de votre titre librement et sans engagement.<\/p>\n<p class=\"p1\">Historiquement, les chevaliers appartenaient \u00e0 une classe respect\u00e9e de la petite noblesse et \u00e9taient consid\u00e9r\u00e9s comme des h\u00e9ros. Le concept de chevalerie est n\u00e9 en Europe occidentale, particuli\u00e8rement en France, avant de s'\u00e9tendre \u00e0 l'Allemagne et au-del\u00e0. Les id\u00e9aux d'un chevalier comprenaient la discipline, la mod\u00e9ration, la loyaut\u00e9 et l'honneur dans tous les aspects de la vie. Les chevaliers \u00e9taient \u00e9troitement associ\u00e9s aux cours royales, ce qui a \u00e9galement donn\u00e9 naissance \u00e0 la tradition de l'amour courtois, connue sous le nom de <i>Minne<\/i>. Une grande partie de ce monde chevaleresque a \u00e9t\u00e9 pr\u00e9serv\u00e9e par la po\u00e9sie et les chansons m\u00e9di\u00e9vales. Le chevalier devait rester fid\u00e8le \u00e0 son seigneur, prot\u00e9ger les veuves, les orphelins et les personnes vuln\u00e9rables, et vivre selon des valeurs morales fortes et souvent chr\u00e9tiennes. Leur vie quotidienne impliquait un entra\u00eenement continu au maniement des armes et une pr\u00e9paration au combat.<\/p>\n<p class=\"p1\">Au fil du temps, la chevalerie est devenue de plus en plus formelle. \u00c0 la fin du Moyen \u00c2ge, seules les personnes dont la noblesse \u00e9tait av\u00e9r\u00e9e pouvaient \u00eatre nomm\u00e9es chevaliers. Les hommes \u00e9taient officiellement \u00e9lev\u00e9s au rang de chevalier par un noble souverain de haut rang, une tradition qui existe encore aujourd'hui sous une forme modifi\u00e9e. Par exemple, Elton John a \u00e9t\u00e9 fait chevalier par la reine \u00c9lisabeth II en 1998. En Allemagne, il existe encore des ordres de chevalerie historiques, tels que l'Ordre catholique romain de Malte et l'Ordre de Saint-Jean. Un autre ordre s'inscrivant dans cette tradition est l'Ordre de Minerve.<\/p>\n<p class=\"p1\">Le nom de l'Ordre de Minerve fait r\u00e9f\u00e9rence \u00e0 la d\u00e9esse romaine Minerve, qui fut \u00e0 l'origine consid\u00e9r\u00e9e comme la protectrice des artisans et des m\u00e9tiers. Plus tard, elle fut associ\u00e9e \u00e0 la d\u00e9esse grecque Ath\u00e9na, devenant la patronne des po\u00e8tes, des enseignants et des \u00e9rudits. Au fil du temps, Minerve en vint \u00e0 symboliser la sagesse, l'art et la garde du savoir. L'Ordre de Minerve est une communaut\u00e9 non religieuse dont les membres recherchent la connaissance et la sagesse sous sa direction symbolique. Ce qui rend cet ordre unique, c'est que n'importe qui peut adopter le titre de Chevalier et faire partie de cette tradition. Les femmes, bien que n'\u00e9tant pas officiellement titr\u00e9es \u201cChevalier\u201d, sont traditionnellement d\u00e9sign\u00e9es comme \u201cDames\u201d dans l'esprit des ordres de chevalerie m\u00e9di\u00e9vaux.<\/p>\n<\/div><\/div><\/div><\/div><\/div><\/div><\/section>","protected":false},"excerpt":{"rendered":"<p class=\"p1\">Devenez un Chevalier de l'Ordre de Minerve et rejoignez une communaut\u00e9 distingu\u00e9e d\u00e9di\u00e9e \u00e0 la connaissance, au caract\u00e8re et aux valeurs intemporelles. En tant que Chevalier, vous portez un titre prestigieux qui refl\u00e8te l'individualit\u00e9, la dignit\u00e9 et une connexion \u00e0 une tradition inspir\u00e9e par la sagesse et l'excellence personnelle.<\/p>\n<p class=\"p1\">Votre adh\u00e9sion est accord\u00e9e \u00e0 vie et n'entra\u00eene aucun frais ni obligation suppl\u00e9mentaire, vous permettant ainsi de profiter de votre titre librement et sans engagement. Vous recevrez un magnifique certificat de nomination en tant que Chevalier, con\u00e7u dans un style \u00e9l\u00e9gant et historique, ainsi qu'une carte d'identit\u00e9 exclusive en argent \u00e0 l'effigie de votre nom, de votre titre, et de vos armoiries. Ensemble, ces \u00e9l\u00e9ments forment un ensemble de haute qualit\u00e9 et impressionnant qui repr\u00e9sente parfaitement votre nouveau statut et vous permet de pr\u00e9senter votre titre avec fiert\u00e9 et distinction.<\/p>","protected":false},"featured_media":55707,"template":"","meta":{"_acf_changed":false,"yasr_overall_rating":0,"yasr_post_is_review":"","yasr_auto_insert_disabled":"","yasr_review_type":"","slim_seo":{"title":"Chevalier de l'Ordre de Minerve, - Achetez des titres de noblesse depuis 1999","description":"Devenez Chevalier de l'Ordre de Minerve et rejoignez une communaut\u00e9 distingu\u00e9e d\u00e9di\u00e9e \u00e0 la connaissance, au caract\u00e8re et aux valeurs intemporelles. En tant que Chevalier, vous portez une pres"}},"product_brand":[],"product_cat":[31],"product_tag":[88,89,90,91],"class_list":{"0":"post-61523","1":"product","2":"type-product","3":"status-publish","4":"has-post-thumbnail","6":"product_cat-order-of-minerva","7":"product_tag-dame","8":"product_tag-dame-titel","9":"product_tag-ritter","10":"product_tag-rittertitel","12":"first","13":"instock","14":"taxable","15":"shipping-taxable","16":"purchasable","17":"product-type-variable","18":"has-default-attributes"},"acf":[],"yasr_visitor_votes":{"stars_attributes":{"read_only":false,"span_bottom":false},"number_of_votes":0,"sum_votes":0},"_links":{"self":[{"href":"https:\/\/noble-society.net\/fr\/wp-json\/wp\/v2\/product\/61523","targetHints":{"allow":["GET"]}}],"collection":[{"href":"https:\/\/noble-society.net\/fr\/wp-json\/wp\/v2\/product"}],"about":[{"href":"https:\/\/noble-society.net\/fr\/wp-json\/wp\/v2\/types\/product"}],"wp:featuredmedia":[{"embeddable":true,"href":"https:\/\/noble-society.net\/fr\/wp-json\/wp\/v2\/media\/55707"}],"wp:attachment":[{"href":"https:\/\/noble-society.net\/fr\/wp-json\/wp\/v2\/media?parent=61523"}],"wp:term":[{"taxonomy":"product_brand","embeddable":true,"href":"https:\/\/noble-society.net\/fr\/wp-json\/wp\/v2\/product_brand?post=61523"},{"taxonomy":"product_cat","embeddable":true,"href":"https:\/\/noble-society.net\/fr\/wp-json\/wp\/v2\/product_cat?post=61523"},{"taxonomy":"product_tag","embeddable":true,"href":"https:\/\/noble-society.net\/fr\/wp-json\/wp\/v2\/product_tag?post=61523"}],"curies":[{"name":"wp","href":"https:\/\/api.w.org\/{rel}","templated":true}]}}