{"id":61524,"date":"2026-03-16T20:18:15","date_gmt":"2026-03-16T18:18:15","guid":{"rendered":"https:\/\/noble-society.net\/?post_type=product&#038;p=61524"},"modified":"2026-04-08T14:45:16","modified_gmt":"2026-04-08T11:45:16","slug":"consul-de-lordre-de-minerve","status":"publish","type":"product","link":"https:\/\/noble-society.net\/fr\/buy-nobility-titles\/consul-of-the-order-of-minerva\/","title":{"rendered":"Consul de l'Ordre de Minerve"},"content":{"rendered":"<section class=\"l-section wpb_row height_small\"><div class=\"l-section-h i-cf\"><div class=\"g-cols vc_row via_grid cols_1 laptops-cols_inherit tablets-cols_inherit mobiles-cols_1 valign_top type_default stacking_default\"><div class=\"wpb_column vc_column_container\"><div class=\"vc_column-inner\"><div class=\"wpb_text_column\"><div class=\"wpb_wrapper\"><p class=\"p1\"><b>Qu'est-ce que vous recevrez ?<\/b><b><\/b><\/p>\n<p class=\"p3\">Tout d'abord, vous devenez membre de l'Ordre de Minerve et avez le droit d'utiliser votre nom de l'Ordre \u00e0 partir de maintenant. Que ce soit sur papier \u00e0 en-t\u00eate, cartes de visite, ou m\u00eame une plaque nominative chez vous, le titre de Consul peut \u00eatre utilis\u00e9 dans le cadre de votre d\u00e9signation officielle. En tant que Consul, vous \u00eates \u00e9galement autoris\u00e9 \u00e0 admettre de nouveaux membres \u00e0 l'Ordre. Vous pouvez d\u00e9terminer et percevoir les frais d'admission \u00e0 votre discr\u00e9tion. Ensuite, vous nous soumettez les d\u00e9tails du nouveau membre, et nous vous fournirons les documents officiels et le certificat de nomination. Pour chaque nouveau membre, des frais administratifs uniques de $25 nous sont factur\u00e9s. En tant que Consul, vous \u00eates cens\u00e9 n'admettre que des individus qui adh\u00e8rent aux principes de l'Ordre. Veuillez noter que le titre \u201c Consul \u201d ne peut \u00eatre utilis\u00e9 qu'en relation avec l'Ordre. Son utilisation incorrecte, telle que \u201c Consul Peter Meyer \u201d, n'est pas autoris\u00e9e et peut m\u00eame avoir des implications juridiques. La forme correcte et compl\u00e8te est :<\/p>\n<p class=\"p1\"><b>Peter Meyer \u2013 Consul de l'Ordre de Minerve<\/b><b><\/b><\/p>\n<p class=\"p3\">En tant que Consul, vous recevrez le droit d'admettre de nouveaux membres, une carte d'identit\u00e9 dor\u00e9e exclusive \u00e0 votre nom, titre et armoiries, ainsi qu'un tampon personnalis\u00e9 portant votre nom, titre et armoiries.<\/p>\n<p class=\"p3\">Le terme \u201c Consul \u201d est originaire de la Rome antique, o\u00f9 il d\u00e9signait le fonctionnaire de l'\u00c9tat le plus haut plac\u00e9. Un consul agissait \u00e0 la fois comme conseiller et comme repr\u00e9sentant, servant son \u00c9tat par le conseil, la diplomatie et la culture des relations. En ce sens, un Consul est un ambassadeur qui repr\u00e9sente et promeut son \u00c9tat \u2013 ou en l'occurrence, l'Ordre \u2013 par une action r\u00e9fl\u00e9chie et sage.<\/p>\n<p class=\"p3\">L'ancienne d\u00e9esse Minerve, figure directrice de l'Ordre, \u00e9tait \u00e0 l'origine la divinit\u00e9 protectrice du peuple commun, des artisans et des marins. Apr\u00e8s avoir \u00e9t\u00e9 associ\u00e9e \u00e0 la d\u00e9esse grecque Ath\u00e9na, elle devint aussi la protectrice des arts et des \u00e9rudits. Elle incarne l'id\u00e9al de dignit\u00e9 et de sagesse avec lequel vous \u00eates invit\u00e9 \u00e0 porter ce titre prestigieux.<\/p>\n<p class=\"p3\">Devenir membre est simple : apr\u00e8s avoir saisi votre nom, ou le nom de la personne qui recevra le certificat en cadeau, vous choisissez un nom de commanderie que vous aimeriez porter. Il peut s'agir de votre vrai nom ou de tout nom cr\u00e9atif de votre choix. Par cette \u00e9tape, vous devenez membre de l'Ordre de Minerve.<\/p>\n<p class=\"p3\">Il est important de savoir que votre adh\u00e9sion n'entra\u00eene aucune obligation ni aucun co\u00fbt r\u00e9current. Il n'y a pas de frais d'adh\u00e9sion p\u00e9riodiques, pas de r\u00e9unions obligatoires et aucune exigence \u00e0 remplir. Vous \u00eates libre de rester membre passif et de simplement profiter de votre titre honorifique. Il convient \u00e9galement de noter qu'il ne s'agit pas d'un titre acad\u00e9mique ; cependant, vous pouvez l'utiliser officiellement sur papier \u00e0 en-t\u00eate, cartes de visite et m\u00eame comme nom de commande figurant sur des documents d'identit\u00e9.<\/p>\n<p class=\"p3\">Votre certificat de nomination de haute qualit\u00e9 vous sera livr\u00e9 d\u00e9j\u00e0 encadr\u00e9. Les statuts et r\u00e8glements de l'Ordre sont fournis dans un plumier s\u00e9par\u00e9. De plus, vous recevrez 50 cartes de visite arborant le nom de votre ordre et vos armoiries, vous permettant d'utiliser imm\u00e9diatement votre nouveau titre. Sous certaines conditions, il est \u00e9galement possible de faire enregistrer votre titre dans vos documents d'identit\u00e9. Nous vous fournirons des informations d\u00e9taill\u00e9es sur la mani\u00e8re dont cela peut \u00eatre organis\u00e9.<\/p>\n<\/div><\/div><\/div><\/div><\/div><\/div><\/section>","protected":false},"excerpt":{"rendered":"<p class=\"p1\">Devenez Consul de l'Ordre de Minerve et assumez l'un des r\u00f4les les plus distingu\u00e9s au sein de cette honorable communaut\u00e9 d\u00e9di\u00e9e \u00e0 la connaissance, aux valeurs et \u00e0 l'excellence personnelle. En tant que Consul, vous portez non seulement un titre prestigieux, mais vous repr\u00e9sentez \u00e9galement les principes de l'Ordre et b\u00e9n\u00e9ficiez du privil\u00e8ge unique d'admettre de nouveaux membres, fa\u00e7onnant et d\u00e9veloppant activement ce cercle exclusif.<\/p>\n<p class=\"p1\">Votre adh\u00e9sion comprend un magnifique certificat de nomination confirmant votre statut de Consul, pr\u00e9sent\u00e9 en anglais et con\u00e7u dans un style \u00e9l\u00e9gant et historique. De plus, vous recevrez une carte d'identit\u00e9 dor\u00e9e premium \u00e0 l'effigie de votre nom, de votre titre et de vos armoiries, ainsi qu'un cachet personnalis\u00e9 portant les m\u00eames d\u00e9tails. L'ensemble de ces \u00e9l\u00e9ments cr\u00e9e un ensemble impressionnant et de haute qualit\u00e9 qui refl\u00e8te votre position \u00e9lev\u00e9e et vous permet de pr\u00e9senter votre titre avec distinction et fiert\u00e9.<\/p>","protected":false},"featured_media":55706,"template":"","meta":{"_acf_changed":false,"yasr_overall_rating":0,"yasr_post_is_review":"","yasr_auto_insert_disabled":"","yasr_review_type":"","slim_seo":{"title":"Consul de l'Ordre de Minerve - Achat de Titres de Noblesse depuis 1999","description":"Devenez Consul de l'Ordre de Minerve et assumez l'un des r\u00f4les les plus distingu\u00e9s au sein de cette honorable communaut\u00e9 d\u00e9di\u00e9e \u00e0 la connaissance, aux valeurs et \u00e0 la pers\u00e9v\u00e9rance."}},"product_brand":[],"product_cat":[31],"product_tag":[93,94,92],"class_list":{"0":"post-61524","1":"product","2":"type-product","3":"status-publish","4":"has-post-thumbnail","6":"product_cat-order-of-minerva","7":"product_tag-konsul","8":"product_tag-konsultitel","9":"product_tag-minerva","11":"first","12":"instock","13":"taxable","14":"shipping-taxable","15":"purchasable","16":"product-type-variable","17":"has-default-attributes"},"acf":[],"yasr_visitor_votes":{"stars_attributes":{"read_only":false,"span_bottom":false},"number_of_votes":0,"sum_votes":0},"_links":{"self":[{"href":"https:\/\/noble-society.net\/fr\/wp-json\/wp\/v2\/product\/61524","targetHints":{"allow":["GET"]}}],"collection":[{"href":"https:\/\/noble-society.net\/fr\/wp-json\/wp\/v2\/product"}],"about":[{"href":"https:\/\/noble-society.net\/fr\/wp-json\/wp\/v2\/types\/product"}],"wp:featuredmedia":[{"embeddable":true,"href":"https:\/\/noble-society.net\/fr\/wp-json\/wp\/v2\/media\/55706"}],"wp:attachment":[{"href":"https:\/\/noble-society.net\/fr\/wp-json\/wp\/v2\/media?parent=61524"}],"wp:term":[{"taxonomy":"product_brand","embeddable":true,"href":"https:\/\/noble-society.net\/fr\/wp-json\/wp\/v2\/product_brand?post=61524"},{"taxonomy":"product_cat","embeddable":true,"href":"https:\/\/noble-society.net\/fr\/wp-json\/wp\/v2\/product_cat?post=61524"},{"taxonomy":"product_tag","embeddable":true,"href":"https:\/\/noble-society.net\/fr\/wp-json\/wp\/v2\/product_tag?post=61524"}],"curies":[{"name":"wp","href":"https:\/\/api.w.org\/{rel}","templated":true}]}}