{"id":61525,"date":"2026-03-16T20:18:15","date_gmt":"2026-03-16T18:18:15","guid":{"rendered":"https:\/\/noble-society.net\/?post_type=product&#038;p=61525"},"modified":"2026-04-08T14:44:54","modified_gmt":"2026-04-08T11:44:54","slug":"senateur-ordre-de-minerve","status":"publish","type":"product","link":"https:\/\/noble-society.net\/fr\/buy-nobility-titles\/senator-order-of-minerva\/","title":{"rendered":"S\u00e9nateur Ordre de Minerve"},"content":{"rendered":"<section class=\"l-section wpb_row height_small\"><div class=\"l-section-h i-cf\"><div class=\"g-cols vc_row via_grid cols_1 laptops-cols_inherit tablets-cols_inherit mobiles-cols_1 valign_top type_default stacking_default\"><div class=\"wpb_column vc_column_container\"><div class=\"vc_column-inner\"><div class=\"wpb_text_column\"><div class=\"wpb_wrapper\"><p class=\"p1\"><b>Quels privil\u00e8ges b\u00e9n\u00e9ficiez-vous en tant que S\u00e9nateur ou Dame au sein de l'Ordre de Minerve ?<\/b><b><\/b><\/p>\n<p class=\"p3\">Tout d'abord, en recevant le titre de s\u00e9nateur, vous devenez membre de l'Ordre de Minerve et avez le droit d'utiliser officiellement le nom de votre ordre. Que ce soit sur du papier \u00e0 en-t\u00eate, des cartes de visite ou m\u00eame une plaque \u00e0 votre domicile, le titre de s\u00e9nateur peut \u00eatre utilis\u00e9 comme partie de votre nom officiel. Il est \u00e9galement possible, dans certains cas, d'enregistrer le nom de l'ordre dans des documents d'identit\u00e9 ou d'autres documents officiels. Toutefois, le nom de l'ordre doit toujours \u00eatre utilis\u00e9 en relation avec l'ordre. Par exemple, \u201cS\u00e9nateur Peter Meyer\u201d seul n'est pas autoris\u00e9 et pourrait m\u00eame poser des probl\u00e8mes juridiques. Veuillez toujours utiliser votre titre sous sa forme correcte :<\/p>\n<p class=\"p1\"><b>Peter Meyer \u2013 S\u00e9nateur de l'Ordre de Minerve<\/b><b><\/b><\/p>\n<p class=\"p1\"><b>Comment le titre de S\u00e9nateur de l'Ordre de Minerve est-il accord\u00e9 ?<\/b><b><\/b><\/p>\n<p class=\"p3\">Tout d'abord, vous choisissez le nom de votre Ordre souhait\u00e9. Vous pouvez simplement utiliser votre nom actuel, auquel vous ajouterez le titre de \u201c S\u00e9nateur \u201d, ou vous pouvez cr\u00e9er un nom d'Ordre unique et personnalis\u00e9. Une fois s\u00e9lectionn\u00e9, vous recevrez un certificat de nomination magnifiquement con\u00e7u dans un style historique, accompagn\u00e9 d'informations d\u00e9taill\u00e9es sur l'Ordre de Minerve et le titre de S\u00e9nateur en tant que nom d'Ordre. Il sera peut-\u00eatre \u00e9galement possible d'inscrire votre nom d'Ordre dans des documents d'identification officiels, bien que cela ne puisse \u00eatre garanti, car il n'existe aucun droit l\u00e9gal \u00e0 une telle inscription.<\/p>\n<p class=\"p3\">Vous devez saisir votre vrai nom \u2014 ou le nom de la personne \u00e0 qui vous souhaitez offrir le titre \u2014 dans le champ d\u00e9sign\u00e9, ainsi que le nom de votre commande. Les deux noms figureront alors sur le certificat officiel.<\/p>\n<p class=\"p1\"><b>Que signifie le titre de \u201c s\u00e9nateur \u201d ?<\/b><b><\/b><\/p>\n<p class=\"p3\">Historiquement, le S\u00e9nat dans le Saint-Empire romain germanique servait de haut conseil consultatif, dont les membres \u00e9taient connus sous le nom de s\u00e9nateurs. Leur r\u00f4le officiel \u00e9tait de conseiller le souverain, bien qu'il soit largement reconnu que le S\u00e9nat fonctionnait souvent comme une structure de pouvoir centrale au sein de l'empire. Les s\u00e9nateurs \u00e9taient g\u00e9n\u00e9ralement d'origine noble, bien que certains citoyens ordinaires puissent \u00e9galement occuper des postes, g\u00e9n\u00e9ralement dans des r\u00f4les de rang inf\u00e9rieur au sein du S\u00e9nat.<\/p>\n<\/div><\/div><\/div><\/div><\/div><\/div><\/section>","protected":false},"excerpt":{"rendered":"<p class=\"p1\">Devenez S\u00e9nateur ou S\u00e9natrice au sein de l'Ordre de Minerve et prenez place dans une communaut\u00e9 distingu\u00e9e et honorable d\u00e9di\u00e9e \u00e0 la connaissance, aux valeurs et \u00e0 l'excellence personnelle. En tant que membre de l'Ordre de Minerve, vous porterez un titre prestigieux qui refl\u00e8te l'\u00e9ducation, le caract\u00e8re et l'individualit\u00e9, vous permettant de vous pr\u00e9senter d'une mani\u00e8re v\u00e9ritablement unique et distingu\u00e9e.<\/p>\n<p class=\"p1\">Votre adh\u00e9sion comprend un magnifique certificat de nomination en tant que S\u00e9nateur, con\u00e7u dans un style \u00e9l\u00e9gant et historique, ainsi qu'une carte d'identit\u00e9 exclusive dor\u00e9e \u00e0 votre nom, titre et armoiries. Ensemble, ces \u00e9l\u00e9ments forment un ensemble impressionnant et de haute qualit\u00e9 qui repr\u00e9sente parfaitement votre nouveau statut et rend votre appartenance \u00e0 l'Ordre de Minerve \u00e0 la fois visible et m\u00e9morable.<\/p>","protected":false},"featured_media":55708,"template":"","meta":{"_acf_changed":false,"yasr_overall_rating":0,"yasr_post_is_review":"","yasr_auto_insert_disabled":"","yasr_review_type":"","slim_seo":{"title":"S\u00e9nateur Ordre de Minerve - Acheter des Titres de Noblesse depuis 1999","description":"Devenez S\u00e9nateur ou S\u00e9natrice au sein de l'Ordre de Minerve et prenez place dans une communaut\u00e9 distingu\u00e9e et honorable d\u00e9di\u00e9e \u00e0 la connaissance, aux valeurs et au perso"}},"product_brand":[],"product_cat":[31],"product_tag":[92,95,96,97],"class_list":{"0":"post-61525","1":"product","2":"type-product","3":"status-publish","4":"has-post-thumbnail","6":"product_cat-order-of-minerva","7":"product_tag-minerva","8":"product_tag-orden","9":"product_tag-senator","10":"product_tag-senatorin","12":"first","13":"instock","14":"taxable","15":"shipping-taxable","16":"purchasable","17":"product-type-variable","18":"has-default-attributes"},"acf":[],"yasr_visitor_votes":{"stars_attributes":{"read_only":false,"span_bottom":false},"number_of_votes":0,"sum_votes":0},"_links":{"self":[{"href":"https:\/\/noble-society.net\/fr\/wp-json\/wp\/v2\/product\/61525","targetHints":{"allow":["GET"]}}],"collection":[{"href":"https:\/\/noble-society.net\/fr\/wp-json\/wp\/v2\/product"}],"about":[{"href":"https:\/\/noble-society.net\/fr\/wp-json\/wp\/v2\/types\/product"}],"wp:featuredmedia":[{"embeddable":true,"href":"https:\/\/noble-society.net\/fr\/wp-json\/wp\/v2\/media\/55708"}],"wp:attachment":[{"href":"https:\/\/noble-society.net\/fr\/wp-json\/wp\/v2\/media?parent=61525"}],"wp:term":[{"taxonomy":"product_brand","embeddable":true,"href":"https:\/\/noble-society.net\/fr\/wp-json\/wp\/v2\/product_brand?post=61525"},{"taxonomy":"product_cat","embeddable":true,"href":"https:\/\/noble-society.net\/fr\/wp-json\/wp\/v2\/product_cat?post=61525"},{"taxonomy":"product_tag","embeddable":true,"href":"https:\/\/noble-society.net\/fr\/wp-json\/wp\/v2\/product_tag?post=61525"}],"curies":[{"name":"wp","href":"https:\/\/api.w.org\/{rel}","templated":true}]}}