{"id":61526,"date":"2026-03-16T20:18:15","date_gmt":"2026-03-16T18:18:15","guid":{"rendered":"https:\/\/noble-society.net\/?post_type=product&#038;p=61526"},"modified":"2026-04-08T14:44:33","modified_gmt":"2026-04-08T11:44:33","slug":"seigneur-dame-danse-boileau","status":"publish","type":"product","link":"https:\/\/noble-society.net\/fr\/buy-nobility-titles\/lord-lady-of-anse-boileau\/","title":{"rendered":"Lord \/ Lady of Anse Boileau"},"content":{"rendered":"<section class=\"l-section wpb_row height_small\"><div class=\"l-section-h i-cf\"><div class=\"g-cols vc_row via_grid cols_1 laptops-cols_inherit tablets-cols_inherit mobiles-cols_1 valign_top type_default stacking_default\"><div class=\"wpb_column vc_column_container\"><div class=\"vc_column-inner\"><div class=\"wpb_text_column\"><div class=\"wpb_wrapper\"><p class=\"p1\">Voici l'opportunit\u00e9 unique d'acqu\u00e9rir un petit coin de paradis. Devenez copropri\u00e9taire de notre <span class=\"s1\"><b>\u201cLa Ferme au tr\u00e9sor\u201d<\/b><\/span> dans les montagnes de Mah\u00e9, l'\u00eele principale des Seychelles dans l'oc\u00e9an Indien, o\u00f9 fruits, l\u00e9gumes, \u00e9pices et fleurs prosp\u00e8rent abondamment. Par votre propri\u00e9t\u00e9 fonci\u00e8re, vous \u00eates simultan\u00e9ment \u00e9lev\u00e9 en statut et pouvez officiellement porter le titre <span class=\"s1\"><b>\u201c Seigneur ou Lady of Anse Boileau. \u201d<\/b><\/span> Avec l'achat de votre certificat, vous soutenez \u00e9galement directement tout le village environnant la ferme, aidant ainsi les habitants locaux \u00e0 continuer de b\u00e9n\u00e9ficier de ce jardin d'\u00c9den gratuitement.<\/p>\n<p class=\"p1\">Bienvenue dans cette ferme paradisiaque \u00e0 couper le souffle dans les montagnes de Mah\u00e9, o\u00f9 la riche diversit\u00e9 des plantes, \u00e9pices et herbes r\u00e9gionales se refl\u00e8te en parfaite harmonie.<\/p>\n<p class=\"p1\">Des bananes, de la cannelle, des citrons verts et des citrons aux poivrons, papayes, trois types diff\u00e9rents de cocotiers et des herbes telles que le thym et l'origan, ce coin de terre unique offre une incroyable vari\u00e9t\u00e9. De plus, vous profiterez d'une vue imprenable sur la baie d'Anse Boileau, o\u00f9 de magnifiques couchers de soleil illuminent le ciel chaque soir.<\/p>\n<p>&nbsp;<\/p>\n<p><img loading=\"lazy\" decoding=\"async\" class=\"aligncenter size-large wp-image-3443\" src=\"https:\/\/adelstitel-kaufen.com\/wp-content\/uploads\/2021\/05\/1-1-1024x576.jpg\" alt=\"\" width=\"1024\" height=\"576\" \/><\/p>\n<div class=\"wp-block-image\">\n<p class=\"p1\">Les <span class=\"s1\"><b>Ferme au tr\u00e9sor<\/b><\/span> se trouve dans les montagnes de Mah\u00e9, \u00e0 proximit\u00e9 de la baie d'Anse Boileau, o\u00f9 des couchers de soleil magiques illuminent le ciel le soir. Faites partie de ce magnifique paradis et soutenez directement la communaut\u00e9 locale.<\/p>\n<p class=\"p1\">Tout au long de l'ann\u00e9e, une grande vari\u00e9t\u00e9 de fruits et l\u00e9gumes originaires de la r\u00e9gion de l'oc\u00e9an Indien prosp\u00e8rent \u00e0 la Ferme Tr\u00e9sor. Jonathan et ses amis du quartier soignent avec attention les plantations et r\u00e9coltent des produits sains, nutritifs, d'une qualit\u00e9 naturelle exceptionnelle. Totalement exempts de produits chimiques, la ferme repose sur le savoir, le soin et le d\u00e9vouement, permettant ainsi \u00e0 toute la communaut\u00e9 de b\u00e9n\u00e9ficier de cette plantation unique.<\/p>\n<p><img loading=\"lazy\" decoding=\"async\" class=\"aligncenter size-full wp-image-3444\" src=\"https:\/\/adelstitel-kaufen.com\/wp-content\/uploads\/2021\/05\/01Feld.jpg\" alt=\"\" width=\"1024\" height=\"576\" \/><\/p>\n<div class=\"wp-block-image\">\n<div class=\"wp-block-image\">\n<p class=\"p1\">Pendant les moments difficiles de la COVID-19, la Ferme du Tr\u00e9sor a jou\u00e9 un r\u00f4le important en tant que source d'approvisionnement alimentaire essentielle pour la communaut\u00e9 locale. Jonathan a g\u00e9n\u00e9reusement partag\u00e9 tout ce qu'il r\u00e9coltait sans jamais rien attendre en retour. Cela refl\u00e8te l'esprit chaleureux, g\u00e9n\u00e9reux et social qui caract\u00e9rise le peuple seychellois.<\/p>\n<p class=\"p1\">Vous \u00eates, bien entendu, chaleureusement invit\u00e9 \u00e0 passer une journ\u00e9e avec Jonathan dans \u201cvotre\u201d ferme \u00e0 tout moment.<\/p>\n<p class=\"p1\">D\u00e9gustez un vivaneau rouge fra\u00eechement grill\u00e9 ensemble, sirotez un jus de fruits glac\u00e9 press\u00e9 d'oranges fra\u00eechement cueillies et admirez le magnifique coucher de soleil le soir. Le meilleur ami de Jonathan, Jockey, sera ravi de vous emmener de votre h\u00f4tel \u00e0 la ferme et d'en revenir. Jockey propose \u00e9galement des visites fantastiques de l'\u00eele, vous donnant la chance de d\u00e9couvrir toutes les plages de r\u00eave de Mah\u00e9.<\/p>\n<h2><img loading=\"lazy\" decoding=\"async\" class=\"aligncenter size-full wp-image-3445\" src=\"https:\/\/adelstitel-kaufen.com\/wp-content\/uploads\/2021\/05\/02-Haus.jpg\" alt=\"\" width=\"1024\" height=\"576\" \/><\/h2>\n<p class=\"p1\"><b>O\u00f9 se trouvent les Seychelles ?<\/b><b><\/b><\/p>\n<p class=\"p2\">Les Seychelles font g\u00e9ographiquement partie de l'Afrique. Elles sont situ\u00e9es dans la partie nord et ouest du plateau des Mascareignes, une dorsale sous-marine de l'oc\u00e9an Indien occidental. Au sud des Seychelles, au large de la c\u00f4te est de l'Afrique, se trouvent les nations insulaires de Madagascar, Maurice et des Comores.<\/p>\n<p class=\"p1\"><b>Quelle est la taille de la ferme au tr\u00e9sor ?<\/b><b><\/b><\/p>\n<p class=\"p2\">La ferme couvre une superficie totale d'environ 200 acres, soit environ 0,8 kilom\u00e8tre carr\u00e9. Elle est situ\u00e9e \u00e0 la montagne, avec un terrain en pente douce. Jonathan a m\u00e9ticuleusement cr\u00e9\u00e9 des champs en terrasses et des plates-bandes au fil de nombreuses ann\u00e9es de travail acharn\u00e9, augmentant ainsi efficacement la surface utilisable. Votre copropri\u00e9t\u00e9 s'\u00e9tend sur l'ensemble de la propri\u00e9t\u00e9.<\/p>\n<p class=\"p1\"><b>Puis-je visiter \u201c ma \u201d ferme ?<\/b><b><\/b><\/p>\n<p class=\"p2\">Vous \u00eates cordialement invit\u00e9 \u00e0 passer une journ\u00e9e dans votre ferme \u00e0 tout moment. Nous sommes heureux de vous organiser un contact direct et de prendre en charge le transport avec notre ami Jockey, qui vous emm\u00e8nera \u00e0 la ferme et vous ram\u00e8nera le soir.<\/p>\n<p class=\"p1\"><b>Y a-t-il des co\u00fbts suppl\u00e9mentaires ?<\/b><b><\/b><\/p>\n<p class=\"p2\">Non, absolument pas. Il s'agit d'un accord priv\u00e9 et avec l'achat de votre part, tout est enti\u00e8rement pay\u00e9. Il n'y a pas de frais suppl\u00e9mentaires, ni maintenant, ni \u00e0 l'avenir.<\/p>\n<p class=\"p1\"><b>Qu'est-ce que j'ai le droit de faire dans la ferme ?<\/b><b><\/b><\/p>\n<p class=\"p2\">Veuillez consid\u00e9rer votre propri\u00e9t\u00e9 comme une copropri\u00e9t\u00e9 symbolique. Tous les droits d'exploitation restent la propri\u00e9t\u00e9 de Jonathan, qui s'occupe de la ferme et de ses plantes. Vous \u00eates le bienvenu pour y passer du temps, voire pour camper dans le jardin, mais veuillez ne pas planifier de constructions, comme celle d'une maison.<\/p>\n<p>&nbsp;<\/p>\n<p><img loading=\"lazy\" decoding=\"async\" class=\"aligncenter size-full wp-image-3448\" src=\"https:\/\/adelstitel-kaufen.com\/wp-content\/uploads\/2021\/05\/06banana.jpg\" alt=\"\" width=\"1024\" height=\"576\" \/><\/p>\n<p>&nbsp;<\/p>\n<p style=\"text-align: center;\"><img loading=\"lazy\" decoding=\"async\" class=\"aligncenter size-large wp-image-3603\" src=\"https:\/\/adelstitel-kaufen.com\/wp-content\/uploads\/2021\/05\/urkunde_v4-1024x706.png\" alt=\"\" width=\"1024\" height=\"706\" \/><\/p>\n<\/div>\n<\/div>\n<\/div>\n<\/div><\/div><\/div><\/div><\/div><\/div><\/section>","protected":false},"excerpt":{"rendered":"<p class=\"p1\">Vous devenez copropri\u00e9taire de ce coin de paradis de 2 hectares aux Seychelles et vous voyez ainsi octroyer le titre <span class=\"s1\"><b>\u201c Seigneur ou Lady of Anse Boileau. \u201d<\/b><\/span> Vous recevrez un magnifique certificat, \u00e9l\u00e9gamment con\u00e7u, confirmant votre co-propri\u00e9t\u00e9 et votre titre de noblesse, ainsi qu'une brochure color\u00e9e contenant toutes les informations pertinentes. Le tout est pr\u00e9sent\u00e9 dans une attrayante pochette cadeau.<\/p>","protected":false},"featured_media":55627,"template":"","meta":{"_acf_changed":false,"yasr_overall_rating":0,"yasr_post_is_review":"","yasr_auto_insert_disabled":"","yasr_review_type":"","slim_seo":{"title":"Lord \/ Lady of Anse Boileau - Achetez des titres nobles depuis 1999","description":"Vous devenez copropri\u00e9taire de ce coin de paradis de 2 hectares aux Seychelles et vous recevez de ce fait le titre de \u201c Lord ou Lady of Anse Boileau\u201d. Vous recevrez un"}},"product_brand":[],"product_cat":[568],"product_tag":[571,570,65,64,569],"class_list":{"0":"post-61526","1":"product","2":"type-product","3":"status-publish","4":"has-post-thumbnail","6":"product_cat-seychelles-title-fruit-plantation","7":"product_tag-afrika","8":"product_tag-anse-bioleau","9":"product_tag-lady","10":"product_tag-lord","11":"product_tag-seychellen","13":"first","14":"instock","15":"taxable","16":"shipping-taxable","17":"purchasable","18":"product-type-variable","19":"has-default-attributes"},"acf":[],"yasr_visitor_votes":{"stars_attributes":{"read_only":false,"span_bottom":false},"number_of_votes":0,"sum_votes":0},"_links":{"self":[{"href":"https:\/\/noble-society.net\/fr\/wp-json\/wp\/v2\/product\/61526","targetHints":{"allow":["GET"]}}],"collection":[{"href":"https:\/\/noble-society.net\/fr\/wp-json\/wp\/v2\/product"}],"about":[{"href":"https:\/\/noble-society.net\/fr\/wp-json\/wp\/v2\/types\/product"}],"wp:featuredmedia":[{"embeddable":true,"href":"https:\/\/noble-society.net\/fr\/wp-json\/wp\/v2\/media\/55627"}],"wp:attachment":[{"href":"https:\/\/noble-society.net\/fr\/wp-json\/wp\/v2\/media?parent=61526"}],"wp:term":[{"taxonomy":"product_brand","embeddable":true,"href":"https:\/\/noble-society.net\/fr\/wp-json\/wp\/v2\/product_brand?post=61526"},{"taxonomy":"product_cat","embeddable":true,"href":"https:\/\/noble-society.net\/fr\/wp-json\/wp\/v2\/product_cat?post=61526"},{"taxonomy":"product_tag","embeddable":true,"href":"https:\/\/noble-society.net\/fr\/wp-json\/wp\/v2\/product_tag?post=61526"}],"curies":[{"name":"wp","href":"https:\/\/api.w.org\/{rel}","templated":true}]}}