{"id":61547,"date":"2026-03-16T20:18:37","date_gmt":"2026-03-16T18:18:37","guid":{"rendered":"https:\/\/noble-society.net\/?post_type=product&#038;p=61547"},"modified":"2026-04-08T14:41:10","modified_gmt":"2026-04-08T11:41:10","slug":"conte-de-spinola","status":"publish","type":"product","link":"https:\/\/noble-society.net\/fr\/buy-nobility-titles\/conte-de-spinola\/","title":{"rendered":"Conte de Spinola"},"content":{"rendered":"<section class=\"l-section wpb_row height_small\"><div class=\"l-section-h i-cf\"><div class=\"g-cols vc_row via_grid cols_1 laptops-cols_inherit tablets-cols_inherit mobiles-cols_1 valign_top type_default stacking_default\"><div class=\"wpb_column vc_column_container\"><div class=\"vc_column-inner\"><div class=\"wpb_text_column\"><div class=\"wpb_wrapper\"><p class=\"p1\">Spinola est le nom d'une des familles nobles les plus distingu\u00e9es et influentes de G\u00eanes, jouant un r\u00f4le central dans l'histoire politique, \u00e9conomique et militaire de la R\u00e9publique. En tant que l'une des principales dynasties de l'aristocratie g\u00e9noise, la famille Spinola appartenait au puissant groupe de maisons nobles qui ont fa\u00e7onn\u00e9 la gouvernance de la r\u00e9publique maritime pendant des si\u00e8cles. Au milieu du XVIIIe si\u00e8cle, elle d\u00e9tenait plusieurs titres ducaux, dont Saint-Pierro, Saint-Ange, Sesto, Saint-S\u00e9verin et Los Balbazes, refl\u00e9tant \u00e0 la fois sa richesse et son influence \u00e9tendue sur diff\u00e9rentes r\u00e9gions.<\/p>\n<p class=\"p1\">Le membre le plus ancien connu de la famille \u00e9tait Guido Spinola, un chevalier qui a particip\u00e9 aux croisades et a servi \u00e0 plusieurs reprises comme consul de G\u00eanes entre 1102 et 1121. Son r\u00f4le pr\u00e9dominant illustre l'ascension pr\u00e9coce de la famille au sein de l'\u00e9lite politique de la ville. Ses fils, Ansaldo et Oberto, sont devenus les fondateurs des deux branches principales de la famille, connues sous le nom de Luccoli et St. Luca. Ces branches allaient fa\u00e7onner la dynamique interne de la politique g\u00e9noise, entrant souvent en concurrence pour le pouvoir tout en renfor\u00e7ant l'influence globale du nom Spinola.<\/p>\n<p class=\"p1\">Durant le Moyen \u00c2ge, la famille Spinola \u00e9tait profond\u00e9ment impliqu\u00e9e dans le commerce, la finance et l'expansion territoriale. Un exemple notable est l'acquisition de la ville de Lucques en 1340 par un membre de la famille Spinola pour la somme substantielle de 30 000 florins, d\u00e9montrant \u00e0 la fois leurs immenses ressources financi\u00e8res et leur ambition d'\u00e9tendre leur sph\u00e8re d'influence au-del\u00e0 de G\u00eanes. La famille a \u00e9galement jou\u00e9 un r\u00f4le important dans l'administration des territoires d'outre-mer : en 1453, Antonio Spinola fut nomm\u00e9 premier gouverneur g\u00e9nois de Corse, marquant une \u00e9tape importante dans le contr\u00f4le de G\u00eanes sur l'\u00eele.<\/p>\n<p class=\"p1\">En plus de leurs r\u00e9alisations politiques et \u00e9conomiques, la famille Spinola \u00e9tait \u00e9galement r\u00e9put\u00e9e pour son leadership militaire et son influence diplomatique. Le membre le plus c\u00e9l\u00e8bre de la famille est sans doute Ambrogio Spinola (1569-1630), un g\u00e9n\u00e9ral c\u00e9l\u00e9br\u00e9 au service de l'Espagne, qui commanda des troupes pendant la guerre de Quatre-Vingts Ans et remporta des victoires notables, dont le c\u00e9l\u00e8bre si\u00e8ge de Br\u00e9da. Ses succ\u00e8s militaires lui valurent une reconnaissance g\u00e9n\u00e9ralis\u00e9e en Europe et \u00e9lev\u00e8rent le prestige de la famille Spinola bien au-del\u00e0 de l'Italie.<\/p>\n<p class=\"p1\">Filippo Spinola, marquis de Sesto et Venafro (1559-1585), renfor\u00e7a davantage les liens nobles de la famille par son mariage avec la princesse Policena de Salerne. De cette union, trois fils naquirent, perp\u00e9tuant la lign\u00e9e et l'influence de la famille. Par des mariages strat\u00e9giques, des fonctions politiques et des exploits militaires, la famille Spinola assura un h\u00e9ritage durable en tant que l'une des plus importantes maisons nobles non seulement de G\u00eanes, mais de l'Europe moderne naissante dans son ensemble.<\/p>\n<\/div><\/div><\/div><\/div><\/div><\/div><\/section>","protected":false},"excerpt":{"rendered":"<p class=\"p1\">Spinola est le nom d'une des familles nobles les plus distingu\u00e9es de G\u00eanes, appartenant historiquement \u00e0 l'aristocratie dirigeante de la ville et jouant un r\u00f4le important dans sa vie politique et \u00e9conomique. En tant que l'une des dynasties principales de la R\u00e9publique de G\u00eanes, la famille Spinola faisait partie du groupe d'\u00e9lite des maisons nobles qui ont fa\u00e7onn\u00e9 la gouvernance et l'influence internationale de cette importante puissance maritime. Leur renomm\u00e9e s'est \u00e9tendue sur des si\u00e8cles, marqu\u00e9e par l'autorit\u00e9 politique, la richesse tir\u00e9e du commerce et de solides liens au sein de la noblesse europ\u00e9enne.<\/p>\n<p class=\"p1\"><i>Conte<\/i> Compte.\u201c<\/p>","protected":false},"featured_media":55779,"template":"","meta":{"_acf_changed":false,"yasr_overall_rating":0,"yasr_post_is_review":"","yasr_auto_insert_disabled":"","yasr_review_type":"","slim_seo":{"title":"Conte de Spinola - Acheter des titres nobles depuis 1999","description":"Spinola est le nom d'une des familles nobles les plus distingu\u00e9es de G\u00eanes, appartenant historiquement \u00e0 l'aristocratie dirigeante de la ville et jouant un r\u00f4le important"}},"product_brand":[],"product_cat":[573],"product_tag":[],"class_list":{"0":"post-61547","1":"product","2":"type-product","3":"status-publish","4":"has-post-thumbnail","6":"product_cat-italian-noble-titles","8":"first","9":"instock","10":"taxable","11":"shipping-taxable","12":"purchasable","13":"product-type-variable","14":"has-default-attributes"},"acf":[],"yasr_visitor_votes":{"stars_attributes":{"read_only":false,"span_bottom":false},"number_of_votes":0,"sum_votes":0},"_links":{"self":[{"href":"https:\/\/noble-society.net\/fr\/wp-json\/wp\/v2\/product\/61547","targetHints":{"allow":["GET"]}}],"collection":[{"href":"https:\/\/noble-society.net\/fr\/wp-json\/wp\/v2\/product"}],"about":[{"href":"https:\/\/noble-society.net\/fr\/wp-json\/wp\/v2\/types\/product"}],"wp:featuredmedia":[{"embeddable":true,"href":"https:\/\/noble-society.net\/fr\/wp-json\/wp\/v2\/media\/55779"}],"wp:attachment":[{"href":"https:\/\/noble-society.net\/fr\/wp-json\/wp\/v2\/media?parent=61547"}],"wp:term":[{"taxonomy":"product_brand","embeddable":true,"href":"https:\/\/noble-society.net\/fr\/wp-json\/wp\/v2\/product_brand?post=61547"},{"taxonomy":"product_cat","embeddable":true,"href":"https:\/\/noble-society.net\/fr\/wp-json\/wp\/v2\/product_cat?post=61547"},{"taxonomy":"product_tag","embeddable":true,"href":"https:\/\/noble-society.net\/fr\/wp-json\/wp\/v2\/product_tag?post=61547"}],"curies":[{"name":"wp","href":"https:\/\/api.w.org\/{rel}","templated":true}]}}