{"id":61548,"date":"2026-03-16T20:18:37","date_gmt":"2026-03-16T18:18:37","guid":{"rendered":"https:\/\/noble-society.net\/?post_type=product&#038;p=61548"},"modified":"2026-04-08T14:40:52","modified_gmt":"2026-04-08T11:40:52","slug":"duc-de-colonna","status":"publish","type":"product","link":"https:\/\/noble-society.net\/fr\/buy-nobility-titles\/duca-de-colonna\/","title":{"rendered":"Duca de Colonna"},"content":{"rendered":"<section class=\"l-section wpb_row height_small\"><div class=\"l-section-h i-cf\"><div class=\"g-cols vc_row via_grid cols_1 laptops-cols_inherit tablets-cols_inherit mobiles-cols_1 valign_top type_default stacking_default\"><div class=\"wpb_column vc_column_container\"><div class=\"vc_column-inner\"><div class=\"wpb_text_column\"><div class=\"wpb_wrapper\"><p class=\"p1\">La famille Colonna descend des comtes de Tusculum, qui exerc\u00e8rent le pouvoir dans la ville de Rome aux Xe et XIe si\u00e8cles et donn\u00e8rent huit papes. Leur prog\u00e9niteur fut le marquis Alberic Ier de Spol\u00e8te (* avant 889 ; \u2020 entre 917 et 925). Un certain Petrus de Columna (vers 1078-1108) est mentionn\u00e9 en 1101 comme fils de Gr\u00e9goire de Tusculum (Gr\u00e9goire II, \u2020 avant 1064), ainsi que fr\u00e8re d'un Gr\u00e9goire et d'un Tolomeo ; cependant, les relations familiales exactes ne sont pas enti\u00e8rement \u00e9claircies.<\/p>\n<p class=\"p1\">Le nom <i>Colonne<\/i> d\u00e9rive de la ville de Colonna, situ\u00e9e dans les collines Albaines pr\u00e8s de Tusculum. Colonna et Palestrina furent confisqu\u00e9es par le pape Pascal II, mais seront ensuite restitu\u00e9es audit Petrus de Columna par le pape Honorius II.<\/p>\n<p class=\"p1\">Au cours du Moyen \u00c2ge, du XIe au XVIe si\u00e8cle, la famille Colonna exer\u00e7a une influence consid\u00e9rable sur les affaires des \u00c9tats pontificaux et les \u00e9lections papales. Cette influence reposait sur leurs nombreux ch\u00e2teaux et vastes domaines \u2014 notamment la ville de Palestrina \u2014 ainsi que sur leur large r\u00e9seau de clients et de partisans.<\/p>\n<\/div><\/div><\/div><\/div><\/div><\/div><\/section>","protected":false},"excerpt":{"rendered":"<p class=\"p1\">Le nom <i>Colonne<\/i> d\u00e9rive de la ville de Colonna, situ\u00e9e dans les collines Albaines pr\u00e8s de Tusculum. Cet endroit, situ\u00e9 non loin du centre antique de Tusculum, a donn\u00e9 son nom \u00e0 l'influente famille noble et refl\u00e8te ses racines g\u00e9ographiques et historiques dans cette r\u00e9gion de l'Italie. Le lien avec ce lieu souligne la pr\u00e9sence et l'importance de longue date de la famille dans la r\u00e9gion entourant Rome.<\/p>\n<p class=\"p1\"><i>Duca<\/i> signifie Duc.<\/p>","protected":false},"featured_media":55737,"template":"","meta":{"_acf_changed":false,"yasr_overall_rating":0,"yasr_post_is_review":"","yasr_auto_insert_disabled":"","yasr_review_type":"","slim_seo":{"title":"Duca de Colonna - Achetez des titres de noblesse depuis 1999","description":"Le nom Colonna d\u00e9rive de la ville de Colonna, situ\u00e9e dans les montagnes Albaines pr\u00e8s de Tusculum. Cet endroit, situ\u00e9 non loin de l'ancien centre de Tusculum, g"}},"product_brand":[],"product_cat":[573],"product_tag":[],"class_list":{"0":"post-61548","1":"product","2":"type-product","3":"status-publish","4":"has-post-thumbnail","6":"product_cat-italian-noble-titles","8":"first","9":"instock","10":"taxable","11":"shipping-taxable","12":"purchasable","13":"product-type-variable","14":"has-default-attributes"},"acf":[],"yasr_visitor_votes":{"stars_attributes":{"read_only":false,"span_bottom":false},"number_of_votes":0,"sum_votes":0},"_links":{"self":[{"href":"https:\/\/noble-society.net\/fr\/wp-json\/wp\/v2\/product\/61548","targetHints":{"allow":["GET"]}}],"collection":[{"href":"https:\/\/noble-society.net\/fr\/wp-json\/wp\/v2\/product"}],"about":[{"href":"https:\/\/noble-society.net\/fr\/wp-json\/wp\/v2\/types\/product"}],"wp:featuredmedia":[{"embeddable":true,"href":"https:\/\/noble-society.net\/fr\/wp-json\/wp\/v2\/media\/55737"}],"wp:attachment":[{"href":"https:\/\/noble-society.net\/fr\/wp-json\/wp\/v2\/media?parent=61548"}],"wp:term":[{"taxonomy":"product_brand","embeddable":true,"href":"https:\/\/noble-society.net\/fr\/wp-json\/wp\/v2\/product_brand?post=61548"},{"taxonomy":"product_cat","embeddable":true,"href":"https:\/\/noble-society.net\/fr\/wp-json\/wp\/v2\/product_cat?post=61548"},{"taxonomy":"product_tag","embeddable":true,"href":"https:\/\/noble-society.net\/fr\/wp-json\/wp\/v2\/product_tag?post=61548"}],"curies":[{"name":"wp","href":"https:\/\/api.w.org\/{rel}","templated":true}]}}