{"id":61549,"date":"2026-03-16T20:18:37","date_gmt":"2026-03-16T18:18:37","guid":{"rendered":"https:\/\/noble-society.net\/?post_type=product&#038;p=61549"},"modified":"2026-04-08T14:42:25","modified_gmt":"2026-04-08T11:42:25","slug":"principe-de-visconti","status":"publish","type":"product","link":"https:\/\/noble-society.net\/fr\/buy-nobility-titles\/principe-de-visconti\/","title":{"rendered":"Principe de Visconti"},"content":{"rendered":"<section class=\"l-section wpb_row height_small\"><div class=\"l-section-h i-cf\"><div class=\"g-cols vc_row via_grid cols_1 laptops-cols_inherit tablets-cols_inherit mobiles-cols_1 valign_top type_default stacking_default\"><div class=\"wpb_column vc_column_container\"><div class=\"vc_column-inner\"><div class=\"wpb_text_column\"><div class=\"wpb_wrapper\"><p class=\"p1\">Les Visconti est le nom de l'une des familles nobles les plus importantes et influentes d'Italie, ayant fa\u00e7onn\u00e9 le destin de Milan et de grandes parties de la Lombardie au fil de plusieurs si\u00e8cles. La famille revendiquait une lign\u00e9e prestigieuse de Desiderius, le dernier roi des Lombards, renfor\u00e7ant ainsi leur revendication au pouvoir et donnant \u00e0 leur r\u00e8gne des fondations historiques profondes.<\/p>\n<p class=\"p1\">D\u00e8s le XIe si\u00e8cle, les Visconti poss\u00e9daient de vastes terres, notamment dans des r\u00e9gions strat\u00e9giquement importantes autour du lac de C\u00f4me et du lac Majeur. Ces possessions ont jet\u00e9 les bases de leur puissance \u00e9conomique et de leur ascension politique. Par des mariages strat\u00e9giques, une habilet\u00e9 diplomatique et une puissance militaire, la famille a constamment \u00e9tendu son influence.<\/p>\n<p class=\"p1\">Un tournant d\u00e9cisif survint \u00e0 la fin du XIIIe si\u00e8cle : en 1277 et de nouveau en 1281, les Visconti, align\u00e9s sur les Gibelins, battirent la famille guelfe della Torre, qui contr\u00f4lait auparavant Milan. Suite \u00e0 ces victoires, les Visconti s'\u00e9tablirent en tant que <i>Podestat<\/i> et plus tard comme <i>Messieurs<\/i> de Milan. Bien que les della Torre aient bri\u00e8vement repris le pouvoir entre 1302 et 1311, les Visconti ont finalement assur\u00e9 et consolid\u00e9 leur r\u00e8gne.<\/p>\n<p class=\"p1\">Sous le r\u00e8gne des Visconti, Milan s'est d\u00e9velopp\u00e9e pour devenir l'une des villes les plus puissantes et les plus prosp\u00e8res d'Europe. Une figure cl\u00e9 fut Gian Galeazzo Visconti, qui, en 1395, fut officiellement \u00e9lev\u00e9 au rang de duc de Milan par le roi Venceslas. Avec ce titre, la famille atteignit le sommet de sa puissance, r\u00e9gnant en tant que ducs sur un vaste territoire qui englobait une grande partie du nord de l'Italie.<\/p>\n<p class=\"p1\">Le r\u00e8gne des Visconti n'a pas \u00e9t\u00e9 marqu\u00e9 uniquement par l'expansion militaire, mais aussi par des avanc\u00e9es culturelles et \u00e9conomiques. D'importants projets architecturaux ont \u00e9t\u00e9 lanc\u00e9s sous leur r\u00e8gne, notamment la construction de la cath\u00e9drale de Milan, qui a d\u00e9but\u00e9 sous Gian Galeazzo. La famille a \u00e9galement promu les arts, l'architecture et l'administration, contribuant ainsi grandement au d\u00e9veloppement de Milan en tant que centre culturel.<\/p>\n<p class=\"p1\">Avec la mort de Philippe Marie Visconti en 1447, la lign\u00e9e masculine de la branche r\u00e9gnante s'est \u00e9teinte. N'ayant laiss\u00e9 aucun h\u00e9ritier m\u00e2le l\u00e9gitime, le duch\u00e9 de Milan est pass\u00e9 \u00e0 son gendre Fran\u00e7ois Sforza, qui avait \u00e9pous\u00e9 une membre de la famille Visconti. Cela marqua le d\u00e9but de la dynastie Sforza, qui dirigea Milan jusqu'en 1535 et poursuivit nombre des structures et r\u00e9alisations \u00e9tablies par les Visconti.<\/p>\n<p class=\"p1\">Malgr\u00e9 la fin de leur r\u00e8gne direct, le nom Visconti est rest\u00e9 pendant des si\u00e8cles un symbole de pouvoir, d'influence politique et de signification culturelle en Italie. Leur histoire est inextricablement li\u00e9e \u00e0 l'ascension de Milan comme l'une des villes les plus importantes d'Europe.<\/p>\n<\/div><\/div><\/div><\/div><\/div><\/div><\/section>","protected":false},"excerpt":{"rendered":"<p class=\"p1\">Les Visconti est le nom de l'une des familles nobles les plus \u00e9minentes et influentes d'Italie, qui a fa\u00e7onn\u00e9 le destin de Milan et de vastes r\u00e9gions de la Lombardie sur plusieurs si\u00e8cles. La famille revendiquait une lign\u00e9e prestigieuse de Desiderius, le dernier roi des Lombards.<\/p>","protected":false},"featured_media":55780,"template":"","meta":{"_acf_changed":false,"yasr_overall_rating":0,"yasr_post_is_review":"","yasr_auto_insert_disabled":"","yasr_review_type":"","slim_seo":{"title":"Principe Visconti - Achetez des titres de noblesse depuis 1999","description":"Les Visconti est le nom de l'une des familles nobles les plus importantes et influentes d'Italie, qui a fa\u00e7onn\u00e9 le destin de Milan et de larges parties de la Lombardie au cours de plusieurs si\u00e8cles."}},"product_brand":[],"product_cat":[573],"product_tag":[],"class_list":{"0":"post-61549","1":"product","2":"type-product","3":"status-publish","4":"has-post-thumbnail","6":"product_cat-italian-noble-titles","8":"first","9":"instock","10":"taxable","11":"shipping-taxable","12":"purchasable","13":"product-type-variable","14":"has-default-attributes"},"acf":[],"yasr_visitor_votes":{"stars_attributes":{"read_only":false,"span_bottom":false},"number_of_votes":0,"sum_votes":0},"_links":{"self":[{"href":"https:\/\/noble-society.net\/fr\/wp-json\/wp\/v2\/product\/61549","targetHints":{"allow":["GET"]}}],"collection":[{"href":"https:\/\/noble-society.net\/fr\/wp-json\/wp\/v2\/product"}],"about":[{"href":"https:\/\/noble-society.net\/fr\/wp-json\/wp\/v2\/types\/product"}],"wp:featuredmedia":[{"embeddable":true,"href":"https:\/\/noble-society.net\/fr\/wp-json\/wp\/v2\/media\/55780"}],"wp:attachment":[{"href":"https:\/\/noble-society.net\/fr\/wp-json\/wp\/v2\/media?parent=61549"}],"wp:term":[{"taxonomy":"product_brand","embeddable":true,"href":"https:\/\/noble-society.net\/fr\/wp-json\/wp\/v2\/product_brand?post=61549"},{"taxonomy":"product_cat","embeddable":true,"href":"https:\/\/noble-society.net\/fr\/wp-json\/wp\/v2\/product_cat?post=61549"},{"taxonomy":"product_tag","embeddable":true,"href":"https:\/\/noble-society.net\/fr\/wp-json\/wp\/v2\/product_tag?post=61549"}],"curies":[{"name":"wp","href":"https:\/\/api.w.org\/{rel}","templated":true}]}}