{"id":61551,"date":"2026-03-16T20:18:37","date_gmt":"2026-03-16T18:18:37","guid":{"rendered":"https:\/\/noble-society.net\/?post_type=product&#038;p=61551"},"modified":"2026-04-08T14:41:47","modified_gmt":"2026-04-08T11:41:47","slug":"pacha-de-safaga","status":"publish","type":"product","link":"https:\/\/noble-society.net\/fr\/buy-nobility-titles\/pasha-of-safaga\/","title":{"rendered":"Pacha de Safaga"},"content":{"rendered":"<section class=\"l-section wpb_row height_small\"><div class=\"l-section-h i-cf\"><div class=\"g-cols vc_row via_grid cols_1 laptops-cols_inherit tablets-cols_inherit mobiles-cols_1 valign_top type_default stacking_default\"><div class=\"wpb_column vc_column_container\"><div class=\"vc_column-inner\"><div class=\"wpb_text_column\"><div class=\"wpb_wrapper\"><p class=\"p1\"><b>Devenir Pacha de Safaga<\/b><b><\/b><\/p>\n<p class=\"p3\">Safaga est une ville portuaire d'\u00c9gypte situ\u00e9e sur la mer Rouge. Le port de l'ancien royaume pharaonique a plus de 4 000 ans. En 2006, des chercheurs des universit\u00e9s de Boston et de Naples ont d\u00e9couvert des vestiges de cordes et de planches de bois utilis\u00e9es pour le chargement des bateaux dans cinq grottes situ\u00e9es au sud de Safaga, sur la mer Rouge. Ils ont \u00e9galement trouv\u00e9 des fragments d'une bo\u00eete portant l'inscription \u201cMerveilles du pays de Pount\u201d, ainsi que le nom partiellement pr\u00e9serv\u00e9 d'Amenemhat III. L'autorit\u00e9 \u00e9gyptienne charg\u00e9e des antiquit\u00e9s au Caire consid\u00e8re qu'il s'agit d'une preuve suppl\u00e9mentaire que les anciens \u00c9gyptiens pratiquaient le commerce maritime avec Pount \u00e0 l'\u00e9poque des pharaons.<\/p>\n<p class=\"p3\">\u00c0 Safaga, nous poss\u00e9dons un petit terrain dans lequel nous vous accordons une copropri\u00e9t\u00e9. Cela fait de vous le \u201c seigneur \u201d de la propri\u00e9t\u00e9 et vous donne droit au titre <span class=\"s1\"><b>Pacha<\/b><\/span>.<\/p>\n<p class=\"p1\"><b>Vous recevrez :<\/b><b><\/b><\/p>\n<ul>\n<li>\n<p class=\"p1\"><span class=\"s1\">Titre <\/span><b>Pacha de Safaga<\/b><b><\/b><\/p>\n<\/li>\n<li>\n<p class=\"p1\">Des attestations de rendez-vous d'une grande beaut\u00e9<\/p>\n<\/li>\n<li>\n<p class=\"p1\">Plein droit d'utiliser votre blason personnel (voir image)<\/p>\n<\/li>\n<li>\n<p class=\"p1\">Informations compl\u00e8tes sur votre propri\u00e9t\u00e9, le pays et sa population<\/p>\n<\/li>\n<li>\n<p class=\"p1\">Le tout pr\u00e9sent\u00e9 dans un \u00e9l\u00e9gant coffret cadeau<\/p>\n<\/li>\n<\/ul>\n<p class=\"p3\">Nous vous demandons de bien vouloir comprendre qu'il n'existe pas de forme f\u00e9minine officielle pour le titre \u201c Pacha \u201d. Le nom \u201c Pacha \u201d lui-m\u00eame signifierait \u201c n\u00e9 \u00e0 P\u00e2ques \u201d. La forme f\u00e9minine du pr\u00e9nom est \u201c Pascaline \u201d, qui porte la m\u00eame signification. Nous serons heureux de d\u00e9livrer un certificat avec la forme f\u00e9minine. <span class=\"s1\"><b>\u201cPasclina de Safaga\u201d<\/b><\/span> bien que ce ne soit pas consid\u00e9r\u00e9 comme un titre formel.<\/p>\n<\/div><\/div><\/div><\/div><\/div><\/div><\/section>","protected":false},"excerpt":{"rendered":"<p class=\"p1\">Pacha \u00e9tait le titre des plus hauts fonctionnaires civils et chefs militaires en \u00c9gypte. Jusqu'en 1867, le gouverneur se voyait d\u00e9cerner le titre de Pacha. Plusieurs Beys servaient sous ses ordres en tant que gouverneurs des sous-provinces. En signe de rang, deux \u00e0 trois queues de cheval \u00e9taient port\u00e9es devant les Pachas.<\/p>","protected":false},"featured_media":55759,"template":"","meta":{"_acf_changed":false,"yasr_overall_rating":0,"yasr_post_is_review":"","yasr_auto_insert_disabled":"","yasr_review_type":"","slim_seo":{"title":"Pasha de Safaga - Achetez des titres de noblesse depuis 1999","description":"Pacha \u00e9tait le titre des hauts fonctionnaires civils et des chefs militaires en \u00c9gypte. Jusqu'en 1867, le gouverneur se voyait accorder le titre de pacha. Plusieurs beys"}},"product_brand":[],"product_cat":[575],"product_tag":[],"class_list":{"0":"post-61551","1":"product","2":"type-product","3":"status-publish","4":"has-post-thumbnail","6":"product_cat-egyptian-pasha-title","8":"first","9":"instock","10":"taxable","11":"shipping-taxable","12":"purchasable","13":"product-type-variable","14":"has-default-attributes"},"acf":[],"yasr_visitor_votes":{"stars_attributes":{"read_only":false,"span_bottom":false},"number_of_votes":0,"sum_votes":0},"_links":{"self":[{"href":"https:\/\/noble-society.net\/fr\/wp-json\/wp\/v2\/product\/61551","targetHints":{"allow":["GET"]}}],"collection":[{"href":"https:\/\/noble-society.net\/fr\/wp-json\/wp\/v2\/product"}],"about":[{"href":"https:\/\/noble-society.net\/fr\/wp-json\/wp\/v2\/types\/product"}],"wp:featuredmedia":[{"embeddable":true,"href":"https:\/\/noble-society.net\/fr\/wp-json\/wp\/v2\/media\/55759"}],"wp:attachment":[{"href":"https:\/\/noble-society.net\/fr\/wp-json\/wp\/v2\/media?parent=61551"}],"wp:term":[{"taxonomy":"product_brand","embeddable":true,"href":"https:\/\/noble-society.net\/fr\/wp-json\/wp\/v2\/product_brand?post=61551"},{"taxonomy":"product_cat","embeddable":true,"href":"https:\/\/noble-society.net\/fr\/wp-json\/wp\/v2\/product_cat?post=61551"},{"taxonomy":"product_tag","embeddable":true,"href":"https:\/\/noble-society.net\/fr\/wp-json\/wp\/v2\/product_tag?post=61551"}],"curies":[{"name":"wp","href":"https:\/\/api.w.org\/{rel}","templated":true}]}}