{"id":61552,"date":"2026-03-16T20:18:37","date_gmt":"2026-03-16T18:18:37","guid":{"rendered":"https:\/\/noble-society.net\/?post_type=product&#038;p=61552"},"modified":"2026-04-08T14:41:30","modified_gmt":"2026-04-08T11:41:30","slug":"comte-et-comtesse-du-manoir-de-neuschwanstein","status":"publish","type":"product","link":"https:\/\/noble-society.net\/fr\/buy-nobility-titles\/count-and-countess-of-neuschwanstein-manor\/","title":{"rendered":"Comte et Comtesse du Manoir de Neuschwanstein"},"content":{"rendered":"<section class=\"l-section wpb_row height_small\"><div class=\"l-section-h i-cf\"><div class=\"g-cols vc_row via_grid cols_1 laptops-cols_inherit tablets-cols_inherit mobiles-cols_1 valign_top type_default stacking_default\"><div class=\"wpb_column vc_column_container\"><div class=\"vc_column-inner\"><div class=\"wpb_text_column\"><div class=\"wpb_wrapper\"><p class=\"p1\">Nous poss\u00e9dons un domaine \u00e0 proximit\u00e9 du ch\u00e2teau de Neuschwanstein, connu sous le nom de \u201c Gut Neuschwanstein \u201d. En acqu\u00e9rant une part de cette propri\u00e9t\u00e9, vous devenez copropri\u00e9taire et, par cons\u00e9quent, Comte ou Comtesse. Contrairement aux titres de noblesse traditionnels, qui sont accord\u00e9s par un monarque et transmis de g\u00e9n\u00e9ration en g\u00e9n\u00e9ration, ce titre est directement li\u00e9 \u00e0 la propri\u00e9t\u00e9 fonci\u00e8re. Il est automatiquement transf\u00e9r\u00e9 \u00e0 tout nouveau (co-)propri\u00e9taire en cas de vente ou d'h\u00e9ritage. Cela ouvre des possibilit\u00e9s enti\u00e8rement nouvelles pour des personnes comme vous et nous, qui ne sommes pas n\u00e9s dans des cercles aristocratiques. Il suffit d'acqu\u00e9rir un bout de terrain, et vous devenez un \u201c Comte \u201d ou une \u201c Comtesse \u201d de Neuschwanstein. Le meilleur dans tout \u00e7a : la taille du terrain n'a aucune importance. Nous poss\u00e9dons un hectare de terrain pr\u00e8s du ch\u00e2teau de Neuschwanstein, et en achetant une part de ce domaine, vous devenez copropri\u00e9taire et, par cons\u00e9quent, propri\u00e9taire foncier.<\/p>\n<p class=\"p1\">\u00c0 seulement une trentaine de kilom\u00e8tres du ch\u00e2teau de Neuschwanstein, c\u00e9l\u00e8bre ch\u00e2teau de conte de f\u00e9es qui a inspir\u00e9 Disney, se trouve le domaine \u201cGut Neuschwanstein\u201d. Entour\u00e9 d'arbres et d'un petit ruisseau \u00e0 l'eau cristalline, votre propre parcelle de terre devient un lieu magique qui fait de vous un comte ou une comtesse.<\/p>\n<p class=\"p1\">Mais le v\u00e9ritable point fort est pour vos enfants : ils deviennent <span class=\"s1\"><b>Prince ou Princesse de Neuschwanstein<\/b><\/span>\u2014comme dans un vrai conte de f\u00e9es. Imaginez leur excitation lorsqu'ils d\u00e9couvriront qu'ils font partie d'une histoire tout droit sortie d'un ch\u00e2teau Disney. Soudain, ils ne jouent plus \u00e0 la princesse ou au prince \u2013 ils se sentent r\u00e9ellement <i>sont<\/i> un.<\/p>\n<p class=\"p1\">Cela en fait un cadeau vraiment inoubliable pour les familles. Que ce soit pour un anniversaire, une occasion sp\u00e9ciale, ou simplement pour cr\u00e9er des souvenirs magiques, vos enfants adoreront raconter \u00e0 leurs amis qu'ils sont Prince ou Princesse d'un vrai ch\u00e2teau, l'un des ch\u00e2teaux les plus c\u00e9l\u00e8bres au monde.<\/p>\n<p class=\"p1\">Un petit lopin de terre, un vrai titre de propri\u00e9t\u00e9, et un grand r\u00eave devenu r\u00e9alit\u00e9 pour chaque enfant qui a jamais imagin\u00e9 vivre dans un conte de f\u00e9es.<\/p>\n<p class=\"p1\">Vous recevrez un certificat magnifiquement con\u00e7u confirmant votre nouveau titre, ainsi qu'un certificat d'honneur pour votre partenaire. Vous \u00eates les bienvenus \u00e0 visiter la propri\u00e9t\u00e9 en Bavi\u00e8re et, par exemple, \u00e0 l'utiliser pour le camping. \u00c0 une courte distance se trouve le c\u00e9l\u00e8bre ch\u00e2teau de Neuschwanstein \u2013 n'oubliez pas de le visiter pendant votre s\u00e9jour !<\/p>\n<p><center><br \/>\n<iframe loading=\"lazy\" style=\"border: 0;\" src=\"https:\/\/www.google.com\/maps\/embed?pb=!1m18!1m12!1m3!1d2686.370419589306!2d10.415755716228443!3d47.67722579108867!2m3!1f0!2f0!3f0!3m2!1i1024!2i768!4f13.1!3m3!1m2!1s0x479c7dcc6a93df37%3A0x42e2baa007fd32f6!2sNeuschwanstein%20Manor!5e0!3m2!1sde!2sde!4v1639129659704!5m2!1sde!2sde\" width=\"600\" height=\"450\" allowfullscreen=\"allowfullscreen\"><\/iframe><\/center><\/p>\n<p class=\"p1\"><b>Que puis-je faire avec un titre de Comte ?<\/b><b><\/b><\/p>\n<p class=\"p3\">Outre le sentiment agr\u00e9able de poss\u00e9der un petit morceau de terrain pr\u00e8s du ch\u00e2teau de Neuschwanstein, votre titre vous procurera beaucoup de plaisir. Imaginez \u00e0 quel point le certificat encadr\u00e9 sera impressionnant sur votre mur \u00e0 la maison, et combien de regards admiratifs il attirera. Les gens s'interrogeront \u00e0 son sujet, et vous pourrez fi\u00e8rement expliquer que vous poss\u00e9dez un terrain pr\u00e8s du ch\u00e2teau de Neuschwanstein et que vous portez le titre de Comte ou de Comtesse. Mais le titre n'est pas seulement destin\u00e9 \u00e0 \u00eatre expos\u00e9 chez vous : vous pouvez \u00e9galement l'utiliser lors d'une r\u00e9servation au restaurant ou d'un enregistrement \u00e0 l'h\u00f4tel. Bon nombre de nos clients nous disent qu'une table se lib\u00e8re soudainement pour leur \u201c Excellence \u201d, ou qu'ils re\u00e7oivent une surclassement gratuit dans un h\u00f4tel. Partout o\u00f9 vous apparaissez avec votre titre, vous serez per\u00e7u diff\u00e9remment. Vous vous amuserez beaucoup avec, et c'est pr\u00e9cis\u00e9ment le but recherch\u00e9.<\/p>\n<p class=\"p3\">En plus de votre part de terre pr\u00e8s de Neuschwanstein, vous recevrez un dossier complet documentant votre nouveau titre de noblesse.<\/p>\n<p class=\"p3\">Vous recevrez un certificat de nomination officiel confirmant votre statut de comte ou de comtesse. Ce document atteste de votre propri\u00e9t\u00e9 commune du terrain ainsi que de votre droit d'utiliser le titre \u00e0 l'avenir. Puisque votre nouveau titre peut \u00e9galement inclure votre famille, nous fournissons un second certificat gratuitement \u00e0 l'effigie du nom de votre partenaire. Vos enfants ne sont pas non plus oubli\u00e9s : moyennant un petit suppl\u00e9ment, vous pouvez obtenir des certificats pour tous vos enfants. Si vous souhaitez acqu\u00e9rir un terrain et un titre conjointement avec des amis, nous sommes \u00e9galement heureux de d\u00e9livrer des certificats au nom de diff\u00e9rentes personnes. Dans ce cas, vous partagez le terrain avec vos amis, tandis que chaque personne re\u00e7oit son propre certificat.<\/p>\n<p class=\"p3\">Les certificats de rendez-vous sont livr\u00e9s dans un \u00e9l\u00e9gant porte-documents pr\u00e9sentant les armoiries du comt\u00e9 de Neuschwanstein. De plus, vous recevrez notre brochure soigneusement con\u00e7ue \u201c Comt\u00e9 de Neuschwanstein \u201d, contenant des informations d\u00e9taill\u00e9es sur votre titre et la propri\u00e9t\u00e9. Peu de temps apr\u00e8s votre commande, vous recevrez \u00e9galement les armoiries de Neuschwanstein au format PDF par e-mail, que vous pourrez imprimer imm\u00e9diatement et encadrer si vous le souhaitez.<\/p>\n<\/div><\/div><\/div><\/div><\/div><\/div><\/section>","protected":false},"excerpt":{"rendered":"<p class=\"p1\">\u00c0 seulement une vingtaine de miles du ch\u00e2teau de Neuschwanstein, le ch\u00e2teau de conte de f\u00e9es mondialement connu qui a inspir\u00e9 <strong>Disney<\/strong>\u2014se trouve le domaine \u201c Gut Neuschwanstein \u201d. Entour\u00e9 d'arbres et d'un petit ruisseau \u00e0 l'eau cristalline, votre propre lopin de terre devient un lieu magique qui fait de vous un comte ou une comtesse.<\/p>\n<p class=\"p1\">Mais le v\u00e9ritable point fort est pour vos enfants : ils deviennent <span class=\"s1\"><b>Prince ou Princesse de Neuschwanstein<\/b><\/span>\u2014comme dans un vrai conte de f\u00e9es. Imaginez leur excitation lorsqu'ils d\u00e9couvriront qu'ils font partie d'une histoire tout droit sortie d'un ch\u00e2teau Disney. Soudain, ils ne jouent plus \u00e0 la princesse ou au prince \u2013 ils se sentent r\u00e9ellement <i>sont<\/i> un.<\/p>\n<p class=\"p1\">Un petit lopin de terre, un vrai titre de propri\u00e9t\u00e9, et un grand r\u00eave devenu r\u00e9alit\u00e9 pour chaque enfant qui a jamais imagin\u00e9 vivre dans un conte de f\u00e9es.<\/p>","protected":false},"featured_media":56114,"template":"","meta":{"_acf_changed":false,"yasr_overall_rating":0,"yasr_post_is_review":"","yasr_auto_insert_disabled":"","yasr_review_type":"","slim_seo":{"title":"Comte et Comtesse de Neuschwanstein Manor - Achetez des Titres Nobles depuis 1999","description":"\u00c0 seulement une vingtaine de miles du ch\u00e2teau de Neuschwanstein \u2013 le ch\u00e2teau de conte de f\u00e9es mondialement connu qui a inspir\u00e9 Disney \u2013 se trouve le domaine \u201c Gut Neuschwanstein \u201d. Entour\u00e9 d'arbres"}},"product_brand":[],"product_cat":[576],"product_tag":[],"class_list":{"0":"post-61552","1":"product","2":"type-product","3":"status-publish","4":"has-post-thumbnail","6":"product_cat-neuschwanstein-manor","8":"first","9":"instock","10":"taxable","11":"shipping-taxable","12":"purchasable","13":"product-type-variable","14":"has-default-attributes"},"acf":[],"yasr_visitor_votes":{"stars_attributes":{"read_only":false,"span_bottom":false},"number_of_votes":0,"sum_votes":0},"_links":{"self":[{"href":"https:\/\/noble-society.net\/fr\/wp-json\/wp\/v2\/product\/61552","targetHints":{"allow":["GET"]}}],"collection":[{"href":"https:\/\/noble-society.net\/fr\/wp-json\/wp\/v2\/product"}],"about":[{"href":"https:\/\/noble-society.net\/fr\/wp-json\/wp\/v2\/types\/product"}],"wp:featuredmedia":[{"embeddable":true,"href":"https:\/\/noble-society.net\/fr\/wp-json\/wp\/v2\/media\/56114"}],"wp:attachment":[{"href":"https:\/\/noble-society.net\/fr\/wp-json\/wp\/v2\/media?parent=61552"}],"wp:term":[{"taxonomy":"product_brand","embeddable":true,"href":"https:\/\/noble-society.net\/fr\/wp-json\/wp\/v2\/product_brand?post=61552"},{"taxonomy":"product_cat","embeddable":true,"href":"https:\/\/noble-society.net\/fr\/wp-json\/wp\/v2\/product_cat?post=61552"},{"taxonomy":"product_tag","embeddable":true,"href":"https:\/\/noble-society.net\/fr\/wp-json\/wp\/v2\/product_tag?post=61552"}],"curies":[{"name":"wp","href":"https:\/\/api.w.org\/{rel}","templated":true}]}}