{"id":61553,"date":"2026-03-16T20:18:38","date_gmt":"2026-03-16T18:18:38","guid":{"rendered":"https:\/\/noble-society.net\/?post_type=product&#038;p=61553"},"modified":"2026-04-08T14:40:35","modified_gmt":"2026-04-08T11:40:35","slug":"shogun-general","status":"publish","type":"product","link":"https:\/\/noble-society.net\/fr\/buy-nobility-titles\/shogun-kara-taishi\/","title":{"rendered":"Shogun kara Taishi"},"content":{"rendered":"<section class=\"l-section wpb_row height_small\"><div class=\"l-section-h i-cf\"><div class=\"g-cols vc_row via_grid cols_1 laptops-cols_inherit tablets-cols_inherit mobiles-cols_1 valign_top type_default stacking_default\"><div class=\"wpb_column vc_column_container\"><div class=\"vc_column-inner\"><div class=\"wpb_text_column\"><div class=\"wpb_wrapper\"><p class=\"p1\"><b>Shogun<\/b><b><\/b><\/p>\n<p class=\"p3\"><i>Shogun<\/i>\u2014traduit approximativement par \u201c Grand Commandant qui soumet les barbares \u201d ou \u201c G\u00e9n\u00e9ralissime \u201d\u2014\u00e9tait un titre militaire japonais utilis\u00e9 du XIIe si\u00e8cle jusqu\u2019en 1867 pour les chefs de la noblesse guerri\u00e8re, les samoura\u00efs. \u00c0 l\u2019origine, un sh\u014dgun \u00e9tait comparable \u00e0 un duc europ\u00e9en et n\u2019\u00e9tait nomm\u00e9 que temporairement en temps de crise, en particulier lors des campagnes contre les Emishi, avec des pouvoirs sp\u00e9ciaux. Apr\u00e8s la fin de la p\u00e9riode Heian, Minamoto no Yoritomo r\u00e9ussit \u00e0 faire accorder le titre de mani\u00e8re h\u00e9r\u00e9ditaire par l\u2019empereur en 1192.<\/p>\n<p class=\"p3\">Le terme <i>shogunat<\/i> d\u00e9signait initialement uniquement le foyer du sh\u014dgun, mais plus tard aussi son appareil administratif. En japonais, il se d\u00e9signait lui-m\u00eame sous le nom de <i>conf\u00e9rence<\/i> (litt\u00e9ralement \u201c affaires officielles \u201d, signifiant \u201c gouvernement central \u201d) ; \u00e0 partir du XIXe si\u00e8cle, il fut de plus en plus appel\u00e9 <i>bakufu<\/i> (litt\u00e9ralement \u201c gouvernement de la tente \u201d, signifiant \u201c gouvernement militaire \u201d) pour le distinguer de la cour imp\u00e9riale, de plus en plus consid\u00e9r\u00e9e comme souveraine. La <i>bakufu<\/i> est rest\u00e9 l'autorit\u00e9 politique dominante au Japon jusqu'\u00e0 son abolition suite \u00e0 la d\u00e9faite du shogunat Tokugawa lors de la guerre de Boshin et \u00e0 la Restauration Meiji qui s'ensuivit en 1868, ainsi qu'au syst\u00e8me de classes existant.<\/p>\n<p class=\"p1\"><b>Noblesse japonaise<\/b><b><\/b><\/p>\n<p class=\"p3\">Jusqu'au Ve si\u00e8cle de notre \u00e8re, la noblesse au Japon \u00e9tait constitu\u00e9e d'une association l\u00e2che de clans propri\u00e9taires terriens. Au VIe si\u00e8cle, l'autorit\u00e9 centrale imp\u00e9riale du Tenn\u014d accorda des titres h\u00e9r\u00e9ditaires \u00e0 certains chefs de clan, leur d\u00e9l\u00e9guant et l\u00e9gitimant ainsi officiellement leur pouvoir.<\/p>\n<p class=\"p3\">Au cours du VIIe si\u00e8cle, avec l'introduction du syst\u00e8me Ritsury\u014d fortement influenc\u00e9 par la Chine, le statut noble bas\u00e9 sur la naissance a \u00e9t\u00e9 de plus en plus remplac\u00e9 par le m\u00e9rite administratif. Une loi promulgu\u00e9e en 701 a remplac\u00e9 l'aristocratie h\u00e9r\u00e9ditaire par une noblesse de fonctionnaires civils bas\u00e9e sur le m\u00e9rite.<i>Kuge<\/i>). Sous leur direction, centr\u00e9e dans la capitale Heian-ky\u014d (l'actuelle Kyoto), les groupes de guerriers provinciaux et les administrateurs de domaines ont progressivement supplant\u00e9 la noblesse civile du pouvoir vers 1200. Par la suite, la soi-disant \u201c noblesse d'\u00e9p\u00e9e \u201d (<i>Buke<\/i>\u2014y compris les samoura\u00efs, les daimy\u014d et les shoguns) ont domin\u00e9 le Japon jusqu'en 1868, tandis que le Tenn\u014d a conserv\u00e9 des r\u00f4les principalement religieux, culturels et de l\u00e9gitimation.<\/p>\n<p class=\"p3\">En 1884, lors de la Restauration Meiji, la noblesse civile et la noblesse guerri\u00e8re furent fusionn\u00e9es en une aristocratie unifi\u00e9e connue sous le nom de <i>Famille<\/i>, et la classe des samoura\u00efs fut officiellement abolie. Par la loi du 7 juillet 1884, la noblesse fut organis\u00e9e en cinq rangs calqu\u00e9s sur le syst\u00e8me de la pairie britannique, bien que des titres de style chinois aient \u00e9t\u00e9 utilis\u00e9s. Contrairement \u00e0 la Chine, ces titres \u00e9taient h\u00e9rit\u00e9s ind\u00e9finiment suivant la primog\u00e9niture, ce qui signifiait que les fils cadets des nobles titr\u00e9s restaient sans titre de leur vivant, et m\u00eame l'h\u00e9ritier ne d\u00e9tenait aucun titre tant que le p\u00e8re \u00e9tait encore vivant.<\/p>\n<p class=\"p3\">Apr\u00e8s la Seconde Guerre mondiale, la noblesse en tant qu'institution fut abolie par la constitution de 1946. Seule la famille imp\u00e9riale elle-m\u00eame subsista.<\/p>\n<\/div><\/div><\/div><\/div><\/div><\/div><\/section>","protected":false},"excerpt":{"rendered":"<p class=\"p1\"><i>Shogun<\/i>, signifiant approximativement \u201c grand g\u00e9n\u00e9ral \u201d, fut un titre militaire japonais utilis\u00e9 du XIIe si\u00e8cle jusqu\u2019en 1867 pour d\u00e9signer les chefs de la noblesse guerri\u00e8re, les samoura\u00efs. Le titre d\u00e9notait la plus haute autorit\u00e9 militaire dans le pays et \u00e9tait \u00e9troitement associ\u00e9 \u00e0 un pouvoir politique r\u00e9el, le shogun gouvernant de facto le Japon tandis que l'empereur restait largement une figure symbolique. Au fil du temps, le r\u00f4le du shogun \u00e9volua d'un commandement militaire temporaire \u00e0 une position h\u00e9r\u00e9ditaire, fa\u00e7onnant la structure politique du Japon pendant des si\u00e8cles et d\u00e9finissant l'\u00e8re de la domination des samoura\u00efs.<\/p>","protected":false},"featured_media":56188,"template":"","meta":{"_acf_changed":false,"yasr_overall_rating":0,"yasr_post_is_review":"","yasr_auto_insert_disabled":"","yasr_review_type":"","slim_seo":{"title":"Shogun kara Taishi - Achetez des titres de noblesse depuis 1999","description":"Sh\u014dgun, signifiant approximativement \u201c grand g\u00e9n\u00e9ral \u201d, \u00e9tait un titre militaire japonais utilis\u00e9 du XIIe si\u00e8cle \u00e0 1867 pour les chefs de la noblesse guerri\u00e8re, les samoura\u00efs."}},"product_brand":[],"product_cat":[577],"product_tag":[],"class_list":{"0":"post-61553","1":"product","2":"type-product","3":"status-publish","4":"has-post-thumbnail","6":"product_cat-japanese-noble-titles","8":"first","9":"instock","10":"taxable","11":"shipping-taxable","12":"purchasable","13":"product-type-variable","14":"has-default-attributes"},"acf":[],"yasr_visitor_votes":{"stars_attributes":{"read_only":false,"span_bottom":false},"number_of_votes":0,"sum_votes":0},"_links":{"self":[{"href":"https:\/\/noble-society.net\/fr\/wp-json\/wp\/v2\/product\/61553","targetHints":{"allow":["GET"]}}],"collection":[{"href":"https:\/\/noble-society.net\/fr\/wp-json\/wp\/v2\/product"}],"about":[{"href":"https:\/\/noble-society.net\/fr\/wp-json\/wp\/v2\/types\/product"}],"wp:featuredmedia":[{"embeddable":true,"href":"https:\/\/noble-society.net\/fr\/wp-json\/wp\/v2\/media\/56188"}],"wp:attachment":[{"href":"https:\/\/noble-society.net\/fr\/wp-json\/wp\/v2\/media?parent=61553"}],"wp:term":[{"taxonomy":"product_brand","embeddable":true,"href":"https:\/\/noble-society.net\/fr\/wp-json\/wp\/v2\/product_brand?post=61553"},{"taxonomy":"product_cat","embeddable":true,"href":"https:\/\/noble-society.net\/fr\/wp-json\/wp\/v2\/product_cat?post=61553"},{"taxonomy":"product_tag","embeddable":true,"href":"https:\/\/noble-society.net\/fr\/wp-json\/wp\/v2\/product_tag?post=61553"}],"curies":[{"name":"wp","href":"https:\/\/api.w.org\/{rel}","templated":true}]}}