{"id":61554,"date":"2026-03-16T20:18:38","date_gmt":"2026-03-16T18:18:38","guid":{"rendered":"https:\/\/noble-society.net\/?post_type=product&#038;p=61554"},"modified":"2026-04-08T14:40:15","modified_gmt":"2026-04-08T11:40:15","slug":"tianzi-cong-jinyang","status":"publish","type":"product","link":"https:\/\/noble-society.net\/fr\/buy-nobility-titles\/tianzi-cong-jinyang\/","title":{"rendered":"Tianzi vient de Jinyang"},"content":{"rendered":"<section class=\"l-section wpb_row height_small\"><div class=\"l-section-h i-cf\"><div class=\"g-cols vc_row via_grid cols_1 laptops-cols_inherit tablets-cols_inherit mobiles-cols_1 valign_top type_default stacking_default\"><div class=\"wpb_column vc_column_container\"><div class=\"vc_column-inner\"><div class=\"wpb_text_column\"><div class=\"wpb_wrapper\"><p class=\"p1\"><b>Tianzi<\/b><b><\/b><\/p>\n<p class=\"p3\">Le titre <i>Tianzi<\/i> signifie litt\u00e9ralement \u201c Fils du Ciel \u201d et \u00e9tait utilis\u00e9 par de nombreux souverains chinois, quel que soit leur rang. \u00c9mergeant d'abord sous la dynastie Zhou, le concept est bas\u00e9 sur le Mandat du Ciel, qui ne doit pas \u00eatre confondu avec l'id\u00e9e europ\u00e9enne de droit divin, car il ne l\u00e9gitime le r\u00e8gne que tant qu'il est juste et r\u00e9ussi. En tant que titre de dirigeant, <i>Tianzi<\/i> \u00e9galement symbolis\u00e9 la revendication de gouverner <i>Tianxia<\/i> (litt\u00e9ralement \u201c tout sous le ciel \u201d), signifiant le monde entier.<\/p>\n<p class=\"p3\">J\u00ecny\u00e1ng a \u00e9t\u00e9 fond\u00e9e en 497 av. J.-C. et a une histoire de plus de 2 500 ans. Sous son nom moderne, Taiyuan, c'est aujourd'hui la capitale de la province du Shanxi en R\u00e9publique populaire de Chine, situ\u00e9e \u00e0 une altitude de 780 m\u00e8tres le long de la rivi\u00e8re Fen. Le complexe du temple Jinci \u00e0 Taiyuan est class\u00e9 monument culturel prot\u00e9g\u00e9 de Chine depuis 1961.<\/p>\n<p class=\"p1\"><b>Noblesse chinoise<\/b><b><\/b><\/p>\n<p class=\"p3\">La noblesse de la Chine imp\u00e9riale a subi une transformation sur plusieurs milliers d'ann\u00e9es. Ant\u00e9rieurement \u00e0 l'Europe, un syst\u00e8me f\u00e9odal, une structure administrative stable, et finalement un \u00c9tat centralis\u00e9 se sont d\u00e9velopp\u00e9s, fa\u00e7onnant la culture et la structure sociale de l'empire. Malgr\u00e9 les changements internes et externes, des caract\u00e9ristiques cl\u00e9s sont rest\u00e9es constantes, telles que le patriarcat, la primog\u00e9niture dans de nombreux titres, et l'autorit\u00e9 centrale du souverain supr\u00eame et de sa cour. Ce n'est qu'avec l'abolition du syst\u00e8me imp\u00e9rial que le pouvoir social de la noblesse chinoise a \u00e9t\u00e9 bris\u00e9.<\/p>\n<p class=\"p3\">Le syst\u00e8me de noblesse chinois s'est d\u00e9velopp\u00e9 au cours du 1er mill\u00e9naire avant J.-C. sous la dynastie des Zhou. Confucius a codifi\u00e9 le syst\u00e8me traditionnel dans son ouvrage sur les Rites de Zhou peu apr\u00e8s le d\u00e9but de notre \u00e8re, formant la base des grades nobiliaires ult\u00e9rieurs en Chine, m\u00eame si le syst\u00e8me a continu\u00e9 d'\u00e9voluer au fil du temps.<\/p>\n<p class=\"p1\"><b>Empereur de Chine<\/b><b><\/b><\/p>\n<p class=\"p3\">Avant Qin Shi Huang, les termes <i>Huang<\/i> (dirigeant divin ou exalt\u00e9) et <i>Di<\/i> (roi ou empereur ancestral) \u00e9taient utilis\u00e9s. Les deux peuvent \u00eatre traduits de diff\u00e9rentes mani\u00e8res mais refl\u00e8tent la r\u00e9v\u00e9rence pour un \u00eatre semi-divin ou surhumain. Qin Shi Huang s'est inspir\u00e9 de ces concepts mythologiques existants \u2014 d\u00e9riv\u00e9s des l\u00e9gendaires Trois Huang et des Cinq Di \u2014 lorsqu'il a introduit le titre <i>Huangdi<\/i> en 221 av. J.-C., apr\u00e8s avoir vaincu tous les rois rivaux (<i>Wang<\/i>. Ceci exprimait sa pr\u00e9tention \u00e0 \u00eatre un souverain plus grand que tous ceux qui l'avaient pr\u00e9c\u00e9d\u00e9. L'ajout de <i>Shi<\/i> (\u201cPremier\u201d) indiquait sa position de premier empereur. L'\u00e9l\u00e9ment <i>Di<\/i> symbolisait \u00e9galement sa connexion au concept divin de <i>Shangdi<\/i>. Le titre <i>Huangdi<\/i> ne doit pas \u00eatre confondu avec l'Empereur Jaune.<\/p>\n<p class=\"p3\">Apr\u00e8s la dynastie Qin, tous les dirigeants qui revendiquaient l'autorit\u00e9 sur toute la Chine portaient le titre <i>Huangdi<\/i> jusqu'\u00e0 l'abdication de Puyi en 1912. Les dynasties \u00e9tablies par des souverains \u00e9trangers, comme la dynastie Yuan mongole, utilisaient \u00e9galement ce titre parall\u00e8lement \u00e0 leurs propres traditions. Comme en Europe\u2014o\u00f9 des papes rivaux pouvaient coexister\u2014il n'\u00e9tait pas rare que plusieurs <i>Huangdi<\/i> pour revendiquer le titre en m\u00eame temps.<\/p>\n<p class=\"p3\">Dans la traduction occidentale, <i>Huangdi<\/i> est g\u00e9n\u00e9ralement rendu par \u201c Empereur de Chine \u201d, tandis que son sens litt\u00e9ral peut \u00eatre d\u00e9crit comme \u201c souverain divin exalt\u00e9 \u201d.\u201d<\/p>\n<\/div><\/div><\/div><\/div><\/div><\/div><\/section>","protected":false},"excerpt":{"rendered":"<p class=\"p1\">Le titre <i>Tianzi<\/i> signifie litt\u00e9ralement \u201c Fils du Ciel \u201d et \u00e9tait utilis\u00e9 par de nombreux dirigeants souverains de Chine, quel que soit leur rang. Le terme refl\u00e8te un concept cosmologique profond\u00e9ment ancr\u00e9 dans la pens\u00e9e chinoise, soulignant le lien divin entre le dirigeant et les cieux. En tant que \u201c Fils du Ciel \u201d, le dirigeant \u00e9tait consid\u00e9r\u00e9 comme le m\u00e9diateur entre le ciel et la terre, responsable du maintien de l'harmonie et de l'ordre au sein du royaume. Ce titre ne se limitait pas \u00e0 un rang sp\u00e9cifique, mais signifiait plut\u00f4t une autorit\u00e9 supr\u00eame et une l\u00e9gitimit\u00e9 accord\u00e9es par le Mandat du Ciel.<\/p>","protected":false},"featured_media":56187,"template":"","meta":{"_acf_changed":false,"yasr_overall_rating":0,"yasr_post_is_review":"","yasr_auto_insert_disabled":"","yasr_review_type":"","slim_seo":{"title":"Tianzi c\u00f3ng J\u00ecny\u00e1ng - Achetez des titres de noblesse depuis 1999","description":"Le titre Tianzi signifie litt\u00e9ralement \u201c Fils du Ciel \u201d et \u00e9tait utilis\u00e9 par de nombreux souverains en Chine, quel que soit leur rang. Ce terme refl\u00e8te une cosmologie profond\u00e9ment ancr\u00e9e"}},"product_brand":[],"product_cat":[578],"product_tag":[],"class_list":{"0":"post-61554","1":"product","2":"type-product","3":"status-publish","4":"has-post-thumbnail","6":"product_cat-chinese-noble-titles","8":"first","9":"instock","10":"taxable","11":"shipping-taxable","12":"purchasable","13":"product-type-variable","14":"has-default-attributes"},"acf":[],"yasr_visitor_votes":{"stars_attributes":{"read_only":false,"span_bottom":false},"number_of_votes":0,"sum_votes":0},"_links":{"self":[{"href":"https:\/\/noble-society.net\/fr\/wp-json\/wp\/v2\/product\/61554","targetHints":{"allow":["GET"]}}],"collection":[{"href":"https:\/\/noble-society.net\/fr\/wp-json\/wp\/v2\/product"}],"about":[{"href":"https:\/\/noble-society.net\/fr\/wp-json\/wp\/v2\/types\/product"}],"wp:featuredmedia":[{"embeddable":true,"href":"https:\/\/noble-society.net\/fr\/wp-json\/wp\/v2\/media\/56187"}],"wp:attachment":[{"href":"https:\/\/noble-society.net\/fr\/wp-json\/wp\/v2\/media?parent=61554"}],"wp:term":[{"taxonomy":"product_brand","embeddable":true,"href":"https:\/\/noble-society.net\/fr\/wp-json\/wp\/v2\/product_brand?post=61554"},{"taxonomy":"product_cat","embeddable":true,"href":"https:\/\/noble-society.net\/fr\/wp-json\/wp\/v2\/product_cat?post=61554"},{"taxonomy":"product_tag","embeddable":true,"href":"https:\/\/noble-society.net\/fr\/wp-json\/wp\/v2\/product_tag?post=61554"}],"curies":[{"name":"wp","href":"https:\/\/api.w.org\/{rel}","templated":true}]}}