{"id":61555,"date":"2026-03-16T20:18:38","date_gmt":"2026-03-16T18:18:38","guid":{"rendered":"https:\/\/noble-society.net\/?post_type=product&#038;p=61555"},"modified":"2026-04-08T14:39:53","modified_gmt":"2026-04-08T11:39:53","slug":"culture-du-cafe-et-seigneur-dembu","status":"publish","type":"product","link":"https:\/\/noble-society.net\/fr\/buy-nobility-titles\/coffee-plantation-and-lord-of-embu\/","title":{"rendered":"Plantation de caf\u00e9 et Lord of Embu"},"content":{"rendered":"<section class=\"l-section wpb_row height_small\"><div class=\"l-section-h i-cf\"><div class=\"g-cols vc_row via_grid cols_1 laptops-cols_inherit tablets-cols_inherit mobiles-cols_1 valign_top type_default stacking_default\"><div class=\"wpb_column vc_column_container\"><div class=\"vc_column-inner\"><div class=\"wpb_text_column\"><div class=\"wpb_wrapper\"><h2 class=\"p1\">Devenez Lord ou Lady d'une plantation de caf\u00e9 au Kenya.<\/h2>\n<p class=\"p1\">\u00c0 environ 30 kilom\u00e8tres au nord de Nairobi, la capitale du Kenya, nous avons acquis un terrain dans le comt\u00e9 de Nakuru. Les habitants cultivent du caf\u00e9 sur ce terrain et sont autoris\u00e9s \u00e0 conserver et \u00e0 vendre eux-m\u00eames la r\u00e9colte. Nous fournissons aux agriculteurs tous les outils, l'eau et le transport n\u00e9cessaires. Cette plantation de caf\u00e9 est financ\u00e9e par votre achat d'une part de copropri\u00e9t\u00e9. En devenant copropri\u00e9taire, vous d\u00e9tiendrez le titre <span class=\"s1\"><b>\u201cSeigneur ou Dame de Nakuru.\u201d<\/b><\/span> Le Kenya fait partie du Commonwealth britannique, c'est pourquoi les titres de noblesse anglophones sont \u00e9galement utilis\u00e9s dans ce contexte.<\/p>\n<p class=\"p1\">En plus de la plantation de caf\u00e9, nous avons \u00e9galement acquis un terrain \u00e0 Embu (\u00e0 environ 120 kilom\u00e8tres au nord-est de Nairobi, en direction du mont Kenya). L\u00e0, nous avons creus\u00e9 un puits, et les habitants du village voisin sont libres d'y cultiver ce dont ils ont besoin. Cela comprend principalement des l\u00e9gumes, ainsi que diverses herbes aromatiques. Le jardin communautaire est partiellement financ\u00e9 par les revenus de la plantation de caf\u00e9.<\/p>\n<p class=\"p1\">Avec votre commande, vous recevrez :<\/p>\n<ul>\n<li>\n<p class=\"p1\">Titre noble <span class=\"s1\"><b>Seigneur \/ Dame d'Embu<\/b><\/span> (librement choisissable)<\/p>\n<\/li>\n<li>\n<p class=\"p1\">Certificats de rendez-vous et de propri\u00e9t\u00e9 magnifiquement con\u00e7us<\/p>\n<\/li>\n<li>\n<p class=\"p1\">Plein droit d'utiliser votre blason personnel (voir image)<\/p>\n<\/li>\n<li>\n<p class=\"p1\">Informations compl\u00e8tes sur le projet, le terrain et les habitants<\/p>\n<\/li>\n<li>\n<p class=\"p1\">Aucun co\u00fbt r\u00e9current \u2014 avec votre paiement, vous devenez copropri\u00e9taire de la plantation de caf\u00e9<\/p>\n<\/li>\n<\/ul>\n<p>&nbsp;<\/p>\n<figure id=\"attachment_55751\" aria-describedby=\"caption-attachment-55751\" style=\"width: 1152px\" class=\"wp-caption alignnone\"><a href=\"https:\/\/www.google.com\/maps?q=-0.9536052,36.5306993&amp;z=17&amp;hl=de\"><img loading=\"lazy\" decoding=\"async\" class=\"size-full wp-image-55751\" src=\"https:\/\/noble-society.net\/wp-content\/uploads\/2021\/10\/kenya-plantage_lage.jpg\" alt=\"\" width=\"1152\" height=\"933\" srcset=\"https:\/\/noble-society.net\/wp-content\/uploads\/2021\/10\/kenya-plantage_lage.jpg 1152w, https:\/\/noble-society.net\/wp-content\/uploads\/2021\/10\/kenya-plantage_lage-600x486.jpg 600w, https:\/\/noble-society.net\/wp-content\/uploads\/2021\/10\/kenya-plantage_lage-300x243.jpg 300w, https:\/\/noble-society.net\/wp-content\/uploads\/2021\/10\/kenya-plantage_lage-1024x829.jpg 1024w, https:\/\/noble-society.net\/wp-content\/uploads\/2021\/10\/kenya-plantage_lage-768x622.jpg 768w, https:\/\/noble-society.net\/wp-content\/uploads\/2021\/10\/kenya-plantage_lage-15x12.jpg 15w, https:\/\/noble-society.net\/wp-content\/uploads\/2021\/10\/kenya-plantage_lage-465x377.jpg 465w, https:\/\/noble-society.net\/wp-content\/uploads\/2021\/10\/kenya-plantage_lage-617x500.jpg 617w, https:\/\/noble-society.net\/wp-content\/uploads\/2021\/10\/kenya-plantage_lage-100x81.jpg 100w, https:\/\/noble-society.net\/wp-content\/uploads\/2021\/10\/kenya-plantage_lage-30x24.jpg 30w, https:\/\/noble-society.net\/wp-content\/uploads\/2021\/10\/kenya-plantage_lage-494x400.jpg 494w, https:\/\/noble-society.net\/wp-content\/uploads\/2021\/10\/kenya-plantage_lage-60x49.jpg 60w\" sizes=\"auto, (max-width: 1152px) 100vw, 1152px\" \/><\/a><figcaption id=\"caption-attachment-55751\" class=\"wp-caption-text\"><strong>Veuillez cliquer sur la carte pour visualiser la plantation de caf\u00e9 sur Google Maps.<\/strong><\/figcaption><\/figure>\n<\/div><\/div><\/div><\/div><\/div><\/div><\/section>","protected":false},"excerpt":{"rendered":"<div id=\"content\" class=\"site-content\">\n<div id=\"primary\" class=\"content-area\">\n<p class=\"p1\">Vous devenez copropri\u00e9taire de notre plantation de caf\u00e9 et par cons\u00e9quent, un Lord ou une Lady d'Embu, incluant le caf\u00e9 annuel de votre propre plantation.<\/p>\n<\/div>\n<\/div>\n<footer id=\"colophon\" class=\"site-footer\" role=\"contentinfo\">\n<div class=\"wrap\">\n<aside class=\"widget-area\" role=\"complementary\" aria-label=\"Pied de page\">\n<div class=\"widget-column footer-widget-1\"><\/div>\n<\/aside>\n<\/div>\n<\/footer>","protected":false},"featured_media":55742,"template":"","meta":{"_acf_changed":false,"yasr_overall_rating":0,"yasr_post_is_review":"","yasr_auto_insert_disabled":"","yasr_review_type":"","slim_seo":{"title":"Plantation de caf\u00e9 et Lord of Embu - Achetez des titres de noblesse depuis 1999","description":"Vous devenez copropri\u00e9taire de notre plantation de caf\u00e9 et par cons\u00e9quent, un Lord ou une Lady d'Embu, incluant le caf\u00e9 annuel de votre propre plantation."}},"product_brand":[],"product_cat":[574],"product_tag":[],"class_list":{"0":"post-61555","1":"product","2":"type-product","3":"status-publish","4":"has-post-thumbnail","6":"product_cat-kenyan-title-coffee-plantation","8":"first","9":"instock","10":"taxable","11":"shipping-taxable","12":"purchasable","13":"product-type-variable","14":"has-default-attributes"},"acf":[],"yasr_visitor_votes":{"stars_attributes":{"read_only":false,"span_bottom":false},"number_of_votes":0,"sum_votes":0},"_links":{"self":[{"href":"https:\/\/noble-society.net\/fr\/wp-json\/wp\/v2\/product\/61555","targetHints":{"allow":["GET"]}}],"collection":[{"href":"https:\/\/noble-society.net\/fr\/wp-json\/wp\/v2\/product"}],"about":[{"href":"https:\/\/noble-society.net\/fr\/wp-json\/wp\/v2\/types\/product"}],"wp:featuredmedia":[{"embeddable":true,"href":"https:\/\/noble-society.net\/fr\/wp-json\/wp\/v2\/media\/55742"}],"wp:attachment":[{"href":"https:\/\/noble-society.net\/fr\/wp-json\/wp\/v2\/media?parent=61555"}],"wp:term":[{"taxonomy":"product_brand","embeddable":true,"href":"https:\/\/noble-society.net\/fr\/wp-json\/wp\/v2\/product_brand?post=61555"},{"taxonomy":"product_cat","embeddable":true,"href":"https:\/\/noble-society.net\/fr\/wp-json\/wp\/v2\/product_cat?post=61555"},{"taxonomy":"product_tag","embeddable":true,"href":"https:\/\/noble-society.net\/fr\/wp-json\/wp\/v2\/product_tag?post=61555"}],"curies":[{"name":"wp","href":"https:\/\/api.w.org\/{rel}","templated":true}]}}