{"id":122,"date":"2020-05-17T13:27:58","date_gmt":"2020-05-17T11:27:58","guid":{"rendered":"https:\/\/noble-society.net\/?page_id=122"},"modified":"2026-04-01T11:42:45","modified_gmt":"2026-04-01T08:42:45","slug":"i-nostri-nobili-titoli-offrono","status":"publish","type":"page","link":"https:\/\/noble-society.net\/it\/our-noble-titles-offer\/","title":{"rendered":"I nostri nobili titoli offrono"},"content":{"rendered":"<section class=\"l-section wpb_row height_small\"><div class=\"l-section-h i-cf\"><div class=\"g-cols vc_row via_grid cols_1 laptops-cols_inherit tablets-cols_inherit mobiles-cols_1 valign_top type_default stacking_default\"><div class=\"wpb_column vc_column_container\"><div class=\"vc_column-inner\"><div class=\"w-image style_shadow-1 align_center\"><div class=\"w-image-h\"><img decoding=\"async\" width=\"1418\" height=\"525\" src=\"https:\/\/noble-society.net\/wp-content\/uploads\/2026\/04\/buyNobleTitle_queen.jpg\" class=\"attachment-full size-full\" alt=\"Duchessa seduta su un trono con un elegante cane nero, ritratto di titolo nobiliare con potere aristocratico e lusso, acquista ispirazione di titolo nobiliare\" loading=\"lazy\" srcset=\"https:\/\/noble-society.net\/wp-content\/uploads\/2026\/04\/buyNobleTitle_queen.jpg 1418w, https:\/\/noble-society.net\/wp-content\/uploads\/2026\/04\/buyNobleTitle_queen-300x111.jpg 300w, https:\/\/noble-society.net\/wp-content\/uploads\/2026\/04\/buyNobleTitle_queen-1024x379.jpg 1024w, https:\/\/noble-society.net\/wp-content\/uploads\/2026\/04\/buyNobleTitle_queen-18x7.jpg 18w, https:\/\/noble-society.net\/wp-content\/uploads\/2026\/04\/buyNobleTitle_queen-100x37.jpg 100w, https:\/\/noble-society.net\/wp-content\/uploads\/2026\/04\/buyNobleTitle_queen-600x222.jpg 600w, https:\/\/noble-society.net\/wp-content\/uploads\/2026\/04\/buyNobleTitle_queen-30x11.jpg 30w, https:\/\/noble-society.net\/wp-content\/uploads\/2026\/04\/buyNobleTitle_queen-60x22.jpg 60w\" sizes=\"auto, (max-width: 1418px) 100vw, 1418px\" \/><\/div><\/div><\/div><\/div><\/div><\/div><\/section><section class=\"l-section wpb_row height_small\"><div class=\"l-section-h i-cf\"><div class=\"g-cols vc_row via_grid cols_1 laptops-cols_inherit tablets-cols_inherit mobiles-cols_1 valign_top type_default stacking_default\"><div class=\"wpb_column vc_column_container\"><div class=\"vc_column-inner\"><div class=\"wpb_text_column\"><div class=\"wpb_wrapper\"><p class=\"p1\"><b>Diventa Nobile \u2013 Scegliere il Titolo Giusto<\/b><b><\/b><\/p>\n<p class=\"p2\">Acquisto Titolo Nobiliare \u2013 Immagine in primo piano<\/p>\n<p class=\"p2\">Essere elevati alla nobilt\u00e0 \u00e8 sempre stato allettante per molte persone. Uno sguardo alla storia mostra che la classe nobiliare godeva di numerosi privilegi. I nobili e le nobildonne erano molto rispettati, e molte persone in passato consideravano il loro titolo nobiliare un vero arricchimento, andando molto orgogliose di essere conte o contessa.<\/p>\n<p class=\"p2\">A seconda del paese, della regione e del rango, i privilegi della nobilt\u00e0 variavano: alcuni nobili ricevevano benefici onorifici, mentre altri ottenevano vantaggi materiali. Prima di diventare nobile e scegliere il titolo giusto per te, vale la pena saperne di pi\u00f9 sullo status reale. Esplora le seguenti informazioni e considera quale titolo nobiliare ti si addice meglio. Sei pi\u00f9 un conte, o il titolo di barone ti si addice meglio? La scelta \u00e8 tua.<\/p>\n<p class=\"p1\"><b>Il Significato dei Titoli<\/b><b><\/b><\/p>\n<p class=\"p2\">I titoli nobiliari rappresentano diversi livelli della societ\u00e0. A seconda della ricchezza e del rango, agli individui venivano conferiti titoli diversi. Barone e baronessa sono tra i ranghi inferiori, mentre duca e duchessa si trovano vicino alla cima, subito sotto il re. Molte persone oggi vedono i titoli nobiliari come reliquie di un'epoca passata\u2014spesso una miscela di incomprensione e riverenza plasma questa percezione. In realt\u00e0, i titoli nobiliari rimangono presenti e influenti in molti aspetti della vita moderna.<\/p>\n<p class=\"p2\">In un sistema monarchico, la nobilt\u00e0 gioca un ruolo significativo. Il re o l'autorit\u00e0 regnante eleva determinati individui a posizioni di alto rango associate a potere, favore, ricchezza e prestigio. Oggi, acquisire tali titoli nobiliari \u00e8 possibile in molti paesi. Ad esempio, coloro che desiderano diventare un lord possono ottenere un titolo all'interno del Commonwealth.<\/p>\n<p class=\"p1\"><b>Monarchie allora e adesso<\/b><b><\/b><\/p>\n<p class=\"p2\">Numerose monarchie esistono ancora oggi. Nelle monarchie storiche, la nobilt\u00e0 giocava un ruolo centrale. L'imperatore o il re concedeva titoli nobiliari, e la nobilt\u00e0 era responsabile della supervisione di importanti affari di stato e del sostegno agli interessi reali o imperiali. Dopo la Seconda Guerra Mondiale, molte monarchie furono sciolte. Tuttavia, alcune rimasero, e in quei sistemi, il re e la nobilt\u00e0 continuarono a guidare il paese. Oggi, ci sono ancora circa dodici monarchie nel mondo, sette delle quali sono veri e propri regni con un re regnante a capo dello stato.<\/p>\n<p class=\"p1\"><b>Acquista un Nobildipendente<\/b><b><\/b><\/p>\n<p class=\"p2\">Dal 1999, siamo esperti in titoli nobiliari. Se la descrizione qui sopra ti risuona e ti senti legato all'idea di nobilt\u00e0, un titolo nobiliare potrebbe essere la scelta perfetta. Sia per te stesso che come regalo, un titolo nobiliare pu\u00f2 portarti riconoscimento e attenzione in futuro.<\/p>\n<\/div><\/div><\/div><\/div><\/div><\/div><\/section>","protected":false},"excerpt":{"rendered":"<p>Essere elevati alla nobilt\u00e0 \u00e8 sempre stato allettante per molte persone. Uno sguardo alla storia mostra che la classe nobiliare godeva di numerosi privilegi. I nobili e le nobildonne erano molto rispettati, e molte persone in passato consideravano il loro titolo nobiliare un vero arricchimento, andando molto orgogliose di essere conte o contessa.<\/p>","protected":false},"author":1,"featured_media":59554,"parent":0,"menu_order":0,"comment_status":"closed","ping_status":"closed","template":"","meta":{"_acf_changed":false,"yasr_overall_rating":0,"yasr_post_is_review":"","yasr_auto_insert_disabled":"","yasr_review_type":"","slim_seo":{"title":"Our noble titles offer - Buy Noble Titles Since 1999","description":"Essere elevati alla nobilt\u00e0 \u00e8 sempre stato allettante per molte persone. Uno sguardo alla storia mostra che la classe nobiliare godeva di numerosi privilegi. I nobili an"},"footnotes":""},"class_list":["post-122","page","type-page","status-publish","has-post-thumbnail","hentry"],"acf":[],"yasr_visitor_votes":{"stars_attributes":{"read_only":false,"span_bottom":false},"number_of_votes":0,"sum_votes":0},"_links":{"self":[{"href":"https:\/\/noble-society.net\/it\/wp-json\/wp\/v2\/pages\/122","targetHints":{"allow":["GET"]}}],"collection":[{"href":"https:\/\/noble-society.net\/it\/wp-json\/wp\/v2\/pages"}],"about":[{"href":"https:\/\/noble-society.net\/it\/wp-json\/wp\/v2\/types\/page"}],"author":[{"embeddable":true,"href":"https:\/\/noble-society.net\/it\/wp-json\/wp\/v2\/users\/1"}],"replies":[{"embeddable":true,"href":"https:\/\/noble-society.net\/it\/wp-json\/wp\/v2\/comments?post=122"}],"version-history":[{"count":2,"href":"https:\/\/noble-society.net\/it\/wp-json\/wp\/v2\/pages\/122\/revisions"}],"predecessor-version":[{"id":62170,"href":"https:\/\/noble-society.net\/it\/wp-json\/wp\/v2\/pages\/122\/revisions\/62170"}],"wp:featuredmedia":[{"embeddable":true,"href":"https:\/\/noble-society.net\/it\/wp-json\/wp\/v2\/media\/59554"}],"wp:attachment":[{"href":"https:\/\/noble-society.net\/it\/wp-json\/wp\/v2\/media?parent=122"}],"curies":[{"name":"wp","href":"https:\/\/api.w.org\/{rel}","templated":true}]}}