{"id":61487,"date":"2026-03-16T20:17:56","date_gmt":"2026-03-16T18:17:56","guid":{"rendered":"https:\/\/noble-society.net\/?post_type=product&#038;p=61487"},"modified":"2026-04-08T14:51:48","modified_gmt":"2026-04-08T11:51:48","slug":"conte-di-falkenstein","status":"publish","type":"product","link":"https:\/\/noble-society.net\/it\/buy-nobility-titles\/graf-von-falkenstein\/","title":{"rendered":"Conte di Falkenstein"},"content":{"rendered":"<section class=\"l-section wpb_row height_small\"><div class=\"l-section-h i-cf\"><div class=\"g-cols vc_row via_grid cols_1 laptops-cols_inherit tablets-cols_inherit mobiles-cols_1 valign_top type_default stacking_default\"><div class=\"wpb_column vc_column_container\"><div class=\"vc_column-inner\"><div class=\"wpb_text_column\"><div class=\"wpb_wrapper\"><div id=\"model-response-message-contentr_0e887cff68306677\" class=\"markdown markdown-main-panel stronger enable-updated-hr-color\" dir=\"ltr\" aria-live=\"polite\" aria-busy=\"false\">\n<h2 data-path-to-node=\"0\">La Storia del Castello di Falkenstein e della Casa di Falkenstein-M\u00fcnzenberg<\/h2>\n<p data-path-to-node=\"1\"><b data-path-to-node=\"1\" data-index-in-node=\"0\">Castello di Falkenstein sul Monte Donnersberg<\/b> nel Palatinato, uno dei siti di fortificazione pi\u00f9 elevati della regione, fu completato da <b data-path-to-node=\"1\" data-index-in-node=\"130\">1135<\/b>. La sua importanza strategica divenne infine la sua rovina durante la Guerra dei Trent'anni: in <b data-path-to-node=\"1\" data-index-in-node=\"227\">1647<\/b>, le truppe francesi sotto il comando del generale Turenne assediarono e catturarono la fortezza, demolendo successivamente le mura esterne con esplosivi. Al momento in cui <b data-path-to-node=\"1\" data-index-in-node=\"375\">1794<\/b> arrivati e il caos della Rivoluzione Francese travolse il Palatinato, l'originaria stirpe dei signori di Falkenstein si era gi\u00e0 estinta da secoli. Le rovine passarono attraverso varie mani prestigiose, tra cui i Duchi di Lorena e persino la Casa d'Asburgo, prima di essere acquisite dal comune di Falkenstein. Poich\u00e9 <b data-path-to-node=\"1\" data-index-in-node=\"717\">1979<\/b>, Il sito \u00e8 stato sottoposto a una parziale ricostruzione e conservazione per salvaguardare il suo patrimonio culturale.<\/p>\n<p data-path-to-node=\"2\">la documentazione storica inizia nel <b data-path-to-node=\"2\" data-index-in-node=\"35\">1135<\/b>, quando un certo <b data-path-to-node=\"2\" data-index-in-node=\"56\">Siegebold di Falkenstein<\/b> fu menzionato per la prima volta come signore del castello. I successivi 40 anni rimangono avvolti nel buio storico, un periodo di incertezza che termin\u00f2 solo dopo <b data-path-to-node=\"2\" data-index-in-node=\"237\">1170<\/b> quando l'influente <b data-path-to-node=\"2\" data-index-in-node=\"263\">Bolanden<\/b> La famiglia apparve negli annali come i nuovi signori. Un punto di svolta decisivo si verific\u00f2 nel <b data-path-to-node=\"2\" data-index-in-node=\"357\">1233<\/b>: <b data-path-to-node=\"2\" data-index-in-node=\"363\">Filippo IV di Bolanden<\/b> inizi\u00f2 ufficialmente a definirsi come <b data-path-to-node=\"2\" data-index-in-node=\"422\">Filippo I di Falkenstein<\/b>, fondando cos\u00ec la nuova Casa di Falkenstein. Sotto i suoi figli, Filippo II e Werner, la stirpe si divise in <b data-path-to-node=\"2\" data-index-in-node=\"561\">Falkenstein-Butzbach<\/b> e <b data-path-to-node=\"2\" data-index-in-node=\"586\">Falkenstein-Lich<\/b> rami.<\/p>\n<p data-path-to-node=\"3\">Tuttavia, il potere della Casa di Falkenstein non si limitava affatto al Palatinato. A seguito dell'estinzione dei parenti <b data-path-to-node=\"3\" data-index-in-node=\"130\">Hagen-M\u00fcnzenberg<\/b> famiglia nobile nel 1255 \u2014 nota come \u201cEredit\u00e0 di M\u00fcnzenberg\u201d \u2014 i Falkenstein acquisirono vasti territori nel Wetterau e nella regione Reno-Meno. Ascesero a diventare una delle famiglie pi\u00f9 potenti dell'Assia, prendendo il controllo di aree come Offenbach e costruendo <b data-path-to-node=\"3\" data-index-in-node=\"416\">Castello di Neufalkenstein<\/b> nelle montagne del Taunus come un formidabile simbolo della loro crescente influenza.<\/p>\n<p data-path-to-node=\"4\">La filiale di Butzbach diede i natali a una delle figure pi\u00f9 eminenti del Medioevo: <b data-path-to-node=\"4\" data-index-in-node=\"83\">Cuno II di Falkenstein<\/b>. Come il <b data-path-to-node=\"4\" data-index-in-node=\"114\">Principe elettore e arcivescovo di Treviri (1362\u20131388)<\/b>, ricopr\u00ec uno dei sette pi\u00f9 alti uffici del Sacro Romano Impero, agendo come un *kingmaker* e stretto consigliere dell'Imperatore Carlo IV. Alla sua morte, gli successe in questo potente ufficio il suo pronipote, <b data-path-to-node=\"4\" data-index-in-node=\"374\">Werner III di Falkenstein<\/b>, dalla linea dei Lich. Werner III fu uno spirito controverso e combattivo; come signore di Offenbach, si scontr\u00f2 frequentemente con la citt\u00e0 libera imperiale di <b data-path-to-node=\"4\" data-index-in-node=\"553\">Francoforte<\/b>, detenendo i loro mercanti e provocando sanguinose faide. Con la sua morte nel 1418, la linea maschile della Casa di Falkenstein si estinse.<\/p>\n<p data-path-to-node=\"5\">La cospicua eredit\u00e0 fu divisa tra i Signori di <b data-path-to-node=\"5\" data-index-in-node=\"57\">Eppstein<\/b> e i Conti di <b data-path-to-node=\"5\" data-index-in-node=\"84\">Solms<\/b>. Mentre la stirpe Eppstein si estinse anch'essa nel XVI secolo, la Casa di Solms sopravvive ancora oggi. L'ultima sopravvissuta dei Falkenstein \u00e8 ricordata come <b data-path-to-node=\"5\" data-index-in-node=\"257\">Anna di Falkenstein<\/b>, la sorella di Werner. Ha mostrato un lato caritatevole fondando un ospedale a <b data-path-to-node=\"5\" data-index-in-node=\"353\">Dreieichenhain<\/b>, che fu poi trasferita a Offenbach. Tuttavia, la leggenda narra che i fardelli della sua fondazione e il destino della sua famiglia pesassero cos\u00ec tanto su di lei che non trov\u00f2 pace nella tomba; fino alla met\u00e0 del XIX secolo, si diceva che infestasse le mura delle sue ex propriet\u00e0 come una \u201cDama Bianca\u201d.\u201d<\/p>\n<\/div>\n<\/div><\/div><\/div><\/div><\/div><\/div><\/section>","protected":false},"excerpt":{"rendered":"<div id=\"model-response-message-contentr_16a3e6c9076d2078\" class=\"markdown markdown-main-panel stronger enable-updated-hr-color\" dir=\"ltr\" aria-live=\"polite\" aria-busy=\"false\">\n<div id=\"model-response-message-contentr_294d20bfeaf5d0df\" class=\"markdown markdown-main-panel stronger enable-updated-hr-color\" dir=\"ltr\" aria-live=\"polite\" aria-busy=\"false\">\n<p data-path-to-node=\"0\">Dal loro ascesa nel XII secolo all'estinzione della stirpe nel 1418, i Falkenstein hanno plasmato la Germania sud-occidentale. Come potenti Principi Elettori e abili costruttori (Falkenstein, Neufalkenstein), dominarono la regione del Reno-Meno. A seguito di feroci faide con Francoforte, la loro eredit\u00e0 pass\u00f2 alle casate di Solms ed Eppstein, mentre l'ultima dama Falkenstein divenne una leggenda come fantasma inquieto.<\/p>\n<\/div>\n<\/div>","protected":false},"featured_media":55584,"template":"","meta":{"_acf_changed":false,"yasr_overall_rating":0,"yasr_post_is_review":"","yasr_auto_insert_disabled":"","yasr_review_type":"","slim_seo":{"title":"Count of Falkenstein - Buy Noble Titles Since 1999","description":"Dal loro ascesa nel XII secolo all'estinzione della stirpe nel 1418, i Falkenstein hanno plasmato la Germania sud-occidentale. Come potenti Principi Elettori e abili costruttori"}},"product_brand":[],"product_cat":[26],"product_tag":[36,37,35,34],"class_list":{"0":"post-61487","1":"product","2":"type-product","3":"status-publish","4":"has-post-thumbnail","6":"product_cat-german-noble-titles","7":"product_tag-adelstitel","8":"product_tag-deutsche","9":"product_tag-falkenstein","10":"product_tag-graf","12":"first","13":"instock","14":"taxable","15":"shipping-taxable","16":"purchasable","17":"product-type-variable","18":"has-default-attributes"},"acf":[],"yasr_visitor_votes":{"stars_attributes":{"read_only":false,"span_bottom":false},"number_of_votes":0,"sum_votes":0},"_links":{"self":[{"href":"https:\/\/noble-society.net\/it\/wp-json\/wp\/v2\/product\/61487","targetHints":{"allow":["GET"]}}],"collection":[{"href":"https:\/\/noble-society.net\/it\/wp-json\/wp\/v2\/product"}],"about":[{"href":"https:\/\/noble-society.net\/it\/wp-json\/wp\/v2\/types\/product"}],"wp:featuredmedia":[{"embeddable":true,"href":"https:\/\/noble-society.net\/it\/wp-json\/wp\/v2\/media\/55584"}],"wp:attachment":[{"href":"https:\/\/noble-society.net\/it\/wp-json\/wp\/v2\/media?parent=61487"}],"wp:term":[{"taxonomy":"product_brand","embeddable":true,"href":"https:\/\/noble-society.net\/it\/wp-json\/wp\/v2\/product_brand?post=61487"},{"taxonomy":"product_cat","embeddable":true,"href":"https:\/\/noble-society.net\/it\/wp-json\/wp\/v2\/product_cat?post=61487"},{"taxonomy":"product_tag","embeddable":true,"href":"https:\/\/noble-society.net\/it\/wp-json\/wp\/v2\/product_tag?post=61487"}],"curies":[{"name":"wp","href":"https:\/\/api.w.org\/{rel}","templated":true}]}}