{"id":61488,"date":"2026-03-16T20:17:56","date_gmt":"2026-03-16T18:17:56","guid":{"rendered":"https:\/\/noble-society.net\/?post_type=product&#038;p=61488"},"modified":"2026-03-31T19:45:01","modified_gmt":"2026-03-31T16:45:01","slug":"barone-di-loudon","status":"publish","type":"product","link":"https:\/\/noble-society.net\/it\/buy-nobility-titles\/baron-de-loudon\/","title":{"rendered":"Baron de Loudon"},"content":{"rendered":"<section class=\"l-section wpb_row height_small\"><div class=\"l-section-h i-cf\"><div class=\"g-cols vc_row via_grid cols_1 laptops-cols_inherit tablets-cols_inherit mobiles-cols_1 valign_top type_default stacking_default\"><div class=\"wpb_column vc_column_container\"><div class=\"vc_column-inner\"><div class=\"wpb_text_column\"><div class=\"wpb_wrapper\"><div id=\"model-response-message-contentr_e185b7e9567dda35\" class=\"markdown markdown-main-panel stronger enable-updated-hr-color\" dir=\"ltr\" aria-live=\"polite\" aria-busy=\"false\">\n<p data-path-to-node=\"0\">La famiglia nobile Loudon \u00e8 un lignaggio antico e distinto con radici profonde in Scozia, in particolare legato alle terre di <b data-path-to-node=\"0\" data-index-in-node=\"136\">Loudoun nell'Ayrshire<\/b>. Il nome, che appare in varianti come <b data-path-to-node=\"0\" data-index-in-node=\"199\">Loudoun<\/b> o <b data-path-to-node=\"0\" data-index-in-node=\"210\">Ludone<\/b>, \u00e8 indissolubilmente legato alla storia scozzese e all'ascesa del <b data-path-to-node=\"0\" data-index-in-node=\"280\">Clan Campbell di Loudoun<\/b>. Per secoli, questa casa ha prodotto figure illustri che hanno plasmato i panorami militari, politici e culturali d'Europa e delle Americhe.<\/p>\n<p data-path-to-node=\"1\">Una figura imponente nella storia della famiglia \u00e8 <b data-path-to-node=\"1\" data-index-in-node=\"45\">John Campbell, quarto conte di Loudoun (1705\u20131782)<\/b>. Durante il XVIII secolo, prest\u00f2 servizio come generale britannico di alto rango e comandante in capo delle forze britanniche in Nord America durante la <b data-path-to-node=\"1\" data-index-in-node=\"235\">Guerra franco-indiana<\/b>. Nonostante le complessit\u00e0 politiche durante il suo mandato come Governatore della Virginia, le sue riforme strutturali all'interno dell'esercito e la sua leadership del <b data-path-to-node=\"1\" data-index-in-node=\"401\">Highlanders di Loudoun<\/b> il reggimento elev\u00f2 significativamente il prestigio della casa. Negli Stati Uniti, la sua eredit\u00e0 vive geograficamente, poich\u00e9 <b data-path-to-node=\"1\" data-index-in-node=\"542\">Contea di Loudoun, Virginia<\/b>, fu chiamato in suo onore nel 1757.<\/p>\n<p data-path-to-node=\"2\">L'influenza della famiglia notoriamente super\u00f2 i confini nell'Europa continentale, in particolare attraverso il ramo \u201clivoniano\u201d. Il membro pi\u00f9 celebre di questa diaspora fu <b data-path-to-node=\"2\" data-index-in-node=\"165\">Ernst Gideon von Laudon (1717\u20131790)<\/b>, nato nell'attuale Lettonia, che divenne una leggendaria <b data-path-to-node=\"2\" data-index-in-node=\"253\">Generalissimo dell'Impero Austriaco<\/b>. Rinomato come uno dei pi\u00f9 brillanti tattici militari dell'imperatrice Maria Teresa, fu un temibile rivale di Federico il Grande e fu elevato al rango di <b data-path-to-node=\"2\" data-index-in-node=\"451\">Barone (Freiherr)<\/b>. Il suo successo assicur\u00f2 che il nome Loudon diventasse sinonimo di genio militare nel Sacro Romano Impero, con i suoi discendenti al servizio della Monarchia Asburgica per generazioni.<\/p>\n<p data-path-to-node=\"3\">La blasonatura della famiglia tradizionalmente presenta un <b data-path-to-node=\"3\" data-index-in-node=\"47\">girato d'otto<\/b> (un classico schema Campbell) o simboli distintivi come <b data-path-to-node=\"3\" data-index-in-node=\"123\">aquila rossa<\/b> o un <b data-path-to-node=\"3\" data-index-in-node=\"138\">leone<\/b>, rappresentando forza, sovranit\u00e0 e valore. Queste armi riflettono un'eredit\u00e0 costruita sulla lealt\u00e0 e un fermo impegno nel servizio pubblico. Oggi, l'eredit\u00e0 Loudon rimane un vibrante arazzo di tradizione scozzese e nobilt\u00e0 europea. Dallo storico <b data-path-to-node=\"3\" data-index-in-node=\"399\">Castello di Loudoun<\/b>\u2014un tempo noto come il \u201cWindsor di Scozia\u201d\u2014alle sale dei palazzi viennesi, i discendenti continuano a onorare una storia definita da leadership, coraggio e un intramontabile senso del dovere.<\/p>\n<\/div>\n<\/div><\/div><\/div><\/div><\/div><\/div><\/section>","protected":false},"excerpt":{"rendered":"<p>La stirpe dei Loudon \u00e8 una casata scozzese illustre la cui influenza si estese dai clan dell'Ayrshire alle corti imperiali d'Europa. Mentre John Campbell, IV conte di Loudoun, plasm\u00f2 la storia coloniale come generale britannico in America, Ernst Gideon von Laudon divenne un leggendario Generalissimo austriaco. Questa ricca storia di leadership militare e nobile servizio unisce la tradizione scozzese al prestigio continentale, simboleggiata da un'eredit\u00e0 di coraggio e dallo storico Castello di Loudoun.<\/p>","protected":false},"featured_media":55579,"template":"","meta":{"_acf_changed":false,"yasr_overall_rating":0,"yasr_post_is_review":"","yasr_auto_insert_disabled":"","yasr_review_type":"","slim_seo":{"title":"Baron de Loudon - Buy Noble Titles Since 1999","description":"La casata dei Loudon \u00e8 un'illustre famiglia scozzese la cui influenza si estese dai clan dell'Ayrshire alle corti imperiali d'Europa. Mentre John Campbell, 4"}},"product_brand":[],"product_cat":[572],"product_tag":[36,49,34],"class_list":{"0":"post-61488","1":"product","2":"type-product","3":"status-publish","4":"has-post-thumbnail","6":"product_cat-buy-dutch-noble-title","7":"product_tag-adelstitel","8":"product_tag-andechs","9":"product_tag-graf","11":"first","12":"instock","13":"taxable","14":"shipping-taxable","15":"purchasable","16":"product-type-variable","17":"has-default-attributes"},"acf":[],"yasr_visitor_votes":{"stars_attributes":{"read_only":false,"span_bottom":false},"number_of_votes":0,"sum_votes":0},"_links":{"self":[{"href":"https:\/\/noble-society.net\/it\/wp-json\/wp\/v2\/product\/61488","targetHints":{"allow":["GET"]}}],"collection":[{"href":"https:\/\/noble-society.net\/it\/wp-json\/wp\/v2\/product"}],"about":[{"href":"https:\/\/noble-society.net\/it\/wp-json\/wp\/v2\/types\/product"}],"wp:featuredmedia":[{"embeddable":true,"href":"https:\/\/noble-society.net\/it\/wp-json\/wp\/v2\/media\/55579"}],"wp:attachment":[{"href":"https:\/\/noble-society.net\/it\/wp-json\/wp\/v2\/media?parent=61488"}],"wp:term":[{"taxonomy":"product_brand","embeddable":true,"href":"https:\/\/noble-society.net\/it\/wp-json\/wp\/v2\/product_brand?post=61488"},{"taxonomy":"product_cat","embeddable":true,"href":"https:\/\/noble-society.net\/it\/wp-json\/wp\/v2\/product_cat?post=61488"},{"taxonomy":"product_tag","embeddable":true,"href":"https:\/\/noble-society.net\/it\/wp-json\/wp\/v2\/product_tag?post=61488"}],"curies":[{"name":"wp","href":"https:\/\/api.w.org\/{rel}","templated":true}]}}