{"id":61489,"date":"2026-03-16T20:17:56","date_gmt":"2026-03-16T18:17:56","guid":{"rendered":"https:\/\/noble-society.net\/?post_type=product&#038;p=61489"},"modified":"2026-04-08T14:49:01","modified_gmt":"2026-04-08T11:49:01","slug":"duca-di-valkenburg","status":"publish","type":"product","link":"https:\/\/noble-society.net\/it\/buy-nobility-titles\/hertog-van-valkenburg\/","title":{"rendered":"Duca di Valkenburg"},"content":{"rendered":"<section class=\"l-section wpb_row height_small\"><div class=\"l-section-h i-cf\"><div class=\"g-cols vc_row via_grid cols_1 laptops-cols_inherit tablets-cols_inherit mobiles-cols_1 valign_top type_default stacking_default\"><div class=\"wpb_column vc_column_container\"><div class=\"vc_column-inner\"><div class=\"wpb_text_column\"><div class=\"wpb_wrapper\"><p class=\"p1\">I Signori di Valkenburg erano un'importante famiglia nobile originaria delle regioni di Voeren e Heinsberg nella vasta area di Aquisgrana. Erano strettamente imparentati con diverse dinastie importanti dell'epoca, tra cui i Duchi di Limburgo, i Conti di Monschau, i Signori di Heinsberg e i Conti di Leiningen-Dagsburg. Questa rete di alleanze li poneva al centro delle strutture di potere regionali nell'Alto Medioevo, dove matrimoni strategici e controllo territoriale definivano l'influenza politica.<\/p>\n<p class=\"p1\">Il primo signore di Valkenburg conosciuto fu Thibald di Voeren<i>di Fouron<\/i>), documentato a partire dal 1075 circa e deceduto nel 1106. Inizialmente risiedeva in quella che oggi \u00e8 Oud-Valkenburg, localit\u00e0 menzionata per la prima volta il 15 febbraio 1041, con il nome di <i>Falchenberch<\/i> in un atto di donazione emesso dall'imperatore Enrico III. Riconoscendo l'importanza strategica dell'area, Thibald costru\u00ec il castello sulla collina di Valkenburg, che divenne presto il fulcro della signoria e una roccaforte difensiva chiave nella regione.<\/p>\n<p class=\"p1\">Attraverso il matrimonio, i potenti signori di Heinsberg ereditarono il territorio di Valkenburg, integrandolo ulteriormente nel panorama nobiliare regionale. Tuttavia, la storia del castello e dei suoi sovrani fu segnata da ripetuti conflitti con l'autorit\u00e0 imperiale. Il castello fu distrutto per la prima volta nel 1122 dopo che Goswin I di Heinsberg e Valkenburg si ribell\u00f2 all'imperatore Enrico V. Sotto suo figlio, Goswin II, il castello fu ricostruito ma nuovamente distrutto per ordine imperiale. Al contrario, Goswin III mantenne un rapporto favorevole con l'imperatore Federico Barbarossa e fu una presenza frequente alla corte imperiale, evidenziando le alterne fortune della famiglia.<\/p>\n<p class=\"p1\">La linea dei signori di Valkenburg si estinse nel 1352 con la morte di Jan I, che lasci\u00f2 solo eredi femmine. Ci\u00f2 port\u00f2 alla Guerra di Successione di Valkenburg (1352\u20131364), un conflitto per l'eredit\u00e0 del territorio. Reinhard di Sch\u00f6nforst, un creditore, gioc\u00f2 un ruolo decisivo vendendo Valkenburg ed Euskirchen al Ducato di J\u00fclich nel 1355. Nel 1357, il duca Guglielmo di J\u00fclich elev\u00f2 Valkenburg allo status di contea. Poco dopo, nel 1364, vendette il territorio a Venceslao I di Lussemburgo, duca di Brabante, integrandolo nella regione nota come Terre di Overmaas.<\/p>\n<p class=\"p1\">Tra le pretendenti vi era Elisa di Valkenburg, monaca presso l'abbazia di Reichenstein, dove era sepolto suo fratello Jan I. Profondamente colpita dalla perdita dell'eredit\u00e0 della sua famiglia, si dice che abbia lasciato il convento e sia tornata a Valkenburg, convinta del suo legittimo diritto. La sua storia vive nella leggenda locale come la \u201cFanciulla senza testa\u201d, che si crede vaghi per il castello di notte, indossando l'abito di una monaca Premostratense, a piangere la perduta eredit\u00e0 della sua casata.<\/p>\n<p class=\"p1\">I discendenti di Reinhard di Sch\u00f6nforst riuscirono a mantenere l'influenza sulla signoria di Monschau fino alla loro estinzione nel 1433. Nel frattempo, Simon III di Sponheim-Vianden espanse il suo potere acquisendo territori come Sankt Vith e B\u00fctgenbach. La storia di Valkenburg riflette cos\u00ec un complesso intreccio di lignaggio nobile, conflitti politici e leggende durature, rendendola una delle pi\u00f9 affascinanti narrazioni nobiliari della regione.<\/p>\n<\/div><\/div><\/div><\/div><\/div><\/div><\/section>","protected":false},"excerpt":{"rendered":"<p class=\"p1\">I Signori di Valkenburg furono un'importante famiglia nobile originaria delle regioni di Voeren e Heinsberg nell'area metropolitana di Aquisgrana. Erano strettamente legati a diverse importanti case aristocratiche dell'epoca, tra cui i Duchi di Limburgo, i Conti di Monschau, i Signori di Heinsberg e i Conti di Leiningen-Dagsburg. Attraverso questi forti legami familiari e alleanze, la stirpe dei Valkenburg era saldamente inserita nella rete di influenti famiglie nobili del Reno e delle regioni circostanti, contribuendo alla loro importanza politica e al loro potere regionale durante l'Alto Medioevo.<\/p>","protected":false},"featured_media":55588,"template":"","meta":{"_acf_changed":false,"yasr_overall_rating":0,"yasr_post_is_review":"","yasr_auto_insert_disabled":"","yasr_review_type":"","slim_seo":{"title":"Duca di Valkenburg - Acquista Titoli Nobiliari dal 1999","description":"I Signori di Valkenburg erano un'importante famiglia nobile originaria delle regioni di Voeren e Heinsberg nella grande area di Aquisgrana. Erano strettamente legati"}},"product_brand":[],"product_cat":[572],"product_tag":[50,52,51],"class_list":{"0":"post-61489","1":"product","2":"type-product","3":"status-publish","4":"has-post-thumbnail","6":"product_cat-buy-dutch-noble-title","7":"product_tag-herzog","8":"product_tag-herzogin","9":"product_tag-meranien","11":"first","12":"instock","13":"taxable","14":"shipping-taxable","15":"purchasable","16":"product-type-variable","17":"has-default-attributes"},"acf":[],"yasr_visitor_votes":{"stars_attributes":{"read_only":false,"span_bottom":false},"number_of_votes":0,"sum_votes":0},"_links":{"self":[{"href":"https:\/\/noble-society.net\/it\/wp-json\/wp\/v2\/product\/61489","targetHints":{"allow":["GET"]}}],"collection":[{"href":"https:\/\/noble-society.net\/it\/wp-json\/wp\/v2\/product"}],"about":[{"href":"https:\/\/noble-society.net\/it\/wp-json\/wp\/v2\/types\/product"}],"wp:featuredmedia":[{"embeddable":true,"href":"https:\/\/noble-society.net\/it\/wp-json\/wp\/v2\/media\/55588"}],"wp:attachment":[{"href":"https:\/\/noble-society.net\/it\/wp-json\/wp\/v2\/media?parent=61489"}],"wp:term":[{"taxonomy":"product_brand","embeddable":true,"href":"https:\/\/noble-society.net\/it\/wp-json\/wp\/v2\/product_brand?post=61489"},{"taxonomy":"product_cat","embeddable":true,"href":"https:\/\/noble-society.net\/it\/wp-json\/wp\/v2\/product_cat?post=61489"},{"taxonomy":"product_tag","embeddable":true,"href":"https:\/\/noble-society.net\/it\/wp-json\/wp\/v2\/product_tag?post=61489"}],"curies":[{"name":"wp","href":"https:\/\/api.w.org\/{rel}","templated":true}]}}