{"id":61490,"date":"2026-03-16T20:17:56","date_gmt":"2026-03-16T18:17:56","guid":{"rendered":"https:\/\/noble-society.net\/?post_type=product&#038;p=61490"},"modified":"2026-04-08T14:49:23","modified_gmt":"2026-04-08T11:49:23","slug":"duca-di-katharienburg","status":"publish","type":"product","link":"https:\/\/noble-society.net\/it\/buy-nobility-titles\/duke-of-katharienburg\/","title":{"rendered":"Duca di Katharienburg"},"content":{"rendered":"<section class=\"l-section wpb_row height_small\"><div class=\"l-section-h i-cf\"><div class=\"g-cols vc_row via_grid cols_1 laptops-cols_inherit tablets-cols_inherit mobiles-cols_1 valign_top type_default stacking_default\"><div class=\"wpb_column vc_column_container\"><div class=\"vc_column-inner\"><div class=\"wpb_text_column\"><div class=\"wpb_wrapper\"><p class=\"p1\"><b>Duca di Katharienburg<\/b><b><\/b><\/p>\n<p class=\"p3\">Il titolo <span class=\"s1\"><b>Duca di Katharienburg<\/b><\/span> rappresenta prestigio, eleganza e la ricca tradizione della nobilt\u00e0 europea. Storicamente, il titolo di Duca era tra i pi\u00f9 alti della gerarchia aristocratica e veniva tipicamente concesso da re o imperatori a potenti governanti e alleati fidati. I duchi governavano spesso vasti territori, esercitavano un notevole potere politico e militare e svolgevano un ruolo centrale nella definizione della struttura delle societ\u00e0 medievali e moderne.<\/p>\n<p class=\"p3\">Il nome <i>Katharienburg<\/i> segue la tradizione europea classica dei titoli nobiliari legati a un luogo, una tenuta o un castello specifico. Tali designazioni riflettono la connessione storica tra nobilt\u00e0 e possesso terriero. La parola \u201cBurg\u201d (castello) simboleggia forza, protezione e permanenza, mentre il nome \u201cKatharienburg\u201d conferisce al titolo un carattere raffinato, distintivo e memorabile. Evoca immagini di residenze nobiliari, tenute fortificate e un'eredit\u00e0 radicata nella storia e nella tradizione.<\/p>\n<p class=\"p3\">Come <span class=\"s1\"><b>Duca di Katharienburg<\/b><\/span>, porti un titolo a lungo associato alla leadership, all'onore e a un elevato status sociale. Sebbene i titoli nobiliari oggi siano principalmente simbolici, il loro impatto rimane potente. Comunicano individualit\u00e0, sofisticazione e un senso di distinzione che ti distingue sia in contesti personali che professionali.<\/p>\n<p class=\"p3\">Il tuo titolo \u00e8 accompagnato da un certificato di nomina dal design raffinato, creato in uno stile elegante e storico. In aggiunta, riceverai uno stemma personalizzato, che pu\u00f2 essere modificato secondo le tue preferenze, includendo colori, simboli ed elementi di design. Tutti i documenti vengono consegnati in una cartella di presentazione premium, rendendoli ideali per essere esposti o come eccezionale regalo.<\/p>\n<p class=\"p3\">Inoltre, riceverai informazioni dettagliate che spiegano il background, il significato e il corretto utilizzo del tuo titolo, assicurandoti cos\u00ec di poterlo portare con sicurezza e autenticit\u00e0. Il titolo <span class=\"s1\"><b>Duca di Katharienburg<\/b><\/span> non \u00e8 solo un segno distintivo ma anche un'esperienza unica, perfetta per chi apprezza la tradizione, l'esclusivit\u00e0 e il fascino intramontabile dell'eredit\u00e0 aristocratica.<\/p>\n<\/div><\/div><\/div><\/div><\/div><\/div><\/section>","protected":false},"excerpt":{"rendered":"<p class=\"p1\">Diventa un <span class=\"s1\"><b>Duca di Katharienburg<\/b><\/span> e porta uno dei titoli nobiliari pi\u00f9 alti e prestigiosi. Elegante, senza tempo e distinto, perfetto per coloro che apprezzano l'esclusivit\u00e0, la tradizione e una presenza veramente straordinaria.<\/p>\n<p class=\"p1\">Un titolo unico che combina eredit\u00e0, stile e individualit\u00e0, rendendolo un regalo eccezionale o un tocco personale per chiunque voglia distinguersi con classe e distinzione.<\/p>","protected":false},"featured_media":55585,"template":"","meta":{"_acf_changed":false,"yasr_overall_rating":0,"yasr_post_is_review":"","yasr_auto_insert_disabled":"","yasr_review_type":"","slim_seo":{"title":"Duca di Katharienburg - Acquista titoli nobiliari dal 1999","description":"Diventa Duca di Katharienburg e porta uno dei titoli nobiliari pi\u00f9 alti e prestigiosi. Elegante, intramontabile e distinto: perfetto per coloro che apprezzano"}},"product_brand":[],"product_cat":[26],"product_tag":[50,53],"class_list":{"0":"post-61490","1":"product","2":"type-product","3":"status-publish","4":"has-post-thumbnail","6":"product_cat-german-noble-titles","7":"product_tag-herzog","8":"product_tag-katharienburg","10":"first","11":"instock","12":"taxable","13":"shipping-taxable","14":"purchasable","15":"product-type-variable","16":"has-default-attributes"},"acf":[],"yasr_visitor_votes":{"stars_attributes":{"read_only":false,"span_bottom":false},"number_of_votes":0,"sum_votes":0},"_links":{"self":[{"href":"https:\/\/noble-society.net\/it\/wp-json\/wp\/v2\/product\/61490","targetHints":{"allow":["GET"]}}],"collection":[{"href":"https:\/\/noble-society.net\/it\/wp-json\/wp\/v2\/product"}],"about":[{"href":"https:\/\/noble-society.net\/it\/wp-json\/wp\/v2\/types\/product"}],"wp:featuredmedia":[{"embeddable":true,"href":"https:\/\/noble-society.net\/it\/wp-json\/wp\/v2\/media\/55585"}],"wp:attachment":[{"href":"https:\/\/noble-society.net\/it\/wp-json\/wp\/v2\/media?parent=61490"}],"wp:term":[{"taxonomy":"product_brand","embeddable":true,"href":"https:\/\/noble-society.net\/it\/wp-json\/wp\/v2\/product_brand?post=61490"},{"taxonomy":"product_cat","embeddable":true,"href":"https:\/\/noble-society.net\/it\/wp-json\/wp\/v2\/product_cat?post=61490"},{"taxonomy":"product_tag","embeddable":true,"href":"https:\/\/noble-society.net\/it\/wp-json\/wp\/v2\/product_tag?post=61490"}],"curies":[{"name":"wp","href":"https:\/\/api.w.org\/{rel}","templated":true}]}}