{"id":61491,"date":"2026-03-16T20:17:56","date_gmt":"2026-03-16T18:17:56","guid":{"rendered":"https:\/\/noble-society.net\/?post_type=product&#038;p=61491"},"modified":"2026-04-08T14:49:48","modified_gmt":"2026-04-08T11:49:48","slug":"principe-di-scheggino","status":"publish","type":"product","link":"https:\/\/noble-society.net\/it\/buy-nobility-titles\/prince-of-schedingen\/","title":{"rendered":"Principe di Schedingen"},"content":{"rendered":"<section class=\"l-section wpb_row height_small\"><div class=\"l-section-h i-cf\"><div class=\"g-cols vc_row via_grid cols_1 laptops-cols_inherit tablets-cols_inherit mobiles-cols_1 valign_top type_default stacking_default\"><div class=\"wpb_column vc_column_container\"><div class=\"vc_column-inner\"><div class=\"wpb_text_column\"><div class=\"wpb_wrapper\"><p class=\"p1\">La nobile famiglia appare per la prima volta nei registri storici nel 1233 con il cavaliere <span class=\"s1\"><b>Antonius von Schedingen<\/b><\/span>, che viene menzionato come parte del seguito del Conte di Arnsberg. Questo colloca le origini della famiglia saldamente all'interno della nobilt\u00e0 medievale della regione della Vestfalia, dove erano legati a importanti signori territoriali e strutture politiche del Sacro Romano Impero. Nell'area di Colonia, i membri della famiglia compaiono sempre pi\u00f9 spesso come testimoni in documenti ufficiali, un ruolo che sottolinea la loro posizione sociale e la fiducia all'interno dei circoli nobiliari ed ecclesiastici.<\/p>\n<p class=\"p1\">La linea del <span class=\"s1\"><b>dalla separazione<\/b><\/span> la famiglia insediata a Scheidingen prosper\u00f2 per diversi secoli ma sembra essersi estinta intorno alla met\u00e0 del XV secolo, dopodich\u00e9 la tenuta di Scheidingen fu venduta. L'ultimo rappresentante documentato \u00e8 <span class=\"s1\"><b>Johann von Scheidingen<\/b><\/span>, Droste (un alto funzionario amministrativo) di Werl, menzionato nel 1538. Con lui si ritiene che la linea originale della famiglia si sia estinta, segnando la fine della loro presenza diretta nella loro patria ancestrale.<\/p>\n<p class=\"p1\">Tuttavia, rami della famiglia \u2013 spesso definiti <span class=\"s1\"><b>von Scheding<\/b><\/span> o <span class=\"s1\"><b>von Scheden<\/b><\/span>\u2014continu\u00f2 ad apparire in altre parti d'Europa, in particolare nella regione baltica. Nel XV secolo, membri della famiglia sono documentati in <span class=\"s1\"><b>Riga<\/b><\/span>, dove prestarono servizio come consiglieri in una delle citt\u00e0 pi\u00f9 importanti della Lega Anseatica. La loro presenza in Livonia durante il XVI secolo riflette il pi\u00f9 ampio movimento di famiglie nobili e mercantili tedesche nei territori baltici, dove svolsero ruoli chiave nell'amministrazione, nel commercio e nel governo urbano.<\/p>\n<p class=\"p1\">La famiglia possedeva un sito di sepoltura ereditario nella <span class=\"s1\"><b>Chiesa di San Pietro a Riga<\/b><\/span>, una delle chiese gotiche pi\u00f9 importanti della regione baltica. Situata nella navata nord, questa cappella sepolcrale fu in seguito ceduta alla famiglia Ulenbrock e divenne nota come la <span class=\"s1\"><b>Cappella Ulenbrock<\/b><\/span>. Questo trasferimento illustra sia la continuit\u00e0 che l'eventuale transizione dell'influenza nobiliare nella regione. Il ramo baltico della famiglia si estinse infine nella seconda met\u00e0 del XVI secolo, ponendo fine alla storia documentata della stirpe Scheding.<\/p>\n<p class=\"p1\">Con il tuo titolo, riceverai la documentazione completa per l'intera famiglia. Lo stemma di accompagnamento \u00e8 fornito in PDF di alta qualit\u00e0 ed \u00e8 disponibile anche come grafica vettoriale su richiesta. Siamo felici di personalizzare lo stemma secondo le tue preferenze, inclusi colori, simboli ed elementi stilistici, permettendoti di creare un'identit\u00e0 araldica unica. Tutti i certificati vengono consegnati insieme in un'elegante cartellina di presentazione, accompagnati da informazioni dettagliate sull'uso e la presentazione corretti del tuo titolo.<\/p>\n<p class=\"p1\">Le forme tradizionali di appellativo associate a questo rango includono <span class=\"s1\"><b>Maest\u00e0<\/b><\/span>, <span class=\"s1\"><b>Serenissima Altezza<\/b><\/span>, o <span class=\"s1\"><b>Grazia Principessa<\/b><\/span>, riflettendo l'elevata dignit\u00e0 del titolo. Il titolo maschile \u00e8 <span class=\"s1\"><b>Principe<\/b><\/span>, la signora <span class=\"s1\"><b>Principessa<\/b><\/span>, mentre i figli possono portare il titolo <span class=\"s1\"><b>Principe o Conte ereditario<\/b><\/span>, e figlie <span class=\"s1\"><b>Regina o Contessa<\/b><\/span>, preservando la nobile designazione attraverso le generazioni.<\/p>\n<\/div><\/div><\/div><\/div><\/div><\/div><\/section>","protected":false},"excerpt":{"rendered":"<p class=\"p1 translation-block\">Diventa un <span class=\"s1\"><b>Principe o Principessa di Scheidingen<\/b><\/span> e porta un titolo nobiliare radicato nella storia medievale tedesca e baltica. Un titolo distinto e storico che riflette secoli di eredit\u00e0, tradizione e influenza aristocratica, perfetto per coloro che apprezzano l'autenticit\u00e0 e la profondit\u00e0 storica.<\/p>\n<p class=\"p1\">Una scelta eccezionale per chi cerca qualcosa di veramente speciale, sia come regalo significativo che come gratificazione personale, unendo eleganza, individualit\u00e0 e il prestigio senza tempo della nobilt\u00e0 europea.<\/p>","protected":false},"featured_media":55591,"template":"","meta":{"_acf_changed":false,"yasr_overall_rating":0,"yasr_post_is_review":"","yasr_auto_insert_disabled":"","yasr_review_type":"","slim_seo":{"title":"Principe di Schedingen - Acquista titoli nobiliari dal 1999","description":"Diventa un Principe o una Principessa di Scheidingen e porta un titolo nobiliare radicato nella storia medievale tedesca e baltica. Un titolo distinto e storico che riflette"}},"product_brand":[],"product_cat":[26],"product_tag":[54,55,56],"class_list":{"0":"post-61491","1":"product","2":"type-product","3":"status-publish","4":"has-post-thumbnail","6":"product_cat-german-noble-titles","7":"product_tag-fuerst","8":"product_tag-fuerstin","9":"product_tag-schedingen","11":"first","12":"instock","13":"taxable","14":"shipping-taxable","15":"purchasable","16":"product-type-variable","17":"has-default-attributes"},"acf":[],"yasr_visitor_votes":{"stars_attributes":{"read_only":false,"span_bottom":false},"number_of_votes":0,"sum_votes":0},"_links":{"self":[{"href":"https:\/\/noble-society.net\/it\/wp-json\/wp\/v2\/product\/61491","targetHints":{"allow":["GET"]}}],"collection":[{"href":"https:\/\/noble-society.net\/it\/wp-json\/wp\/v2\/product"}],"about":[{"href":"https:\/\/noble-society.net\/it\/wp-json\/wp\/v2\/types\/product"}],"wp:featuredmedia":[{"embeddable":true,"href":"https:\/\/noble-society.net\/it\/wp-json\/wp\/v2\/media\/55591"}],"wp:attachment":[{"href":"https:\/\/noble-society.net\/it\/wp-json\/wp\/v2\/media?parent=61491"}],"wp:term":[{"taxonomy":"product_brand","embeddable":true,"href":"https:\/\/noble-society.net\/it\/wp-json\/wp\/v2\/product_brand?post=61491"},{"taxonomy":"product_cat","embeddable":true,"href":"https:\/\/noble-society.net\/it\/wp-json\/wp\/v2\/product_cat?post=61491"},{"taxonomy":"product_tag","embeddable":true,"href":"https:\/\/noble-society.net\/it\/wp-json\/wp\/v2\/product_tag?post=61491"}],"curies":[{"name":"wp","href":"https:\/\/api.w.org\/{rel}","templated":true}]}}