{"id":61492,"date":"2026-03-16T20:17:56","date_gmt":"2026-03-16T18:17:56","guid":{"rendered":"https:\/\/noble-society.net\/?post_type=product&#038;p=61492"},"modified":"2026-04-08T14:48:17","modified_gmt":"2026-04-08T11:48:17","slug":"conte-van-montfoort","status":"publish","type":"product","link":"https:\/\/noble-society.net\/it\/buy-nobility-titles\/count-van-montfoort\/","title":{"rendered":"Conte van Montfoort"},"content":{"rendered":"<section class=\"l-section wpb_row height_small\"><div class=\"l-section-h i-cf\"><div class=\"g-cols vc_row via_grid cols_1 laptops-cols_inherit tablets-cols_inherit mobiles-cols_1 valign_top type_default stacking_default\"><div class=\"wpb_column vc_column_container\"><div class=\"vc_column-inner\"><div class=\"wpb_text_column\"><div class=\"wpb_wrapper\"><p class=\"p1\">Tra il 1156 e il 1178, la citt\u00e0 di Montfoort nel Vescovado di Utrecht fu fondata come roccaforte strategica per difendersi dall'espansione dei potenti Conti d'Olanda. All'epoca, il vescovo Goffredo di Rhenen nomin\u00f2 uno dei suoi fedeli ministeriali castellano di Montfoort, affidandogli la responsabilit\u00e0 sia della fortezza che del territorio circostante. Questa posizione era di grande importanza, poich\u00e9 Montfoort si trovava in una regione di confine contesa, dove le tensioni politiche e militari erano frequenti. Nel corso di quattro generazioni, questa famiglia govern\u00f2 il castello e le sue terre, stabilendo un potere locale stabile. Alla fine, attraverso il matrimonio dell'ultima figlia del castellano, il controllo di Montfoort pass\u00f2 alla nobile famiglia fiamminga De Rover. I nuovi sovrani adottarono il nome <span class=\"s1\"><b>Van Montfoort<\/b><\/span> ed esercitavano una considerevole autorit\u00e0 e influenza regionale, detenendo il titolo di burgr\u00e0vi.<\/p>\n<p class=\"p1\">Nel 1329, l'insediamento attorno al castello ottenne ufficialmente i diritti di citt\u00e0, segnando l'ascesa di Montfoort come centro urbano riconosciuto di importanza economica e amministrativa. Nonostante questo progresso, i conflitti con il sovrano territoriale, il Vescovo di Utrecht, rimasero una sfida costante. Queste tensioni si aggravarono dramaticamente nel 1387, quando Montfoort fu assediata e catturata dalle forze del vescovo, evidenziando la lotta in corso per il controllo della regione. Durante il XV secolo, la famiglia Van Montfoort fu attivamente coinvolta nella <span class=\"s1\"><b>Guerra delle Sarde<\/b><\/span>, una serie di conflitti civili nella contea d'Olanda. Si schierarono con la fazione degli Hook e sostennero l'influente contessa Jacqueline d'Olanda, dimostrando ulteriormente il loro impegno politico e le loro ambizioni. Tuttavia, nel 1481, la famiglia sub\u00ec perdite significative, tra cui la confisca di importanti feudi come Purmerend-Purmerland e Polsbroek ai Signori di Bergen della Casa di Glymes.<\/p>\n<p class=\"p1\">Dopo una lunga dinastia di dieci burgravi regnanti, Montfoort pass\u00f2 infine per eredit\u00e0 nel 1545 ai nobili <span class=\"s1\"><b>Casa Merode<\/b><\/span>, una delle pi\u00f9 antiche e rispettate famiglie nobili dei Paesi Bassi. Sotto il loro dominio, l'eredit\u00e0 di Montfoort continu\u00f2, sebbene la sua importanza politica diminuisse gradualmente. La linea dei De Merode-Van Montfoort giunse al termine nel 1675 con la morte di Massimiliano de Merode, che fu ucciso quando le truppe francesi presero d'assalto il Castello di Montfoort durante i turbolenti conflitti dell'epoca. A seguito di questo evento, Montfoort pass\u00f2 sotto il controllo diretto di Utrecht, segnando la fine della sua era come signoria nobiliare semi-indipendente.<\/p>\n<p class=\"p1\">Con il tuo titolo, riceverai la documentazione completa per l'intera famiglia, che riflette sia la tradizione che l'esclusivit\u00e0. Lo stemma araldico di accompagnamento viene fornito come PDF di alta qualit\u00e0 ed \u00e8 disponibile anche come grafica vettoriale su richiesta, consentendo un uso flessibile in formato cartaceo o digitale. Siamo lieti di personalizzare lo stemma araldico secondo le tue preferenze personali, inclusi colori, simboli ed elementi stilistici, creando un'identit\u00e0 araldica unica su misura per te. Tutti i certificati vengono consegnati insieme in un'elegante cartella di presentazione, completata da informazioni dettagliate sul corretto uso e sulla presentazione del tuo titolo.<\/p>\n<p class=\"p1\">Le forme di cortesia tradizionali includono <span class=\"s1\"><b>Illustre<\/b><\/span> o <span class=\"s1\"><b>Onorevolissimo<\/b><\/span>, riflettendo la dignit\u00e0 associata al grado. Il titolo maschile \u00e8 <span class=\"s1\"><b>Contare<\/b><\/span>, la signora <span class=\"s1\"><b>Contessa<\/b><\/span> o <span class=\"s1\"><b>Contessa<\/b><\/span>, mentre i figli portano il titolo <span class=\"s1\"><b>Conte ereditario<\/b><\/span> e figlie <span class=\"s1\"><b>Contessa Ereditaria<\/b><\/span> o <span class=\"s1\"><b>Contessa<\/b><\/span>, preservando la nobile designazione attraverso le generazioni ed enfatizzando la continuit\u00e0 della tradizione aristocratica.<\/p>\n<\/div><\/div><\/div><\/div><\/div><\/div><\/section>","protected":false},"excerpt":{"rendered":"<p class=\"p1\">Diventa un <span class=\"s1\"><b>Conte o Contessa di Montfoort<\/b><\/span> e connettersi a una nobile eredit\u00e0 radicata nella storia medievale olandese. Un titolo distinto con profonde origini storiche, che riflette potere, tradizione e patrimonio aristocratico.<\/p>\n<p class=\"p1\">Un titolo unico ed elegante che unisce storia e prestigio, perfetto come dono eccezionale o come coronamento personale per chiunque apprezzi la nobile tradizione, l'individualit\u00e0 e una presenza davvero notevole.<\/p>","protected":false},"featured_media":55590,"template":"","meta":{"_acf_changed":false,"yasr_overall_rating":0,"yasr_post_is_review":"","yasr_auto_insert_disabled":"","yasr_review_type":"","slim_seo":{"title":"Conte van Montfoort - Acquista Titoli Nobiliari dal 1999","description":"Diventa Conte o Contessa di Montfoort e connettiti a un'eredit\u00e0 nobiliare radicata nella storia olandese medievale. Un titolo distinto con profonde radici storiche."}},"product_brand":[],"product_cat":[572],"product_tag":[34,57,58],"class_list":{"0":"post-61492","1":"product","2":"type-product","3":"status-publish","4":"has-post-thumbnail","6":"product_cat-buy-dutch-noble-title","7":"product_tag-graf","8":"product_tag-graefin","9":"product_tag-salier","11":"first","12":"instock","13":"taxable","14":"shipping-taxable","15":"purchasable","16":"product-type-variable","17":"has-default-attributes"},"acf":[],"yasr_visitor_votes":{"stars_attributes":{"read_only":false,"span_bottom":false},"number_of_votes":0,"sum_votes":0},"_links":{"self":[{"href":"https:\/\/noble-society.net\/it\/wp-json\/wp\/v2\/product\/61492","targetHints":{"allow":["GET"]}}],"collection":[{"href":"https:\/\/noble-society.net\/it\/wp-json\/wp\/v2\/product"}],"about":[{"href":"https:\/\/noble-society.net\/it\/wp-json\/wp\/v2\/types\/product"}],"wp:featuredmedia":[{"embeddable":true,"href":"https:\/\/noble-society.net\/it\/wp-json\/wp\/v2\/media\/55590"}],"wp:attachment":[{"href":"https:\/\/noble-society.net\/it\/wp-json\/wp\/v2\/media?parent=61492"}],"wp:term":[{"taxonomy":"product_brand","embeddable":true,"href":"https:\/\/noble-society.net\/it\/wp-json\/wp\/v2\/product_brand?post=61492"},{"taxonomy":"product_cat","embeddable":true,"href":"https:\/\/noble-society.net\/it\/wp-json\/wp\/v2\/product_cat?post=61492"},{"taxonomy":"product_tag","embeddable":true,"href":"https:\/\/noble-society.net\/it\/wp-json\/wp\/v2\/product_tag?post=61492"}],"curies":[{"name":"wp","href":"https:\/\/api.w.org\/{rel}","templated":true}]}}