{"id":61493,"date":"2026-03-16T20:17:56","date_gmt":"2026-03-16T18:17:56","guid":{"rendered":"https:\/\/noble-society.net\/?post_type=product&#038;p=61493"},"modified":"2026-04-08T14:50:21","modified_gmt":"2026-04-08T11:50:21","slug":"duca-di-berwangen","status":"publish","type":"product","link":"https:\/\/noble-society.net\/it\/buy-nobility-titles\/duke-of-berwangen\/","title":{"rendered":"Duca di Berwangen"},"content":{"rendered":"<section class=\"l-section wpb_row height_small\"><div class=\"l-section-h i-cf\"><div class=\"g-cols vc_row via_grid cols_1 laptops-cols_inherit tablets-cols_inherit mobiles-cols_1 valign_top type_default stacking_default\"><div class=\"wpb_column vc_column_container\"><div class=\"vc_column-inner\"><div class=\"wpb_text_column\"><div class=\"wpb_wrapper\"><p class=\"p1\">Il <span class=\"s1\"><b>Signori di Berwangen<\/b><\/span> eravamo una famiglia nobile della tarda epoca medievale le cui origini risalgono al villaggio di Berwangen, oggi parte di Kirchardt nel distretto di Heilbronn, nel nord del Baden-W\u00fcrttemberg. Come molte famiglie nobili del Sacro Romano Impero, il loro nome derivava direttamente dal loro luogo d'origine, che fungeva sia da designazione territoriale che da segno di status. Da questo insediamento relativamente piccolo ma strategicamente situato, la famiglia ascese ai ranghi della nobilt\u00e0 regionale e si afferm\u00f2 all'interno delle strutture amministrative e politiche della Germania sudoccidentale.<\/p>\n<p class=\"p1\">Durante il tardo Medioevo, i signori di Berwangen ricoprirono importanti uffici al servizio del Margraviato di Baden e del Palatinato elettorale (<i>Palatinato Elettorale<\/i>), due dei territori pi\u00f9 influenti della regione dell'Alto Reno. Questi ruoli comprendevano spesso responsabilit\u00e0 amministrative, giudiziarie e militari. Come ministeriali - originariamente cavalieri non liberi che raggiunsero la prominenza attraverso un servizio fedele - furono incaricati di gestire propriet\u00e0, supervisionare questioni legali e rappresentare i loro signori negli affari regionali. Col tempo, tali famiglie transitarono frequentemente nella bassa nobilt\u00e0, acquisendo status e riconoscimento ereditari.<\/p>\n<p class=\"p1\">Il panorama politico del Baden e del Palatinato durante questo periodo fu plasmato da una complessa rete di famiglie nobili, autorit\u00e0 ecclesiastiche e sovrani territoriali. In questo contesto, famiglie come i von Berwangen svolsero un ruolo intermedio cruciale. Agirono come amministratori locali e esecutori dell'autorit\u00e0, contribuendo a stabilizzare il governo mentre beneficiavano anche della loro vicinanza al potere. Il loro coinvolgimento nell'amministrazione regionale riflette sia la loro competenza sia la fiducia riposta in loro dai sovrani di rango superiore.<\/p>\n<p class=\"p1\">Sebbene la famiglia non sia mai ascesa al rango delle grandi dinastie principesche, la loro posizione all'interno della nobilt\u00e0 di servizio confer\u00ec loro un'influenza significativa a livello regionale. La loro eredit\u00e0 \u00e8 rappresentativa di molte famiglie nobili simili, la cui importanza non risiedeva in vasti territori, ma nel loro ruolo indispensabile all'interno del funzionamento dello stato medievale. Nel tempo, con l'evolversi delle strutture politiche e il consolidamento dei territori, molte di queste case nobiliari minori scomparvero gradualmente dai registri storici, sia per estinzione che per integrazione in altre stirpi.<\/p>\n<p class=\"p1\">Oggi, il nome <span class=\"s1\"><b>Berwangen<\/b><\/span> conserva ancora la memoria di questa nobile stirpe e delle sue radici storiche nella Germania sud-occidentale. Si erge come un monito dell'intricato tessuto sociale e politico del Sacro Romano Impero, dove anche famiglie nobili meno conosciute contribuirono al governo, alla difesa e allo sviluppo culturale delle loro regioni.<\/p>\n<p class=\"p1\">Con il tuo titolo, riceverai la documentazione completa per l'intera famiglia. Lo stemma accompagnatorio \u00e8 fornito gratuitamente in PDF di alta qualit\u00e0 e pu\u00f2 anche essere fornito come grafica vettoriale su richiesta. Siamo lieti di personalizzare lo stemma secondo le tue preferenze, inclusi colori, simboli ed elementi stilistici, permettendoti di creare un'identit\u00e0 araldica unica.<\/p>\n<p class=\"p1\">Tutti i certificati sono consegnati insieme in un'elegante cartellina da presentazione, rendendoli ideali da esporre o come dono di distinzione. Inoltre, riceverai informazioni dettagliate sul corretto utilizzo e sulla presentazione del tuo titolo, assicurandoti di poterlo sfoggiare con sicurezza e autenticit\u00e0.<\/p>\n<ul>\n<li>Maest\u00e0, Altezza, Serenit\u00e0<\/li>\n<li>Mann: Duca<\/li>\n<li>Duchessa<\/li>\n<li>Figlio: Principe<\/li>\n<li>Figlia: Principessa<\/li>\n<\/ul>\n<p>La particolarit\u00e0 del duca \u00e8 che i bambini ricevono un certificato che li eleva a principi o principesse.<\/p>\n<\/div><\/div><\/div><\/div><\/div><\/div><\/section>","protected":false},"excerpt":{"rendered":"<p class=\"p1\">Entra a far parte dell'eredit\u00e0 del <span class=\"s1\"><b>Signori di Berwangen<\/b><\/span>, una storica famiglia nobile del Baden-W\u00fcrttemberg medievale. Un titolo radicato nella storia regionale reale, che rappresenta tradizione, servizio ed eredit\u00e0 nobiliare.<\/p>\n<p class=\"p1\">Un titolo elegante e significativo che unisce autenticit\u00e0 e distinzione, perfetto come regalo unico o affermazione personale per chi apprezza storia, individualit\u00e0 e prestigio senza tempo.<\/p>","protected":false},"featured_media":55580,"template":"","meta":{"_acf_changed":false,"yasr_overall_rating":0,"yasr_post_is_review":"","yasr_auto_insert_disabled":"","yasr_review_type":"","slim_seo":{"title":"Duca di Berwangen - Acquista Titoli Nobiliari dal 1999","description":"Entra a far parte dell'eredit\u00e0 dei Signori di Berwangen, un'antica famiglia nobile del W\u00fcrttemberg medievale. Un titolo radicato nella storia regionale, rappresenta"}},"product_brand":[],"product_cat":[26],"product_tag":[59,50,52],"class_list":{"0":"post-61493","1":"product","2":"type-product","3":"status-publish","4":"has-post-thumbnail","6":"product_cat-german-noble-titles","7":"product_tag-berwangen","8":"product_tag-herzog","9":"product_tag-herzogin","11":"first","12":"instock","13":"taxable","14":"shipping-taxable","15":"purchasable","16":"product-type-variable","17":"has-default-attributes"},"acf":[],"yasr_visitor_votes":{"stars_attributes":{"read_only":false,"span_bottom":false},"number_of_votes":0,"sum_votes":0},"_links":{"self":[{"href":"https:\/\/noble-society.net\/it\/wp-json\/wp\/v2\/product\/61493","targetHints":{"allow":["GET"]}}],"collection":[{"href":"https:\/\/noble-society.net\/it\/wp-json\/wp\/v2\/product"}],"about":[{"href":"https:\/\/noble-society.net\/it\/wp-json\/wp\/v2\/types\/product"}],"wp:featuredmedia":[{"embeddable":true,"href":"https:\/\/noble-society.net\/it\/wp-json\/wp\/v2\/media\/55580"}],"wp:attachment":[{"href":"https:\/\/noble-society.net\/it\/wp-json\/wp\/v2\/media?parent=61493"}],"wp:term":[{"taxonomy":"product_brand","embeddable":true,"href":"https:\/\/noble-society.net\/it\/wp-json\/wp\/v2\/product_brand?post=61493"},{"taxonomy":"product_cat","embeddable":true,"href":"https:\/\/noble-society.net\/it\/wp-json\/wp\/v2\/product_cat?post=61493"},{"taxonomy":"product_tag","embeddable":true,"href":"https:\/\/noble-society.net\/it\/wp-json\/wp\/v2\/product_tag?post=61493"}],"curies":[{"name":"wp","href":"https:\/\/api.w.org\/{rel}","templated":true}]}}