{"id":61496,"date":"2026-03-16T20:17:56","date_gmt":"2026-03-16T18:17:56","guid":{"rendered":"https:\/\/noble-society.net\/?post_type=product&#038;p=61496"},"modified":"2026-04-08T14:51:30","modified_gmt":"2026-04-08T11:51:30","slug":"signore-di-roscommon","status":"publish","type":"product","link":"https:\/\/noble-society.net\/it\/buy-nobility-titles\/lord-of-roscommon\/","title":{"rendered":"Lord of Roscommon"},"content":{"rendered":"<section class=\"l-section wpb_row height_small\"><div class=\"l-section-h i-cf\"><div class=\"g-cols vc_row via_grid cols_1 laptops-cols_inherit tablets-cols_inherit mobiles-cols_1 valign_top type_default stacking_default\"><div class=\"wpb_column vc_column_container\"><div class=\"vc_column-inner\"><div class=\"wpb_text_column\"><div class=\"wpb_wrapper\"><p><strong>Direttamente dietro questo bar si trova la tenuta \u201cRoscommon\u201d.<\/strong><\/p>\n<p><center><br \/>\n<iframe loading=\"lazy\" style=\"border: 0;\" tabindex=\"0\" src=\"https:\/\/www.google.com\/maps\/embed?pb=!4v1589889873648!6m8!1m7!1s0rOJRaHAOR1wB4cS94ETMw!2m2!1d53.76957858167435!2d-8.495177425618055!3f20.98!4f-9.400000000000006!5f0.5970117501821992\" width=\"600\" height=\"450\" frameborder=\"0\" allowfullscreen=\"allowfullscreen\" aria-hidden=\"false\"><\/iframe><\/center><\/p>\n<div id=\"model-response-message-contentr_d595497ce37d0388\" class=\"markdown markdown-main-panel stronger enable-updated-hr-color\" dir=\"ltr\" aria-live=\"polite\" aria-busy=\"false\">\n<p data-path-to-node=\"0\">Sei un proprietario terriero, mentre acquisisci la compropriet\u00e0 di un appezzamento di terreno nelle verdi e fertili Midlands irlandesi, dove numerosi castelli dimostrano che i nobili hanno sempre apprezzato la zona. Come proprietario terriero o signore del feudo, sei un \u201cTirana\u201d nell'antica lingua irlandese, il gaelico, che tradotto in inglese significherebbe \u201cProprietario terriero\u201d. E poich\u00e9 la tua terra si trova vicino a Roscommon, sei infatti un Lord of Roscommon. Oltre all'atto di propriet\u00e0 e di nomina, ti forniamo uno stemma, che riceverai in formato digitale da utilizzare per i tuoi registri personali.<\/p>\n<p data-path-to-node=\"1\">Questo pezzo di terra storico ti rende parte di una tradizione secolare profondamente radicata nella cultura irlandese, onorando una profonda connessione con il suolo. Con questo titolo, porti avanti un'eredit\u00e0 un tempo riservata ad audaci capi clan e nobili sovrani, fungendo da testimonianza del tuo apprezzamento personale per i valori storici. Non \u00e8 semplicemente un appezzamento di terra che chiami tuo, ma un simbolo tangibile di esclusivit\u00e0 e del fascino unico della Smeralda Isola. Usa il tuo nuovo stemma come espressione di questa speciale identit\u00e0 per raffinare le tue lettere, i tuoi documenti o le tue collezioni private con un tocco di eleganza aristocratica.<\/p>\n<\/div>\n<\/div><\/div><\/div><\/div><\/div><\/div><\/section>","protected":false},"excerpt":{"rendered":"<div id=\"model-response-message-contentr_a03db1ff51e4b223\" class=\"markdown markdown-main-panel stronger enable-updated-hr-color\" dir=\"ltr\" aria-live=\"polite\" aria-busy=\"false\">\n<p data-path-to-node=\"0\">Tuo <b data-path-to-node=\"0\" data-index-in-node=\"5\">Lord of Roscommon<\/b> Il pacchetto title contiene tutto il necessario per dimostrare con stile la tua nuova dignit\u00e0 di Lord of Roscommon ovunque tu vada. A corredo, progetteremo per te un bellissimo certificato, che far\u00e0 un figurone appeso alla parete del tuo salotto.<\/p>\n<\/div>","protected":false},"featured_media":55626,"template":"","meta":{"_acf_changed":false,"yasr_overall_rating":0,"yasr_post_is_review":"","yasr_auto_insert_disabled":"","yasr_review_type":"","slim_seo":{"title":"Lord of Roscommon - Acquista Titoli Nobiliari dal 1999","description":"Il tuo pacchetto titolo Lord of Roscommon contiene tutto ci\u00f2 di cui hai bisogno per dimostrare con stile la tua nuova dignit\u00e0 di Lord of Roscommon ovunque tu vada. Per accompagnare"}},"product_brand":[],"product_cat":[27],"product_tag":[69,65,64,70,68],"class_list":{"0":"post-61496","1":"product","2":"type-product","3":"status-publish","4":"has-post-thumbnail","6":"product_cat-irish-noble-titles","7":"product_tag-irisch","8":"product_tag-lady","9":"product_tag-lord","10":"product_tag-roscommon","11":"product_tag-titel","13":"first","14":"instock","15":"taxable","16":"shipping-taxable","17":"purchasable","18":"product-type-variable","19":"has-default-attributes"},"acf":[],"yasr_visitor_votes":{"stars_attributes":{"read_only":false,"span_bottom":false},"number_of_votes":0,"sum_votes":0},"_links":{"self":[{"href":"https:\/\/noble-society.net\/it\/wp-json\/wp\/v2\/product\/61496","targetHints":{"allow":["GET"]}}],"collection":[{"href":"https:\/\/noble-society.net\/it\/wp-json\/wp\/v2\/product"}],"about":[{"href":"https:\/\/noble-society.net\/it\/wp-json\/wp\/v2\/types\/product"}],"wp:featuredmedia":[{"embeddable":true,"href":"https:\/\/noble-society.net\/it\/wp-json\/wp\/v2\/media\/55626"}],"wp:attachment":[{"href":"https:\/\/noble-society.net\/it\/wp-json\/wp\/v2\/media?parent=61496"}],"wp:term":[{"taxonomy":"product_brand","embeddable":true,"href":"https:\/\/noble-society.net\/it\/wp-json\/wp\/v2\/product_brand?post=61496"},{"taxonomy":"product_cat","embeddable":true,"href":"https:\/\/noble-society.net\/it\/wp-json\/wp\/v2\/product_cat?post=61496"},{"taxonomy":"product_tag","embeddable":true,"href":"https:\/\/noble-society.net\/it\/wp-json\/wp\/v2\/product_tag?post=61496"}],"curies":[{"name":"wp","href":"https:\/\/api.w.org\/{rel}","templated":true}]}}