{"id":61519,"date":"2026-03-16T20:18:15","date_gmt":"2026-03-16T18:18:15","guid":{"rendered":"https:\/\/noble-society.net\/?post_type=product&#038;p=61519"},"modified":"2026-04-08T14:47:37","modified_gmt":"2026-04-08T11:47:37","slug":"laird-di-john-groats","status":"publish","type":"product","link":"https:\/\/noble-society.net\/it\/buy-nobility-titles\/laird-of-john-ogroates\/","title":{"rendered":"Laird of John O\u00b4Groates"},"content":{"rendered":"<section class=\"l-section wpb_row height_small\"><div class=\"l-section-h i-cf\"><div class=\"g-cols vc_row via_grid cols_1 laptops-cols_inherit tablets-cols_inherit mobiles-cols_1 valign_top type_default stacking_default\"><div class=\"wpb_column vc_column_container\"><div class=\"vc_column-inner\"><div class=\"wpb_text_column\"><div class=\"wpb_wrapper\"><p class=\"p1\">Se sei attratto da qualcosa di veramente selvaggio e intriso di leggende, allora il titolo nobiliare <span class=\"s1\"><b>Laird di John O\u2019Groats<\/b><\/span> \u00e8 la scelta perfetta.<\/p>\n<p class=\"p1\">Questo titolo incarna esattamente quello spirito. Il luogo omonimo si trova nell'estremo nord-est della Scozia e segna il punto pi\u00f9 settentrionale della terraferma britannica. Da qui partono i traghetti per le isole Orcadi, sede del famoso insediamento preistorico di Skara Brae. Un Laird di John O'Groats \u00e8, quindi, un vero Highlander\u2014la sua Lady una fiera Highlander altrettanto\u2014entrambi muovendosi con dignit\u00e0 e forza attraverso i paesaggi aspri e battuti dal vento. Acquisendo questo titolo, rappresentate non solo un clan resiliente, ma anche uno scaltro, come dimostra la seguente storia.<\/p>\n<p class=\"p1\">Interessante notare che il nome John O\u2019Groats non ha origini scozzesi o celtiche antiche, ma piuttosto olandesi. Un olandese di nome Jan de Groot si stabil\u00ec qui con un gruppo di compatrioti su richiesta del re Giacomo IV di Scozia. Solo pochi anni prima, le isole Orcadi erano passate dal controllo norvegese a quello scozzese sotto re Giacomo II. Per stabilire un affidabile collegamento di traghetti con queste isole, il re Giacomo affid\u00f2 questo compito ai coloni olandesi, che si dimostrarono adatti al ruolo. Si adattarono rapidamente alla vita nelle Highlands, gestirono il servizio di traghetti e formarono il proprio clan, celebrando il loro arrivo ogni anno con una grande festa.<\/p>\n<p class=\"p1\">Nel corso del tempo, la famiglia de Groot si integr\u00f2 profondamente nella cultura scozzese e, secondo la leggenda, adott\u00f2 anche il famoso spirito delle Highlands. Durante una di queste celebrazioni, sorse una disputa tra i sette discendenti di Jan de Groot su chi dovesse diventare il prossimo capo del clan. Per prevenire un potenziale conflitto violento, il capo del clan escogit\u00f2 una soluzione astuta. Dichiar\u00f2 che il successore sarebbe stato colui che si fosse seduto in testa al tavolo. Costru\u00ec quindi una casa con otto lati e otto porte, ponendo al centro un tavolo ottagonale. Ogni membro della famiglia entr\u00f2 da una porta diversa e prese posto, in modo che nessuno si sedesse in testa al tavolo e nessuno potesse rivendicare la supremazia.<\/p>\n<p class=\"p1\">Questo saggio e diplomatico atto \u00e8 considerato degno di un vero Laird di John O'Groats, anche se la storia potrebbe essere stata abbellita nel tempo. In onore di questa leggenda, il John O'Groats Hotel presenta una torre ottagonale. Acquistando terreni e un titolo nobiliare qui, diventi parte di questa storia unica e affascinante, una che fonde storia, mito e lo spirito duraturo delle Highlands scozzesi.<\/p>\n<\/div><\/div><\/div><\/div><\/div><\/div><\/section>","protected":false},"excerpt":{"rendered":"<p class=\"p1\">Diventa un <span class=\"s1\"><b>Laird di John O\u2019Groats<\/b><\/span> e possedere un appezzamento di terra all'estremit\u00e0 pi\u00f9 settentrionale della Gran Bretagna continentale. Questo titolo unico ti connette alla aspra bellezza delle Highlands scozzesi e a una leggendaria storia di clan, perfetto per chi ama la storia, l'avventura e qualcosa di veramente straordinario.<\/p>","protected":false},"featured_media":55625,"template":"","meta":{"_acf_changed":false,"yasr_overall_rating":0,"yasr_post_is_review":"","yasr_auto_insert_disabled":"","yasr_review_type":"","slim_seo":{"title":"Laird of John O\u00b4Groates - Compra titoli nobiliari dal 1999","description":"Diventa un Laird di John O'Groats e possiedi un pezzo di terra al punto pi\u00f9 settentrionale della Gran Bretagna continentale. Questo titolo unico ti connette alla bellezza selvaggia del"}},"product_brand":[],"product_cat":[28],"product_tag":[36,76,65,72,73],"class_list":{"0":"post-61519","1":"product","2":"type-product","3":"status-publish","4":"has-post-thumbnail","6":"product_cat-scottish-noble-titles","7":"product_tag-adelstitel","8":"product_tag-john-ogroats","9":"product_tag-lady","10":"product_tag-laird","11":"product_tag-schottland","13":"first","14":"instock","15":"taxable","16":"shipping-taxable","17":"purchasable","18":"product-type-variable","19":"has-default-attributes"},"acf":[],"yasr_visitor_votes":{"stars_attributes":{"read_only":false,"span_bottom":false},"number_of_votes":0,"sum_votes":0},"_links":{"self":[{"href":"https:\/\/noble-society.net\/it\/wp-json\/wp\/v2\/product\/61519","targetHints":{"allow":["GET"]}}],"collection":[{"href":"https:\/\/noble-society.net\/it\/wp-json\/wp\/v2\/product"}],"about":[{"href":"https:\/\/noble-society.net\/it\/wp-json\/wp\/v2\/types\/product"}],"wp:featuredmedia":[{"embeddable":true,"href":"https:\/\/noble-society.net\/it\/wp-json\/wp\/v2\/media\/55625"}],"wp:attachment":[{"href":"https:\/\/noble-society.net\/it\/wp-json\/wp\/v2\/media?parent=61519"}],"wp:term":[{"taxonomy":"product_brand","embeddable":true,"href":"https:\/\/noble-society.net\/it\/wp-json\/wp\/v2\/product_brand?post=61519"},{"taxonomy":"product_cat","embeddable":true,"href":"https:\/\/noble-society.net\/it\/wp-json\/wp\/v2\/product_cat?post=61519"},{"taxonomy":"product_tag","embeddable":true,"href":"https:\/\/noble-society.net\/it\/wp-json\/wp\/v2\/product_tag?post=61519"}],"curies":[{"name":"wp","href":"https:\/\/api.w.org\/{rel}","templated":true}]}}