{"id":61520,"date":"2026-03-16T20:18:15","date_gmt":"2026-03-16T18:18:15","guid":{"rendered":"https:\/\/noble-society.net\/?post_type=product&#038;p=61520"},"modified":"2026-04-08T14:47:14","modified_gmt":"2026-04-08T11:47:14","slug":"barone-di-borgogna","status":"publish","type":"product","link":"https:\/\/noble-society.net\/it\/buy-nobility-titles\/baron-de-burgund\/","title":{"rendered":"Baron de Burgund"},"content":{"rendered":"<section class=\"l-section wpb_row height_small\"><div class=\"l-section-h i-cf\"><div class=\"g-cols vc_row via_grid cols_1 laptops-cols_inherit tablets-cols_inherit mobiles-cols_1 valign_top type_default stacking_default\"><div class=\"wpb_column vc_column_container\"><div class=\"vc_column-inner\"><div class=\"wpb_text_column\"><div class=\"wpb_wrapper\"><p class=\"p1\">Il titolo <span class=\"s1\"><b>Conte di Borgogna<\/b><\/span> fu esplicitamente utilizzato da Ottone Guglielmo di Borgogna-Ivrea, segnando l'emergere di una distinta autorit\u00e0 politica nella regione. Ottone Guglielmo (c. 962\u20131026), membro della dinastia Anscaride, stabil\u00ec il suo governo sulla Contea di Borgogna, nota anche come Contea Libera (<i>Franche-Comt\u00e9<\/i>\u2014che all'epoca giaceva nella sfera del Sacro Romano Impero. L'assunzione del titolo da parte sua rifletteva sia il controllo territoriale che la crescente importanza della Borgogna come regione strategica tra i regni tedesco e francese.<\/p>\n<p class=\"p1\">Il suo discendente Beatrice di Borgogna (1143\u20131184), nota anche come Beatrice I, Contessa Palatina di Borgogna, spos\u00f2 l'imperatore Federico I Barbarossa nel 1156. Attraverso questo matrimonio, Barbarossa acquis\u00ec un'influenza diretta sulla Borgogna, integrandola pi\u00f9 strettamente nella struttura imperiale. Riorganizz\u00f2 parti del territorio ed elev\u00f2 il suo status a quello di Palatinato (<i>Palatinato<\/i>, rafforzando cos\u00ec l'amministrazione imperiale. Il loro figlio, Ottone I, eredit\u00f2 la Borgogna dalla madre e continu\u00f2 a governare come conte palatino, mantenendo l'importanza della regione all'interno del Sacro Romano Impero.<\/p>\n<p class=\"p1\">Nel 1208, la figlia di Ottone, Beatrice II di Borgogna, spos\u00f2 Ottone I, duca di Merania della Casa di Andechs. Questo matrimonio trasfer\u00ec il controllo della Borgogna alla dinastia Andechs-Merania, ampliando significativamente la loro influenza in tutta l'Europa centrale e nelle regioni dell'odierna Francia e dei Balcani. Sotto il loro dominio, la Borgogna divenne un collegamento politico chiave tra diverse reti nobiliari. Tuttavia, la linea giunse alla sua fine con la morte di Ottone II di Andechs-Merania nel 1248, segnando l'estinzione del ramo maschile di questa potente casa.<\/p>\n<p class=\"p1\">Successivamente, la Contea di Borgogna pass\u00f2 a sua sorella Adelaide (Adelheid), che aveva sposato Ugo di Chalon della Casa di Salins. Attraverso questa unione, il territorio pass\u00f2 sotto il controllo della famiglia Salins. Il loro figlio, Ottone IV di Borgogna (1248\u20131303), govern\u00f2 la contea in un periodo di alleanze mutevoli e instabilit\u00e0 politica, poich\u00e9 la Borgogna oscillava tra l'influenza del Sacro Romano Impero e il Regno di Francia.<\/p>\n<p class=\"p1\">Dopo secoli di controllo conteso, la Borgogna fu infine incorporata alla Francia sotto il re Luigi XIV, il \u201cRe Sole\u201d, alla fine del XVII secolo. Attraverso campagne militari e consolidamento politico, Luigi XIV assicur\u00f2 la Borgogna come parte della corona francese, ponendo fine al suo status semi-indipendente di lunga data e integrandola completamente nello stato francese.<\/p>\n<\/div><\/div><\/div><\/div><\/div><\/div><\/section>","protected":false},"excerpt":{"rendered":"<p class=\"p1\">L'antica Contea di Borgogna, conosciuta in francese come <span class=\"s1\"><b>Franche-Comt\u00e9<\/b><\/span>, si trova nella Francia orientale, lungo il confine con la Svizzera. Non deve essere confusa con la regione di <span class=\"s1\"><b>Borgogna<\/b><\/span>, che si trova pi\u00f9 a ovest e ha un diverso retroterra storico.<\/p>\n<p class=\"p1\">Gi\u00e0 nel VI secolo questa regione fece parte dell'Impero franco e in seguito divenne parte del Regno di Borgogna. Dopo la morte del re Rodolfo III nel 1032\/1033, che non lasci\u00f2 eredi, il territorio pass\u00f2 al Sacro Romano Impero. Da allora, la Contea di Borgogna rimase strettamente legata all'Impero per diversi secoli e svolse un ruolo importante come regione di confine tra le sfere di influenza tedesca e francese.<\/p>","protected":false},"featured_media":55583,"template":"","meta":{"_acf_changed":false,"yasr_overall_rating":0,"yasr_post_is_review":"","yasr_auto_insert_disabled":"","yasr_review_type":"","slim_seo":{"title":"Baron de Burgund - Acquista titoli nobiliari dal 1999","description":"L'ex Contea di Borgogna, conosciuta in francese come Franche-Comt\u00e9, si trova nella Francia orientale lungo il confine con la Svizzera. Non va confusa con"}},"product_brand":[],"product_cat":[29],"product_tag":[36,60,78,77],"class_list":{"0":"post-61520","1":"product","2":"type-product","3":"status-publish","4":"has-post-thumbnail","6":"product_cat-french-noble-titles","7":"product_tag-adelstitel","8":"product_tag-baron","9":"product_tag-burgund","10":"product_tag-frankreich","12":"first","13":"instock","14":"taxable","15":"shipping-taxable","16":"purchasable","17":"product-type-variable","18":"has-default-attributes"},"acf":[],"yasr_visitor_votes":{"stars_attributes":{"read_only":false,"span_bottom":false},"number_of_votes":0,"sum_votes":0},"_links":{"self":[{"href":"https:\/\/noble-society.net\/it\/wp-json\/wp\/v2\/product\/61520","targetHints":{"allow":["GET"]}}],"collection":[{"href":"https:\/\/noble-society.net\/it\/wp-json\/wp\/v2\/product"}],"about":[{"href":"https:\/\/noble-society.net\/it\/wp-json\/wp\/v2\/types\/product"}],"wp:featuredmedia":[{"embeddable":true,"href":"https:\/\/noble-society.net\/it\/wp-json\/wp\/v2\/media\/55583"}],"wp:attachment":[{"href":"https:\/\/noble-society.net\/it\/wp-json\/wp\/v2\/media?parent=61520"}],"wp:term":[{"taxonomy":"product_brand","embeddable":true,"href":"https:\/\/noble-society.net\/it\/wp-json\/wp\/v2\/product_brand?post=61520"},{"taxonomy":"product_cat","embeddable":true,"href":"https:\/\/noble-society.net\/it\/wp-json\/wp\/v2\/product_cat?post=61520"},{"taxonomy":"product_tag","embeddable":true,"href":"https:\/\/noble-society.net\/it\/wp-json\/wp\/v2\/product_tag?post=61520"}],"curies":[{"name":"wp","href":"https:\/\/api.w.org\/{rel}","templated":true}]}}